{"id":3489,"date":"2024-04-09T21:25:53","date_gmt":"2024-04-09T19:25:53","guid":{"rendered":"https:\/\/tendosolingen.de\/product\/tendo-solingen-tytanowe-cazki-do-skorek-rozmiar-4-mm\/"},"modified":"2026-01-09T18:06:41","modified_gmt":"2026-01-09T17:06:41","slug":"cazki-tytanowe-do-skorek-paznokci-rozmiar-3-6-mm","status":"publish","type":"product","link":"https:\/\/tendosolingen.de\/pl\/produkt\/cazki-tytanowe-do-skorek-paznokci-rozmiar-3-6-mm\/","title":{"rendered":"C\u0105\u017cki tytanowe do sk\u00f3rek i paznokci Rozmiar: 3-6 mm"},"content":{"rendered":"<p style=\"text-align: left;\"><span style=\"font-family: arial, helvetica, sans-serif; font-size: 10pt;\">Najlepsze, klasyczne c\u0105\u017cki do sk\u00f3rek 3, 4, 5, 6 mm marki Tendo\u00ae Solingen, tytanowe. Narz\u0119dzie do manicure i pedicure (podologia) s\u0142u\u017cy do wycinania i usuwania sk\u00f3rek podczas zabieg\u00f3w kosmetycznych w salonach kosmetycznych i w domu. C\u0105\u017cki Tendo\u00ae posiadaj\u0105 dodatkowy mechanizm wykonany ze specjalnego materia\u0142u zapewniaj\u0105cego p\u0142ynniejsz\u0105 prac\u0119 narz\u0119dzia.<\/span><\/p>\n<p>Tytanowe narz\u0119dzie spe\u0142niaj\u0105ce wysokie wymagania w produkcji instrument\u00f3w medycznych. Dobre c\u0105\u017cki do sk\u00f3rek Tendo\u00ae przechodz\u0105 wst\u0119pn\u0105 weryfikacj\u0119 jako\u015bci i nie pochodz\u0105 z masowej produkcji. Produkt posiada certyfikat CE, a producent udziela na niego 5-letniej gwarancji. Produkt posiada cechy uniwersalnych narz\u0119dzi kosmetycznych. Dodatkowo charakteryzuje si\u0119 podwy\u017cszonym poziomem trwa\u0142o\u015bci. Dobrze le\u017cyw d\u0142oni. Posiada r\u00f3wnie\u017c cichy system spr\u0119\u017cynowy z trwa\u0142ymi elementami nituj\u0105cymi. Odpowiednia ostro\u015b\u0107 narz\u0119dzia zapewnia skuteczno\u015b\u0107 w zabiegach manicure i pedicure.<\/p>\n<h2 class=\"p1\"><span class=\"s1\">Parametry c\u0105\u017cek Tendo\u00ae Solingen\u00a0tytanowych<\/span><\/h2>\n<ul>\n<li class=\"p1\"><span class=\"s1\">typ: tytanowe<\/span><\/li>\n<li class=\"p1\"><span class=\"s1\">zastosowanie: do obcinania sk\u00f3rek paznokci<\/span><\/li>\n<li class=\"p1\"><span class=\"s1\">d\u0142ugo\u015b\u0107 10 cm<span class=\"Apple-converted-space\">\u00a0<\/span><\/span><\/li>\n<li class=\"p1\"><span class=\"s1\">d\u0142ugo\u015b\u0107 ostrza: do wyboru 3 mm (t\u0119czowe), 4 mm (royal blue, turkusowe), 5 mm (stalowe) i 6 mm (black mat)<\/span><\/li>\n<li class=\"p1\"><span class=\"s1\">maks. si\u0142a nacisku 32N<\/span><\/li>\n<li class=\"p1\"><span class=\"s1\">5 lat\u00a0gwarancji<\/span><\/li>\n<li class=\"p1\"><span class=\"s1\">certyfikat CE<\/span><\/li>\n<\/ul>\n<h2 class=\"p1\"><span class=\"s1\">Korzy\u015bci z u\u017cytkowania c\u0105\u017cek Tendo\u00ae Solingen<\/span><\/h2>\n<ul>\n<li class=\"p1\"><span class=\"s1\">uniwersalne narz\u0119dzie do zabieg\u00f3w kosmetycznych<span class=\"Apple-converted-space\">\u00a0<\/span><\/span><\/li>\n<li class=\"p1\"><span class=\"s1\">do sterylizacji w autoklawach i standardowej dezynfekcji<\/span><\/li>\n<li class=\"p1\"><span class=\"s1\">dobrej jako\u015bci\u00a0wykonanie i ostre ko\u0144c\u00f3wki<\/span><\/li>\n<li class=\"p1\"><span class=\"s1\">wysoki standard produkcji narz\u0119dzi medycznych (niemieckie standardy)<\/span><\/li>\n<\/ul>\n<p class=\"p1\">Narz\u0119dzie profesjonalne do wielokrotnego u\u017cytku. Z gwarancj\u0105 producenta. Przy sterylizacji nie powinno u\u017cywa\u0107 si\u0119 \u015brodk\u00f3w wybielaj\u0105cych. Sklep medyczny zapewnia wysok\u0105 jako\u015b\u0107 produkt\u00f3w. Pierwsze u\u017cycie powinno zosta\u0107 poprzedzone dezynfekcj\u0105 w celu obni\u017cenia ryzyka reakcji alergicznej.<\/p>\n","protected":false},"excerpt":{"rendered":"<p class=\"p1\">Klasyczne c\u0105\u017cki do sk\u00f3rek Tendo\u00ae Solingen (3\u20136 mm), wykonane z tytanu, przeznaczone do manicure, pedicure i podologii, wyposa\u017cone w specjalny mechanizm zapewniaj\u0105cy p\u0142ynn\u0105 i precyzyjn\u0105 prac\u0119 zar\u00f3wno w salonie kosmetycznym, jak i w domu.<\/p>\n","protected":false},"featured_media":3755,"comment_status":"closed","ping_status":"closed","template":"","meta":[],"product_brand":[],"product_cat":[183],"product_tag":[],"class_list":{"0":"post-3489","1":"product","2":"type-product","3":"status-publish","4":"has-post-thumbnail","6":"product_cat-cegi-cazki","8":"first","9":"instock","10":"purchasable","11":"product-type-variable"},"_links":{"self":[{"href":"https:\/\/tendosolingen.de\/pl\/wp-json\/wp\/v2\/product\/3489","targetHints":{"allow":["GET"]}}],"collection":[{"href":"https:\/\/tendosolingen.de\/pl\/wp-json\/wp\/v2\/product"}],"about":[{"href":"https:\/\/tendosolingen.de\/pl\/wp-json\/wp\/v2\/types\/product"}],"replies":[{"embeddable":true,"href":"https:\/\/tendosolingen.de\/pl\/wp-json\/wp\/v2\/comments?post=3489"}],"wp:featuredmedia":[{"embeddable":true,"href":"https:\/\/tendosolingen.de\/pl\/wp-json\/wp\/v2\/media\/3755"}],"wp:attachment":[{"href":"https:\/\/tendosolingen.de\/pl\/wp-json\/wp\/v2\/media?parent=3489"}],"wp:term":[{"taxonomy":"product_brand","embeddable":true,"href":"https:\/\/tendosolingen.de\/pl\/wp-json\/wp\/v2\/product_brand?post=3489"},{"taxonomy":"product_cat","embeddable":true,"href":"https:\/\/tendosolingen.de\/pl\/wp-json\/wp\/v2\/product_cat?post=3489"},{"taxonomy":"product_tag","embeddable":true,"href":"https:\/\/tendosolingen.de\/pl\/wp-json\/wp\/v2\/product_tag?post=3489"}],"curies":[{"name":"wp","href":"https:\/\/api.w.org\/{rel}","templated":true}]}}