{"id":3472,"date":"2024-04-09T21:25:53","date_gmt":"2024-04-09T19:25:53","guid":{"rendered":"https:\/\/tendosolingen.de\/product\/tendo-solingen-dlutko-do-skorek-profesjonalna-podologia-typ-produktu-premium-hq\/"},"modified":"2026-01-09T19:24:34","modified_gmt":"2026-01-09T18:24:34","slug":"dlutko-do-skorek-profesjonalna-podologia-140-mm-premium-hq","status":"publish","type":"product","link":"https:\/\/tendosolingen.de\/pl\/produkt\/dlutko-do-skorek-profesjonalna-podologia-140-mm-premium-hq\/","title":{"rendered":"D\u0142utko do sk\u00f3rek, profesjonalna podologia 140 mm Premium (HQ)"},"content":{"rendered":"<p class=\"p1\"><span class=\"s1\"><em>Profesjonalne d\u0142utko do usuwania sk\u00f3rek<\/em> marki <strong>Tendo Solingen<\/strong> o ca\u0142kowitej d\u0142ugo\u015bci 143 mm. <em>D\u0142utko do<\/em> sk\u00f3rek jest najcz\u0119\u015bciej u\u017cywane do odsuwania sk\u00f3rek podczas zabieg\u00f3w podologicznych i kosmetycznych (pedicure i manicure). D\u0142utko jest r\u00f3wnie\u017c u\u017cywane w podologii do usuwania odcisk\u00f3w i innych korekt zwi\u0105zanych z wrastaj\u0105cymi paznokciami. Mo\u017ce by\u0107 r\u00f3wnie\u017c u\u017cywane w domu. <\/span><\/p>\n<p>&nbsp;<\/p>\n<p class=\"p1\"><span class=\"s1 \"><span style=\"text-decoration: underline;\">D\u0142utko<\/span> do <span style=\"text-decoration: underline;\">sk\u00f3rek<\/span> wykonane jest w ca\u0142o\u015bci z najwy\u017cszej jako\u015bci stali medycznej. Ta sama stal jest u\u017cywana do produkcji precyzyjnych narz\u0119dzi chirurgicznych. Narz\u0119dzie jest produkowane zgodnie z wysokimi niemieckimi standardami. Wyposa\u017cone jest w w\u0105ski dzi\u00f3bek o szeroko\u015bci 2 mm oraz p\u0142aski uchwyt z wygodnym miejscem na palec prowadz\u0105cy. Posiada ostr\u0105 ko\u0144c\u00f3wk\u0119 w cz\u0119\u015bci roboczej, co pozwala na precyzj\u0119 podczas zabieg\u00f3w. Wariant premium wykonany jest z wy\u017cszej jako\u015bci stali, gwarantuj\u0105cej jeszcze wi\u0119ksz\u0105 precyzj\u0119 i trwa\u0142o\u015b\u0107. <\/span><\/p>\n<h2 class=\"p1\"><span class=\"s1\">Specyfikacja d\u0142utka do sk\u00f3rek<\/span><\/h2>\n<ul>\n<li class=\"p1\"><span class=\"s1\">ca\u0142kowita d\u0142ugo\u015b\u0107 143 mm<\/span><\/li>\n<li class=\"p1\"><span class=\"s1\">szeroko\u015b\u0107 ko\u0144c\u00f3wki 2 mm<\/span><\/li>\n<li class=\"p1\"><span class=\"s1\">wykonanie ze stali chirurgicznej<\/span><\/li>\n<li class=\"p1\"><span class=\"s1\">roczna gwarancja od producenta<\/span><\/li>\n<li class=\"p1\"><span class=\"s1\">certyfikat<\/span><\/li>\n<\/ul>\n<h2 class=\"p1\"><span class=\"s1\">Zalety korzystania z d\u0142utka do usuwania sk\u00f3rek<\/span><\/h2>\n<ul>\n<li class=\"p1\"><span class=\"s1\">wygodne wg\u0142\u0119bienie na palec prowadz\u0105cy<\/span><\/li>\n<li class=\"p1\"><span class=\"s1\">lekka, solidna konstrukcja<\/span><\/li>\n<li class=\"p1\"><span class=\"s1\">nienaganny szlif w cz\u0119\u015bci pracuj\u0105cej<\/span><\/li>\n<li class=\"p1\"><span class=\"s1\">ostra ko\u0144c\u00f3wka<\/span><\/li>\n<li class=\"p1\"><span class=\"s1\">proste w u\u017cyciu i w dezynfekcji<\/span><\/li>\n<\/ul>\n<ul>\n<li style=\"list-style-type: none;\"><\/li>\n<\/ul>\n<p>&nbsp;<\/p>\n<p class=\"p1\"><span class=\"s1\">Kupuj\u0105c narz\u0119dzia w sklepie medycznym masz pewno\u015b\u0107 niezawodno\u015bci i wysokiej jako\u015bci wykonania. Ka\u017cdy produkt przechodzi rygorystyczny proces weryfikacji na etapie produkcji oraz wst\u0119pnej weryfikacji przed wysy\u0142k\u0105. Spe\u0142nia mi\u0119dzynarodowe normy ISO 9001:2008 oraz CE. <\/span><\/p>\n","protected":false},"excerpt":{"rendered":"<p class=\"p1\">Profesjonalne d\u0142utko do sk\u00f3rek Tendo Solingen o d\u0142ugo\u015bci 143 mm, przeznaczone do manicure, pedicure i zabieg\u00f3w podologicznych, s\u0142u\u017c\u0105ce do odsuwania sk\u00f3rek, usuwania odcisk\u00f3w oraz korekty wrastaj\u0105cych paznokci, tak\u017ce do u\u017cytku domowego.<\/p>\n","protected":false},"featured_media":3766,"comment_status":"closed","ping_status":"closed","template":"","meta":[],"product_brand":[],"product_cat":[47],"product_tag":[],"class_list":{"0":"post-3472","1":"product","2":"type-product","3":"status-publish","4":"has-post-thumbnail","6":"product_cat-dluta-i-kopytka-ekskawatory","7":"pa_klasa-produktu-premium-hq","9":"first","10":"instock","11":"purchasable","12":"product-type-simple"},"_links":{"self":[{"href":"https:\/\/tendosolingen.de\/pl\/wp-json\/wp\/v2\/product\/3472","targetHints":{"allow":["GET"]}}],"collection":[{"href":"https:\/\/tendosolingen.de\/pl\/wp-json\/wp\/v2\/product"}],"about":[{"href":"https:\/\/tendosolingen.de\/pl\/wp-json\/wp\/v2\/types\/product"}],"replies":[{"embeddable":true,"href":"https:\/\/tendosolingen.de\/pl\/wp-json\/wp\/v2\/comments?post=3472"}],"wp:featuredmedia":[{"embeddable":true,"href":"https:\/\/tendosolingen.de\/pl\/wp-json\/wp\/v2\/media\/3766"}],"wp:attachment":[{"href":"https:\/\/tendosolingen.de\/pl\/wp-json\/wp\/v2\/media?parent=3472"}],"wp:term":[{"taxonomy":"product_brand","embeddable":true,"href":"https:\/\/tendosolingen.de\/pl\/wp-json\/wp\/v2\/product_brand?post=3472"},{"taxonomy":"product_cat","embeddable":true,"href":"https:\/\/tendosolingen.de\/pl\/wp-json\/wp\/v2\/product_cat?post=3472"},{"taxonomy":"product_tag","embeddable":true,"href":"https:\/\/tendosolingen.de\/pl\/wp-json\/wp\/v2\/product_tag?post=3472"}],"curies":[{"name":"wp","href":"https:\/\/api.w.org\/{rel}","templated":true}]}}