{"id":3347,"date":"2024-04-09T21:26:25","date_gmt":"2024-04-09T19:26:25","guid":{"rendered":"https:\/\/tendosolingen.de\/product\/cegi-podologiczne-tendo-solingen-14-cm-gold-line\/"},"modified":"2026-01-09T15:27:37","modified_gmt":"2026-01-09T14:27:37","slug":"cegi-podologiczne-tendo-solingen-140-mm-gold-line","status":"publish","type":"product","link":"https:\/\/tendosolingen.de\/pl\/produkt\/cegi-podologiczne-tendo-solingen-140-mm-gold-line\/","title":{"rendered":"C\u0119gi podologiczne 140 mm Gold Line"},"content":{"rendered":"<p style=\"text-align: justify;\"><span style=\"font-family: arial, helvetica, sans-serif; font-size: 10pt;\"><strong>Obc\u0119gi podologiczne marki Tendo Solingen<\/strong> to specjalistyczny przyrz\u0105d medyczny s\u0142u\u017c\u0105cy do skracania wszystkich rodzaj\u00f3w paznokci, nawet tych najbardziej wymagaj\u0105cych. W tym celu narz\u0119dzie posiada \u015bci\u0119t\u0105 w d\u00f3\u0142, ostr\u0105 ko\u0144c\u00f3wk\u0119, kt\u00f3ra z \u0142atwo\u015bci\u0105 chwyta struktur\u0119 paznokcia, a nast\u0119pnie przycina go do po\u017c\u0105danej d\u0142ugo\u015bci. Ergonomiczna r\u0105czka z wypustkami idealnie dopasowuje si\u0119 do d\u0142oni i zwi\u0119ksza komfort pracy podczas d\u0142ugotrwa\u0142ego korzystania z narz\u0119dzia. Co wi\u0119cej, spr\u0119\u017cyna umieszczona w g\u00f3rnej cz\u0119\u015bci ramion wspomaga si\u0142\u0119 nacisku i stabilizuje ko\u0144c\u00f3wk\u0119 robocz\u0105 na powierzchni paznokcia. Co wi\u0119cej, blokada w dolnej cz\u0119\u015bci r\u0119koje\u015bci pozwala na zablokowanie cz\u0119\u015bci roboczej. Ca\u0142kowita d\u0142ugo\u015b\u0107 wynosi 14 cm. C\u0119gi podologiczne wykonane s\u0105 z najwy\u017cszej jako\u015bci stali nierdzewnej o bardzo dobrych w\u0142a\u015bciwo\u015bciach antykorozyjnych. Mog\u0105 by\u0107 wielokrotnie sterylizowane. <\/span><\/p>\n<p>&nbsp;<\/p>\n<h1 style=\"text-align: justify;\"><span style=\"font-family: arial, helvetica, sans-serif; font-size: 10pt;\">Parametry &#8211; szczypce do gwo\u017adzi z g\u0142\u00f3wk\u0105 <\/span><\/h1>\n<ul>\n<li style=\"list-style-type: none;\">\n<ul>\n<li style=\"text-align: justify;\"><span style=\"font-family: arial, helvetica, sans-serif; font-size: 10pt;\">typ: szczypce na czo\u0142o, podologia, Tendo Solingen<\/span><\/li>\n<\/ul>\n<\/li>\n<\/ul>\n<ul>\n<li style=\"list-style-type: none;\">\n<ul>\n<li style=\"text-align: justify;\"><span style=\"font-family: arial, helvetica, sans-serif; font-size: 10pt;\">projektowanie w Niemczech<\/span><\/li>\n<\/ul>\n<\/li>\n<\/ul>\n<ul>\n<li style=\"list-style-type: none;\">\n<ul>\n<li style=\"text-align: justify;\"><span style=\"font-family: arial, helvetica, sans-serif; font-size: 10pt;\">niemiecka stal chirurgiczna<\/span><\/li>\n<\/ul>\n<\/li>\n<\/ul>\n<ul>\n<li style=\"list-style-type: none;\">\n<ul>\n<li style=\"text -align: justify;\"><span style=\"font-family: arial, helvetica, sans-serif; font-size: 10pt;\">cel: skr\u00f3cenie paznokci<\/span><\/li>\n<\/ul>\n<\/li>\n<\/ul>\n<ul>\n<li style=\"list-style-type: none;\">\n<ul>\n<li style=\"text-align: justify;\"><span style=\"font-family: arial, helvetica, sans-serif; font-size: 10pt;\">dost\u0119pna d\u0142ugo\u015b\u0107: 14 cm<\/span><\/li>\n<\/ul>\n<\/li>\n<\/ul>\n<ul>\n<li style=\"list-style-type: none;\">\n<ul>\n<li style=\"text-align: justify;\"><span style=\"font-family: arial, helvetica, sans-serif; font-size: 10pt;\">Dost\u0119pny wariant: premium (Gold Line)&lt; \/span&gt;<\/span><\/li>\n<\/ul>\n<\/li>\n<\/ul>\n<ul>\n<li style=\"list-style-type: none;\">\n<ul>\n<li style=\"text-align: justify;\"><span style=\"font-family: arial, helvetica, sans-serif; font-size: 10pt;\">wykonane r\u0119cznie<\/span><\/li>\n<\/ul>\n<\/li>\n<\/ul>\n<ul>\n<li style=\"list-style-type: none;\">\n<ul>\n<li style=\"text-align: justify;\"><span style=\"font-family: arial, helvetica, sans-serif; font-size: 10pt;\">produkt wielokrotnego u\u017cytku<\/span><\/li>\n<\/ul>\n<\/li>\n<\/ul>\n<ul>\n<li style=\"list-style-type: none;\">\n<ul>\n<li style=\"text-align: justify;\"><span style=\"font-family: arial, helvetica, sans-serif; font-size: 10pt;\">produkt niesterylny<\/span><\/li>\n<\/ul>\n<\/li>\n<\/ul>\n<ul>\n<li style=\"list-style-type: none;\">\n<ul>\n<li style=\"text-align: justify;\"><span style=\"font-family: arial, helvetica, sans-serif; font- size: 10pt;\">36 miesi\u0119cy gwarancji<\/span><\/li>\n<\/ul>\n<\/li>\n<\/ul>\n<h2 style=\"text-align: justify;\"><span style=\"font-family: arial, helvetica, sans-serif; font-size: 10pt;\">Zalety stosowania &#8211; c\u0105\u017cki do gwo\u017adzi <\/span><\/h2>\n<ul>\n<li style=\"list-style-type: none;\">\n<ul>\n<li style=\"text-align: justify;\"><span style=\"font-family: arial, helvetica, sans-serif; font-size: 10pt;\">gwarancja najwy\u017cszej jako\u015bci wykonania<\/span><\/li>\n<\/ul>\n<\/li>\n<\/ul>\n<ul>\n<li style=\"list-style-type: none;\">\n<ul>\n<li style=\"text-align: justify;\"><span style=\"font-family: arial, helvetica, sans-serif; font-size: 10pt;\">autoklawowalny w temperaturze 134 stopni<\/span><\/li>\n<\/ul>\n<\/li>\n<\/ul>\n<ul>\n<li style=\"list-style-type: none;\">\n<ul>\n<li style=\"text-align: justify;\"><span style=\"font-family: arial, helvetica, sans-serif; font-size: 10pt;\">Rowki na ramionach maj\u0105 dzia\u0142anie antypo\u015blizgowe&lt;\/span &gt;<\/span><\/li>\n<\/ul>\n<\/li>\n<\/ul>\n<ul>\n<li style=\"list-style-type: none;\">\n<ul>\n<li style=\"text-align: justify;\"><span style=\"font-family: arial, helvetica, sans-serif; font-size: 10pt;\">ergonomiczne ramiona i niewielka waga zwi\u0119kszaj\u0105 komfort pracy<\/span><\/li>\n<\/ul>\n<\/li>\n<\/ul>\n<ul>\n<li style=\"list-style-type: none;\">\n<ul>\n<li style=\"text-align: justify;\"><span style=\"font-family: arial, helvetica, sans-serif; font-size: 10pt;\">zastosowanie wk\u0142adek z w\u0119glika spiekanego wyd\u0142u\u017ca \u017cywotno\u015b\u0107 urz\u0105dzenia i zwi\u0119ksza jego precyzj\u0119<\/span><\/li>\n<\/ul>\n<\/li>\n<\/ul>\n<ul>\n<li style=\"list-style-type: none;\">\n<ul>\n<li style=\"text-align: justify;\"><span style=\"font-family: arial, helvetica, sans-serif; font-size: 10pt;\"><span style=\"font-family: arial, helvetica, sans-serif; font-size: 10pt;\">uniwersalno\u015b\u0107 zacisk\u00f3w pozwala na ich stosowanie zar\u00f3wno w profesjonalnych biurach, jak i w domu<\/span><\/span><\/li>\n<\/ul>\n<\/li>\n<\/ul>\n<p style=\"text-align: justify;\"><span style=\"font-family: arial, helvetica, sans-serif; font-size: 10pt;\">C\u0105\u017cki do paznokci wykonane s\u0105 zgodnie z niemieckimi standardami jako\u015bci i produkcji. Produkt zakupiony na platformie instrumedic.pl to gwarancja najwy\u017cszej jako\u015bci wykonania, bezpiecznego zakupu i gwarantowanej satysfakcji lub zwrotu pieni\u0119dzy. Narz\u0119dzia do pedicure s\u0105 fabrycznie nowe i dok\u0142adnie sprawdzane i kontrolowane na wszystkich etapach produkcji, aby zapewni\u0107 ich zgodno\u015b\u0107 z mi\u0119dzynarodowymi standardami okre\u015blonymi przez ISO 9001:2008 oraz certyfikat CE. <\/span><\/p>\n","protected":false},"excerpt":{"rendered":"<p style=\"text-align: justify;\"><span style=\"font-family: arial, helvetica, sans-serif; font-size: 10pt;\"><strong>Obc\u0119gi podologiczne marki Tendo Solingen<\/strong> to specjalistyczny przyrz\u0105d medyczny s\u0142u\u017c\u0105cy do skracania wszystkich rodzaj\u00f3w paznokci, nawet tych najbardziej wymagaj\u0105cych. W tym celu narz\u0119dzie posiada \u015bci\u0119t\u0105 w d\u00f3\u0142, ostr\u0105 ko\u0144c\u00f3wk\u0119, kt\u00f3ra z \u0142atwo\u015bci\u0105 chwyta struktur\u0119 paznokcia, a nast\u0119pnie przycina go do po\u017c\u0105danej d\u0142ugo\u015bci. Ergonomiczna r\u0105czka z wypustkami idealnie dopasowuje si\u0119 do d\u0142oni i zwi\u0119ksza komfort pracy podczas d\u0142ugotrwa\u0142ego korzystania z narz\u0119dzia. Co wi\u0119cej, spr\u0119\u017cyna umieszczona w g\u00f3rnej cz\u0119\u015bci ramion wspomaga si\u0142\u0119 nacisku i stabilizuje ko\u0144c\u00f3wk\u0119 robocz\u0105 na powierzchni paznokcia. Co wi\u0119cej, blokada w dolnej cz\u0119\u015bci r\u0119koje\u015bci pozwala na zablokowanie cz\u0119\u015bci roboczej. Ca\u0142kowita d\u0142ugo\u015b\u0107 wynosi 14 cm. C\u0119gi podologiczne wykonane s\u0105 z najwy\u017cszej jako\u015bci stali nierdzewnej o bardzo dobrych w\u0142a\u015bciwo\u015bciach antykorozyjnych. Mog\u0105 by\u0107 wielokrotnie sterylizowane. <\/span><\/p>\n","protected":false},"featured_media":1410,"comment_status":"closed","ping_status":"closed","template":"","meta":[],"product_brand":[],"product_cat":[183],"product_tag":[],"class_list":{"0":"post-3347","1":"product","2":"type-product","3":"status-publish","4":"has-post-thumbnail","6":"product_cat-cegi-cazki","8":"first","9":"instock","10":"purchasable","11":"product-type-simple"},"_links":{"self":[{"href":"https:\/\/tendosolingen.de\/pl\/wp-json\/wp\/v2\/product\/3347","targetHints":{"allow":["GET"]}}],"collection":[{"href":"https:\/\/tendosolingen.de\/pl\/wp-json\/wp\/v2\/product"}],"about":[{"href":"https:\/\/tendosolingen.de\/pl\/wp-json\/wp\/v2\/types\/product"}],"replies":[{"embeddable":true,"href":"https:\/\/tendosolingen.de\/pl\/wp-json\/wp\/v2\/comments?post=3347"}],"wp:featuredmedia":[{"embeddable":true,"href":"https:\/\/tendosolingen.de\/pl\/wp-json\/wp\/v2\/media\/1410"}],"wp:attachment":[{"href":"https:\/\/tendosolingen.de\/pl\/wp-json\/wp\/v2\/media?parent=3347"}],"wp:term":[{"taxonomy":"product_brand","embeddable":true,"href":"https:\/\/tendosolingen.de\/pl\/wp-json\/wp\/v2\/product_brand?post=3347"},{"taxonomy":"product_cat","embeddable":true,"href":"https:\/\/tendosolingen.de\/pl\/wp-json\/wp\/v2\/product_cat?post=3347"},{"taxonomy":"product_tag","embeddable":true,"href":"https:\/\/tendosolingen.de\/pl\/wp-json\/wp\/v2\/product_tag?post=3347"}],"curies":[{"name":"wp","href":"https:\/\/api.w.org\/{rel}","templated":true}]}}