{"id":3327,"date":"2024-04-09T21:26:06","date_gmt":"2024-04-09T19:26:06","guid":{"rendered":"https:\/\/tendosolingen.de\/product\/nozyczki-do-paznokci-dla-dzieci-zaokraglone-solingen-9-cm-typ-produktu-premium-hq\/"},"modified":"2026-01-09T15:35:20","modified_gmt":"2026-01-09T14:35:20","slug":"nozyczki-do-paznokci-dla-dzieci-zaokraglone-solingen-90-mm-typ-produktu-premium-hq","status":"publish","type":"product","link":"https:\/\/tendosolingen.de\/pl\/produkt\/nozyczki-do-paznokci-dla-dzieci-zaokraglone-solingen-90-mm-typ-produktu-premium-hq\/","title":{"rendered":"No\u017cyczki do paznokci dla dzieci zaokr\u0105glone 90 mm Typ produktu: Premium (HQ)"},"content":{"rendered":"<p class=\"p1\" style=\"text-align: justify;\"><span class=\"s1\" style=\"font-family: arial, helvetica, sans-serif; font-size: 10pt;\">Ma\u0142e, precyzyjne <strong>no\u017cyczki chirurgiczne do paznokci<\/strong> z zaokr\u0105glonymi ko\u0144cami Tendo <span style=\"text-decoration: underline;\">Solingen<\/span> 9 cm. No\u017cyczki wykonane s\u0105 ze stali nierdzewnej u\u017cywanej do produkcji narz\u0119dzi medycznych. Posiadaj\u0105 <span style=\"text-decoration: underline;\">bezpieczne dla dzieci,<\/span> zaokr\u0105glone ko\u0144c\u00f3wki. Chroni\u0105 przed skaleczeniami. S\u0142u\u017c\u0105 <em>do obcinania i wycinania wrastaj\u0105cych i zrogowacia\u0142ych paznokci<\/em>. Mo\u017cna nimi obcina\u0107 drobne w\u0142oski z uszu i nosa. Bardzo dobre, niemieckie no\u017cyczki otrzyma\u0142y certyfikaty CE oraz ISO 9001:2015 z 2-letni\u0105 gwarancj\u0105 producenta narz\u0119dzi chirurgicznych. <\/span><\/p>\n<h2 class=\"p1\" style=\"text-align: justify;\"><span class=\"s1\" style=\"font-size: 10pt; font-family: arial, helvetica, sans-serif;\">No\u017cyczki do obcinania paznokci <\/span><\/h2>\n<ul style=\"text-align: justify;\">\n<li class=\"p1\"><span class=\"s1\" style=\"font-family: arial, helvetica, sans-serif; font-size: 10pt;\">typ <em>kosmetyki<\/em>, produkty dla dzieci<\/span><\/li>\n<li class=\"p1\"><span class=\"s1\" style=\"font-family: arial, helvetica, sans-serif; font-size: 10pt;\">d\u0142ugo\u015b\u0107 90 mm <\/span><\/li>\n<li class=\"p1\"><span class=\"s1\" style=\"font-family: arial, helvetica, sans-serif; font-size: 10pt;\">\u015brednica oczka palc\u00f3w 16 mm <\/span><\/li>\n<li class=\"p1\"><span class=\"s1\" style=\"font-family: arial, helvetica, sans-serif; font-size: 10pt;\">lekko wygi\u0119te ko\u0144ce<\/span><\/li>\n<li class=\"p1\"><span class=\"s1\" style=\"font-family: arial, helvetica, sans-serif; font- size: 10pt;\">w opakowaniach medycznych<\/span><\/li>\n<li class=\"p1\"><span class=\"s1\" style=\"font-family: arial, helvetica, sans-serif; font-size: 10pt;\">2 lata gwarancji z mi\u0119dzynarodowymi certyfikatami<\/span><\/li>\n<\/ul>\n<p>&nbsp;<\/p>\n<h2 class=\"p1\" style=\"text-align: justify;\"><span class=\"s1\" style=\"font-size: 10pt; font-family: arial, helvetica, sans-serif;\">No\u017cyczki z zaokr\u0105glonymi ko\u0144c\u00f3wkami <\/span><\/h2>\n<ul>\n<li class=\"p1\"><span class=\"s1\" style=\"font-family: arial, helvetica, sans-serif; font-size: 10pt;\">zwi\u0119kszy\u0107 bezpiecze\u0144stwo<\/span><\/li>\n<li class=\"p1\"><span class=\"s1\" style=\"font-family: arial, helvetica, sans-serif; font- size: 10pt;\">Uniwersalny i wygodny w u\u017cyciu<\/span><\/li>\n<li class=\"p1\"><span class=\"s1\" style=\"font-family: arial, helvetica, sans-serif; font-size: 10pt;\">Precyzyjnie wykonane ostrza <\/span><\/li>\n<li class=\"p1\"><span class=\"s1\" style=\"font-family: arial , helvetica, sans-serif; font-size: 10pt;\">wykonana z niemieckiej stali chirurgicznej (wi\u0119ksza trwa\u0142o\u015b\u0107 i odporno\u015b\u0107 na warunki zewn\u0119trzne)<\/span><\/li>\n<\/ul>\n<p><span class=\"s1\" style=\"font-family: arial, helvetica, sans-serif; font-size: 10pt;\">Narz\u0119dzie mo\u017ce by\u0107 sterylizowane i dezynfekowane \u015brodkami chemicznymi. Zosta\u0142y poddane pasywacji i obr\u00f3bce cieplnej, co zwi\u0119ksza ich odporno\u015b\u0107 na korozj\u0119 i zapewnia d\u0142u\u017csz\u0105 \u017cywotno\u015b\u0107 w por\u00f3wnaniu do tanich odpowiednik\u00f3w dost\u0119pnych na rynku. Producent zapewnia wysok\u0105 jako\u015b\u0107 produkt\u00f3w, jego produkty s\u0105 polecane przez najlepszych lekarzy. <\/span><\/p>\n","protected":false},"excerpt":{"rendered":"<p class=\"p1\" style=\"text-align: justify;\"><span class=\"s1\" style=\"font-family: arial, helvetica, sans-serif; font-size: 10pt;\">Ma\u0142e, precyzyjne <strong>no\u017cyczki chirurgiczne do paznokci<\/strong> z zaokr\u0105glonymi ko\u0144cami Tendo <span style=\"text-decoration: underline;\">Solingen<\/span> 9 cm. No\u017cyczki wykonane s\u0105 ze stali nierdzewnej u\u017cywanej do produkcji narz\u0119dzi medycznych. Posiadaj\u0105 <span style=\"text-decoration: underline;\">bezpieczne dla dzieci,<\/span> zaokr\u0105glone ko\u0144c\u00f3wki. Chroni\u0105 przed skaleczeniami. S\u0142u\u017c\u0105 <em>do obcinania i wycinania wrastaj\u0105cych i zrogowacia\u0142ych paznokci<\/em>. Mo\u017cna nimi obcina\u0107 drobne w\u0142oski z uszu i nosa. Bardzo dobre, niemieckie no\u017cyczki otrzyma\u0142y certyfikaty CE oraz ISO 9001:2015 z 2-letni\u0105 gwarancj\u0105 producenta narz\u0119dzi chirurgicznych. <\/span><\/p>\n","protected":false},"featured_media":964,"comment_status":"closed","ping_status":"closed","template":"","meta":[],"product_brand":[],"product_cat":[48],"product_tag":[],"class_list":{"0":"post-3327","1":"product","2":"type-product","3":"status-publish","4":"has-post-thumbnail","6":"product_cat-nozyczki-do-skorek-i-paznokci-pl","8":"first","9":"instock","10":"purchasable","11":"product-type-simple"},"_links":{"self":[{"href":"https:\/\/tendosolingen.de\/pl\/wp-json\/wp\/v2\/product\/3327","targetHints":{"allow":["GET"]}}],"collection":[{"href":"https:\/\/tendosolingen.de\/pl\/wp-json\/wp\/v2\/product"}],"about":[{"href":"https:\/\/tendosolingen.de\/pl\/wp-json\/wp\/v2\/types\/product"}],"replies":[{"embeddable":true,"href":"https:\/\/tendosolingen.de\/pl\/wp-json\/wp\/v2\/comments?post=3327"}],"wp:featuredmedia":[{"embeddable":true,"href":"https:\/\/tendosolingen.de\/pl\/wp-json\/wp\/v2\/media\/964"}],"wp:attachment":[{"href":"https:\/\/tendosolingen.de\/pl\/wp-json\/wp\/v2\/media?parent=3327"}],"wp:term":[{"taxonomy":"product_brand","embeddable":true,"href":"https:\/\/tendosolingen.de\/pl\/wp-json\/wp\/v2\/product_brand?post=3327"},{"taxonomy":"product_cat","embeddable":true,"href":"https:\/\/tendosolingen.de\/pl\/wp-json\/wp\/v2\/product_cat?post=3327"},{"taxonomy":"product_tag","embeddable":true,"href":"https:\/\/tendosolingen.de\/pl\/wp-json\/wp\/v2\/product_tag?post=3327"}],"curies":[{"name":"wp","href":"https:\/\/api.w.org\/{rel}","templated":true}]}}