{"id":3313,"date":"2024-04-09T21:25:53","date_gmt":"2024-04-09T19:25:53","guid":{"rendered":"https:\/\/tendosolingen.de\/product\/tendo-solingen-gold-line-dlutko-podologiczne-do-paznokci\/"},"modified":"2026-01-09T19:35:21","modified_gmt":"2026-01-09T18:35:21","slug":"tendo-solingen-gold-line-dlutko-podologiczne-do-paznokci","status":"publish","type":"product","link":"https:\/\/tendosolingen.de\/pl\/produkt\/tendo-solingen-gold-line-dlutko-podologiczne-do-paznokci\/","title":{"rendered":"D\u0142utko podologiczne do paznokci 140 mm Gold Line"},"content":{"rendered":"<p style=\"text-align: left;\"><span style=\"font-family: arial, helvetica, sans-serif; font-size: 10pt;\"><strong>Profesjonalne d\u0142utko do pedicureTendo\u00ae<\/strong><strong>Solingen Gold Line to <\/strong>narz\u0119dzie wykorzystywane podczas zabieg\u00f3w podologicznych i pedicure leczniczego. <em>D\u0142utko do<\/em>paznokci z ostrym zako\u0144czeniem, o szeroko\u015bci 2 mm, stosowane podczas zabieg\u00f3w kosmetycznych do usuwania odcisk\u00f3w, nagniotk\u00f3w oraz korekcji wrastaj\u0105cych paznokci. Ergonomiczny kszta\u0142t, odpowiednia d\u0142ugo\u015b\u0107 narz\u0119dzia, ostra powierzchnia tn\u0105ca oraz wg\u0142\u0119bienie na powierzchni r\u0119koje\u015bci zapewniaj\u0105 doskona\u0142y chwyt i komfortow\u0105 prac\u0119. D\u0142uto podologiczne zosta\u0142o wykonane z najwy\u017cszej jako\u015bci, chirurgicznej stali nierdzewnej, zgodnie z niemieckimi standardami jako\u015bci i produkcji. Wysokiej jako\u015bci materia\u0142 zapewnia efektywne u\u017cytkowanie narz\u0119dzia. <\/span><\/p>\n<p>&nbsp;<\/p>\n<h2><strong>Parametry techniczne d\u0142utka do pedicure:<\/strong><\/h2>\n<ul>\n<li>d\u0142ugo\u015b\u0107 ca\u0142kowita 14 cm<\/li>\n<li>rynienka o szeroko\u015bci 2 mm<\/li>\n<li>antyalergiczne<\/li>\n<li>wyskoka jako\u015b\u0107 stal niemiecka chirurgiczne<\/li>\n<li>design in Germany<\/li>\n<li>specjalnie zaprojektowana linia dla Gold Line specjalist\u00f3w<\/li>\n<li>profilowana r\u0119koje\u015b\u0107<\/li>\n<li>jednolita konstrukcja<\/li>\n<li>r\u0119cznie szlifowany<\/li>\n<\/ul>\n<p>&nbsp;<\/p>\n<h2><strong>Zalety korzystania z d\u0142utka podologicznego Tendo\u00ae Solingen:<\/strong><\/h2>\n<ul>\n<li>forma r\u0119koje\u015bci umo\u017cliwia idealne wsparcie kciuka tak aby instrument odpowiednio prowadzi\u0107 podczas zabiegu<\/li>\n<li>ostro zako\u0144czona ko\u0144c\u00f3wka &#8211; mo\u017cna wyci\u0105\u0107 naro\u015bni\u0119t\u0105 powierzchni\u0119 lub usun\u0105\u0107 martwy nask\u00f3rek spod wrastaj\u0105cego paznokcia podobnie jak no\u017cykiem<\/li>\n<li>\u0142atwe w u\u017cyciu oraz utrzymaniu higieny<\/li>\n<li>wygodny i niezawodny w u\u017cyciu<\/li>\n<li>narz\u0119dzie do wielokrotnego u\u017cytku, przeznaczone do sterylizacji i dezynfekcji<\/li>\n<li>produkt posiadaj\u0105cy certyfikaty<\/li>\n<li>roczna gwarancja producenta<\/li>\n<\/ul>\n<p>&nbsp;<\/p>\n<p>&nbsp;<\/p>\n<p style=\"text-align: left;\"><span style=\"font-size: 10pt; font-family: arial, helvetica, sans-serif;\">Profesjonalne c\u0105\u017cki, szpatu\u0142ki, d\u0142utka, rade\u0142ka, no\u017cyczki do sk\u00f3rek <strong>Tendo\u00ae Solingen<\/strong> oferowane przez nasz sklep to gwarancja najwy\u017cszej jako\u015bci. Ka\u017cde narz\u0119dzie jest fabrycznie nowe i wyprodukowane z wysokogatunkowej stali nierdzewnej, dok\u0142adnie sprawdzane i kontrolowane na wszystkich etapach produkcji, aby zapewni\u0107 zgodno\u015b\u0107 z mi\u0119dzynarodowymi standardami okre\u015blonymi przez ISO 9001:2008 oraz certyfikat CE. <\/span><\/p>\n<p style=\"text-align: left;\">\n","protected":false},"excerpt":{"rendered":"<p>Profesjonalne d\u0142utko do pedicure Tendo\u00ae Solingen Gold Line z ostrym zako\u0144czeniem 2 mm, wykonane z niemieckiej stali chirurgicznej, przeznaczone do zabieg\u00f3w podologicznych i pedicure leczniczego, zapewniaj\u0105ce precyzj\u0119, komfort pracy i pewny chwyt.<\/p>\n","protected":false},"featured_media":687,"comment_status":"closed","ping_status":"closed","template":"","meta":[],"product_brand":[],"product_cat":[47],"product_tag":[],"class_list":{"0":"post-3313","1":"product","2":"type-product","3":"status-publish","4":"has-post-thumbnail","6":"product_cat-dluta-i-kopytka-ekskawatory","7":"pa_klasa-produktu-gold-line","9":"first","10":"instock","11":"purchasable","12":"product-type-simple"},"_links":{"self":[{"href":"https:\/\/tendosolingen.de\/pl\/wp-json\/wp\/v2\/product\/3313","targetHints":{"allow":["GET"]}}],"collection":[{"href":"https:\/\/tendosolingen.de\/pl\/wp-json\/wp\/v2\/product"}],"about":[{"href":"https:\/\/tendosolingen.de\/pl\/wp-json\/wp\/v2\/types\/product"}],"replies":[{"embeddable":true,"href":"https:\/\/tendosolingen.de\/pl\/wp-json\/wp\/v2\/comments?post=3313"}],"wp:featuredmedia":[{"embeddable":true,"href":"https:\/\/tendosolingen.de\/pl\/wp-json\/wp\/v2\/media\/687"}],"wp:attachment":[{"href":"https:\/\/tendosolingen.de\/pl\/wp-json\/wp\/v2\/media?parent=3313"}],"wp:term":[{"taxonomy":"product_brand","embeddable":true,"href":"https:\/\/tendosolingen.de\/pl\/wp-json\/wp\/v2\/product_brand?post=3313"},{"taxonomy":"product_cat","embeddable":true,"href":"https:\/\/tendosolingen.de\/pl\/wp-json\/wp\/v2\/product_cat?post=3313"},{"taxonomy":"product_tag","embeddable":true,"href":"https:\/\/tendosolingen.de\/pl\/wp-json\/wp\/v2\/product_tag?post=3313"}],"curies":[{"name":"wp","href":"https:\/\/api.w.org\/{rel}","templated":true}]}}