{"id":2525,"date":"2024-04-09T22:38:40","date_gmt":"2024-04-09T20:38:40","guid":{"rendered":"https:\/\/tendosolingen.de\/product\/ekskawator-podologiczny-podluzny-tc-gold-tendo-solingen-rozmiar-1-5-mm-2\/"},"modified":"2026-02-06T21:13:38","modified_gmt":"2026-02-06T20:13:38","slug":"ekskawator-podologiczny-podluzny-tc-o-szerokosci-roboczej-15-mm-gold-line","status":"publish","type":"product","link":"https:\/\/tendosolingen.de\/pl\/produkt\/ekskawator-podologiczny-podluzny-tc-o-szerokosci-roboczej-15-mm-gold-line\/","title":{"rendered":"Ekskawator podologiczny pod\u0142u\u017cny TC o szeroko\u015bci roboczej 1,5 mm Gold Line"},"content":{"rendered":"<p class=\"p1\"><em>Ekskawator kosmetyczny<\/em>\u00a0(przyrz\u0105d do czyszczenia paznokci) jest instrumentem wykorzystywanym zar\u00f3wno w kosmetologii jak i podologii. Dwustronne zako\u0144czenie instrumentu o szeroko\u015bci 1,5 mm umo\u017cliwia na przeprowadzenie szeregu czynno\u015bci przy wykorzystaniu narz\u0119dzia. W zabiegach podologicznych ekskawator wykorzystywany mo\u017ce by\u0107 do usuwania wa\u0142\u00f3w paznokciowych w przypadku wro\u015bni\u0119tego paznokcia. W kosmetyce wykorzystywany jest do oczyszczania powierzchni pod paznokciem podczas zabieg\u00f3w manicure \u2013 zar\u00f3wno w warunkach amatorskich jak i salonach kosmetycznych, gabinetach medycyny estetycznej. \u017b\u0142obienia na r\u0119koje\u015bci umo\u017cliwiaj\u0105 pewny chwyt niezale\u017cnie od panuj\u0105cych warunk\u00f3w.<\/p>\n<h2 class=\"p1\">Parametry ekskawatora kosmetycznego pod\u0142u\u017cnego<\/h2>\n<ul>\n<li class=\"p1\">marka:\u00a0Tendo\u00ae Solingen<\/li>\n<li class=\"p1\">typ: ekskawator podologiczny, ekskawator kosmetyczny,\u00a0<strong>przyrz\u0105d do czyszczenia paznokci<\/strong><\/li>\n<li class=\"p1\">przeznaczenie: wa\u0142y paznokciowe, zanieczyszczenia pod p\u0142ytk\u0105 paznokcia<\/li>\n<li class=\"p1\">d\u0142ugo\u015b\u0107 ca\u0142kowita: 17,5 cm<\/li>\n<li class=\"p1\">design in Germany<\/li>\n<li class=\"p1\">niemiecka stal chirurgiczna medyczna<\/li>\n<li class=\"p1\">szeroko\u015b\u0107 cz\u0119\u015bci pracuj\u0105cej: 1,5 mm<\/li>\n<li class=\"p1\">szeroko\u015b\u0107 r\u0119koje\u015bci: 8 mm<\/li>\n<li class=\"p1\">produkt niesterylny<\/li>\n<li class=\"p1\">produkt wielokrotnego u\u017cytku<\/li>\n<\/ul>\n<h2 class=\"p1\">Zalety wykorzystania ekskawatora do paznokci<\/h2>\n<ul>\n<li class=\"p1\">wysoka precyzja wykonania umo\u017cliwia na dok\u0142adne przeprowadzanie zabieg\u00f3w zar\u00f3wno podologicznych jak i kosmetycznych<\/li>\n<li class=\"p1\">stal nierdzewna niemieckiego pochodzenia zapewnia d\u0142ugotrwa\u0142o\u015b\u0107 oraz wielokrotno\u015b\u0107 sterylizacji<\/li>\n<li class=\"p1\">z\u0142obiona r\u0119koje\u015b\u0107 jest gwarancj\u0105 pewnego chwytu i zmniejsza zm\u0119czenie mi\u0119\u015bniowe<\/li>\n<\/ul>\n<p class=\"p1\">Produkt przeznaczony do u\u017cytku amatorskiego (domowego) oraz profesjonalnego.\u00a0Ka\u017cde narz\u0119dzie jest fabrycznie nowe, dok\u0142adnie sprawdzane i kontrolowane na poszczeg\u00f3lnych etapach produkcji, w celu zapewnienia ich zgodno\u015bci z mi\u0119dzynarodowymi standardami okre\u015blonymi ISO 9001:2008 oraz certyfikatem CE.<\/p>\n","protected":false},"excerpt":{"rendered":"<p>Ekskawator kosmetyczny do czyszczenia paznokci to dwustronny instrument o szeroko\u015bci ko\u0144c\u00f3wek 1,5 mm, wykorzystywany w kosmetologii i podologii do precyzyjnego oczyszczania przestrzeni pod paznokciem oraz pracy przy wa\u0142ach paznokciowych w przypadku paznokci wrastaj\u0105cych, zapewniaj\u0105cy pewny chwyt i pe\u0142n\u0105 kontrol\u0119 dzi\u0119ki \u017c\u0142obionej r\u0119koje\u015bci, zar\u00f3wno w warunkach domowych, jak i profesjonalnych gabinetach.<\/p>\n","protected":false},"featured_media":3780,"comment_status":"open","ping_status":"closed","template":"","meta":[],"product_brand":[],"product_cat":[47],"product_tag":[],"class_list":{"0":"post-2525","1":"product","2":"type-product","3":"status-publish","4":"has-post-thumbnail","6":"product_cat-dluta-i-kopytka-ekskawatory","7":"pa_klasa-produktu-gold-line","9":"first","10":"instock","11":"purchasable","12":"product-type-simple"},"_links":{"self":[{"href":"https:\/\/tendosolingen.de\/pl\/wp-json\/wp\/v2\/product\/2525","targetHints":{"allow":["GET"]}}],"collection":[{"href":"https:\/\/tendosolingen.de\/pl\/wp-json\/wp\/v2\/product"}],"about":[{"href":"https:\/\/tendosolingen.de\/pl\/wp-json\/wp\/v2\/types\/product"}],"replies":[{"embeddable":true,"href":"https:\/\/tendosolingen.de\/pl\/wp-json\/wp\/v2\/comments?post=2525"}],"wp:featuredmedia":[{"embeddable":true,"href":"https:\/\/tendosolingen.de\/pl\/wp-json\/wp\/v2\/media\/3780"}],"wp:attachment":[{"href":"https:\/\/tendosolingen.de\/pl\/wp-json\/wp\/v2\/media?parent=2525"}],"wp:term":[{"taxonomy":"product_brand","embeddable":true,"href":"https:\/\/tendosolingen.de\/pl\/wp-json\/wp\/v2\/product_brand?post=2525"},{"taxonomy":"product_cat","embeddable":true,"href":"https:\/\/tendosolingen.de\/pl\/wp-json\/wp\/v2\/product_cat?post=2525"},{"taxonomy":"product_tag","embeddable":true,"href":"https:\/\/tendosolingen.de\/pl\/wp-json\/wp\/v2\/product_tag?post=2525"}],"curies":[{"name":"wp","href":"https:\/\/api.w.org\/{rel}","templated":true}]}}