{"id":2524,"date":"2024-04-09T22:38:40","date_gmt":"2024-04-09T20:38:40","guid":{"rendered":"https:\/\/tendosolingen.de\/product\/ekskawator-podologiczny-podluzny-tc-gold-tendo-solingen-rozmiar-1-mm-2\/"},"modified":"2026-01-10T01:22:58","modified_gmt":"2026-01-10T00:22:58","slug":"ekskawator-podologiczny-podluzny-tc-o-szerokosci-roboczej-1-mm-gold-line","status":"publish","type":"product","link":"https:\/\/tendosolingen.de\/pl\/produkt\/ekskawator-podologiczny-podluzny-tc-o-szerokosci-roboczej-1-mm-gold-line\/","title":{"rendered":"Ekskawator podologiczny pod\u0142u\u017cny TC o szeroko\u015bci roboczej 1 mm Gold Line"},"content":{"rendered":"<p class=\"p1\">Profesjonalny\u00a0<em>ekskawator do paznokci<\/em>\u00a0ze stali pochodzenia niemieckiego u\u017cywanej do produkcji instrument\u00f3w medycznych dla lekarzy specjalist\u00f3w. Tego typu <strong>sonda podologiczna<\/strong> jest u\u017cywana zar\u00f3wno w podologii jak i kosmetologii do zabieg\u00f3w piel\u0119gnacyjnych na paznokciach. W podologii mo\u017ce s\u0142u\u017cy\u0107 w trakcie usuwania wa\u0142\u00f3w paznokciowych przy wro\u015bni\u0119tych paznokciach. U\u017cywa si\u0119 go tak\u017ce do zabieg\u00f3w rekonstrukcji paznokcia. W kosmetyce pomaga oszyszcza\u0107 paznokcie przed zabiegami. Mo\u017ce by\u0107 u\u017cywany r\u00f3wnie\u017c w warunkach domowych po zdezynfekowaniu. Narz\u0119dzie zosta\u0142o wyposa\u017cone w dwie pod\u0142u\u017cne ko\u0144c\u00f3wki 1 mm. Posiada mi\u0119dzynarodowe certyfikaty CE oraz ISO. Jest wielokrotnego u\u017cytku i mo\u017ce by\u0107 sterylizowany w autoklawie oraz sterylizatorze kosmetycznym.<\/p>\n<p>&nbsp;<\/p>\n<h2 class=\"p1\"><span class=\"s1\" style=\"font-size: 10pt;\">Specyfikacja\u00a0ekskawatora do paznokci<\/span><\/h2>\n<p>&nbsp;<\/p>\n<ul>\n<li style=\"list-style-type: none;\">\n<ul>\n<li class=\"p1\"><span class=\"s1\">pod\u0142u\u017cne ko\u0144c\u00f3wki 1,0 mm<span class=\"Apple-converted-space\">\u00a0<\/span><\/span><\/li>\n<\/ul>\n<\/li>\n<\/ul>\n<ul>\n<li style=\"list-style-type: none;\">\n<ul>\n<li class=\"p1\"><span class=\"s1\">dwustronny<\/span><\/li>\n<\/ul>\n<\/li>\n<\/ul>\n<ul>\n<li style=\"list-style-type: none;\">\n<ul>\n<li class=\"p1\"><span class=\"s1\">1 szt. w opakowaniu<\/span><\/li>\n<\/ul>\n<\/li>\n<\/ul>\n<ul>\n<li style=\"list-style-type: none;\">\n<ul>\n<li class=\"p1\"><span class=\"s1\">certyfikaty CE i ISO<\/span><\/li>\n<\/ul>\n<\/li>\n<\/ul>\n<ul>\n<li style=\"list-style-type: none;\">\n<ul>\n<li class=\"p1\">gwarancja jako\u015bci<\/li>\n<\/ul>\n<\/li>\n<\/ul>\n<p>&nbsp;<\/p>\n<h2 class=\"p1\"><span class=\"s1\" style=\"font-size: 10pt;\">Zalety\u00a0korzystania\u00a0ekskawatora w praktyce<\/span><\/h2>\n<p>&nbsp;<\/p>\n<ul>\n<li style=\"list-style-type: none;\">\n<ul>\n<li class=\"p1\"><span class=\"s1\">profesjonalne narz\u0119dzie do zabieg\u00f3w na paznokciach<\/span><\/li>\n<\/ul>\n<\/li>\n<\/ul>\n<ul>\n<li style=\"list-style-type: none;\">\n<ul>\n<li class=\"p1\"><span class=\"s1\">uniwersalne\u00a0zastosowanie<\/span><\/li>\n<\/ul>\n<\/li>\n<\/ul>\n<ul>\n<li style=\"list-style-type: none;\">\n<ul>\n<li class=\"p1\"><span class=\"s1\">wyposa\u017cony w dwie funkcjonalne ko\u0144c\u00f3wki<\/span><\/li>\n<\/ul>\n<\/li>\n<\/ul>\n<ul>\n<li style=\"list-style-type: none;\">\n<ul>\n<li class=\"p1\"><span class=\"s1\">wyr\u00f3b medyczny ze stali chirurgicznej<\/span><\/li>\n<\/ul>\n<\/li>\n<\/ul>\n<ul>\n<li style=\"list-style-type: none;\">\n<ul>\n<li class=\"p1\">przeznaczony do sterylizacji i dezynfekcji<\/li>\n<\/ul>\n<\/li>\n<\/ul>\n<p>&nbsp;<\/p>\n<p class=\"p1\"><span class=\"s1\">Narz\u0119dzie dopuszczone do obrotu na terenie Unii Europejskiej z certyfikatami ISO oraz CE. Jako\u015b\u0107 jest potwierdzona opiniami lekarzy specjalist\u00f3w oraz u\u017cyciem wysokiej g\u0119sto\u015bci stali nierdzewnej. Tylko takie produkty gwarantuj\u0105 bezpiecze\u0144stwo oraz d\u0142ugi okres u\u017cytkowania.<\/span><\/p>\n","protected":false},"excerpt":{"rendered":"<p class=\"p1\">Ekskawator kosmetyczny do czyszczenia paznokci to dwustronny instrument o szeroko\u015bci ko\u0144c\u00f3wek 1,0 mm, wykorzystywany w kosmetologii i podologii do precyzyjnego oczyszczania przestrzeni pod paznokciem oraz pracy przy wa\u0142ach paznokciowych w przypadku paznokci wrastaj\u0105cych, zapewniaj\u0105cy pewny chwyt i pe\u0142n\u0105 kontrol\u0119 dzi\u0119ki \u017c\u0142obionej r\u0119koje\u015bci, zar\u00f3wno w warunkach domowych, jak i profesjonalnych gabinetach.<\/p>\n","protected":false},"featured_media":3780,"comment_status":"open","ping_status":"closed","template":"","meta":[],"product_brand":[],"product_cat":[47],"product_tag":[],"class_list":{"0":"post-2524","1":"product","2":"type-product","3":"status-publish","4":"has-post-thumbnail","6":"product_cat-dluta-i-kopytka-ekskawatory","7":"pa_klasa-produktu-gold-line","9":"first","10":"instock","11":"purchasable","12":"product-type-simple"},"_links":{"self":[{"href":"https:\/\/tendosolingen.de\/pl\/wp-json\/wp\/v2\/product\/2524","targetHints":{"allow":["GET"]}}],"collection":[{"href":"https:\/\/tendosolingen.de\/pl\/wp-json\/wp\/v2\/product"}],"about":[{"href":"https:\/\/tendosolingen.de\/pl\/wp-json\/wp\/v2\/types\/product"}],"replies":[{"embeddable":true,"href":"https:\/\/tendosolingen.de\/pl\/wp-json\/wp\/v2\/comments?post=2524"}],"wp:featuredmedia":[{"embeddable":true,"href":"https:\/\/tendosolingen.de\/pl\/wp-json\/wp\/v2\/media\/3780"}],"wp:attachment":[{"href":"https:\/\/tendosolingen.de\/pl\/wp-json\/wp\/v2\/media?parent=2524"}],"wp:term":[{"taxonomy":"product_brand","embeddable":true,"href":"https:\/\/tendosolingen.de\/pl\/wp-json\/wp\/v2\/product_brand?post=2524"},{"taxonomy":"product_cat","embeddable":true,"href":"https:\/\/tendosolingen.de\/pl\/wp-json\/wp\/v2\/product_cat?post=2524"},{"taxonomy":"product_tag","embeddable":true,"href":"https:\/\/tendosolingen.de\/pl\/wp-json\/wp\/v2\/product_tag?post=2524"}],"curies":[{"name":"wp","href":"https:\/\/api.w.org\/{rel}","templated":true}]}}