{"id":2521,"date":"2024-04-09T22:38:40","date_gmt":"2024-04-09T20:38:40","guid":{"rendered":"https:\/\/tendosolingen.de\/product\/nozyczki-do-pedicure-do-bardzo-twardych-paznokci-11-cm-rodzaj-standard-rodzaj-czesci-pracujacej-zagieta-rozmiar-110-mm\/"},"modified":"2026-01-10T01:02:49","modified_gmt":"2026-01-10T00:02:49","slug":"nozyczki-do-pedicure-do-bardzo-twardych-paznokci-110-mm-zagiete-standard-sq","status":"publish","type":"product","link":"https:\/\/tendosolingen.de\/pl\/produkt\/nozyczki-do-pedicure-do-bardzo-twardych-paznokci-110-mm-zagiete-standard-sq\/","title":{"rendered":"No\u017cyczki do pedicure do bardzo twardych paznokci 110 mm Zagi\u0119te Standard SQ"},"content":{"rendered":"<p><span style=\"font-size: 10pt; font-family: arial, helvetica, sans-serif;\">No\u017cyczki do paznokci wykorzystywane podczas zabieg\u00f3w og\u00f3lnych do pedicure. Ich g\u0142\u00f3wnym zastosowaniem jest ci\u0119cie paznokci, w tym r\u00f3wnie\u017c grubych paznokci. Instrument posiada kr\u00f3tkie, ostre brzytwy zapewniaj\u0105ce precyzyjne i pewne ci\u0119cie. Dodatkowo ergonomiczne uchwyty na palce gwarantuj\u0105 dobry uchwyt i kontrol\u0119 operatorowi. No\u017cyczki posiadaj\u0105 niewielki rozmiar co pozwala na \u0142atw\u0105 i nie mecz\u0105c\u0105 obs\u0142ug\u0119 narz\u0119dzia. Dost\u0119pne s\u0105 dwa modele ostrzy: wykonane z utwardzeniem z w\u0119glika spiekanego, gwarantuj\u0105cy twardo\u015b\u0107 i wytrzyma\u0142o\u015b\u0107 brzytwy oraz ze stali nierdzewnej o w\u0142a\u015bciwo\u015bciach antykorozyjnych o prostym i zagi\u0119tym kszta\u0142cie.<\/span><\/p>\n<p>&nbsp;<\/p>\n<h2><span style=\"font-size: 10pt; font-family: arial, helvetica, sans-serif;\">Parametry no\u017cyczek chirurgicznych<\/span><\/h2>\n<p>&nbsp;<\/p>\n<ul>\n<li style=\"list-style-type: none;\">\n<ul>\n<li><span style=\"font-size: 10pt; font-family: arial, helvetica, sans-serif;\">Typ: do twardych paznokci<\/span><\/li>\n<\/ul>\n<\/li>\n<\/ul>\n<ul>\n<li style=\"list-style-type: none;\">\n<ul>\n<li><span style=\"font-size: 10pt; font-family: arial, helvetica, sans-serif;\">Przeznaczenie: pedicure, ci\u0119cie paznokci<\/span><\/li>\n<\/ul>\n<\/li>\n<\/ul>\n<ul>\n<li style=\"list-style-type: none;\">\n<ul>\n<li><span style=\"font-size: 10pt; font-family: arial, helvetica, sans-serif;\">Dost\u0119pna d\u0142ugo\u015b\u0107: 110 mm<\/span><\/li>\n<\/ul>\n<\/li>\n<\/ul>\n<ul>\n<li style=\"list-style-type: none;\">\n<ul>\n<li><span style=\"font-size: 10pt; font-family: arial, helvetica, sans-serif;\">Dost\u0119pne rodzaje cz\u0119\u015bci pracuj\u0105cej:<\/span><\/li>\n<\/ul>\n<\/li>\n<\/ul>\n<ul style=\"list-style-type: circle;\">\n<li style=\"list-style-type: none;\">\n<ul style=\"list-style-type: circle;\">\n<li><span style=\"font-size: 10pt; font-family: arial, helvetica, sans-serif;\">Zagi\u0119ta, TC utwardzenie z w\u0119glika spiekanego<\/span><\/li>\n<\/ul>\n<\/li>\n<\/ul>\n<ul style=\"list-style-type: circle;\">\n<li style=\"list-style-type: none;\">\n<ul style=\"list-style-type: circle;\">\n<li><span style=\"font-size: 10pt; font-family: arial, helvetica, sans-serif;\">Zagi\u0119ta, stal nierdzewna<\/span><\/li>\n<\/ul>\n<\/li>\n<\/ul>\n<ul style=\"list-style-type: circle;\">\n<li style=\"list-style-type: none;\">\n<ul style=\"list-style-type: circle;\">\n<li><span style=\"font-size: 10pt; font-family: arial, helvetica, sans-serif;\">Prosta, stal nierdzewna<\/span><\/li>\n<\/ul>\n<\/li>\n<\/ul>\n<ul>\n<li style=\"list-style-type: none;\">\n<ul>\n<li><span style=\"font-size: 10pt; font-family: arial, helvetica, sans-serif;\">Wysokiej jako\u015bci stal nierdzewna<\/span><\/li>\n<\/ul>\n<\/li>\n<\/ul>\n<ul>\n<li style=\"list-style-type: none;\">\n<ul>\n<li><span style=\"font-size: 10pt; font-family: arial, helvetica, sans-serif;\">Produkt wielokrotnego u\u017cytku<\/span><\/li>\n<\/ul>\n<\/li>\n<\/ul>\n<ul>\n<li style=\"list-style-type: none;\">\n<ul>\n<li><span style=\"font-size: 10pt; font-family: arial, helvetica, sans-serif;\">Produkt niesterylny<\/span><\/li>\n<\/ul>\n<\/li>\n<\/ul>\n<h2><span style=\"font-size: 10pt; font-family: arial, helvetica, sans-serif;\">Zalety stosowania no\u017cyczek do pedicure<\/span><\/h2>\n<p>&nbsp;<\/p>\n<ul>\n<li style=\"list-style-type: none;\">\n<ul>\n<li><span style=\"font-size: 10pt; font-family: arial, helvetica, sans-serif;\">Ostre, kr\u00f3tkie ko\u0144c\u00f3wki gwarantuj\u0105 pewne i czyste ci\u0119cie<\/span><\/li>\n<\/ul>\n<\/li>\n<\/ul>\n<ul>\n<li style=\"list-style-type: none;\">\n<ul>\n<li><span style=\"font-size: 10pt; font-family: arial, helvetica, sans-serif;\">Mo\u017cliwo\u015b\u0107 wyboru ko\u0144c\u00f3wki z w\u0119glika spiekanego zapewnia wysok\u0105 jako\u015b\u0107 instrumentu<\/span><\/li>\n<\/ul>\n<\/li>\n<\/ul>\n<ul>\n<li style=\"list-style-type: none;\">\n<ul>\n<li><span style=\"font-size: 10pt; font-family: arial, helvetica, sans-serif;\">Ergonomiczne uchwyty pier\u015bcieniowe zapewniaj\u0105 doskona\u0142y uchwyt i kontrole<\/span><\/li>\n<\/ul>\n<\/li>\n<\/ul>\n<p>&nbsp;<\/p>\n<p><span style=\"font-size: 10pt; font-family: arial, helvetica, sans-serif;\">Produkt posiada certyfikaty CE oraz ISO.\u00a0No\u017cyczki do pedicure 11 cm s\u0105 r\u00f3wnie\u017c higieniczne i \u0142atwe do czyszczenia. Ich ostrza s\u0105 proste lub zakrzywione, co u\u0142atwia dost\u0119p do trudno dost\u0119pnych miejsc na stopie, takich jak kraw\u0119dzie paznokci czy zrogowacia\u0142y nask\u00f3rek wok\u00f3\u0142 paznokci. No\u017cyczki do pedicure s\u0105 niezb\u0119dnym narz\u0119dziem w profesjonalnym salonie kosmetycznym, jak r\u00f3wnie\u017c przydatnym narz\u0119dziem do piel\u0119gnacji st\u00f3p w domu. W\u0142a\u015bciwe u\u017cycie no\u017cyczek do pedicure mo\u017ce pom\u00f3c w utrzymaniu zdrowych, zadbanych st\u00f3p i paznokci.<\/span><\/p>\n","protected":false},"excerpt":{"rendered":"<p>No\u017cyczki do pedicure do bardzo twardych paznokci 110 mm, model Standard SQ, to precyzyjne narz\u0119dzie z kr\u00f3tkimi, ostrymi brzytwami zapewniaj\u0105cymi pewne i kontrolowane ci\u0119cie tak\u017ce grubych paznokci, wyposa\u017cone w ergonomiczne uchwyty gwarantuj\u0105ce stabilny chwyt i komfort pracy, dost\u0119pne w wersji zagi\u0119tej oraz z ostrzami ze stali nierdzewnej lub z utwardzeniem z w\u0119glika spiekanego o wysokiej trwa\u0142o\u015bci i odporno\u015bci na korozj\u0119.<\/p>\n","protected":false},"featured_media":3779,"comment_status":"closed","ping_status":"closed","template":"","meta":[],"product_brand":[],"product_cat":[48],"product_tag":[],"class_list":{"0":"post-2521","1":"product","2":"type-product","3":"status-publish","4":"has-post-thumbnail","6":"product_cat-nozyczki-do-skorek-i-paznokci-pl","7":"pa_klasa-produktu-standard-sq","9":"first","10":"instock","11":"purchasable","12":"product-type-simple"},"_links":{"self":[{"href":"https:\/\/tendosolingen.de\/pl\/wp-json\/wp\/v2\/product\/2521","targetHints":{"allow":["GET"]}}],"collection":[{"href":"https:\/\/tendosolingen.de\/pl\/wp-json\/wp\/v2\/product"}],"about":[{"href":"https:\/\/tendosolingen.de\/pl\/wp-json\/wp\/v2\/types\/product"}],"replies":[{"embeddable":true,"href":"https:\/\/tendosolingen.de\/pl\/wp-json\/wp\/v2\/comments?post=2521"}],"wp:featuredmedia":[{"embeddable":true,"href":"https:\/\/tendosolingen.de\/pl\/wp-json\/wp\/v2\/media\/3779"}],"wp:attachment":[{"href":"https:\/\/tendosolingen.de\/pl\/wp-json\/wp\/v2\/media?parent=2521"}],"wp:term":[{"taxonomy":"product_brand","embeddable":true,"href":"https:\/\/tendosolingen.de\/pl\/wp-json\/wp\/v2\/product_brand?post=2521"},{"taxonomy":"product_cat","embeddable":true,"href":"https:\/\/tendosolingen.de\/pl\/wp-json\/wp\/v2\/product_cat?post=2521"},{"taxonomy":"product_tag","embeddable":true,"href":"https:\/\/tendosolingen.de\/pl\/wp-json\/wp\/v2\/product_tag?post=2521"}],"curies":[{"name":"wp","href":"https:\/\/api.w.org\/{rel}","templated":true}]}}