{"id":2519,"date":"2024-04-09T22:38:40","date_gmt":"2024-04-09T20:38:40","guid":{"rendered":"https:\/\/tendosolingen.de\/product\/cegi-do-paznokci-podologiczne-tendo-solingen-115-cm-gold-line\/"},"modified":"2026-01-09T23:51:00","modified_gmt":"2026-01-09T22:51:00","slug":"cegi-do-paznokci-podologiczne-tendo-solingen-115-cm-gold-line","status":"publish","type":"product","link":"https:\/\/tendosolingen.de\/pl\/produkt\/cegi-do-paznokci-podologiczne-tendo-solingen-115-cm-gold-line\/","title":{"rendered":"C\u0119gi do paznokci podologiczne 115 mm Gold Line"},"content":{"rendered":"<p style=\"text-align: justify; line-height: 14.4pt;\"><span style=\"color: #000000; font-family: arial, helvetica, sans-serif; font-size: 10pt;\">C\u0119gi podologiczne marki Tendo Solingen to wyspecjalizowane narz\u0119dzie medyczne s\u0142u\u017c\u0105ce do skracania ka\u017cdego rodzaju paznokci do po\u017c\u0105danego kszta\u0142tu oraz d\u0142ugo\u015bci. W tym celu instrument posiada d\u0142ugie, proste ko\u0144c\u00f3wki robocze, za pomoc\u0105 kt\u00f3rych z \u0142atwo\u015bci\u0105 chwyta si\u0119 struktur\u0119 paznokcia. Ergonomiczna, rowkowana r\u0119koje\u015b\u0107 bardzo dobrze przylega do d\u0142oni oraz dzia\u0142a antypo\u015blizgowo. Co wi\u0119cej, umieszczona spr\u0119\u017cyna w g\u00f3rnej cz\u0119\u015bci ramion wspomaga si\u0142\u0119 nacisku i stabilizuje ko\u0144c\u00f3wk\u0119 robocz\u0105 na powierzchni paznokcia. Ca\u0142kowita d\u0142ugo\u015b\u0107 c\u0119g\u00f3w wynosi 11,5 cm. Wykonane ze stali nierdzewnej najwy\u017cszej jako\u015bci o ponadprzeci\u0119tnych w\u0142a\u015bciwo\u015bciach antykorozyjnych. Mo\u017cliwo\u015b\u0107 wielokrotnej sterylizacji. <\/span><\/p>\n<p>&nbsp;<\/p>\n<p style=\"text-align: justify; line-height: 14.4pt;\"><span style=\"color: #000000; font-family: arial, helvetica, sans-serif; font-size: 10pt;\">C\u0119gi podologiczne zosta\u0142y wzbogacone o wk\u0142adki w w\u0119glika spiekanego \u2013 materia\u0142u du\u017co wytrzymalszego od zwyk\u0142ej stali. Ponadto, w\u0119glik spiekany jest bardziej odporny na p\u0119kanie oraz wysok\u0105 temperatur\u0119 (a\u017c do 1000 stopni Celsjusza). <\/span><\/p>\n<p>&nbsp;<\/p>\n<h2 style=\"text-align: justify; line-height: 14.4pt;\"><span style=\"color: #000000; font-family: arial, helvetica, sans-serif; font-size: 10pt;\">Parametry c\u0119g\u00f3w podologicznych<\/span><\/h2>\n<p>&nbsp;<\/p>\n<ul>\n<li style=\"list-style-type: none;\">\n<ul>\n<li style=\"text-align: justify; line-height: 14.4pt;\"><span style=\"color: #000000; font-family: arial, helvetica, sans-serif; font-size: 10pt;\">typ: c\u0119gi do paznokci, podologia, Tendo Solingen <\/span><\/li>\n<\/ul>\n<\/li>\n<\/ul>\n<ul>\n<li style=\"list-style-type: none;\">\n<ul>\n<li style=\"text-align: justify; line-height: 14.4pt;\"><span style=\"color: #000000; font-family: arial, helvetica, sans-serif; font-size: 10pt;\">przeznaczenie: skracanie paznokci<\/span><\/li>\n<\/ul>\n<\/li>\n<\/ul>\n<ul>\n<li style=\"list-style-type: none;\">\n<ul>\n<li style=\"text-align: justify; line-height: 14.4pt;\"><span style=\"color: #000000; font-family: arial, helvetica, sans-serif; font-size: 10pt;\">niemeicka stal chirurgiczna<\/span><\/li>\n<\/ul>\n<\/li>\n<\/ul>\n<ul>\n<li style=\"list-style-type: none;\">\n<ul>\n<li style=\"text-align: justify; line-height: 14.4pt;\"><span style=\"color: #000000; font-family: arial, helvetica, sans-serif; font-size: 10pt;\">dost\u0119pna d\u0142ugo\u015b\u0107: 11,5 cm<\/span><\/li>\n<\/ul>\n<\/li>\n<\/ul>\n<ul>\n<li style=\"list-style-type: none;\">\n<ul>\n<li style=\"text-align: justify; line-height: 14.4pt;\"><span style=\"color: #000000; font-family: arial, helvetica, sans-serif; font-size: 10pt;\">dost\u0119pny wariant: Gold Line<\/span><\/li>\n<\/ul>\n<\/li>\n<\/ul>\n<ul>\n<li style=\"list-style-type: none;\">\n<ul>\n<li style=\"text-align: justify; line-height: 14.4pt;\"><span style=\"color: #000000; font-family: arial, helvetica, sans-serif; font-size: 10pt;\">wykonane r\u0119cznie<\/span><\/li>\n<\/ul>\n<\/li>\n<\/ul>\n<ul>\n<li style=\"list-style-type: none;\">\n<ul>\n<li style=\"text-align: justify; line-height: 14.4pt;\"><span style=\"color: #000000; font-family: arial, helvetica, sans-serif; font-size: 10pt;\">produkt wielokrotnego u\u017cytku<\/span><\/li>\n<\/ul>\n<\/li>\n<\/ul>\n<ul>\n<li style=\"list-style-type: none;\">\n<ul>\n<li style=\"text-align: justify; line-height: 14.4pt;\"><span style=\"color: #000000; font-family: arial, helvetica, sans-serif; font-size: 10pt;\">produkt niesterylny<\/span><\/li>\n<\/ul>\n<\/li>\n<\/ul>\n<p>&nbsp;<\/p>\n<p>&nbsp;<\/p>\n<h2 style=\"text-align: justify; line-height: 14.4pt;\"><span style=\"color: #000000; font-family: arial, helvetica, sans-serif; font-size: 10pt;\">Zalety wykorzystania<\/span><\/h2>\n<p>&nbsp;<\/p>\n<ul>\n<li style=\"list-style-type: none;\">\n<ul>\n<li style=\"text-align: justify; line-height: 14.4pt;\"><span style=\"color: #000000; font-family: arial, helvetica, sans-serif; font-size: 10pt;\">gwarancja najwy\u017cszej jako\u015bci wykonania <\/span><\/li>\n<\/ul>\n<\/li>\n<\/ul>\n<ul>\n<li style=\"list-style-type: none;\">\n<ul>\n<li style=\"text-align: justify; line-height: 14.4pt;\"><span style=\"color: #000000; font-family: arial, helvetica, sans-serif; font-size: 10pt;\">mo\u017cliwo\u015b\u0107 sterylizacji w autoklawie w 134 stopniach<\/span><\/li>\n<\/ul>\n<\/li>\n<\/ul>\n<ul>\n<li style=\"list-style-type: none;\">\n<ul>\n<li style=\"text-align: justify; line-height: 14.4pt;\"><span style=\"color: #000000; font-family: arial, helvetica, sans-serif; font-size: 10pt;\">rowkowania zawarte na ramionach dzia\u0142aj\u0105 antypo\u015blizgowo<\/span><\/li>\n<\/ul>\n<\/li>\n<\/ul>\n<ul>\n<li style=\"list-style-type: none;\">\n<ul>\n<li style=\"text-align: justify; line-height: 14.4pt;\"><span style=\"color: #000000; font-family: arial, helvetica, sans-serif; font-size: 10pt;\">ergonomiczne ramiona oraz lekka waga zwi\u0119kszaj\u0105 komfort pracy<\/span><\/li>\n<\/ul>\n<\/li>\n<\/ul>\n<ul>\n<li style=\"list-style-type: none;\">\n<ul>\n<li style=\"text-align: justify; line-height: 14.4pt;\"><span style=\"color: #000000; font-family: arial, helvetica, sans-serif; font-size: 10pt;\">wykorzystanie wk\u0142adek z w\u0119glika spiekanego przed\u0142u\u017ca \u017cywotno\u015b\u0107 instrumentu oraz zwi\u0119ksza jego precyzje<\/span><\/li>\n<\/ul>\n<\/li>\n<\/ul>\n<ul>\n<li style=\"list-style-type: none;\">\n<ul>\n<li style=\"text-align: justify; line-height: 14.4pt;\"><span style=\"color: #000000; font-family: arial, helvetica, sans-serif; font-size: 10pt;\">uniwersalno\u015b\u0107 c\u0119g\u00f3w pozwala na u\u017cytkowanie ich zar\u00f3wno w profesjonalnych gabinetach jak i w domowym zaciszu<\/span><\/li>\n<\/ul>\n<\/li>\n<\/ul>\n<p>&nbsp;<\/p>\n<p>&nbsp;<\/p>\n<p style=\"text-align: justify; line-height: 14.4pt;\"><span style=\"font-family: arial, helvetica, sans-serif; font-size: 10pt;\">Narz\u0119dzia s\u0105 fabrycznie nowe oraz dok\u0142adnie sprawdzane i kontrolowane na wszystkich etapach produkcji, w celu zapewnienia ich zgodno\u015bci z mi\u0119dzynarodowymi standardami okre\u015blonymi ISO 9001:2008 oraz certyfikatem CE.<\/span><\/p>\n","protected":false},"excerpt":{"rendered":"<p>Profesjonalne c\u0119gi podologiczne marki Tendo Solingen o d\u0142ugo\u015bci 11,5 cm, wykonane z najwy\u017cszej jako\u015bci stali nierdzewnej, z d\u0142ugimi prostymi ko\u0144c\u00f3wkami roboczymi, ergonomiczn\u0105 antypo\u015blizgow\u0105 r\u0119koje\u015bci\u0105 oraz spr\u0119\u017cyn\u0105 stabilizuj\u0105c\u0105 nacisk, przeznaczone do precyzyjnego skracania i kszta\u0142towania ka\u017cdego rodzaju paznokci z mo\u017cliwo\u015bci\u0105 wielokrotnej sterylizacji.<\/p>\n","protected":false},"featured_media":1430,"comment_status":"closed","ping_status":"closed","template":"","meta":[],"product_brand":[],"product_cat":[183],"product_tag":[],"class_list":{"0":"post-2519","1":"product","2":"type-product","3":"status-publish","4":"has-post-thumbnail","6":"product_cat-cegi-cazki","7":"pa_klasa-produktu-gold-line","9":"first","10":"instock","11":"purchasable","12":"product-type-simple"},"_links":{"self":[{"href":"https:\/\/tendosolingen.de\/pl\/wp-json\/wp\/v2\/product\/2519","targetHints":{"allow":["GET"]}}],"collection":[{"href":"https:\/\/tendosolingen.de\/pl\/wp-json\/wp\/v2\/product"}],"about":[{"href":"https:\/\/tendosolingen.de\/pl\/wp-json\/wp\/v2\/types\/product"}],"replies":[{"embeddable":true,"href":"https:\/\/tendosolingen.de\/pl\/wp-json\/wp\/v2\/comments?post=2519"}],"wp:featuredmedia":[{"embeddable":true,"href":"https:\/\/tendosolingen.de\/pl\/wp-json\/wp\/v2\/media\/1430"}],"wp:attachment":[{"href":"https:\/\/tendosolingen.de\/pl\/wp-json\/wp\/v2\/media?parent=2519"}],"wp:term":[{"taxonomy":"product_brand","embeddable":true,"href":"https:\/\/tendosolingen.de\/pl\/wp-json\/wp\/v2\/product_brand?post=2519"},{"taxonomy":"product_cat","embeddable":true,"href":"https:\/\/tendosolingen.de\/pl\/wp-json\/wp\/v2\/product_cat?post=2519"},{"taxonomy":"product_tag","embeddable":true,"href":"https:\/\/tendosolingen.de\/pl\/wp-json\/wp\/v2\/product_tag?post=2519"}],"curies":[{"name":"wp","href":"https:\/\/api.w.org\/{rel}","templated":true}]}}