{"id":2518,"date":"2024-04-09T22:38:40","date_gmt":"2024-04-09T20:38:40","guid":{"rendered":"https:\/\/tendosolingen.de\/product\/cegi-do-paznokci-podologiczne-tendo-solingen-13-cm-gold-line\/"},"modified":"2026-01-10T00:41:04","modified_gmt":"2026-01-09T23:41:04","slug":"cegi-do-paznokci-podologiczne-13-cm-gold-line","status":"publish","type":"product","link":"https:\/\/tendosolingen.de\/pl\/produkt\/cegi-do-paznokci-podologiczne-13-cm-gold-line\/","title":{"rendered":"C\u0119gi do paznokci podologiczne 130 mm Gold Line"},"content":{"rendered":"<p style=\"text-align: justify; line-height: 14.4pt;\"><span style=\"color: #000000; font-family: arial, helvetica, sans-serif; font-size: 10pt;\"><strong>C\u0119gi podologiczne<\/strong> marki Tendo Solingen to specjalistyczny instrument medyczny wykorzystywany do obcinania bardzo wymagaj\u0105cych paznokci (stwardnia\u0142ych czy wro\u015bni\u0119tych). D\u0142ugie, ostre ko\u0144c\u00f3wki robocze, dzi\u0119ki swojej konstrukcji zapewniaj\u0105 idealne warunki do skracania paznokci do po\u017c\u0105danej d\u0142ugo\u015bci oraz kszta\u0142tu. Ergonomiczna r\u0119koje\u015b\u0107 oraz lekka waga zwi\u0119kszaj\u0105 komfort podczas u\u017cytkowania narz\u0119dzia. Co wi\u0119cej, wypustki umieszczone na uchwytach dzia\u0142aj\u0105 antypo\u015blizgowo. System spr\u0119\u017cynowy zawarty w <span style=\"text-decoration: underline;\">c\u0119gach do twardych paznokci<\/span> mi\u0119dzy ramionami odpowiada za stabilizacj\u0119 ko\u0144c\u00f3wki roboczej na powierzchni paznokcia. Ca\u0142kowita d\u0142ugo\u015b\u0107 wynosi\u00a013 cm. <em>C\u0119gi\u00a0do skracania paznokc<\/em>i zosta\u0142y wykonane ze stali nierdzewnej najwy\u017cszej jako\u015bci, dzi\u0119ki czemu nie ulega procesowi korozji. Mo\u017cliwo\u015b\u0107 wielokrotnej sterylizacji w myjce oraz autoklawie. <\/span><\/p>\n<p>&nbsp;<\/p>\n<p style=\"text-align: justify; line-height: 14.4pt;\"><span style=\"color: #000000; font-family: arial, helvetica, sans-serif; font-size: 10pt;\"><span style=\"text-decoration: underline;\">C\u0119gi do grubych paznokci u n\u00f3g<\/span> zosta\u0142y wzbogacone o wk\u0142adki w w\u0119glika spiekanego \u2013 materia\u0142u du\u017co wytrzymalszego od zwyk\u0142ej stali. Ponadto, w\u0119glik spiekany jest bardziej odporny na p\u0119kanie oraz wysok\u0105 temperatur\u0119 (a\u017c do 1000 stopni Celsjusza). <\/span><\/p>\n<p>&nbsp;<\/p>\n<h2 style=\"text-align: justify; line-height: 14.4pt;\"><span style=\"color: #000000; font-family: arial, helvetica, sans-serif; font-size: 10pt;\">Parametry c\u0119g\u00f3w\u00a0prostych do paznokci<\/span><\/h2>\n<p>&nbsp;<\/p>\n<ul>\n<li style=\"list-style-type: none;\">\n<ul>\n<li style=\"text-align: justify; line-height: 14.4pt;\"><span style=\"color: #000000; font-family: arial, helvetica, sans-serif; font-size: 10pt;\">typ: c\u0119gi do paznokci, podologia, Tendo Solingen <\/span><\/li>\n<\/ul>\n<\/li>\n<\/ul>\n<ul>\n<li style=\"list-style-type: none;\">\n<ul>\n<li style=\"text-align: justify; line-height: 14.4pt;\"><span style=\"color: #000000; font-family: arial, helvetica, sans-serif; font-size: 10pt;\">przeznaczenie: skracanie paznokci<\/span><\/li>\n<\/ul>\n<\/li>\n<\/ul>\n<ul>\n<li style=\"list-style-type: none;\">\n<ul>\n<li style=\"text-align: justify; line-height: 14.4pt;\"><span style=\"color: #000000; font-family: arial, helvetica, sans-serif; font-size: 10pt;\">dost\u0119pna d\u0142ugo\u015b\u0107: 130 mm<\/span><\/li>\n<\/ul>\n<\/li>\n<\/ul>\n<ul>\n<li style=\"list-style-type: none;\">\n<ul>\n<li style=\"text-align: justify; line-height: 14.4pt;\"><span style=\"color: #000000; font-family: arial, helvetica, sans-serif; font-size: 10pt;\">dost\u0119pny wariant: standard oraz Linia Gold Line<\/span><\/li>\n<\/ul>\n<\/li>\n<\/ul>\n<ul>\n<li style=\"list-style-type: none;\">\n<ul>\n<li style=\"text-align: justify; line-height: 14.4pt;\"><span style=\"color: #000000; font-family: arial, helvetica, sans-serif; font-size: 10pt;\">wykonane r\u0119cznie<\/span><\/li>\n<\/ul>\n<\/li>\n<\/ul>\n<ul>\n<li style=\"list-style-type: none;\">\n<ul>\n<li style=\"text-align: justify; line-height: 14.4pt;\"><span style=\"color: #000000; font-family: arial, helvetica, sans-serif; font-size: 10pt;\">produkt wielokrotnego u\u017cytku<\/span><\/li>\n<\/ul>\n<\/li>\n<\/ul>\n<ul>\n<li style=\"list-style-type: none;\">\n<ul>\n<li style=\"text-align: justify; line-height: 14.4pt;\"><span style=\"color: #000000; font-family: arial, helvetica, sans-serif; font-size: 10pt;\">produkt niesterylny<\/span><\/li>\n<\/ul>\n<\/li>\n<\/ul>\n<ul>\n<li style=\"list-style-type: none;\">\n<ul>\n<li style=\"text-align: justify; line-height: 14.4pt;\"><span style=\"color: #000000; font-family: arial, helvetica, sans-serif; font-size: 10pt;\">24-ce gwarancji\u00a0<\/span><\/li>\n<\/ul>\n<\/li>\n<\/ul>\n<p>&nbsp;<\/p>\n<p>&nbsp;<\/p>\n<h2 style=\"text-align: justify; line-height: 14.4pt;\"><span style=\"color: #000000; font-family: arial, helvetica, sans-serif; font-size: 10pt;\">Zalety wykorzystania\u00a0c\u0119g do obcinania paznokci u n\u00f3g<\/span><\/h2>\n<p>&nbsp;<\/p>\n<ul>\n<li style=\"list-style-type: none;\">\n<ul>\n<li style=\"text-align: justify; line-height: 14.4pt;\"><span style=\"color: #000000; font-family: arial, helvetica, sans-serif; font-size: 10pt;\">gwarancja najwy\u017cszej jako\u015bci wykonania <\/span><\/li>\n<\/ul>\n<\/li>\n<\/ul>\n<ul>\n<li style=\"list-style-type: none;\">\n<ul>\n<li style=\"text-align: justify; line-height: 14.4pt;\"><span style=\"color: #000000; font-family: arial, helvetica, sans-serif; font-size: 10pt;\">mo\u017cliwo\u015b\u0107 sterylizacji w autoklawie w 134 stopniach<\/span><\/li>\n<\/ul>\n<\/li>\n<\/ul>\n<ul>\n<li style=\"list-style-type: none;\">\n<ul>\n<li style=\"text-align: justify; line-height: 14.4pt;\"><span style=\"color: #000000; font-family: arial, helvetica, sans-serif; font-size: 10pt;\">rowkowania zawarte na ramionach dzia\u0142aj\u0105 antypo\u015blizgowo<\/span><\/li>\n<\/ul>\n<\/li>\n<\/ul>\n<ul>\n<li style=\"list-style-type: none;\">\n<ul>\n<li style=\"text-align: justify; line-height: 14.4pt;\"><span style=\"color: #000000; font-family: arial, helvetica, sans-serif; font-size: 10pt;\">ergonomiczne ramiona oraz lekka waga zwi\u0119kszaj\u0105 komfort pracy<\/span><\/li>\n<\/ul>\n<\/li>\n<\/ul>\n<ul>\n<li style=\"list-style-type: none;\">\n<ul>\n<li style=\"text-align: justify; line-height: 14.4pt;\"><span style=\"color: #000000; font-family: arial, helvetica, sans-serif; font-size: 10pt;\">wykorzystanie wk\u0142adek z w\u0119glika spiekanego przed\u0142u\u017ca \u017cywotno\u015b\u0107 instrumentu oraz zwi\u0119ksza jego precyzje<\/span><\/li>\n<\/ul>\n<\/li>\n<\/ul>\n<ul>\n<li style=\"list-style-type: none;\">\n<ul>\n<li style=\"text-align: justify; line-height: 14.4pt;\"><span style=\"color: #000000; font-family: arial, helvetica, sans-serif; font-size: 10pt;\">uniwersalno\u015b\u0107 c\u0119g\u00f3w pozwala na u\u017cytkowanie ich zar\u00f3wno w profesjonalnych gabinetach jak i w domowym zaciszu<\/span><\/li>\n<\/ul>\n<\/li>\n<\/ul>\n<p>&nbsp;<\/p>\n<p>&nbsp;<\/p>\n<p style=\"text-align: justify; line-height: 14.4pt;\"><span style=\"font-family: arial, helvetica, sans-serif; font-size: 10pt;\">Narz\u0119dzia s\u0105 fabrycznie nowe oraz dok\u0142adnie sprawdzane i kontrolowane na wszystkich etapach produkcji, w celu zapewnienia ich zgodno\u015bci z mi\u0119dzynarodowymi standardami okre\u015blonymi ISO 9001:2008 oraz certyfikatem CE.<\/span><\/p>\n","protected":false},"excerpt":{"rendered":"<p style=\"text-align: justify; line-height: 14.4pt;\">Profesjonalne c\u0119gi podologiczne marki <strong data-start=\"38\" data-end=\"79\"><span class=\"hover:entity-accent entity-underline inline cursor-pointer align-baseline\"><span class=\"whitespace-normal\">Tendo Solingen<\/span><\/span><\/strong> o d\u0142ugo\u015bci <strong data-start=\"91\" data-end=\"100\">13 cm<\/strong>, wykonane z najwy\u017cszej jako\u015bci stali nierdzewnej, z d\u0142ugimi ostrymi ko\u0144c\u00f3wkami roboczymi, ergonomiczn\u0105 lekk\u0105 r\u0119koje\u015bci\u0105 z antypo\u015blizgowymi wypustkami oraz systemem spr\u0119\u017cynowym stabilizuj\u0105cym nacisk, przeznaczone do precyzyjnego skracania nawet bardzo twardych i wrastaj\u0105cych paznokci, z mo\u017cliwo\u015bci\u0105 wielokrotnej sterylizacji w myjce i autoklawie.<\/p>\n","protected":false},"featured_media":1426,"comment_status":"closed","ping_status":"closed","template":"","meta":[],"product_brand":[],"product_cat":[183],"product_tag":[],"class_list":{"0":"post-2518","1":"product","2":"type-product","3":"status-publish","4":"has-post-thumbnail","6":"product_cat-cegi-cazki","7":"pa_klasa-produktu-gold-line","9":"first","10":"instock","11":"purchasable","12":"product-type-simple"},"_links":{"self":[{"href":"https:\/\/tendosolingen.de\/pl\/wp-json\/wp\/v2\/product\/2518","targetHints":{"allow":["GET"]}}],"collection":[{"href":"https:\/\/tendosolingen.de\/pl\/wp-json\/wp\/v2\/product"}],"about":[{"href":"https:\/\/tendosolingen.de\/pl\/wp-json\/wp\/v2\/types\/product"}],"replies":[{"embeddable":true,"href":"https:\/\/tendosolingen.de\/pl\/wp-json\/wp\/v2\/comments?post=2518"}],"wp:featuredmedia":[{"embeddable":true,"href":"https:\/\/tendosolingen.de\/pl\/wp-json\/wp\/v2\/media\/1426"}],"wp:attachment":[{"href":"https:\/\/tendosolingen.de\/pl\/wp-json\/wp\/v2\/media?parent=2518"}],"wp:term":[{"taxonomy":"product_brand","embeddable":true,"href":"https:\/\/tendosolingen.de\/pl\/wp-json\/wp\/v2\/product_brand?post=2518"},{"taxonomy":"product_cat","embeddable":true,"href":"https:\/\/tendosolingen.de\/pl\/wp-json\/wp\/v2\/product_cat?post=2518"},{"taxonomy":"product_tag","embeddable":true,"href":"https:\/\/tendosolingen.de\/pl\/wp-json\/wp\/v2\/product_tag?post=2518"}],"curies":[{"name":"wp","href":"https:\/\/api.w.org\/{rel}","templated":true}]}}