{"id":2517,"date":"2024-04-09T22:38:40","date_gmt":"2024-04-09T20:38:40","guid":{"rendered":"https:\/\/tendosolingen.de\/product\/pilnik-do-wrastajacych-paznokci-16-cm-tendo-solingen-gold-line\/"},"modified":"2026-01-10T00:36:37","modified_gmt":"2026-01-09T23:36:37","slug":"pilnik-do-wrastajacych-paznokci-16-cm-gold-line","status":"publish","type":"product","link":"https:\/\/tendosolingen.de\/pl\/produkt\/pilnik-do-wrastajacych-paznokci-16-cm-gold-line\/","title":{"rendered":"Pilnik do wrastaj\u0105cych paznokci 160 mm Gold Line"},"content":{"rendered":"<p style=\"text-align: justify; line-height: 14.4pt;\"><span style=\"color: #000000; font-family: arial, helvetica, sans-serif; font-size: 10pt;\">Pilnik podologiczny to wyspecjalizowane narz\u0119dzie medyczne s\u0142u\u017c\u0105ce do podnoszenia wro\u015bni\u0119tych paznokci. W tym celu instrument posiada dwustronne, z\u0105bkowane ko\u0144c\u00f3wki robocze, dzi\u0119ki czemu u\u017cytkownik z \u0142atwo\u015bci\u0105 jest w stanie podnie\u015b\u0107 struktur\u0119 paznokcia. Dodatkowo, ich smuk\u0142a konstrukcja pozwala dotrze\u0107 g\u0142\u0119boko pod powierzchnie. Ergonomiczna, lekka r\u0119koje\u015b\u0107 zwi\u0119ksza komfort pracy oraz zapobiega wy\u015blizgni\u0119ciu si\u0119 produktu z d\u0142oni. Ca\u0142kowita d\u0142ugo\u015b\u0107 pilnika wynosi 16 cm. Wykonany ze stali nierdzewnej najwy\u017cszej jako\u015bci o bardzo dobrych w\u0142a\u015bciwo\u015bciach antykorozyjnych. Mo\u017cliwo\u015b\u0107 wielokrotnej sterylizacji. <\/span><\/p>\n<p>&nbsp;<\/p>\n<p style=\"text-align: justify; line-height: 14.4pt;\"><span style=\"font-size: 10pt; font-family: arial, helvetica, sans-serif; color: #000000;\">Pilnik podologiczny zosta\u0142 wzbogacony o wk\u0142adki z w\u0119glika spiekanego \u2013 materia\u0142u du\u017co wytrzymalszego od zwyk\u0142ej stali. Ponadto, w\u0119glik spiekany jest bardziej odporny na p\u0119kanie oraz wysok\u0105 temperatur\u0119 (a\u017c do 1000 stopni Celsjusza). <\/span><\/p>\n<p>&nbsp;<\/p>\n<h2 style=\"text-align: justify; line-height: 14.4pt;\"><span style=\"font-size: 10pt; font-family: arial, helvetica, sans-serif; color: #000000;\">Parametry pilnika<\/span><\/h2>\n<p>&nbsp;<\/p>\n<ul>\n<li style=\"list-style-type: none;\">\n<ul>\n<li style=\"text-align: justify; line-height: 14.4pt;\"><span style=\"color: #000000; font-family: arial, helvetica, sans-serif; font-size: 10pt;\">typ: pilnik do paznokci, podologia, Tendo Solingen<\/span><\/li>\n<\/ul>\n<\/li>\n<\/ul>\n<ul>\n<li style=\"list-style-type: none;\">\n<ul>\n<li style=\"text-align: justify; line-height: 14.4pt;\"><span style=\"color: #000000; font-family: arial, helvetica, sans-serif; font-size: 10pt;\">przeznaczenie: podnoszenie wro\u015bni\u0119tego paznokcia<\/span><\/li>\n<\/ul>\n<\/li>\n<\/ul>\n<ul>\n<li style=\"list-style-type: none;\">\n<ul>\n<li style=\"text-align: justify; line-height: 14.4pt;\"><span style=\"color: #000000; font-family: arial, helvetica, sans-serif; font-size: 10pt;\">dost\u0119pna d\u0142ugo\u015b\u0107: 16 cm<\/span><\/li>\n<\/ul>\n<\/li>\n<\/ul>\n<ul>\n<li style=\"list-style-type: none;\">\n<ul>\n<li style=\"text-align: justify; line-height: 14.4pt;\"><span style=\"font-family: arial, helvetica, sans-serif; font-size: 10pt;\">niemiecka stal chirurgiczna<\/span><\/li>\n<\/ul>\n<\/li>\n<\/ul>\n<ul>\n<li style=\"list-style-type: none;\">\n<ul>\n<li style=\"text-align: justify; line-height: 14.4pt;\"><span style=\"color: #000000; font-family: arial, helvetica, sans-serif; font-size: 10pt;\">dost\u0119pny wariant: TC (w\u0119glik spiekany)<\/span><\/li>\n<\/ul>\n<\/li>\n<\/ul>\n<ul>\n<li style=\"list-style-type: none;\">\n<ul>\n<li style=\"text-align: justify; line-height: 14.4pt;\"><span style=\"font-family: arial, helvetica, sans-serif; font-size: 10pt;\">design in Germany<\/span><\/li>\n<\/ul>\n<\/li>\n<\/ul>\n<ul>\n<li style=\"list-style-type: none;\">\n<ul>\n<li style=\"text-align: justify; line-height: 14.4pt;\"><span style=\"color: #000000; font-family: arial, helvetica, sans-serif; font-size: 10pt;\">wykonany r\u0119cznie<\/span><\/li>\n<\/ul>\n<\/li>\n<\/ul>\n<ul>\n<li style=\"list-style-type: none;\">\n<ul>\n<li style=\"text-align: justify; line-height: 14.4pt;\"><span style=\"color: #000000; font-family: arial, helvetica, sans-serif; font-size: 10pt;\">produkt wielokrotnego u\u017cytku<\/span><\/li>\n<\/ul>\n<\/li>\n<\/ul>\n<ul>\n<li style=\"list-style-type: none;\">\n<ul>\n<li style=\"text-align: justify; line-height: 14.4pt;\"><span style=\"color: #000000; font-family: arial, helvetica, sans-serif; font-size: 10pt;\">produkt niesterylny<\/span><\/li>\n<\/ul>\n<\/li>\n<\/ul>\n<p>&nbsp;<\/p>\n<p>&nbsp;<\/p>\n<h2 style=\"text-align: justify; line-height: 14.4pt;\"><span style=\"font-size: 10pt; font-family: arial, helvetica, sans-serif; color: #000000;\">Zalety wykorzystania<\/span><\/h2>\n<p>&nbsp;<\/p>\n<ul>\n<li style=\"list-style-type: none;\">\n<ul>\n<li style=\"text-align: justify; line-height: 14.4pt;\"><span style=\"font-size: 10pt; font-family: arial, helvetica, sans-serif; color: #000000;\">gwarancja najwy\u017cszej jako\u015bci wykonania <\/span><\/li>\n<\/ul>\n<\/li>\n<\/ul>\n<ul>\n<li style=\"list-style-type: none;\">\n<ul>\n<li style=\"text-align: justify; line-height: 14.4pt;\"><span style=\"font-size: 10pt; font-family: arial, helvetica, sans-serif; color: #000000;\">mo\u017cliwo\u015b\u0107 sterylizacji w autoklawie w 134 stopniach<\/span><\/li>\n<\/ul>\n<\/li>\n<\/ul>\n<ul>\n<li style=\"list-style-type: none;\">\n<ul>\n<li style=\"text-align: justify; line-height: 14.4pt;\"><span style=\"font-size: 10pt; font-family: arial, helvetica, sans-serif; color: #000000;\">ergonomiczny uchwyt oraz lekka waga zwi\u0119kszaj\u0105 komfort pracy<\/span><\/li>\n<\/ul>\n<\/li>\n<\/ul>\n<ul>\n<li style=\"list-style-type: none;\">\n<ul>\n<li style=\"text-align: justify; line-height: 14.4pt;\"><span style=\"font-size: 10pt; font-family: arial, helvetica, sans-serif; color: #000000;\">wykorzystanie wk\u0142adek z w\u0119glika spiekanego przed\u0142u\u017ca \u017cywotno\u015b\u0107 instrumentu oraz zwi\u0119ksza jego precyzje<\/span><\/li>\n<\/ul>\n<\/li>\n<\/ul>\n<ul>\n<li style=\"list-style-type: none;\">\n<ul>\n<li style=\"text-align: justify; line-height: 14.4pt;\"><span style=\"font-size: 10pt; font-family: arial, helvetica, sans-serif; color: #000000;\">uniwersalno\u015b\u0107 pilnika pozwala na u\u017cytkowanie go zar\u00f3wno w profesjonalnych gabinetach jak i w domowym zaciszu<\/span><\/li>\n<\/ul>\n<\/li>\n<\/ul>\n<p>&nbsp;<\/p>\n<p>&nbsp;<\/p>\n<p style=\"text-align: justify; line-height: 14.4pt;\"><span style=\"font-family: arial, helvetica, sans-serif; font-size: 10pt;\">Pilnik podologiczny do paznokci wykonany jest wed\u0142ug niemieckich standard\u00f3w jako\u015bciowych i produkcyjnych. Produkt zakupiony na platformie to gwarancja najwy\u017cszej jako\u015bci wykonania, bezpiecze\u0144stwa zakupu i gwarantowanej satysfakcji albo zwrotu pieni\u0119dzy. Narz\u0119dzia s\u0105 fabrycznie nowe oraz dok\u0142adnie sprawdzane i kontrolowane na wszystkich etapach produkcji, w celu zapewnienia ich zgodno\u015bci z mi\u0119dzynarodowymi standardami okre\u015blonymi ISO 9001:2008 oraz certyfikatem CE.<\/span><\/p>\n","protected":false},"excerpt":{"rendered":"<p>Pilnik podologiczny to precyzyjne narz\u0119dzie medyczne do unoszenia wro\u015bni\u0119tych paznokci, wyposa\u017cone w dwustronne, z\u0105bkowane i smuk\u0142e ko\u0144c\u00f3wki robocze umo\u017cliwiaj\u0105ce dotarcie g\u0142\u0119boko pod p\u0142ytk\u0119, z ergonomiczn\u0105, lekk\u0105 r\u0119koje\u015bci\u0105, wykonane z wysokiej jako\u015bci stali nierdzewnej odpornej na korozj\u0119, przystosowane do wielokrotnej sterylizacji, o d\u0142ugo\u015bci 16 cm.<\/p>\n","protected":false},"featured_media":1422,"comment_status":"closed","ping_status":"closed","template":"","meta":[],"product_brand":[],"product_cat":[49],"product_tag":[],"class_list":{"0":"post-2517","1":"product","2":"type-product","3":"status-publish","4":"has-post-thumbnail","6":"product_cat-pilniki-do-paznokci-pl","7":"pa_klasa-produktu-gold-line","9":"first","10":"instock","11":"purchasable","12":"product-type-simple"},"_links":{"self":[{"href":"https:\/\/tendosolingen.de\/pl\/wp-json\/wp\/v2\/product\/2517","targetHints":{"allow":["GET"]}}],"collection":[{"href":"https:\/\/tendosolingen.de\/pl\/wp-json\/wp\/v2\/product"}],"about":[{"href":"https:\/\/tendosolingen.de\/pl\/wp-json\/wp\/v2\/types\/product"}],"replies":[{"embeddable":true,"href":"https:\/\/tendosolingen.de\/pl\/wp-json\/wp\/v2\/comments?post=2517"}],"wp:featuredmedia":[{"embeddable":true,"href":"https:\/\/tendosolingen.de\/pl\/wp-json\/wp\/v2\/media\/1422"}],"wp:attachment":[{"href":"https:\/\/tendosolingen.de\/pl\/wp-json\/wp\/v2\/media?parent=2517"}],"wp:term":[{"taxonomy":"product_brand","embeddable":true,"href":"https:\/\/tendosolingen.de\/pl\/wp-json\/wp\/v2\/product_brand?post=2517"},{"taxonomy":"product_cat","embeddable":true,"href":"https:\/\/tendosolingen.de\/pl\/wp-json\/wp\/v2\/product_cat?post=2517"},{"taxonomy":"product_tag","embeddable":true,"href":"https:\/\/tendosolingen.de\/pl\/wp-json\/wp\/v2\/product_tag?post=2517"}],"curies":[{"name":"wp","href":"https:\/\/api.w.org\/{rel}","templated":true}]}}