{"id":2516,"date":"2024-04-09T22:38:40","date_gmt":"2024-04-09T20:38:40","guid":{"rendered":"https:\/\/tendosolingen.de\/product\/cegi-do-skracania-paznokci-na-prosto-tendo-solingen-12-5-cm-gold-line\/"},"modified":"2026-01-09T23:40:30","modified_gmt":"2026-01-09T22:40:30","slug":"cegi-do-skracania-paznokci-na-prosto-12-5-cm-gold-line","status":"publish","type":"product","link":"https:\/\/tendosolingen.de\/pl\/produkt\/cegi-do-skracania-paznokci-na-prosto-12-5-cm-gold-line\/","title":{"rendered":"C\u0119gi do skracania paznokci na prosto 125 mm Gold Line"},"content":{"rendered":"<p><span style=\"font-family: arial, helvetica, sans-serif; font-size: 10pt;\"><em>C\u0119gi medyczne\u00a0do paznokci<\/em> to instrument u\u017cywany podczas zabieg\u00f3w podologicznych do obcinania paznokci na prosto oraz do leczenia dolegliwo\u015bci st\u00f3p takich jak grzybicze czy wrastaj\u0105ce paznokcie. W tym celu c\u0105\u017cki wyposa\u017cone w ostre proste cz\u0119sci pracuj\u0105ce, ostro pozwalaj\u0105 na precyzyjne ci\u0119cie paznokci. Co wi\u0119cej, ergonomiczne, zaokr\u0105glone uchwyty ze \u017c\u0142obieniem gwarantuj\u0105 komfortow\u0105 prac\u0119 oraz zmniejszaj\u0105 obci\u0105\u017cenie r\u0119ki podczas d\u0142ugich zabieg\u00f3w.\u00a0<\/span><\/p>\n<p>&nbsp;<\/p>\n<h2><span style=\"font-family: arial, helvetica, sans-serif; font-size: 10pt;\">Parametry &#8211; c\u0119gi do paznokci premium<\/span><\/h2>\n<p>&nbsp;<\/p>\n<ul>\n<li style=\"list-style-type: none;\">\n<ul>\n<li><span style=\"font-family: arial, helvetica, sans-serif; font-size: 10pt;\">typ: c\u0119gi podologiczne, do paznokci, Gold Line<\/span><\/li>\n<\/ul>\n<\/li>\n<\/ul>\n<ul>\n<li style=\"list-style-type: none;\">\n<ul>\n<li><span style=\"font-family: arial, helvetica, sans-serif; font-size: 10pt;\">przeznaczenie: obcinanie paznokci na prosto<\/span><\/li>\n<\/ul>\n<\/li>\n<\/ul>\n<ul>\n<li style=\"list-style-type: none;\">\n<ul>\n<li><span style=\"font-family: arial, helvetica, sans-serif; font-size: 10pt;\">design in Germany<\/span><\/li>\n<\/ul>\n<\/li>\n<\/ul>\n<ul>\n<li style=\"list-style-type: none;\">\n<ul>\n<li><span style=\"font-family: arial, helvetica, sans-serif; font-size: 10pt;\">matowe<\/span><\/li>\n<\/ul>\n<\/li>\n<\/ul>\n<ul>\n<li style=\"list-style-type: none;\">\n<ul>\n<li><span style=\"font-family: arial, helvetica, sans-serif; font-size: 10pt;\">antylrefleksyjne<\/span><\/li>\n<\/ul>\n<\/li>\n<\/ul>\n<ul>\n<li style=\"list-style-type: none;\">\n<ul>\n<li><span style=\"font-family: arial, helvetica, sans-serif; font-size: 10pt;\">post\u0119pna d\u0142ugo\u015b\u0107 instrumentu &#8211; 125 mm<\/span><\/li>\n<\/ul>\n<\/li>\n<\/ul>\n<ul>\n<li style=\"list-style-type: none;\">\n<ul>\n<li><span style=\"font-family: arial, helvetica, sans-serif; font-size: 10pt;\">post\u0119pny rodzaj narz\u0119dzia: premium<\/span><\/li>\n<\/ul>\n<\/li>\n<\/ul>\n<ul>\n<li style=\"list-style-type: none;\">\n<ul>\n<li><span style=\"font-family: arial, helvetica, sans-serif; font-size: 10pt;\">niemiecka stal nierdzewna<\/span><\/li>\n<\/ul>\n<\/li>\n<\/ul>\n<ul>\n<li style=\"list-style-type: none;\">\n<ul>\n<li><span style=\"font-family: arial, helvetica, sans-serif; font-size: 10pt;\">produkty wielokrotnego u\u017cytku<\/span><\/li>\n<\/ul>\n<\/li>\n<\/ul>\n<ul>\n<li style=\"list-style-type: none;\">\n<ul>\n<li><span style=\"font-family: arial, helvetica, sans-serif; font-size: 10pt;\">produkty niesterylny<\/span><\/li>\n<\/ul>\n<\/li>\n<\/ul>\n<ul>\n<li style=\"list-style-type: none;\">\n<ul>\n<li><span style=\"font-family: arial, helvetica, sans-serif; font-size: 10pt;\">36 m-cy gwarnacji<\/span><\/li>\n<\/ul>\n<\/li>\n<\/ul>\n<p>&nbsp;<\/p>\n<p>&nbsp;<\/p>\n<h2>Zalety wykorzystania &#8211; obc\u0119gi\u00a0proste solingen do paznokci<\/h2>\n<p>&nbsp;<\/p>\n<ul>\n<li style=\"list-style-type: none;\">\n<ul>\n<li><span style=\"font-family: arial, helvetica, sans-serif; font-size: 10pt;\">ostre, szpiczaste brzytwy idealnie nadaj\u0105 si\u0119 do ci\u0119cia na prosto nawet bardzo twardych paznokci<\/span><\/li>\n<\/ul>\n<\/li>\n<\/ul>\n<ul>\n<li style=\"list-style-type: none;\">\n<ul>\n<li><span style=\"font-family: arial, helvetica, sans-serif; font-size: 10pt;\">mechanizm spr\u0119\u017cynowy mi\u0119dzy uchwytami pozwala na precyzyjne ustalanie zacisku oraz zwi\u0119ksza p\u0142ynno\u015b\u0107 dzia\u0142ania narz\u0119dzia<\/span><\/li>\n<\/ul>\n<\/li>\n<\/ul>\n<ul>\n<li style=\"list-style-type: none;\">\n<ul>\n<li><span style=\"font-family: arial, helvetica, sans-serif; font-size: 10pt;\">wk\u0142adka z w\u0119glika spiekanego gwarantuje najwy\u017csz\u0105 jako\u015b\u0107 wykonania i wytrzyma\u0142o\u015b\u0107 cz\u0119\u015bci pracuj\u0105cej<\/span><\/li>\n<\/ul>\n<\/li>\n<\/ul>\n<p>&nbsp;<\/p>\n<p>&nbsp;<\/p>\n<p><span style=\"font-family: arial, helvetica, sans-serif; font-size: 10pt;\">Nabywaj\u0105c narz\u0119dzia kosmetyczne na naszej platformie instrumedic.pl masz gwarancj\u0119 wytrzyma\u0142o\u015bci, bezpiecze\u0144stwa w trakcie u\u017cytkowania oraz wygody i komfortu pracy. Gwarantujemy dost\u0119pno\u015b\u0107 produkt\u00f3w oraz terminowo\u015b\u0107\u00a0ralziacji zam\u00f3wienia.\u00a0Produkty posiadaj\u0105 mi\u0119dzynarodowy certyfikat CE oraz ISO 9001\/ ISO 13485.<\/span><\/p>\n","protected":false},"excerpt":{"rendered":"<p>C\u0119gi medyczne do paznokci o d\u0142ugo\u015bci <strong data-start=\"37\" data-end=\"48\">12,5 cm<\/strong> to profesjonalny instrument podologiczny z prostymi, ostrymi cz\u0119\u015bciami roboczymi, przeznaczony do precyzyjnego obcinania paznokci na prosto oraz pracy przy problemach takich jak paznokcie wrastaj\u0105ce czy zmiany grzybicze, zapewniaj\u0105cy komfort i mniejsze obci\u0105\u017cenie d\u0142oni dzi\u0119ki ergonomicznym, \u017c\u0142obionym uchwytom.<\/p>\n","protected":false},"featured_media":1418,"comment_status":"closed","ping_status":"closed","template":"","meta":[],"product_brand":[],"product_cat":[183],"product_tag":[],"class_list":{"0":"post-2516","1":"product","2":"type-product","3":"status-publish","4":"has-post-thumbnail","6":"product_cat-cegi-cazki","7":"pa_klasa-produktu-gold-line","9":"first","10":"instock","11":"purchasable","12":"product-type-simple"},"_links":{"self":[{"href":"https:\/\/tendosolingen.de\/pl\/wp-json\/wp\/v2\/product\/2516","targetHints":{"allow":["GET"]}}],"collection":[{"href":"https:\/\/tendosolingen.de\/pl\/wp-json\/wp\/v2\/product"}],"about":[{"href":"https:\/\/tendosolingen.de\/pl\/wp-json\/wp\/v2\/types\/product"}],"replies":[{"embeddable":true,"href":"https:\/\/tendosolingen.de\/pl\/wp-json\/wp\/v2\/comments?post=2516"}],"wp:featuredmedia":[{"embeddable":true,"href":"https:\/\/tendosolingen.de\/pl\/wp-json\/wp\/v2\/media\/1418"}],"wp:attachment":[{"href":"https:\/\/tendosolingen.de\/pl\/wp-json\/wp\/v2\/media?parent=2516"}],"wp:term":[{"taxonomy":"product_brand","embeddable":true,"href":"https:\/\/tendosolingen.de\/pl\/wp-json\/wp\/v2\/product_brand?post=2516"},{"taxonomy":"product_cat","embeddable":true,"href":"https:\/\/tendosolingen.de\/pl\/wp-json\/wp\/v2\/product_cat?post=2516"},{"taxonomy":"product_tag","embeddable":true,"href":"https:\/\/tendosolingen.de\/pl\/wp-json\/wp\/v2\/product_tag?post=2516"}],"curies":[{"name":"wp","href":"https:\/\/api.w.org\/{rel}","templated":true}]}}