{"id":2515,"date":"2024-04-09T22:38:40","date_gmt":"2024-04-09T20:38:40","guid":{"rendered":"https:\/\/tendosolingen.de\/product\/mini-cegi-z-przekladnia-do-wrastajacych-paznokci-12-5-cm-tc\/"},"modified":"2026-02-11T09:19:08","modified_gmt":"2026-02-11T08:19:08","slug":"mini-cegi-z-przekladnia-do-wrastajacych-paznokci-12-5-cm-tc-sq","status":"publish","type":"product","link":"https:\/\/tendosolingen.de\/pl\/produkt\/mini-cegi-z-przekladnia-do-wrastajacych-paznokci-12-5-cm-tc-sq\/","title":{"rendered":"Mini c\u0119gi z przek\u0142adni\u0105 do wrastaj\u0105cych paznokci 125 mm SQ"},"content":{"rendered":"<p><span style=\"font-family: arial, helvetica, sans-serif; font-size: 10pt;\">C\u0119gi chirurgiczne to narz\u0119dzie stosowane w ramach zabieg\u00f3w podologicznych do obcinania wrastaj\u0105cych paznokci podczas leczenia chor\u00f3b i zwyrodnie\u0144 st\u00f3p. Obc\u0119gi wyposa\u017cone zosta\u0142y w wkl\u0119s\u0142e ostrza zako\u0144czone dok\u0142adnym szpicem, co umo\u017cliwia dok\u0142adne i efektywne ci\u0119cie zakrzywionych paznokci. Dodatkowo, przek\u0142adnia ze specjalna spr\u0119\u017cyn\u0105 zapewniaj\u0105 p\u0142ynn\u0105 prac\u0119 instrumentu oraz zmniejsz\u0105 obci\u0105\u017cenie r\u0119ki podczas nak\u0142adania si\u0142y. Zamek do zapinania ramion pozwala na zablokowanie rozwarcia i przyst\u0119pne przechowywanie c\u0119g\u00f3w. Produkt zosta\u0142 wykonany z wysokiej jako\u015bci stali nierdzewnej z wk\u0142adk\u0105 z w\u0119glika spiekanego, co gwarantuje wybitna ostro\u015b\u0107 i wytrzyma\u0142o\u015b\u0107 cz\u0119\u015bci pracuj\u0105cej.<\/span><\/p>\n<h2><strong><span style=\"font-family: arial, helvetica, sans-serif; font-size: 10pt;\">Parametry c\u0119g\u00f3w:<\/span><\/strong><\/h2>\n<ul>\n<li style=\"list-style-type: none;\">\n<ul>\n<li><span style=\"font-family: arial, helvetica, sans-serif; font-size: 10pt;\">Typ: c\u0119gi podologiczne, do paznokci wrastaj\u0105cych, z podw\u00f3jn\u0105 przek\u0142adni\u0105 i prostym ostrzem<\/span><\/li>\n<\/ul>\n<\/li>\n<\/ul>\n<ul>\n<li style=\"list-style-type: none;\">\n<ul>\n<li><span style=\"font-family: arial, helvetica, sans-serif; font-size: 10pt;\">Przeznaczenie: obcinanie wrastaj\u0105cych paznokci<\/span><\/li>\n<\/ul>\n<\/li>\n<\/ul>\n<ul>\n<li style=\"list-style-type: none;\">\n<ul>\n<li><span style=\"font-family: arial, helvetica, sans-serif; font-size: 10pt;\">Dost\u0119pna d\u0142ugo\u015b\u0107 instrumentu: 125 mm, d\u0142ugo\u015b\u0107 ostrza 17 mm<\/span><\/li>\n<\/ul>\n<\/li>\n<\/ul>\n<ul>\n<li style=\"list-style-type: none;\">\n<ul>\n<li><span style=\"font-family: arial, helvetica, sans-serif; font-size: 10pt;\">Wysokiej jako\u015bci stal nierdzewna<\/span><\/li>\n<\/ul>\n<\/li>\n<\/ul>\n<ul>\n<li style=\"list-style-type: none;\">\n<ul>\n<li><span style=\"font-family: arial, helvetica, sans-serif; font-size: 10pt;\">Produkty wielokrotnego u\u017cytku<\/span><\/li>\n<\/ul>\n<\/li>\n<\/ul>\n<ul>\n<li style=\"list-style-type: none;\">\n<ul>\n<li><span style=\"font-family: arial, helvetica, sans-serif; font-size: 10pt;\">Produkty niesterylny<\/span><\/li>\n<\/ul>\n<\/li>\n<\/ul>\n<h2><strong><span style=\"font-family: arial, helvetica, sans-serif; font-size: 10pt;\">Zalety wykorzystania:<\/span><\/strong><\/h2>\n<ul>\n<li style=\"list-style-type: none;\">\n<ul>\n<li><span style=\"font-family: arial, helvetica, sans-serif; font-size: 10pt;\">Ergonomiczne, zaokr\u0105glone uchwyty ze \u017c\u0142obieniem zapewniaj\u0105 wygod\u0119 i bezpiecze\u0144stwo pracy<\/span><\/li>\n<\/ul>\n<\/li>\n<\/ul>\n<ul>\n<li style=\"list-style-type: none;\">\n<ul>\n<li><span style=\"font-family: arial, helvetica, sans-serif; font-size: 10pt;\">Specjalny mechanizm spr\u0119\u017cynowy pozwala na precyzyjne ustalanie zacisku oraz zwi\u0119ksza p\u0142ynno\u015b\u0107 dzia\u0142ania<\/span><\/li>\n<\/ul>\n<\/li>\n<\/ul>\n<ul>\n<li style=\"list-style-type: none;\">\n<ul>\n<li><span style=\"font-family: arial, helvetica, sans-serif; font-size: 10pt;\">Wysokiej jako\u015bci stal nierdzewna daje mo\u017cliwo\u015b\u0107 sterylizacji i wielokrotnego u\u017cycia obc\u0119g\u00f3w<\/span><\/li>\n<\/ul>\n<\/li>\n<\/ul>\n<p><span style=\"font-family: arial, helvetica, sans-serif; font-size: 10pt;\">Produkt posiada certyfikaty CE oraz ISO<\/span><\/p>\n","protected":false},"excerpt":{"rendered":"<p>Profesjonalne, dwuprzegubowe c\u0119gi podologiczne do wrastaj\u0105cych paznokci 125 mm z ostrzem prostym o d\u0142ugo\u015bci 17 mm, wykonane z wysokiej jako\u015bci stali nierdzewnej, z precyzyjnymi wkl\u0119s\u0142ymi ostrzami, przek\u0142adni\u0105 ze spr\u0119\u017cyn\u0105 i ergonomicznymi uchwytami, zapewniaj\u0105 bezpieczn\u0105, p\u0142ynn\u0105 i skuteczn\u0105 prac\u0119 w gabinetach kosmetycznych oraz podczas zaawansowanych zabieg\u00f3w piel\u0119gnacyjnych st\u00f3p w warunkach domowych.<\/p>\n","protected":false},"featured_media":1414,"comment_status":"closed","ping_status":"closed","template":"","meta":[],"product_brand":[],"product_cat":[183],"product_tag":[],"class_list":{"0":"post-2515","1":"product","2":"type-product","3":"status-publish","4":"has-post-thumbnail","6":"product_cat-cegi-cazki","7":"pa_klasa-produktu-standard-sq","9":"first","10":"instock","11":"purchasable","12":"product-type-simple"},"_links":{"self":[{"href":"https:\/\/tendosolingen.de\/pl\/wp-json\/wp\/v2\/product\/2515","targetHints":{"allow":["GET"]}}],"collection":[{"href":"https:\/\/tendosolingen.de\/pl\/wp-json\/wp\/v2\/product"}],"about":[{"href":"https:\/\/tendosolingen.de\/pl\/wp-json\/wp\/v2\/types\/product"}],"replies":[{"embeddable":true,"href":"https:\/\/tendosolingen.de\/pl\/wp-json\/wp\/v2\/comments?post=2515"}],"wp:featuredmedia":[{"embeddable":true,"href":"https:\/\/tendosolingen.de\/pl\/wp-json\/wp\/v2\/media\/1414"}],"wp:attachment":[{"href":"https:\/\/tendosolingen.de\/pl\/wp-json\/wp\/v2\/media?parent=2515"}],"wp:term":[{"taxonomy":"product_brand","embeddable":true,"href":"https:\/\/tendosolingen.de\/pl\/wp-json\/wp\/v2\/product_brand?post=2515"},{"taxonomy":"product_cat","embeddable":true,"href":"https:\/\/tendosolingen.de\/pl\/wp-json\/wp\/v2\/product_cat?post=2515"},{"taxonomy":"product_tag","embeddable":true,"href":"https:\/\/tendosolingen.de\/pl\/wp-json\/wp\/v2\/product_tag?post=2515"}],"curies":[{"name":"wp","href":"https:\/\/api.w.org\/{rel}","templated":true}]}}