{"id":2514,"date":"2024-04-09T22:38:40","date_gmt":"2024-04-09T20:38:40","guid":{"rendered":"https:\/\/tendosolingen.de\/product\/cegi-podologiczne-do-paznokci-tendo-solingen-14-cm-gold-line\/"},"modified":"2026-01-09T23:44:02","modified_gmt":"2026-01-09T22:44:02","slug":"cegi-podologiczne-do-paznokci-14-cm-gold-line","status":"publish","type":"product","link":"https:\/\/tendosolingen.de\/pl\/produkt\/cegi-podologiczne-do-paznokci-14-cm-gold-line\/","title":{"rendered":"C\u0119gi podologiczne do paznokci 140 mm Gold Line"},"content":{"rendered":"<p style=\"text-align: justify;\"><span style=\"font-family: arial, helvetica, sans-serif; font-size: 10pt;\"><strong>C\u0119gi podologiczne marki Tendo Solingen<\/strong> to wyspecjalizowany instrument medyczny s\u0142u\u017c\u0105cy do skracania ka\u017cdego rodzaju paznokci, nawet tych najbardziej wymagaj\u0105cych. W tym celu narz\u0119dzie posiada \u015bci\u0119t\u0105 w d\u00f3\u0142, ostr\u0105 ko\u0144c\u00f3wk\u0119, kt\u00f3ra z \u0142atwo\u015bci\u0105 chwyta struktur\u0119 paznokcia, a nast\u0119pnie obcina j\u0105 do po\u017c\u0105danej d\u0142ugo\u015bci. Ergonomiczna r\u0119koje\u015b\u0107 z wypustkami idealnie przylega do d\u0142oni oraz zwi\u0119ksza komfort pracy podczas d\u0142u\u017cszego korzystania z instrumentu. Co wi\u0119cej, umieszczona spr\u0119\u017cyna w g\u00f3rnej cz\u0119\u015bci ramion wspomaga si\u0142\u0119 nacisku i stabilizuje ko\u0144c\u00f3wk\u0119 robocz\u0105 na powierzchni paznokcia. Ponadto, blokada na dole uchwytu, pozwala zablokowa\u0107 cz\u0119\u015b\u0107 pracuj\u0105c\u0105. Ca\u0142kowita d\u0142ugo\u015b\u0107 wynosi 14 cm. C\u0119gi podologiczne zosta\u0142y wykonane ze stali nierdzewnej najwy\u017cszej jako\u015bci o bardzo dobrych w\u0142a\u015bciwo\u015bciach antykorozyjnych. Mo\u017cliwo\u015b\u0107 wielokrotnej sterylizacji.<\/span><\/p>\n<p>&nbsp;<\/p>\n<h2 style=\"text-align: justify;\"><span style=\"font-family: arial, helvetica, sans-serif; font-size: 10pt;\">Parametry &#8211; c\u0119gi czo\u0142owe do paznokci\u00a0<\/span><\/h2>\n<p>&nbsp;<\/p>\n<ul>\n<li style=\"list-style-type: none;\">\n<ul>\n<li style=\"text-align: justify;\"><span style=\"font-family: arial, helvetica, sans-serif; font-size: 10pt;\">typ: c\u0119gi czo\u0142owe, podologia, Tendo Solingen<\/span><\/li>\n<\/ul>\n<\/li>\n<\/ul>\n<ul>\n<li style=\"list-style-type: none;\">\n<ul>\n<li style=\"text-align: justify;\"><span style=\"font-family: arial, helvetica, sans-serif; font-size: 10pt;\">design in Germany<\/span><\/li>\n<\/ul>\n<\/li>\n<\/ul>\n<ul>\n<li style=\"list-style-type: none;\">\n<ul>\n<li style=\"text-align: justify;\"><span style=\"font-family: arial, helvetica, sans-serif; font-size: 10pt;\">niemiecka stal chirurgiczna<\/span><\/li>\n<\/ul>\n<\/li>\n<\/ul>\n<ul>\n<li style=\"list-style-type: none;\">\n<ul>\n<li style=\"text-align: justify;\"><span style=\"font-family: arial, helvetica, sans-serif; font-size: 10pt;\">przeznaczenie: skracanie paznokci<\/span><\/li>\n<\/ul>\n<\/li>\n<\/ul>\n<ul>\n<li style=\"list-style-type: none;\">\n<ul>\n<li style=\"text-align: justify;\"><span style=\"font-family: arial, helvetica, sans-serif; font-size: 10pt;\">dost\u0119pna d\u0142ugo\u015b\u0107: 14 cm<\/span><\/li>\n<\/ul>\n<\/li>\n<\/ul>\n<ul>\n<li style=\"list-style-type: none;\">\n<ul>\n<li style=\"text-align: justify;\"><span style=\"font-family: arial, helvetica, sans-serif; font-size: 10pt;\">dost\u0119pny wariant: premium (Gold Line)<\/span><\/li>\n<\/ul>\n<\/li>\n<\/ul>\n<ul>\n<li style=\"list-style-type: none;\">\n<ul>\n<li style=\"text-align: justify;\"><span style=\"font-family: arial, helvetica, sans-serif; font-size: 10pt;\">wykonane r\u0119cznie<\/span><\/li>\n<\/ul>\n<\/li>\n<\/ul>\n<ul>\n<li style=\"list-style-type: none;\">\n<ul>\n<li style=\"text-align: justify;\"><span style=\"font-family: arial, helvetica, sans-serif; font-size: 10pt;\">produkt wielokrotnego u\u017cytku<\/span><\/li>\n<\/ul>\n<\/li>\n<\/ul>\n<ul>\n<li style=\"list-style-type: none;\">\n<ul>\n<li style=\"text-align: justify;\"><span style=\"font-family: arial, helvetica, sans-serif; font-size: 10pt;\">produkt niesterylny<\/span><\/li>\n<\/ul>\n<\/li>\n<\/ul>\n<ul>\n<li style=\"list-style-type: none;\">\n<ul>\n<li style=\"text-align: justify;\"><span style=\"font-family: arial, helvetica, sans-serif; font-size: 10pt;\">36 miesi\u0105cy gwaranci<\/span><\/li>\n<\/ul>\n<\/li>\n<\/ul>\n<p>&nbsp;<\/p>\n<p>&nbsp;<\/p>\n<h2 style=\"text-align: justify;\"><span style=\"font-family: arial, helvetica, sans-serif; font-size: 10pt;\">Zalety wykorzystania &#8211; c\u0119gi do paznokci\u00a0<\/span><\/h2>\n<p>&nbsp;<\/p>\n<ul>\n<li style=\"list-style-type: none;\">\n<ul>\n<li style=\"text-align: justify;\"><span style=\"font-family: arial, helvetica, sans-serif; font-size: 10pt;\">gwarancja najwy\u017cszej jako\u015bci wykonania<\/span><\/li>\n<\/ul>\n<\/li>\n<\/ul>\n<ul>\n<li style=\"list-style-type: none;\">\n<ul>\n<li style=\"text-align: justify;\"><span style=\"font-family: arial, helvetica, sans-serif; font-size: 10pt;\">mo\u017cliwo\u015b\u0107 sterylizacji w autoklawie w 134 stopniach<\/span><\/li>\n<\/ul>\n<\/li>\n<\/ul>\n<ul>\n<li style=\"list-style-type: none;\">\n<ul>\n<li style=\"text-align: justify;\"><span style=\"font-family: arial, helvetica, sans-serif; font-size: 10pt;\">rowkowania zawarte na ramionach dzia\u0142aj\u0105 antypo\u015blizgowo<\/span><\/li>\n<\/ul>\n<\/li>\n<\/ul>\n<ul>\n<li style=\"list-style-type: none;\">\n<ul>\n<li style=\"text-align: justify;\"><span style=\"font-family: arial, helvetica, sans-serif; font-size: 10pt;\">ergonomiczne ramiona oraz lekka waga zwi\u0119kszaj\u0105 komfort pracy<\/span><\/li>\n<\/ul>\n<\/li>\n<\/ul>\n<ul>\n<li style=\"list-style-type: none;\">\n<ul>\n<li style=\"text-align: justify;\"><span style=\"font-family: arial, helvetica, sans-serif; font-size: 10pt;\">wykorzystanie wk\u0142adek z w\u0119glika spiekanego przed\u0142u\u017ca \u017cywotno\u015b\u0107 instrumentu oraz zwi\u0119ksza jego precyzje<\/span><\/li>\n<\/ul>\n<\/li>\n<\/ul>\n<ul>\n<li style=\"list-style-type: none;\">\n<ul>\n<li style=\"text-align: justify;\"><span style=\"font-family: arial, helvetica, sans-serif; font-size: 10pt;\">uniwersalno\u015b\u0107 c\u0119g\u00f3w pozwala na u\u017cytkowanie ich zar\u00f3wno w profesjonalnych gabinetach jak i w domowym zaciszu<\/span><\/li>\n<\/ul>\n<\/li>\n<\/ul>\n<p>&nbsp;<\/p>\n<p>&nbsp;<\/p>\n<p style=\"text-align: justify;\"><span style=\"font-family: arial, helvetica, sans-serif; font-size: 10pt;\">C\u0119gi do paznokcji st\u00f3p do wykonane s\u0105 wed\u0142ug niemieckich standard\u00f3w jako\u015bciowych i produkcyjnych. Produkt zakupiony na platformie instrumedic.pl to gwarancja najwy\u017cszej jako\u015bci wykonania, bezpiecze\u0144stwa zakupu\u00a0i gwarantowanej satysfakcji albo zwrotu pieni\u0119dzy. Narz\u0119dzia do pedicure s\u0105 fabrycznie nowe oraz dok\u0142adnie sprawdzane i kontrolowane na wszystkich etapach produkcji, w celu zapewnienia ich zgodno\u015bci z mi\u0119dzynarodowymi standardami okre\u015blonymi ISO 9001:2008 oraz certyfikatem CE.<\/span><\/p>\n","protected":false},"excerpt":{"rendered":"<p style=\"text-align: justify;\">Profesjonalne c\u0119gi podologiczne marki <strong data-start=\"38\" data-end=\"79\"><span class=\"hover:entity-accent entity-underline inline cursor-pointer align-baseline\"><span class=\"whitespace-normal\">Tendo Solingen<\/span><\/span><\/strong> o d\u0142ugo\u015bci 14 cm, wykonane z najwy\u017cszej jako\u015bci stali nierdzewnej, z ostr\u0105, \u015bci\u0119t\u0105 w d\u00f3\u0142 ko\u0144c\u00f3wk\u0105, ergonomiczn\u0105 r\u0119koje\u015bci\u0105 z wypustkami, spr\u0119\u017cyn\u0105 wspomagaj\u0105c\u0105 nacisk oraz blokad\u0105 ramion, zapewniaj\u0105 precyzyjne, bezpieczne i komfortowe skracanie nawet najbardziej wymagaj\u0105cych paznokci z mo\u017cliwo\u015bci\u0105 wielokrotnej sterylizacji.<\/p>\n","protected":false},"featured_media":1410,"comment_status":"closed","ping_status":"closed","template":"","meta":[],"product_brand":[],"product_cat":[183],"product_tag":[],"class_list":{"0":"post-2514","1":"product","2":"type-product","3":"status-publish","4":"has-post-thumbnail","6":"product_cat-cegi-cazki","7":"pa_klasa-produktu-gold-line","9":"first","10":"instock","11":"purchasable","12":"product-type-simple"},"_links":{"self":[{"href":"https:\/\/tendosolingen.de\/pl\/wp-json\/wp\/v2\/product\/2514","targetHints":{"allow":["GET"]}}],"collection":[{"href":"https:\/\/tendosolingen.de\/pl\/wp-json\/wp\/v2\/product"}],"about":[{"href":"https:\/\/tendosolingen.de\/pl\/wp-json\/wp\/v2\/types\/product"}],"replies":[{"embeddable":true,"href":"https:\/\/tendosolingen.de\/pl\/wp-json\/wp\/v2\/comments?post=2514"}],"wp:featuredmedia":[{"embeddable":true,"href":"https:\/\/tendosolingen.de\/pl\/wp-json\/wp\/v2\/media\/1410"}],"wp:attachment":[{"href":"https:\/\/tendosolingen.de\/pl\/wp-json\/wp\/v2\/media?parent=2514"}],"wp:term":[{"taxonomy":"product_brand","embeddable":true,"href":"https:\/\/tendosolingen.de\/pl\/wp-json\/wp\/v2\/product_brand?post=2514"},{"taxonomy":"product_cat","embeddable":true,"href":"https:\/\/tendosolingen.de\/pl\/wp-json\/wp\/v2\/product_cat?post=2514"},{"taxonomy":"product_tag","embeddable":true,"href":"https:\/\/tendosolingen.de\/pl\/wp-json\/wp\/v2\/product_tag?post=2514"}],"curies":[{"name":"wp","href":"https:\/\/api.w.org\/{rel}","templated":true}]}}