{"id":2513,"date":"2024-04-09T22:38:40","date_gmt":"2024-04-09T20:38:40","guid":{"rendered":"https:\/\/tendosolingen.de\/product\/narzedzie-do-wycinania-i-usuwania-wrastajacych-paznokci-solingen-hq\/"},"modified":"2026-01-09T23:41:31","modified_gmt":"2026-01-09T22:41:31","slug":"narzedzie-do-wycinania-i-usuwania-wrastajacych-paznokci-solingen-hq","status":"publish","type":"product","link":"https:\/\/tendosolingen.de\/pl\/produkt\/narzedzie-do-wycinania-i-usuwania-wrastajacych-paznokci-solingen-hq\/","title":{"rendered":"Narz\u0119dzie do wycinania i usuwania wrastaj\u0105cych paznokci 135 mm HQ"},"content":{"rendered":"<p>Przyrz\u0105d c\u0119gi do paznokci to wyspecjalizowane\u00a0narz\u0119dzie medyczne wykorzystywany podczas zabieg\u00f3w podologicznych tj. leczenie schorze\u0144 powstaj\u0105cych w obr\u0119bie st\u00f3p oraz p\u0142ytki paznokcia. Ten model c\u0105\u017cek podologicznych s\u0142u\u017cy do precyzyjnego wycinania\u00a0wrastaj\u0105cych paznokci\u00a0i sk\u00f3rek, a tak\u017ce skracania delikatnych paznokci. W tym celu instrument posiada ostro zako\u0144czone kleszczyki. Ko\u0144c\u00f3wka jest zw\u0119\u017cana, co zapobiega przypadkowemu zaci\u0119ciu sk\u00f3ry. Ergonomiczna r\u0119koje\u015b\u0107 i lekka waga gwarantuje komfort pracy. Antypo\u015blizgowe rowkowania na trzonach eliminuj\u0105 ryzyko wy\u015blizgni\u0119cia si\u0119 narz\u0119dzia z r\u0119ki. System spr\u0119\u017cynowy umo\u017cliwi regulowanie si\u0142y nacisku. C\u0119gi podologiczne zosta\u0142y wykonane z najwy\u017cszej jako\u015bci niemieckiej stali nierdzewnej, dzi\u0119ki czemu nie ulega korozji. Posiada satynowe wyko\u0144czenie. Mo\u017cliwo\u015b\u0107 wielokrotnej sterylizacji.<\/p>\n<h2>Parametry ob\u0119g\u00f3w do paznokci Solingen<\/h2>\n<ul>\n<li>Marka: Tendo Solingen<\/li>\n<li>Typ narz\u0119dzia: proste c\u0119gi do paznokci, podologiczne, boczne<\/li>\n<li>Przeznaczenie: wycinanie sk\u00f3rek, skracanie twardych paznokci<\/li>\n<li>D\u0142ugo\u015b\u0107 ca\u0142kowita: 13,5 cm<\/li>\n<li>Wykonane r\u0119cznie<\/li>\n<li>Produkt wielokrotnego u\u017cytku<\/li>\n<li>Produkt niesterylny<\/li>\n<li>Certyfikat CE i ISO<\/li>\n<li>Wykonanie z niemieckiej stali chirurgicznej<\/li>\n<\/ul>\n<h2>Zalety wykorzystania przyrz\u0105du do wrastaj\u0105cych paznokci<\/h2>\n<ul>\n<li>Idealnie wyprofilowana ko\u0144c\u00f3wka kleszczyk\u00f3w zwi\u0119kszy precyzj\u0119 wykonywanego zabiegu<\/li>\n<li>Ci\u0119cie paznokci na prosto<\/li>\n<li>Ergonomiczny kszta\u0142t gwarantuje komfort pracy podczas u\u017cytkowania produktu<\/li>\n<li>System spr\u0119\u017cynowy umo\u017cliwia stosowanie r\u00f3\u017cnych si\u0142 nacisku<\/li>\n<li>Mo\u017cliwo\u015b\u0107 sterylizacji w autoklawie<\/li>\n<li>Wykonane ze stali nierdzewnej najwy\u017cszej jako\u015bci o ponadprzeci\u0119tnych w\u0142a\u015bciwo\u015bciach antykorozyjnych<\/li>\n<\/ul>\n<p>&nbsp;<\/p>\n<p>Produkt posiada certyfikaty CE oraz ISO.<\/p>\n<p>&nbsp;<\/p>\n","protected":false},"excerpt":{"rendered":"<p style=\"line-height: 14.4pt; text-align: left;\">Profesjonalne c\u0119gi podologiczne marki <strong data-start=\"38\" data-end=\"79\"><span class=\"hover:entity-accent entity-underline inline cursor-pointer align-baseline\"><span class=\"whitespace-normal\">Tendo Solingen<\/span><\/span><\/strong> o d\u0142ugo\u015bci 13,5 cm, wykonane z najwy\u017cszej jako\u015bci stali nierdzewnej z satynowym wyko\u0144czeniem, wyposa\u017cone w precyzyjn\u0105, smuk\u0142\u0105 ko\u0144c\u00f3wk\u0119, ergonomiczne antypo\u015blizgowe ramiona oraz system spr\u0119\u017cynowy, zapewniaj\u0105 bezpieczne, stabilne i komfortowe usuwanie wrastaj\u0105cych paznokci z mo\u017cliwo\u015bci\u0105 wielokrotnej sterylizacji w gabinetach beauty i podologicznych.<\/p>\n","protected":false},"featured_media":1406,"comment_status":"closed","ping_status":"closed","template":"","meta":[],"product_brand":[],"product_cat":[183],"product_tag":[],"class_list":{"0":"post-2513","1":"product","2":"type-product","3":"status-publish","4":"has-post-thumbnail","6":"product_cat-cegi-cazki","7":"pa_klasa-produktu-premium-hq","9":"first","10":"instock","11":"purchasable","12":"product-type-simple"},"_links":{"self":[{"href":"https:\/\/tendosolingen.de\/pl\/wp-json\/wp\/v2\/product\/2513","targetHints":{"allow":["GET"]}}],"collection":[{"href":"https:\/\/tendosolingen.de\/pl\/wp-json\/wp\/v2\/product"}],"about":[{"href":"https:\/\/tendosolingen.de\/pl\/wp-json\/wp\/v2\/types\/product"}],"replies":[{"embeddable":true,"href":"https:\/\/tendosolingen.de\/pl\/wp-json\/wp\/v2\/comments?post=2513"}],"wp:featuredmedia":[{"embeddable":true,"href":"https:\/\/tendosolingen.de\/pl\/wp-json\/wp\/v2\/media\/1406"}],"wp:attachment":[{"href":"https:\/\/tendosolingen.de\/pl\/wp-json\/wp\/v2\/media?parent=2513"}],"wp:term":[{"taxonomy":"product_brand","embeddable":true,"href":"https:\/\/tendosolingen.de\/pl\/wp-json\/wp\/v2\/product_brand?post=2513"},{"taxonomy":"product_cat","embeddable":true,"href":"https:\/\/tendosolingen.de\/pl\/wp-json\/wp\/v2\/product_cat?post=2513"},{"taxonomy":"product_tag","embeddable":true,"href":"https:\/\/tendosolingen.de\/pl\/wp-json\/wp\/v2\/product_tag?post=2513"}],"curies":[{"name":"wp","href":"https:\/\/api.w.org\/{rel}","templated":true}]}}