{"id":2510,"date":"2024-04-09T22:38:37","date_gmt":"2024-04-09T20:38:37","guid":{"rendered":"https:\/\/tendosolingen.de\/product\/cegi-podologiczne-czolowe-tendo-solingen-12-cm-gold-line\/"},"modified":"2026-01-09T15:09:39","modified_gmt":"2026-01-09T14:09:39","slug":"cegi-podologiczne-czolowe-tendo-solingen-12-cm-gold-line","status":"publish","type":"product","link":"https:\/\/tendosolingen.de\/pl\/produkt\/cegi-podologiczne-czolowe-tendo-solingen-12-cm-gold-line\/","title":{"rendered":"C\u0119gi podologiczne czo\u0142owe Tendo Solingen 12 cm Gold Line"},"content":{"rendered":"<p><span style=\"font-family:arial, helvetica, sans-serif;font-size:10pt;\">C\u0119gi boczne Tendo Solingen to narz\u0119dzie u\u017cywane podczas zabieg\u00f3w podologicznych do leczenia chor\u00f3b st\u00f3p np. grzybicy czy brodawek paznokci w celu obcinania paznokci. C\u0105\u017cki boczne do paznokci 12 cm wyposa\u017cone zosta\u0142y w ostre ko\u0144c\u00f3wki czo\u0142owe o zagi\u0119tym profilu dzi\u0119ki czemu dopasowuj\u0105 si\u0119 do kszta\u0142tu paznokcia i palca i umo\u017cliwiaj\u0105 efektywne ci\u0119cie. Wygodne, zaokr\u0105glone uchwyty gwarantuj\u0105 stabilny chwyt i zmniejszaj\u0105 zm\u0119czenie r\u0119ki operatora. Produkt zosta\u0142 wykonany z wysokiej jako\u015bci stali nierdzewnej, co daje mo\u017cliwo\u015b\u0107 sterylizacji i wielokrotnego u\u017cycia c\u0119g\u00f3w.<\/span><\/p>\n<p><\/br><\/p>\n<h1><span style=\"font-family:arial, helvetica, sans-serif;font-size:10pt;\">C\u0119gi boczne &#8211; parametry produktu<\/span><\/h1>\n<p><\/br><\/p>\n<ul><\/br><\/p>\n<li><span style=\"font-family:arial, helvetica, sans-serif;font-size:10pt;\">typ: c\u0119gi podologiczne, do paznokci, boczne, Gold Line<\/span><\/li>\n<p><\/br><\/p>\n<li><span style=\"font-family:arial, helvetica, sans-serif;font-size:10pt;\">przeznaczenie: obcinanie paznokci u st\u00f3p<\/span><\/li>\n<p><\/br><\/p>\n<li><span style=\"font-family:arial, helvetica, sans-serif;font-size:10pt;\">design in Germany<\/span><\/li>\n<p><\/br><\/p>\n<li><span style=\"font-family:arial, helvetica, sans-serif;font-size:10pt;\">dost\u0119pna d\u0142ugo\u015b\u0107 instrumentu: 120 mm<\/span><\/li>\n<p><\/br><\/p>\n<li><span style=\"font-family:arial, helvetica, sans-serif;font-size:10pt;\">dost\u0119pny rodzaj narz\u0119dzia: premium<\/span><\/li>\n<p><\/br><\/p>\n<li><span style=\"font-family:arial, helvetica, sans-serif;font-size:10pt;\">wysokiej jako\u015bci niemiecka stal nierdzewna<\/span><\/li>\n<p><\/br><\/p>\n<li><span style=\"font-family:arial, helvetica, sans-serif;font-size:10pt;\">produkty wielokrotnego u\u017cytku<\/span><\/li>\n<p><\/br><\/p>\n<li><span style=\"font-family:arial, helvetica, sans-serif;font-size:10pt;\">produkty niesterylny<\/span><\/li>\n<p><\/br><\/p>\n<li><span style=\"font-family:arial, helvetica, sans-serif;font-size:10pt;\">gwarnacja 36 m-cy<\/span><\/li>\n<p><\/br><\/ul>\n<p><\/br><\/p>\n<h2><span style=\"font-family:arial, helvetica, sans-serif;font-size:10pt;\">Zalety wykorzystania &#8211; c\u0119gi boczne do paznokci st\u00f3p<\/span><\/h2>\n<p><\/br><\/p>\n<ul><\/br><\/p>\n<li><span style=\"font-family:arial, helvetica, sans-serif;font-size:10pt;\">czo\u0142owy rodzaj cz\u0119\u015bci pracuj\u0105cej idealnie nadaje do ciecia na prosto twardych struktur<\/span><\/li>\n<p><\/br><\/p>\n<li><span style=\"font-family:arial, helvetica, sans-serif;font-size:10pt;\">system spr\u0119\u017cynowy pozwala na precyzyjne ustalanie zacisku oraz zwi\u0119ksza p\u0142ynno\u015b\u0107 dzia\u0142ania<\/span><\/li>\n<p><\/br><\/p>\n<li><span style=\"font-family:arial, helvetica, sans-serif;font-size:10pt;\">wysokiej jako\u015bci stal nierdzewna posiada bardzo dobre w\u0142a\u015bciwo\u015bci antykorozyjne<\/span><\/li>\n<p><\/br><\/p>\n<li><span style=\"font-family:arial, helvetica, sans-serif;font-size:10pt;\">elegancji wygl\u0105d oraz\u00a0design<\/span><\/li>\n<p><\/br><\/ul>\n<p><\/br><\/p>\n<p><span style=\"font-family:arial, helvetica, sans-serif;font-size:10pt;\">Nabywaj\u0105c narz\u0119dzia kosmetyczne na naszej platformie instrumedic.pl masz gwarancj\u0119 wytrzyma\u0142o\u015bci, bezpiecze\u0144stwa w trakcie u\u017cytkowania oraz wygody i komfortu pracy. Gwarantujemy dost\u0119pno\u015b\u0107 produkt\u00f3w oraz terminowo\u015b\u0107\u00a0ralziacji zam\u00f3wienia.\u00a0Produkty posiadaj\u0105 mi\u0119dzynarodowy certyfikat CE a podczas proces\u00f3w produkcyjnych stosowane s\u0105 efektywne systemy zarz\u0105dzania jako\u015bci\u0105 i kontroli wewn\u0119trznej: ISO 9001\/ ISO 13485.<\/span><\/p>\n","protected":false},"excerpt":{"rendered":"<p><span style=\"font-family:arial, helvetica, sans-serif;font-size:10pt;\">C\u0119gi boczne Tendo Solingen to narz\u0119dzie u\u017cywane podczas zabieg\u00f3w podologicznych do leczenia chor\u00f3b st\u00f3p np. grzybicy czy brodawek paznokci w celu obcinania paznokci. C\u0105\u017cki boczne do paznokci 12 cm wyposa\u017cone zosta\u0142y w ostre ko\u0144c\u00f3wki czo\u0142owe o zagi\u0119tym profilu dzi\u0119ki czemu dopasowuj\u0105 si\u0119 do kszta\u0142tu paznokcia i palca i umo\u017cliwiaj\u0105 efektywne ci\u0119cie. Wygodne, zaokr\u0105glone uchwyty gwarantuj\u0105 stabilny chwyt i zmniejszaj\u0105 zm\u0119czenie r\u0119ki operatora. Produkt zosta\u0142 wykonany z wysokiej jako\u015bci stali nierdzewnej, co daje mo\u017cliwo\u015b\u0107 sterylizacji i wielokrotnego u\u017cycia c\u0119g\u00f3w.<\/span><\/p>\n<p><\/br><\/p>\n<h1><span style=\"font-family:arial, helvetica, sans-serif;font-size:10pt;\">C\u0119gi boczne &#8211; parametry produktu<\/span><\/h1>\n<p><\/br><\/p>\n<ul><\/br><\/p>\n<li><span style=\"font-family:arial, helvetica, sans-serif;font-size:10pt;\">typ: c\u0119gi podologiczne, do paznokci, boczne, Gold Line<\/span><\/li>\n<p><\/br><\/p>\n<li><span style=\"font-family:arial, helvetica, sans-serif;font-size:10pt;\">przeznaczenie: obcinanie paznokci u st\u00f3p<\/span><\/li>\n<p><\/br><\/p>\n<li><span style=\"font-family:arial, helvetica, sans-serif;font-size:10pt;\">design in Germany<\/span><\/li>\n<p><\/br><\/p>\n<li><span style=\"font-family:arial, helvetica, sans-serif;font-size:10pt;\">dost\u0119pna d\u0142ugo\u015b\u0107 instrumentu: 120 mm<\/span><\/li>\n<p><\/br><\/p>\n<li><span style=\"font-family:arial, helvetica, sans-serif;font-size:10pt;\">dost\u0119pny rodzaj narz\u0119dzia: premium<\/span><\/li>\n<p><\/br><\/p>\n<li><span style=\"font-family:arial, helvetica, sans-serif;font-size:10pt;\">wysokiej jako\u015bci niemiecka stal nierdzewna<\/span><\/li>\n<p><\/br><\/p>\n<li><span style=\"font-family:arial, helvetica, sans-serif;font-size:10pt;\">produkty wielokrotnego u\u017cytku<\/span><\/li>\n<p><\/br><\/p>\n<li><span style=\"font-family:arial, helvetica, sans-serif;font-size:10pt;\">produkty niesterylny<\/span><\/li>\n<p><\/br><\/p>\n<li><span style=\"font-family:arial, helvetica, sans-serif;font-size:10pt;\">gwarnacja 36 m-cy<\/span><\/li>\n<p><\/br><\/ul>\n<p><\/br><\/p>\n<h2><span style=\"font-family:arial, helvetica, sans-serif;font-size:10pt;\">Zalety wykorzystania &#8211; c\u0119gi boczne do paznokci st\u00f3p<\/span><\/h2>\n<p><\/br><\/p>\n<ul><\/br><\/p>\n<li><span style=\"font-family:arial, helvetica, sans-serif;font-size:10pt;\">czo\u0142owy rodzaj cz\u0119\u015bci pracuj\u0105cej idealnie nadaje do ciecia na prosto twardych struktur<\/span><\/li>\n<p><\/br><\/p>\n<li><span style=\"font-family:arial, helvetica, sans-serif;font-size:10pt;\">system spr\u0119\u017cynowy pozwala na precyzyjne ustalanie zacisku oraz zwi\u0119ksza p\u0142ynno\u015b\u0107 dzia\u0142ania<\/span><\/li>\n<p><\/br><\/p>\n<li><span style=\"font-family:arial, helvetica, sans-serif;font-size:10pt;\">wysokiej jako\u015bci stal nierdzewna posiada bardzo dobre w\u0142a\u015bciwo\u015bci antykorozyjne<\/span><\/li>\n<p><\/br><\/p>\n<li><span style=\"font-family:arial, helvetica, sans-serif;font-size:10pt;\">elegancji wygl\u0105d oraz\u00a0design<\/span><\/li>\n<p><\/br><\/ul>\n<p><\/br><\/p>\n<p><span style=\"font-family:arial, helvetica, sans-serif;font-size:10pt;\">Nabywaj\u0105c narz\u0119dzia kosmetyczne na naszej platformie instrumedic.pl masz gwarancj\u0119 wytrzyma\u0142o\u015bci, bezpiecze\u0144stwa w trakcie u\u017cytkowania oraz wygody i komfortu pracy. Gwarantujemy dost\u0119pno\u015b\u0107 produkt\u00f3w oraz terminowo\u015b\u0107\u00a0ralziacji zam\u00f3wienia.\u00a0Produkty posiadaj\u0105 mi\u0119dzynarodowy certyfikat CE a podczas proces\u00f3w produkcyjnych stosowane s\u0105 efektywne systemy zarz\u0105dzania jako\u015bci\u0105 i kontroli wewn\u0119trznej: ISO 9001\/ ISO 13485.<\/span><\/p>\n","protected":false},"featured_media":1394,"comment_status":"closed","ping_status":"closed","template":"","meta":[],"product_brand":[],"product_cat":[183],"product_tag":[],"class_list":{"0":"post-2510","1":"product","2":"type-product","3":"status-publish","4":"has-post-thumbnail","6":"product_cat-cegi-cazki","8":"first","9":"instock","10":"product-type-simple"},"_links":{"self":[{"href":"https:\/\/tendosolingen.de\/pl\/wp-json\/wp\/v2\/product\/2510","targetHints":{"allow":["GET"]}}],"collection":[{"href":"https:\/\/tendosolingen.de\/pl\/wp-json\/wp\/v2\/product"}],"about":[{"href":"https:\/\/tendosolingen.de\/pl\/wp-json\/wp\/v2\/types\/product"}],"replies":[{"embeddable":true,"href":"https:\/\/tendosolingen.de\/pl\/wp-json\/wp\/v2\/comments?post=2510"}],"wp:featuredmedia":[{"embeddable":true,"href":"https:\/\/tendosolingen.de\/pl\/wp-json\/wp\/v2\/media\/1394"}],"wp:attachment":[{"href":"https:\/\/tendosolingen.de\/pl\/wp-json\/wp\/v2\/media?parent=2510"}],"wp:term":[{"taxonomy":"product_brand","embeddable":true,"href":"https:\/\/tendosolingen.de\/pl\/wp-json\/wp\/v2\/product_brand?post=2510"},{"taxonomy":"product_cat","embeddable":true,"href":"https:\/\/tendosolingen.de\/pl\/wp-json\/wp\/v2\/product_cat?post=2510"},{"taxonomy":"product_tag","embeddable":true,"href":"https:\/\/tendosolingen.de\/pl\/wp-json\/wp\/v2\/product_tag?post=2510"}],"curies":[{"name":"wp","href":"https:\/\/api.w.org\/{rel}","templated":true}]}}