{"id":2509,"date":"2024-04-09T22:38:37","date_gmt":"2024-04-09T20:38:37","guid":{"rendered":"https:\/\/tendosolingen.de\/product\/cegi-czolowe-z-ostrzem-o-ksiezycowym-ksztalcie-solingen-12-5-cm-gold-line\/"},"modified":"2026-01-09T15:09:46","modified_gmt":"2026-01-09T14:09:46","slug":"cegi-czolowe-z-ostrzem-o-ksiezycowym-ksztalcie-solingen-12-5-cm-gold-line","status":"publish","type":"product","link":"https:\/\/tendosolingen.de\/pl\/produkt\/cegi-czolowe-z-ostrzem-o-ksiezycowym-ksztalcie-solingen-12-5-cm-gold-line\/","title":{"rendered":"C\u0119gi czo\u0142owe z ostrzem o ksi\u0119\u017cycowym kszta\u0142cie Solingen 12.5 cm  Gold Line"},"content":{"rendered":"<p style=\"text-align:justify;\"><span style=\"font-family:arial, helvetica, sans-serif;font-size:10pt;\"><strong>C\u0119gi boczne<\/strong> marki Tendo Solingen to specjalistyczny instrument podologiczny s\u0142u\u017c\u0105cy do skracania paznokci do po\u017c\u0105danej d\u0142ugo\u015bci. Ko\u0144c\u00f3wka o \u201eksi\u0119\u017cycowym kszta\u0142cie\u201d idealnie si\u0119 sprawdzi si\u0119 do obci\u0119cia bardzo wymagaj\u0105cych paznokci (stwardnia\u0142ych, wro\u015bni\u0119tych). Ergonomiczna, rowkowana r\u0119koje\u015b\u0107 zwi\u0119ksza komfort pracy, zapobiega nadwyr\u0119\u017ceniu d\u0142oni, a dodatkowo posiada w\u0142a\u015bciwo\u015bci antypo\u015blizgowe. Dodatkowo, system spr\u0119\u017cynowy wspomaga si\u0142\u0119 nacisku oraz stabilizuje ko\u0144c\u00f3wk\u0119 tn\u0105c\u0105 na powierzchni paznokcia. Ca\u0142kowita d\u0142ugo\u015b\u0107 narz\u0119dzia wynosi 12,5 cm. <strong>C\u0119gi podologiczne<\/strong> zosta\u0142y wykonane ze stali nierdzewnej najwy\u017cszej jako\u015bci o bardzo dobrych w\u0142a\u015bciwo\u015bciach antykorozyjnych. Mo\u017cliwo\u015b\u0107 wielokrotnej sterylizacji. Satynowe wyko\u0144czenie zapobiega refleksom \u015bwietlnym.<\/span><\/p>\n<p><\/br><\/p>\n<p style=\"text-align:justify;\"><span style=\"font-family:arial, helvetica, sans-serif;font-size:10pt;\"><em>C\u0119gi podologiczne boczne do paznokci u st\u00f3p<\/em>\u00a0Solingen Gold Line zosta\u0142y wzbogacone o doodtkowe pierwisatki w\u0119gla aby zwi\u0119szy\u0107 ich wytrzyma\u0142o\u015b\u0107.\u00a0<\/span><\/p>\n<p><\/br><\/p>\n<h1 style=\"text-align:justify;\"><span style=\"font-family:arial, helvetica, sans-serif;font-size:10pt;\">Parametry &#8211; c\u0119gi Solingen boczne do paznokci\u00a0<\/span><\/h1>\n<p><\/br><\/p>\n<ul><\/br><\/p>\n<li style=\"text-align:justify;\"><span style=\"font-family:arial, helvetica, sans-serif;font-size:10pt;\">typ: c\u0119gi czo\u0142owe, podologia, kosmetyka, Tendo Solingen, Gold Line<\/span><\/li>\n<p><\/br><\/p>\n<li style=\"text-align:justify;\"><span style=\"font-family:arial, helvetica, sans-serif;font-size:10pt;\">przeznaczenie: obcinanie paznokci<\/span><\/li>\n<p><\/br><\/p>\n<li style=\"text-align:justify;\"><span style=\"font-family:arial, helvetica, sans-serif;font-size:10pt;\">niemiecka stal chirurgiczna\u00a0<\/span><\/li>\n<p><\/br><\/p>\n<li style=\"text-align:justify;\"><span style=\"font-family:arial, helvetica, sans-serif;font-size:10pt;\">design in Germany<\/span><\/li>\n<p><\/br><\/p>\n<li style=\"text-align:justify;\"><span style=\"font-family:arial, helvetica, sans-serif;font-size:10pt;\">matowe<\/span><\/li>\n<p><\/br><\/p>\n<li style=\"text-align:justify;\"><span style=\"font-family:arial, helvetica, sans-serif;font-size:10pt;\">dost\u0119pna d\u0142ugo\u015b\u0107: 12,5 cm<\/span><\/li>\n<p><\/br><\/p>\n<li style=\"text-align:justify;\"><span style=\"font-family:arial, helvetica, sans-serif;font-size:10pt;\">dost\u0119pny wariant: premium Gold Line\u00a0<\/span><\/li>\n<p><\/br><\/p>\n<li style=\"text-align:justify;\"><span style=\"font-family:arial, helvetica, sans-serif;font-size:10pt;\">wykonane r\u0119cznie<\/span><\/li>\n<p><\/br><\/p>\n<li style=\"text-align:justify;\"><span style=\"font-family:arial, helvetica, sans-serif;font-size:10pt;\">produkt wielokrotnego u\u017cytku<\/span><\/li>\n<p><\/br><\/p>\n<li style=\"text-align:justify;\"><span style=\"font-family:arial, helvetica, sans-serif;font-size:10pt;\">produkt niesterylny<\/span><\/li>\n<p><\/br><\/p>\n<li style=\"text-align:justify;\"><span style=\"font-family:arial, helvetica, sans-serif;font-size:10pt;\">36 m-cy gwaranci\u00a0<\/span><\/li>\n<p><\/br><\/ul>\n<p><\/br><\/p>\n<h2 style=\"text-align:justify;\"><span style=\"font-family:arial, helvetica, sans-serif;font-size:10pt;\">Zalety wykorzystania &#8211; c\u0119gi czo\u0142owe do paznokci Solingen premium\u00a0<\/span><\/h2>\n<p><\/br><\/p>\n<ul><\/br><\/p>\n<li style=\"text-align:justify;\"><span style=\"font-family:arial, helvetica, sans-serif;font-size:10pt;\">gwarancja najwy\u017cszej jako\u015bci wykonania<\/span><\/li>\n<p><\/br><\/p>\n<li style=\"text-align:justify;\"><span style=\"font-family:arial, helvetica, sans-serif;font-size:10pt;\">mo\u017cliwo\u015b\u0107 sterylizacji w autoklawie w 134 stopniach<\/span><\/li>\n<p><\/br><\/p>\n<li style=\"text-align:justify;\"><span style=\"font-family:arial, helvetica, sans-serif;font-size:10pt;\">rowkowania zawarte na ramionach dzia\u0142aj\u0105 antypo\u015blizgowo<\/span><\/li>\n<p><\/br><\/p>\n<li style=\"text-align:justify;\"><span style=\"font-family:arial, helvetica, sans-serif;font-size:10pt;\">satynowe &#8211; matowe &#8211; nie powoduje refleks\u00f3w \u015bwietlnych\u00a0<\/span><\/li>\n<p><\/br><\/p>\n<li style=\"text-align:justify;\"><span style=\"font-family:arial, helvetica, sans-serif;font-size:10pt;\">ergonomiczne ramiona oraz lekka waga zwi\u0119kszaj\u0105 komfort pracy<\/span><\/li>\n<p><\/br><\/p>\n<li style=\"text-align:justify;\"><span style=\"font-family:arial, helvetica, sans-serif;font-size:10pt;\">wykorzystanie wk\u0142adek z w\u0119glika spiekanego przed\u0142u\u017ca \u017cywotno\u015b\u0107 instrumentu oraz zwi\u0119ksza jego precyzje<\/span><\/li>\n<p><\/br><\/p>\n<li style=\"text-align:justify;\"><span style=\"font-family:arial, helvetica, sans-serif;font-size:10pt;\">uniwersalno\u015b\u0107 c\u0119g\u00f3w pozwala na u\u017cytkowanie ich zar\u00f3wno w profesjonalnych gabinetach jak i w domowym zaciszu<\/span><\/li>\n<p><\/br><\/ul>\n<p><\/br><\/p>\n<p style=\"text-align:justify;\"><span style=\"font-family:arial, helvetica, sans-serif;font-size:10pt;\"><em>Podologiczne c\u0105\u017cki czo\u0142owe do paznokci n\u00f3g<\/em>\u00a0s\u0105 fabrycznie nowe oraz dok\u0142adnie sprawdzane i kontrolowane na wszystkich etapach produkcji, w celu zapewnienia ich zgodno\u015bci z mi\u0119dzynarodowymi standardami okre\u015blonymi ISO 9001:2008 oraz certyfikatem CE.<\/span><\/p>\n","protected":false},"excerpt":{"rendered":"<p style=\"text-align:justify;\"><span style=\"font-family:arial, helvetica, sans-serif;font-size:10pt;\"><strong>C\u0119gi boczne<\/strong> marki Tendo Solingen to specjalistyczny instrument podologiczny s\u0142u\u017c\u0105cy do skracania paznokci do po\u017c\u0105danej d\u0142ugo\u015bci. Ko\u0144c\u00f3wka o \u201eksi\u0119\u017cycowym kszta\u0142cie\u201d idealnie si\u0119 sprawdzi si\u0119 do obci\u0119cia bardzo wymagaj\u0105cych paznokci (stwardnia\u0142ych, wro\u015bni\u0119tych). Ergonomiczna, rowkowana r\u0119koje\u015b\u0107 zwi\u0119ksza komfort pracy, zapobiega nadwyr\u0119\u017ceniu d\u0142oni, a dodatkowo posiada w\u0142a\u015bciwo\u015bci antypo\u015blizgowe. Dodatkowo, system spr\u0119\u017cynowy wspomaga si\u0142\u0119 nacisku oraz stabilizuje ko\u0144c\u00f3wk\u0119 tn\u0105c\u0105 na powierzchni paznokcia. Ca\u0142kowita d\u0142ugo\u015b\u0107 narz\u0119dzia wynosi 12,5 cm. <strong>C\u0119gi podologiczne<\/strong> zosta\u0142y wykonane ze stali nierdzewnej najwy\u017cszej jako\u015bci o bardzo dobrych w\u0142a\u015bciwo\u015bciach antykorozyjnych. Mo\u017cliwo\u015b\u0107 wielokrotnej sterylizacji. Satynowe wyko\u0144czenie zapobiega refleksom \u015bwietlnym.<\/span><\/p>\n<p><\/br><\/p>\n<p style=\"text-align:justify;\"><span style=\"font-family:arial, helvetica, sans-serif;font-size:10pt;\"><em>C\u0119gi podologiczne boczne do paznokci u st\u00f3p<\/em>\u00a0Solingen Gold Line zosta\u0142y wzbogacone o doodtkowe pierwisatki w\u0119gla aby zwi\u0119szy\u0107 ich wytrzyma\u0142o\u015b\u0107.\u00a0<\/span><\/p>\n<p><\/br><\/p>\n<h1 style=\"text-align:justify;\"><span style=\"font-family:arial, helvetica, sans-serif;font-size:10pt;\">Parametry &#8211; c\u0119gi Solingen boczne do paznokci\u00a0<\/span><\/h1>\n<p><\/br><\/p>\n<ul><\/br><\/p>\n<li style=\"text-align:justify;\"><span style=\"font-family:arial, helvetica, sans-serif;font-size:10pt;\">typ: c\u0119gi czo\u0142owe, podologia, kosmetyka, Tendo Solingen, Gold Line<\/span><\/li>\n<p><\/br><\/p>\n<li style=\"text-align:justify;\"><span style=\"font-family:arial, helvetica, sans-serif;font-size:10pt;\">przeznaczenie: obcinanie paznokci<\/span><\/li>\n<p><\/br><\/p>\n<li style=\"text-align:justify;\"><span style=\"font-family:arial, helvetica, sans-serif;font-size:10pt;\">niemiecka stal chirurgiczna\u00a0<\/span><\/li>\n<p><\/br><\/p>\n<li style=\"text-align:justify;\"><span style=\"font-family:arial, helvetica, sans-serif;font-size:10pt;\">design in Germany<\/span><\/li>\n<p><\/br><\/p>\n<li style=\"text-align:justify;\"><span style=\"font-family:arial, helvetica, sans-serif;font-size:10pt;\">matowe<\/span><\/li>\n<p><\/br><\/p>\n<li style=\"text-align:justify;\"><span style=\"font-family:arial, helvetica, sans-serif;font-size:10pt;\">dost\u0119pna d\u0142ugo\u015b\u0107: 12,5 cm<\/span><\/li>\n<p><\/br><\/p>\n<li style=\"text-align:justify;\"><span style=\"font-family:arial, helvetica, sans-serif;font-size:10pt;\">dost\u0119pny wariant: premium Gold Line\u00a0<\/span><\/li>\n<p><\/br><\/p>\n<li style=\"text-align:justify;\"><span style=\"font-family:arial, helvetica, sans-serif;font-size:10pt;\">wykonane r\u0119cznie<\/span><\/li>\n<p><\/br><\/p>\n<li style=\"text-align:justify;\"><span style=\"font-family:arial, helvetica, sans-serif;font-size:10pt;\">produkt wielokrotnego u\u017cytku<\/span><\/li>\n<p><\/br><\/p>\n<li style=\"text-align:justify;\"><span style=\"font-family:arial, helvetica, sans-serif;font-size:10pt;\">produkt niesterylny<\/span><\/li>\n<p><\/br><\/p>\n<li style=\"text-align:justify;\"><span style=\"font-family:arial, helvetica, sans-serif;font-size:10pt;\">36 m-cy gwaranci\u00a0<\/span><\/li>\n<p><\/br><\/ul>\n<p><\/br><\/p>\n<h2 style=\"text-align:justify;\"><span style=\"font-family:arial, helvetica, sans-serif;font-size:10pt;\">Zalety wykorzystania &#8211; c\u0119gi czo\u0142owe do paznokci Solingen premium\u00a0<\/span><\/h2>\n<p><\/br><\/p>\n<ul><\/br><\/p>\n<li style=\"text-align:justify;\"><span style=\"font-family:arial, helvetica, sans-serif;font-size:10pt;\">gwarancja najwy\u017cszej jako\u015bci wykonania<\/span><\/li>\n<p><\/br><\/p>\n<li style=\"text-align:justify;\"><span style=\"font-family:arial, helvetica, sans-serif;font-size:10pt;\">mo\u017cliwo\u015b\u0107 sterylizacji w autoklawie w 134 stopniach<\/span><\/li>\n<p><\/br><\/p>\n<li style=\"text-align:justify;\"><span style=\"font-family:arial, helvetica, sans-serif;font-size:10pt;\">rowkowania zawarte na ramionach dzia\u0142aj\u0105 antypo\u015blizgowo<\/span><\/li>\n<p><\/br><\/p>\n<li style=\"text-align:justify;\"><span style=\"font-family:arial, helvetica, sans-serif;font-size:10pt;\">satynowe &#8211; matowe &#8211; nie powoduje refleks\u00f3w \u015bwietlnych\u00a0<\/span><\/li>\n<p><\/br><\/p>\n<li style=\"text-align:justify;\"><span style=\"font-family:arial, helvetica, sans-serif;font-size:10pt;\">ergonomiczne ramiona oraz lekka waga zwi\u0119kszaj\u0105 komfort pracy<\/span><\/li>\n<p><\/br><\/p>\n<li style=\"text-align:justify;\"><span style=\"font-family:arial, helvetica, sans-serif;font-size:10pt;\">wykorzystanie wk\u0142adek z w\u0119glika spiekanego przed\u0142u\u017ca \u017cywotno\u015b\u0107 instrumentu oraz zwi\u0119ksza jego precyzje<\/span><\/li>\n<p><\/br><\/p>\n<li style=\"text-align:justify;\"><span style=\"font-family:arial, helvetica, sans-serif;font-size:10pt;\">uniwersalno\u015b\u0107 c\u0119g\u00f3w pozwala na u\u017cytkowanie ich zar\u00f3wno w profesjonalnych gabinetach jak i w domowym zaciszu<\/span><\/li>\n<p><\/br><\/ul>\n<p><\/br><\/p>\n<p style=\"text-align:justify;\"><span style=\"font-family:arial, helvetica, sans-serif;font-size:10pt;\"><em>Podologiczne c\u0105\u017cki czo\u0142owe do paznokci n\u00f3g<\/em>\u00a0s\u0105 fabrycznie nowe oraz dok\u0142adnie sprawdzane i kontrolowane na wszystkich etapach produkcji, w celu zapewnienia ich zgodno\u015bci z mi\u0119dzynarodowymi standardami okre\u015blonymi ISO 9001:2008 oraz certyfikatem CE.<\/span><\/p>\n","protected":false},"featured_media":1390,"comment_status":"closed","ping_status":"closed","template":"","meta":[],"product_brand":[],"product_cat":[183],"product_tag":[],"class_list":{"0":"post-2509","1":"product","2":"type-product","3":"status-publish","4":"has-post-thumbnail","6":"product_cat-cegi-cazki","8":"first","9":"instock","10":"product-type-simple"},"_links":{"self":[{"href":"https:\/\/tendosolingen.de\/pl\/wp-json\/wp\/v2\/product\/2509","targetHints":{"allow":["GET"]}}],"collection":[{"href":"https:\/\/tendosolingen.de\/pl\/wp-json\/wp\/v2\/product"}],"about":[{"href":"https:\/\/tendosolingen.de\/pl\/wp-json\/wp\/v2\/types\/product"}],"replies":[{"embeddable":true,"href":"https:\/\/tendosolingen.de\/pl\/wp-json\/wp\/v2\/comments?post=2509"}],"wp:featuredmedia":[{"embeddable":true,"href":"https:\/\/tendosolingen.de\/pl\/wp-json\/wp\/v2\/media\/1390"}],"wp:attachment":[{"href":"https:\/\/tendosolingen.de\/pl\/wp-json\/wp\/v2\/media?parent=2509"}],"wp:term":[{"taxonomy":"product_brand","embeddable":true,"href":"https:\/\/tendosolingen.de\/pl\/wp-json\/wp\/v2\/product_brand?post=2509"},{"taxonomy":"product_cat","embeddable":true,"href":"https:\/\/tendosolingen.de\/pl\/wp-json\/wp\/v2\/product_cat?post=2509"},{"taxonomy":"product_tag","embeddable":true,"href":"https:\/\/tendosolingen.de\/pl\/wp-json\/wp\/v2\/product_tag?post=2509"}],"curies":[{"name":"wp","href":"https:\/\/api.w.org\/{rel}","templated":true}]}}