{"id":2508,"date":"2024-04-09T22:38:37","date_gmt":"2024-04-09T20:38:37","guid":{"rendered":"https:\/\/tendosolingen.de\/product\/cegi-do-paznokci-podologiczne-13-cm-hq\/"},"modified":"2026-01-09T15:09:53","modified_gmt":"2026-01-09T14:09:53","slug":"cegi-do-paznokci-podologiczne-13-cm-hq","status":"publish","type":"product","link":"https:\/\/tendosolingen.de\/pl\/produkt\/cegi-do-paznokci-podologiczne-13-cm-hq\/","title":{"rendered":"C\u0119gi do paznokci podologiczne 13 cm HQ"},"content":{"rendered":"<p style=\"text-align:left;\"><span style=\"font-family:arial, helvetica, sans-serif;font-size:10pt;\">C\u0119gi medyczne Tendo Solingen to instrument u\u017cywany do obcinania paznokci u st\u00f3p przy zabiegach podologicznych, do leczenia chor\u00f3b st\u00f3p np. grzybicy czy wrastaj\u0105cych paznokci. W tym celu obc\u0119gi posiadaj\u0105 ostre, lekko zaokr\u0105glone ko\u0144c\u00f3wki pozwalaj\u0105ce na precyzyjne ci\u0119cie twardych paznokci. Dodatkowo, cz\u0119\u015b\u0107 pracuj\u0105ca z wk\u0142adk\u0105 z w\u0119glika spiekanego zapewnia wybitn\u0105 wytrzyma\u0142o\u015b\u0107 i twardo\u015b\u0107 ko\u0144c\u00f3wki. C\u0105\u017cki wyposa\u017cone s\u0105 tak\u017ce w\u00a0 spr\u0119\u017cyn\u0119 zamontowan\u0105 mi\u0119dzy uchwytami gwarantuj\u0105c\u0105 p\u0142ynne dzia\u0142anie narz\u0119dzia oraz zmniejszaj\u0105c\u0105 obci\u0105\u017cenie r\u0119ki operatora. Produkt zosta\u0142 wykonany z wysokiej jako\u015bci stali nierdzewnej, co daje mo\u017cliwo\u015b\u0107 sterylizacji i ponownego u\u017cycia c\u0119g\u00f3w.<\/span><\/p>\n<p><\/br><\/p>\n<h1 style=\"text-align:left;\"><span style=\"font-family:arial, helvetica, sans-serif;font-size:10pt;\">Parametry c\u0119g\u00f3w do obcinania i skracania paznokci<\/span><\/h1>\n<p><\/br><\/p>\n<ul style=\"text-align:left;\"><\/br><\/p>\n<li><span style=\"font-family:arial, helvetica, sans-serif;font-size:10pt;\">Typ: c\u0119gi podologiczne do grubych i twardych paznokci<\/span><\/li>\n<p><\/br><\/p>\n<li><span style=\"font-family:arial, helvetica, sans-serif;font-size:10pt;\">Przeznaczenie: obcinanie paznokci u st\u00f3p<\/span><\/li>\n<p><\/br><\/p>\n<li><span style=\"font-family:arial, helvetica, sans-serif;font-size:10pt;\">Rodzaj ko\u0144c\u00f3wki: prosta diamentowa, boczne ci\u0119cie<\/span><\/li>\n<p><\/br><\/p>\n<li><span style=\"font-family:arial, helvetica, sans-serif;font-size:10pt;\">Dost\u0119pna d\u0142ugo\u015b\u0107 instrumentu: 130 mm<\/span><\/li>\n<p><\/br><\/p>\n<li><span style=\"font-family:arial, helvetica, sans-serif;font-size:10pt;\">Dost\u0119pny rodzaj narz\u0119dzia: Premium<\/span><\/li>\n<p><\/br><\/p>\n<li><span style=\"font-family:arial, helvetica, sans-serif;font-size:10pt;\">Wysokiej jako\u015bci stal nierdzewna<\/span><\/li>\n<p><\/br><\/p>\n<li><span style=\"font-family:arial, helvetica, sans-serif;font-size:10pt;\">Produkty wielokrotnego u\u017cytku<\/span><\/li>\n<p><\/br><\/p>\n<li><span style=\"font-family:arial, helvetica, sans-serif;font-size:10pt;\">Produkty niesterylny<\/span><\/li>\n<p><\/br><\/p>\n<li><span style=\"font-family:arial, helvetica, sans-serif;font-size:10pt;\">Niemiecka stal chirurgiczna<\/span><\/li>\n<p><\/br><\/ul>\n<p><\/br><\/p>\n<h2 style=\"text-align:left;\"><span style=\"font-family:arial, helvetica, sans-serif;font-size:10pt;\">Zalety wykorzystania narz\u0119dzia<\/span><\/h2>\n<p><\/br><\/p>\n<ul style=\"text-align:left;\"><\/br><\/p>\n<li><span style=\"font-family:arial, helvetica, sans-serif;font-size:10pt;\">Ostre kraw\u0119dzie ko\u0144c\u00f3wki pozwalaj\u0105 na dok\u0142adne i \u0142atwe przecinanie paznokci<\/span><\/li>\n<p><\/br><\/p>\n<li><span style=\"font-family:arial, helvetica, sans-serif;font-size:10pt;\">Ergonomiczne uchwyty z rowkowaniem zewn\u0119trznym zapewniaj\u0105 komfort i bezpiecze\u0144stwo pracy<\/span><\/li>\n<p><\/br><\/p>\n<li><span style=\"font-family:arial, helvetica, sans-serif;font-size:10pt;\">Wysokiej jako\u015bci stal nierdzewna posiada wybitne w\u0142a\u015bciwo\u015bci antykorozyjne<\/span><\/li>\n<p><\/br><\/ul>\n<p><\/br><\/p>\n<p style=\"text-align:left;\"><span style=\"font-family:arial, helvetica, sans-serif;font-size:10pt;\">Produkt posiada certyfikaty CE oraz ISO.<\/span><\/p>\n","protected":false},"excerpt":{"rendered":"<p style=\"text-align:left;\"><span style=\"font-family:arial, helvetica, sans-serif;font-size:10pt;\">C\u0119gi medyczne Tendo Solingen to instrument u\u017cywany do obcinania paznokci u st\u00f3p przy zabiegach podologicznych, do leczenia chor\u00f3b st\u00f3p np. grzybicy czy wrastaj\u0105cych paznokci. W tym celu obc\u0119gi posiadaj\u0105 ostre, lekko zaokr\u0105glone ko\u0144c\u00f3wki pozwalaj\u0105ce na precyzyjne ci\u0119cie twardych paznokci. Dodatkowo, cz\u0119\u015b\u0107 pracuj\u0105ca z wk\u0142adk\u0105 z w\u0119glika spiekanego zapewnia wybitn\u0105 wytrzyma\u0142o\u015b\u0107 i twardo\u015b\u0107 ko\u0144c\u00f3wki. C\u0105\u017cki wyposa\u017cone s\u0105 tak\u017ce w\u00a0 spr\u0119\u017cyn\u0119 zamontowan\u0105 mi\u0119dzy uchwytami gwarantuj\u0105c\u0105 p\u0142ynne dzia\u0142anie narz\u0119dzia oraz zmniejszaj\u0105c\u0105 obci\u0105\u017cenie r\u0119ki operatora. Produkt zosta\u0142 wykonany z wysokiej jako\u015bci stali nierdzewnej, co daje mo\u017cliwo\u015b\u0107 sterylizacji i ponownego u\u017cycia c\u0119g\u00f3w.<\/span><\/p>\n<p><\/br><\/p>\n<h1 style=\"text-align:left;\"><span style=\"font-family:arial, helvetica, sans-serif;font-size:10pt;\">Parametry c\u0119g\u00f3w do obcinania i skracania paznokci<\/span><\/h1>\n<p><\/br><\/p>\n<ul style=\"text-align:left;\"><\/br><\/p>\n<li><span style=\"font-family:arial, helvetica, sans-serif;font-size:10pt;\">Typ: c\u0119gi podologiczne do grubych i twardych paznokci<\/span><\/li>\n<p><\/br><\/p>\n<li><span style=\"font-family:arial, helvetica, sans-serif;font-size:10pt;\">Przeznaczenie: obcinanie paznokci u st\u00f3p<\/span><\/li>\n<p><\/br><\/p>\n<li><span style=\"font-family:arial, helvetica, sans-serif;font-size:10pt;\">Rodzaj ko\u0144c\u00f3wki: prosta diamentowa, boczne ci\u0119cie<\/span><\/li>\n<p><\/br><\/p>\n<li><span style=\"font-family:arial, helvetica, sans-serif;font-size:10pt;\">Dost\u0119pna d\u0142ugo\u015b\u0107 instrumentu: 130 mm<\/span><\/li>\n<p><\/br><\/p>\n<li><span style=\"font-family:arial, helvetica, sans-serif;font-size:10pt;\">Dost\u0119pny rodzaj narz\u0119dzia: Premium<\/span><\/li>\n<p><\/br><\/p>\n<li><span style=\"font-family:arial, helvetica, sans-serif;font-size:10pt;\">Wysokiej jako\u015bci stal nierdzewna<\/span><\/li>\n<p><\/br><\/p>\n<li><span style=\"font-family:arial, helvetica, sans-serif;font-size:10pt;\">Produkty wielokrotnego u\u017cytku<\/span><\/li>\n<p><\/br><\/p>\n<li><span style=\"font-family:arial, helvetica, sans-serif;font-size:10pt;\">Produkty niesterylny<\/span><\/li>\n<p><\/br><\/p>\n<li><span style=\"font-family:arial, helvetica, sans-serif;font-size:10pt;\">Niemiecka stal chirurgiczna<\/span><\/li>\n<p><\/br><\/ul>\n<p><\/br><\/p>\n<h2 style=\"text-align:left;\"><span style=\"font-family:arial, helvetica, sans-serif;font-size:10pt;\">Zalety wykorzystania narz\u0119dzia<\/span><\/h2>\n<p><\/br><\/p>\n<ul style=\"text-align:left;\"><\/br><\/p>\n<li><span style=\"font-family:arial, helvetica, sans-serif;font-size:10pt;\">Ostre kraw\u0119dzie ko\u0144c\u00f3wki pozwalaj\u0105 na dok\u0142adne i \u0142atwe przecinanie paznokci<\/span><\/li>\n<p><\/br><\/p>\n<li><span style=\"font-family:arial, helvetica, sans-serif;font-size:10pt;\">Ergonomiczne uchwyty z rowkowaniem zewn\u0119trznym zapewniaj\u0105 komfort i bezpiecze\u0144stwo pracy<\/span><\/li>\n<p><\/br><\/p>\n<li><span style=\"font-family:arial, helvetica, sans-serif;font-size:10pt;\">Wysokiej jako\u015bci stal nierdzewna posiada wybitne w\u0142a\u015bciwo\u015bci antykorozyjne<\/span><\/li>\n<p><\/br><\/ul>\n<p><\/br><\/p>\n<p style=\"text-align:left;\"><span style=\"font-family:arial, helvetica, sans-serif;font-size:10pt;\">Produkt posiada certyfikaty CE oraz ISO.<\/span><\/p>\n","protected":false},"featured_media":1386,"comment_status":"closed","ping_status":"closed","template":"","meta":[],"product_brand":[],"product_cat":[183],"product_tag":[],"class_list":{"0":"post-2508","1":"product","2":"type-product","3":"status-publish","4":"has-post-thumbnail","6":"product_cat-cegi-cazki","8":"first","9":"instock","10":"product-type-simple"},"_links":{"self":[{"href":"https:\/\/tendosolingen.de\/pl\/wp-json\/wp\/v2\/product\/2508","targetHints":{"allow":["GET"]}}],"collection":[{"href":"https:\/\/tendosolingen.de\/pl\/wp-json\/wp\/v2\/product"}],"about":[{"href":"https:\/\/tendosolingen.de\/pl\/wp-json\/wp\/v2\/types\/product"}],"replies":[{"embeddable":true,"href":"https:\/\/tendosolingen.de\/pl\/wp-json\/wp\/v2\/comments?post=2508"}],"wp:featuredmedia":[{"embeddable":true,"href":"https:\/\/tendosolingen.de\/pl\/wp-json\/wp\/v2\/media\/1386"}],"wp:attachment":[{"href":"https:\/\/tendosolingen.de\/pl\/wp-json\/wp\/v2\/media?parent=2508"}],"wp:term":[{"taxonomy":"product_brand","embeddable":true,"href":"https:\/\/tendosolingen.de\/pl\/wp-json\/wp\/v2\/product_brand?post=2508"},{"taxonomy":"product_cat","embeddable":true,"href":"https:\/\/tendosolingen.de\/pl\/wp-json\/wp\/v2\/product_cat?post=2508"},{"taxonomy":"product_tag","embeddable":true,"href":"https:\/\/tendosolingen.de\/pl\/wp-json\/wp\/v2\/product_tag?post=2508"}],"curies":[{"name":"wp","href":"https:\/\/api.w.org\/{rel}","templated":true}]}}