{"id":2507,"date":"2024-04-09T22:38:37","date_gmt":"2024-04-09T20:38:37","guid":{"rendered":"https:\/\/tendosolingen.de\/product\/cegi-do-paznokci-solingen-medyczne-z-wbudowana-podwojna-przekladnia-gold-line\/"},"modified":"2026-01-09T15:09:59","modified_gmt":"2026-01-09T14:09:59","slug":"cegi-do-paznokci-solingen-medyczne-z-wbudowana-podwojna-przekladnia-gold-line","status":"publish","type":"product","link":"https:\/\/tendosolingen.de\/pl\/produkt\/cegi-do-paznokci-solingen-medyczne-z-wbudowana-podwojna-przekladnia-gold-line\/","title":{"rendered":"C\u0119gi do paznokci Solingen medyczne z wbudowan\u0105 podw\u00f3jn\u0105 przek\u0142adni\u0105 Gold Line"},"content":{"rendered":"<p style=\"text-align:justify;\"><span style=\"font-family:arial, helvetica, sans-serif;font-size:10pt;\"><strong>C\u0119gi do twardych paznokci<\/strong> z podw\u00f3jn\u0105 przek\u0142adni\u0105 to wyspecjalizowany instrument medyczny wykorzystywany podczas zabieg\u00f3w podologicznych (tzw. pedicure leczniczy), zwi\u0105zanych z leczeniem schorze\u0144 wyst\u0119puj\u0105cych w obr\u0119bie p\u0142ytki paznokcia. S\u0142u\u017c\u0105 do obcinania twardych, zakrzywionych i zrogowacia\u0142ych paznokci. W tym celu instrument posiada masywn\u0105 i ostro zako\u0144czon\u0105 ko\u0144c\u00f3wk\u0119. Podw\u00f3jna przek\u0142adnia sprawi, \u017ce nawet skr\u00f3cenie grubszych paznokci nie sprawi problemu. Co wi\u0119cej, system spr\u0119\u017cynowy pozwoli na regulowanie poziomu si\u0142y nacisku i stabilizuje ka\u017cde \u015bci\u015bni\u0119cie instrumentu. Ergonomiczna r\u0119koje\u015b\u0107 idealnie przylega do d\u0142oni i gwarantuje komfort pracy. Trzony posiadaj\u0105 antypo\u015blizgowe \u017c\u0142obienia, zmniejszaj\u0105ce ryzyko wy\u015blizgni\u0119cia si\u0119 narz\u0119dzia z r\u0119ki.\u00a0<span style=\"text-decoration:underline;\">C\u0119gi do paznokci Solingen<\/span> wykonano z wysokiej jako\u015bci niemieckiej stali nierdzewnej, zapobiegaj\u0105c korozji. Posiadaj\u0105 satynowe wyko\u0144czenie. Mo\u017cliwo\u015b\u0107 wielokrotnej sterylizacji.<\/span><\/p>\n<p><\/br><\/p>\n<h1 style=\"text-align:justify;\"><span style=\"font-family:arial, helvetica, sans-serif;font-size:10pt;\">Parametry\u00a0&#8211; c\u0119gi chirurgiczne do paznokci\u00a0<\/span><\/h1>\n<p><\/br><\/p>\n<ul><\/br><\/p>\n<li style=\"text-align:justify;\"><span style=\"font-family:arial, helvetica, sans-serif;font-size:10pt;\">typ: c\u0119gi, do paznokci, podologiczne, z podw\u00f3jn\u0105 przek\u0142adni\u0105, Premium (HQ)<\/span><\/li>\n<p><\/br><\/p>\n<li style=\"text-align:justify;\"><span style=\"font-family:arial, helvetica, sans-serif;font-size:10pt;\">przeznaczenie: skracanie twardych, grubych, zakrzywionych i zrogowacia\u0142ych paznokci<\/span><\/li>\n<p><\/br><\/p>\n<li style=\"text-align:justify;\"><span style=\"font-family:arial, helvetica, sans-serif;font-size:10pt;\">dost\u0119pna d\u0142ugo\u015b\u0107: 15 cm<\/span><\/li>\n<p><\/br><\/p>\n<li style=\"text-align:justify;\"><span style=\"font-family:arial, helvetica, sans-serif;font-size:10pt;\">wykonane r\u0119cznie<\/span><\/li>\n<p><\/br><\/p>\n<li style=\"text-align:justify;\"><span style=\"font-family:arial, helvetica, sans-serif;font-size:10pt;\">produkt wielokrotnego u\u017cytku<\/span><\/li>\n<p><\/br><\/p>\n<li style=\"text-align:justify;\"><span style=\"font-family:arial, helvetica, sans-serif;font-size:10pt;\">produkt niesterylny<\/span><\/li>\n<p><\/br><\/p>\n<li style=\"text-align:justify;\"><span style=\"font-family:arial, helvetica, sans-serif;font-size:10pt;\">gwarancja 36 m-cy<\/span><\/li>\n<p><\/br><\/ul>\n<p><\/br><\/p>\n<h2 style=\"text-align:justify;\"><span style=\"font-family:arial, helvetica, sans-serif;font-size:10pt;\">Zalety wykorzystania &#8211;\u00a0c\u0119gi do grubych paznokci u n\u00f3g<\/span><\/h2>\n<p><\/br><\/p>\n<ul><\/br><\/p>\n<li style=\"text-align:justify;\"><span style=\"font-family:arial, helvetica, sans-serif;font-size:10pt;\">podw\u00f3jna przek\u0142adnia stabilizuje ka\u017cde \u015bci\u015bni\u0119cie instrumentu<\/span><\/li>\n<p><\/br><\/p>\n<li style=\"text-align:justify;\"><span style=\"font-family:arial, helvetica, sans-serif;font-size:10pt;\">system spr\u0119\u017cynowy umo\u017cliwia stosowanie r\u00f3\u017cnych si\u0142 nacisku<\/span><\/li>\n<p><\/br><\/p>\n<li style=\"text-align:justify;\"><span style=\"font-family:arial, helvetica, sans-serif;font-size:10pt;\">ergonomiczny kszta\u0142t gwarantuje komfort pracy podczas u\u017cytkowania produktu<\/span><\/li>\n<p><\/br><\/p>\n<li style=\"text-align:justify;\"><span style=\"font-family:arial, helvetica, sans-serif;font-size:10pt;\">mo\u017cliwo\u015b\u0107 sterylizacji w autoklawie oraz r\u0119cznej dezynfekcji<\/span><\/li>\n<p><\/br><\/p>\n<li style=\"text-align:justify;\"><span style=\"font-family:arial, helvetica, sans-serif;font-size:10pt;\">wykonane ze stali nierdzewnej najwy\u017cszej jako\u015bci o ponadprzeci\u0119tnych w\u0142a\u015bciwo\u015bciach antykorozyjnych<\/span><\/li>\n<p><\/br><\/ul>\n<p><\/br><\/p>\n<p style=\"text-align:justify;\"><span style=\"font-family:arial, helvetica, sans-serif;font-size:10pt;\">C\u0119gi do paznokci n\u00f3g s\u0105 fabrycznie nowe, dok\u0142adnie sprawdzane i kontrolowane na wszystkich etapach produkcji, w celu zapewnienia ich zgodno\u015bci z mi\u0119dzynarodowymi standardami okre\u015blonymi ISO 9001:2008 oraz certyfikatem CE.<\/span><\/p>\n","protected":false},"excerpt":{"rendered":"<p style=\"text-align:justify;\"><span style=\"font-family:arial, helvetica, sans-serif;font-size:10pt;\"><strong>C\u0119gi do twardych paznokci<\/strong> z podw\u00f3jn\u0105 przek\u0142adni\u0105 to wyspecjalizowany instrument medyczny wykorzystywany podczas zabieg\u00f3w podologicznych (tzw. pedicure leczniczy), zwi\u0105zanych z leczeniem schorze\u0144 wyst\u0119puj\u0105cych w obr\u0119bie p\u0142ytki paznokcia. S\u0142u\u017c\u0105 do obcinania twardych, zakrzywionych i zrogowacia\u0142ych paznokci. W tym celu instrument posiada masywn\u0105 i ostro zako\u0144czon\u0105 ko\u0144c\u00f3wk\u0119. Podw\u00f3jna przek\u0142adnia sprawi, \u017ce nawet skr\u00f3cenie grubszych paznokci nie sprawi problemu. Co wi\u0119cej, system spr\u0119\u017cynowy pozwoli na regulowanie poziomu si\u0142y nacisku i stabilizuje ka\u017cde \u015bci\u015bni\u0119cie instrumentu. Ergonomiczna r\u0119koje\u015b\u0107 idealnie przylega do d\u0142oni i gwarantuje komfort pracy. Trzony posiadaj\u0105 antypo\u015blizgowe \u017c\u0142obienia, zmniejszaj\u0105ce ryzyko wy\u015blizgni\u0119cia si\u0119 narz\u0119dzia z r\u0119ki.\u00a0<span style=\"text-decoration:underline;\">C\u0119gi do paznokci Solingen<\/span> wykonano z wysokiej jako\u015bci niemieckiej stali nierdzewnej, zapobiegaj\u0105c korozji. Posiadaj\u0105 satynowe wyko\u0144czenie. Mo\u017cliwo\u015b\u0107 wielokrotnej sterylizacji.<\/span><\/p>\n<p><\/br><\/p>\n<h1 style=\"text-align:justify;\"><span style=\"font-family:arial, helvetica, sans-serif;font-size:10pt;\">Parametry\u00a0&#8211; c\u0119gi chirurgiczne do paznokci\u00a0<\/span><\/h1>\n<p><\/br><\/p>\n<ul><\/br><\/p>\n<li style=\"text-align:justify;\"><span style=\"font-family:arial, helvetica, sans-serif;font-size:10pt;\">typ: c\u0119gi, do paznokci, podologiczne, z podw\u00f3jn\u0105 przek\u0142adni\u0105, Premium (HQ)<\/span><\/li>\n<p><\/br><\/p>\n<li style=\"text-align:justify;\"><span style=\"font-family:arial, helvetica, sans-serif;font-size:10pt;\">przeznaczenie: skracanie twardych, grubych, zakrzywionych i zrogowacia\u0142ych paznokci<\/span><\/li>\n<p><\/br><\/p>\n<li style=\"text-align:justify;\"><span style=\"font-family:arial, helvetica, sans-serif;font-size:10pt;\">dost\u0119pna d\u0142ugo\u015b\u0107: 15 cm<\/span><\/li>\n<p><\/br><\/p>\n<li style=\"text-align:justify;\"><span style=\"font-family:arial, helvetica, sans-serif;font-size:10pt;\">wykonane r\u0119cznie<\/span><\/li>\n<p><\/br><\/p>\n<li style=\"text-align:justify;\"><span style=\"font-family:arial, helvetica, sans-serif;font-size:10pt;\">produkt wielokrotnego u\u017cytku<\/span><\/li>\n<p><\/br><\/p>\n<li style=\"text-align:justify;\"><span style=\"font-family:arial, helvetica, sans-serif;font-size:10pt;\">produkt niesterylny<\/span><\/li>\n<p><\/br><\/p>\n<li style=\"text-align:justify;\"><span style=\"font-family:arial, helvetica, sans-serif;font-size:10pt;\">gwarancja 36 m-cy<\/span><\/li>\n<p><\/br><\/ul>\n<p><\/br><\/p>\n<h2 style=\"text-align:justify;\"><span style=\"font-family:arial, helvetica, sans-serif;font-size:10pt;\">Zalety wykorzystania &#8211;\u00a0c\u0119gi do grubych paznokci u n\u00f3g<\/span><\/h2>\n<p><\/br><\/p>\n<ul><\/br><\/p>\n<li style=\"text-align:justify;\"><span style=\"font-family:arial, helvetica, sans-serif;font-size:10pt;\">podw\u00f3jna przek\u0142adnia stabilizuje ka\u017cde \u015bci\u015bni\u0119cie instrumentu<\/span><\/li>\n<p><\/br><\/p>\n<li style=\"text-align:justify;\"><span style=\"font-family:arial, helvetica, sans-serif;font-size:10pt;\">system spr\u0119\u017cynowy umo\u017cliwia stosowanie r\u00f3\u017cnych si\u0142 nacisku<\/span><\/li>\n<p><\/br><\/p>\n<li style=\"text-align:justify;\"><span style=\"font-family:arial, helvetica, sans-serif;font-size:10pt;\">ergonomiczny kszta\u0142t gwarantuje komfort pracy podczas u\u017cytkowania produktu<\/span><\/li>\n<p><\/br><\/p>\n<li style=\"text-align:justify;\"><span style=\"font-family:arial, helvetica, sans-serif;font-size:10pt;\">mo\u017cliwo\u015b\u0107 sterylizacji w autoklawie oraz r\u0119cznej dezynfekcji<\/span><\/li>\n<p><\/br><\/p>\n<li style=\"text-align:justify;\"><span style=\"font-family:arial, helvetica, sans-serif;font-size:10pt;\">wykonane ze stali nierdzewnej najwy\u017cszej jako\u015bci o ponadprzeci\u0119tnych w\u0142a\u015bciwo\u015bciach antykorozyjnych<\/span><\/li>\n<p><\/br><\/ul>\n<p><\/br><\/p>\n<p style=\"text-align:justify;\"><span style=\"font-family:arial, helvetica, sans-serif;font-size:10pt;\">C\u0119gi do paznokci n\u00f3g s\u0105 fabrycznie nowe, dok\u0142adnie sprawdzane i kontrolowane na wszystkich etapach produkcji, w celu zapewnienia ich zgodno\u015bci z mi\u0119dzynarodowymi standardami okre\u015blonymi ISO 9001:2008 oraz certyfikatem CE.<\/span><\/p>\n","protected":false},"featured_media":1382,"comment_status":"closed","ping_status":"closed","template":"","meta":[],"product_brand":[],"product_cat":[183],"product_tag":[],"class_list":{"0":"post-2507","1":"product","2":"type-product","3":"status-publish","4":"has-post-thumbnail","6":"product_cat-cegi-cazki","8":"first","9":"instock","10":"product-type-simple"},"_links":{"self":[{"href":"https:\/\/tendosolingen.de\/pl\/wp-json\/wp\/v2\/product\/2507","targetHints":{"allow":["GET"]}}],"collection":[{"href":"https:\/\/tendosolingen.de\/pl\/wp-json\/wp\/v2\/product"}],"about":[{"href":"https:\/\/tendosolingen.de\/pl\/wp-json\/wp\/v2\/types\/product"}],"replies":[{"embeddable":true,"href":"https:\/\/tendosolingen.de\/pl\/wp-json\/wp\/v2\/comments?post=2507"}],"wp:featuredmedia":[{"embeddable":true,"href":"https:\/\/tendosolingen.de\/pl\/wp-json\/wp\/v2\/media\/1382"}],"wp:attachment":[{"href":"https:\/\/tendosolingen.de\/pl\/wp-json\/wp\/v2\/media?parent=2507"}],"wp:term":[{"taxonomy":"product_brand","embeddable":true,"href":"https:\/\/tendosolingen.de\/pl\/wp-json\/wp\/v2\/product_brand?post=2507"},{"taxonomy":"product_cat","embeddable":true,"href":"https:\/\/tendosolingen.de\/pl\/wp-json\/wp\/v2\/product_cat?post=2507"},{"taxonomy":"product_tag","embeddable":true,"href":"https:\/\/tendosolingen.de\/pl\/wp-json\/wp\/v2\/product_tag?post=2507"}],"curies":[{"name":"wp","href":"https:\/\/api.w.org\/{rel}","templated":true}]}}