{"id":2506,"date":"2024-04-09T22:38:37","date_gmt":"2024-04-09T20:38:37","guid":{"rendered":"https:\/\/tendosolingen.de\/product\/cegi-do-paznokci-tendo-solingen-z-podwojna-dzwignia-15-cm-gold-line\/"},"modified":"2026-01-10T02:02:41","modified_gmt":"2026-01-10T01:02:41","slug":"cegi-do-paznokci-z-podwojna-dzwignia-15-cm-gold-line","status":"publish","type":"product","link":"https:\/\/tendosolingen.de\/pl\/produkt\/cegi-do-paznokci-z-podwojna-dzwignia-15-cm-gold-line\/","title":{"rendered":"C\u0119gi do paznokci z podw\u00f3jn\u0105 d\u017awigni\u0105 15 cm Gold Line"},"content":{"rendered":"<p style=\"text-align:justify;\"><span style=\"font-family:arial, helvetica, sans-serif;font-size:10pt;\"><strong>Du\u017ce c\u0119gi do paznokci marki Tendo Soligen<\/strong> to specjalistyczne narz\u0119dzie podologiczne s\u0142u\u017c\u0105ce do obcinania ka\u017cdego rodzaju paznokci (od tych delikatnych po te bardziej wymagaj\u0105ce). Specjalna, ostra ko\u0144c\u00f3wka robocza u\u0142atwia chwyt struktury paznokcia w celu jego skr\u00f3cenia do po\u017c\u0105danej d\u0142ugo\u015bci. Instrument wyposa\u017cono w tzw. podw\u00f3jn\u0105 d\u017awigni\u0119, kt\u00f3ra pozwala zredukowa\u0107 potrzebn\u0105 si\u0142\u0119 do obcinania twardych i problematycznych paznokci. Ergonomiczne, wy\u017c\u0142obione r\u0119koje\u015bci poprawiaj\u0105 chwyt oraz dzia\u0142aj\u0105 antypo\u015blizgowo. System spr\u0119\u017cynowy, po\u0142o\u017cony w g\u00f3rnej cz\u0119\u015bci ramion, wspomaga si\u0142\u0119 nacisku oraz stabilizuje ko\u0144c\u00f3wk\u0119 na paznokciu. Ca\u0142kowita d\u0142ugo\u015b\u0107 narz\u0119dzia wynosi 15 cm. <em>C\u0119gi podologiczne<\/em> zosta\u0142y wykonane ze stali nierdzewnej najwy\u017cszej jako\u015bci o ponadprzeci\u0119tnych w\u0142a\u015bciwo\u015bciach antykorozyjnych. Mo\u017cliwo\u015b\u0107 wielokrotnej sterylizacji w autoklawie oraz myjce. Satynowe wyko\u0144czenie zapobiega refleksom \u015bwietlnym.<\/span><\/p>\n<p><\/br><\/p>\n<p style=\"text-align:justify;\"><span style=\"font-family:arial, helvetica, sans-serif;font-size:10pt;\"><span style=\"text-decoration:underline;\">C\u0119gi do grubych paznokci<\/span> zosta\u0142y wzbogacone o wk\u0142adki z w\u0119glika spiekanego \u2013 materia\u0142u du\u017co wytrzymalszego i precyzyjniejszego od zwyk\u0142ej stali.\u00a0Dodatkowo, w\u0119glik spiekany jest bardziej odporny na p\u0119kanie oraz na wysok\u0105 temperatur\u0119 (a\u017c do 1000 stopni Celsjusza).\u00a0<\/span><\/p>\n<p><\/br><\/p>\n<h1 style=\"text-align:justify;\"><span style=\"font-family:arial, helvetica, sans-serif;font-size:10pt;\">Parametry &#8211; C\u0119gi do obcinania paznokci u n\u00f3g<\/span><\/h1>\n<p><\/br><\/p>\n<ul><\/br><\/p>\n<li style=\"text-align:justify;\"><span style=\"font-family:arial, helvetica, sans-serif;font-size:10pt;\">typ: c\u0119gi ostre, podologia, kosmetyka, Tendo Solingen<\/span><\/li>\n<p><\/br><\/p>\n<li style=\"text-align:justify;\"><span style=\"font-family:arial, helvetica, sans-serif;font-size:10pt;\">ostrze ksi\u0119\u017cycowe\u00a0<\/span><\/li>\n<p><\/br><\/p>\n<li style=\"text-align:justify;\"><span style=\"font-family:arial, helvetica, sans-serif;font-size:10pt;\">przeznaczenie: obcinanie paznokci<\/span><\/li>\n<p><\/br><\/p>\n<li style=\"text-align:justify;\"><span style=\"font-family:arial, helvetica, sans-serif;font-size:10pt;\">niemiecka stal nierdzewna<\/span><\/li>\n<p><\/br><\/p>\n<li style=\"text-align:justify;\"><span style=\"font-family:arial, helvetica, sans-serif;font-size:10pt;\">design in Germany<\/span><\/li>\n<p><\/br><\/p>\n<li style=\"text-align:justify;\"><span style=\"font-family:arial, helvetica, sans-serif;font-size:10pt;\">dost\u0119pna d\u0142ugo\u015b\u0107: 15 cm<\/span><\/li>\n<p><\/br><\/p>\n<li style=\"text-align:justify;\"><span style=\"font-family:arial, helvetica, sans-serif;font-size:10pt;\">dost\u0119pny wariant: Standard oraz Gold Line<\/span><\/li>\n<p><\/br><\/p>\n<li style=\"text-align:justify;\"><span style=\"font-family:arial, helvetica, sans-serif;font-size:10pt;\">wykonane r\u0119cznie<\/span><\/li>\n<p><\/br><\/p>\n<li style=\"text-align:justify;\"><span style=\"font-family:arial, helvetica, sans-serif;font-size:10pt;\">produkt wielokrotnego u\u017cytku<\/span><\/li>\n<p><\/br><\/p>\n<li style=\"text-align:justify;\"><span style=\"font-family:arial, helvetica, sans-serif;font-size:10pt;\">produkt niesterylny<\/span><\/li>\n<p><\/br><\/p>\n<li style=\"text-align:justify;\"><span style=\"font-family:arial, helvetica, sans-serif;font-size:10pt;\">36 miesi\u0105cy gwarancji<\/span><\/li>\n<p><\/br><\/ul>\n<p><\/br><\/p>\n<h2 style=\"text-align:justify;\"><span style=\"font-family:arial, helvetica, sans-serif;font-size:10pt;\">Zalety wykorzystania &#8211; c\u0119gi do paznokci wrastaj\u0105cych<\/span><\/h2>\n<p><\/br><\/p>\n<ul><\/br><\/p>\n<li style=\"text-align:justify;\"><span style=\"font-family:arial, helvetica, sans-serif;font-size:10pt;\">gwarancja najwy\u017cszej jako\u015bci wykonania<\/span><\/li>\n<p><\/br><\/p>\n<li style=\"text-align:justify;\"><span style=\"font-family:arial, helvetica, sans-serif;font-size:10pt;\">mo\u017cliwo\u015b\u0107 sterylizacji w autoklawie w 134 stopniach<\/span><\/li>\n<p><\/br><\/p>\n<li style=\"text-align:justify;\"><span style=\"font-family:arial, helvetica, sans-serif;font-size:10pt;\">rowkowania zawarte na ramionach dzia\u0142aj\u0105 antypo\u015blizgowo<\/span><\/li>\n<p><\/br><\/p>\n<li style=\"text-align:justify;\"><span style=\"font-family:arial, helvetica, sans-serif;font-size:10pt;\">wykorzystanie wk\u0142adek z w\u0119glika spiekanego przed\u0142u\u017ca \u017cywotno\u015b\u0107 instrumentu oraz zwi\u0119ksza jego precyzje<\/span><\/li>\n<p><\/br><\/p>\n<li style=\"text-align:justify;\"><span style=\"font-family:arial, helvetica, sans-serif;font-size:10pt;\">uniwersalno\u015b\u0107 c\u0119g\u00f3w pozwala na u\u017cytkowanie ich zar\u00f3wno w profesjonalnych gabinetach jak i w domowym zaciszu<\/span><\/li>\n<p><\/br><\/ul>\n<p><\/br><\/p>\n<p style=\"text-align:justify;\"><span style=\"font-family:arial, helvetica, sans-serif;font-size:10pt;\"><span style=\"text-decoration:underline;\">Profesjonalne c\u0119gi do paznokci<\/span> s\u0105 fabrycznie nowe, dok\u0142adnie sprawdzane i kontrolowane na wszystkich etapach produkcji, w celu zapewnienia ich zgodno\u015bci z mi\u0119dzynarodowymi standardami okre\u015blonymi ISO 9001:2008 oraz certyfikatem CE.<\/span><\/p>\n","protected":false},"excerpt":{"rendered":"<p style=\"text-align:justify;\"><span style=\"font-family:arial, helvetica, sans-serif;font-size:10pt;\"><strong>Du\u017ce c\u0119gi do paznokci marki Tendo Soligen<\/strong> to specjalistyczne narz\u0119dzie podologiczne s\u0142u\u017c\u0105ce do obcinania ka\u017cdego rodzaju paznokci (od tych delikatnych po te bardziej wymagaj\u0105ce). Specjalna, ostra ko\u0144c\u00f3wka robocza u\u0142atwia chwyt struktury paznokcia w celu jego skr\u00f3cenia do po\u017c\u0105danej d\u0142ugo\u015bci. Instrument wyposa\u017cono w tzw. podw\u00f3jn\u0105 d\u017awigni\u0119, kt\u00f3ra pozwala zredukowa\u0107 potrzebn\u0105 si\u0142\u0119 do obcinania twardych i problematycznych paznokci. Ergonomiczne, wy\u017c\u0142obione r\u0119koje\u015bci poprawiaj\u0105 chwyt oraz dzia\u0142aj\u0105 antypo\u015blizgowo. System spr\u0119\u017cynowy, po\u0142o\u017cony w g\u00f3rnej cz\u0119\u015bci ramion, wspomaga si\u0142\u0119 nacisku oraz stabilizuje ko\u0144c\u00f3wk\u0119 na paznokciu. Ca\u0142kowita d\u0142ugo\u015b\u0107 narz\u0119dzia wynosi 15 cm. <em>C\u0119gi podologiczne<\/em> zosta\u0142y wykonane ze stali nierdzewnej najwy\u017cszej jako\u015bci o ponadprzeci\u0119tnych w\u0142a\u015bciwo\u015bciach antykorozyjnych. Mo\u017cliwo\u015b\u0107 wielokrotnej sterylizacji w autoklawie oraz myjce. Satynowe wyko\u0144czenie zapobiega refleksom \u015bwietlnym.<\/span><\/p>\n<p><\/br><\/p>\n<p style=\"text-align:justify;\"><span style=\"font-family:arial, helvetica, sans-serif;font-size:10pt;\"><span style=\"text-decoration:underline;\">C\u0119gi do grubych paznokci<\/span> zosta\u0142y wzbogacone o wk\u0142adki z w\u0119glika spiekanego \u2013 materia\u0142u du\u017co wytrzymalszego i precyzyjniejszego od zwyk\u0142ej stali.\u00a0Dodatkowo, w\u0119glik spiekany jest bardziej odporny na p\u0119kanie oraz na wysok\u0105 temperatur\u0119 (a\u017c do 1000 stopni Celsjusza).\u00a0<\/span><\/p>\n<p><\/br><\/p>\n<h1 style=\"text-align:justify;\"><span style=\"font-family:arial, helvetica, sans-serif;font-size:10pt;\">Parametry &#8211; C\u0119gi do obcinania paznokci u n\u00f3g<\/span><\/h1>\n<p><\/br><\/p>\n<ul><\/br><\/p>\n<li style=\"text-align:justify;\"><span style=\"font-family:arial, helvetica, sans-serif;font-size:10pt;\">typ: c\u0119gi ostre, podologia, kosmetyka, Tendo Solingen<\/span><\/li>\n<p><\/br><\/p>\n<li style=\"text-align:justify;\"><span style=\"font-family:arial, helvetica, sans-serif;font-size:10pt;\">ostrze ksi\u0119\u017cycowe\u00a0<\/span><\/li>\n<p><\/br><\/p>\n<li style=\"text-align:justify;\"><span style=\"font-family:arial, helvetica, sans-serif;font-size:10pt;\">przeznaczenie: obcinanie paznokci<\/span><\/li>\n<p><\/br><\/p>\n<li style=\"text-align:justify;\"><span style=\"font-family:arial, helvetica, sans-serif;font-size:10pt;\">niemiecka stal nierdzewna<\/span><\/li>\n<p><\/br><\/p>\n<li style=\"text-align:justify;\"><span style=\"font-family:arial, helvetica, sans-serif;font-size:10pt;\">design in Germany<\/span><\/li>\n<p><\/br><\/p>\n<li style=\"text-align:justify;\"><span style=\"font-family:arial, helvetica, sans-serif;font-size:10pt;\">dost\u0119pna d\u0142ugo\u015b\u0107: 15 cm<\/span><\/li>\n<p><\/br><\/p>\n<li style=\"text-align:justify;\"><span style=\"font-family:arial, helvetica, sans-serif;font-size:10pt;\">dost\u0119pny wariant: Standard oraz Gold Line<\/span><\/li>\n<p><\/br><\/p>\n<li style=\"text-align:justify;\"><span style=\"font-family:arial, helvetica, sans-serif;font-size:10pt;\">wykonane r\u0119cznie<\/span><\/li>\n<p><\/br><\/p>\n<li style=\"text-align:justify;\"><span style=\"font-family:arial, helvetica, sans-serif;font-size:10pt;\">produkt wielokrotnego u\u017cytku<\/span><\/li>\n<p><\/br><\/p>\n<li style=\"text-align:justify;\"><span style=\"font-family:arial, helvetica, sans-serif;font-size:10pt;\">produkt niesterylny<\/span><\/li>\n<p><\/br><\/p>\n<li style=\"text-align:justify;\"><span style=\"font-family:arial, helvetica, sans-serif;font-size:10pt;\">36 miesi\u0105cy gwarancji<\/span><\/li>\n<p><\/br><\/ul>\n<p><\/br><\/p>\n<h2 style=\"text-align:justify;\"><span style=\"font-family:arial, helvetica, sans-serif;font-size:10pt;\">Zalety wykorzystania &#8211; c\u0119gi do paznokci wrastaj\u0105cych<\/span><\/h2>\n<p><\/br><\/p>\n<ul><\/br><\/p>\n<li style=\"text-align:justify;\"><span style=\"font-family:arial, helvetica, sans-serif;font-size:10pt;\">gwarancja najwy\u017cszej jako\u015bci wykonania<\/span><\/li>\n<p><\/br><\/p>\n<li style=\"text-align:justify;\"><span style=\"font-family:arial, helvetica, sans-serif;font-size:10pt;\">mo\u017cliwo\u015b\u0107 sterylizacji w autoklawie w 134 stopniach<\/span><\/li>\n<p><\/br><\/p>\n<li style=\"text-align:justify;\"><span style=\"font-family:arial, helvetica, sans-serif;font-size:10pt;\">rowkowania zawarte na ramionach dzia\u0142aj\u0105 antypo\u015blizgowo<\/span><\/li>\n<p><\/br><\/p>\n<li style=\"text-align:justify;\"><span style=\"font-family:arial, helvetica, sans-serif;font-size:10pt;\">wykorzystanie wk\u0142adek z w\u0119glika spiekanego przed\u0142u\u017ca \u017cywotno\u015b\u0107 instrumentu oraz zwi\u0119ksza jego precyzje<\/span><\/li>\n<p><\/br><\/p>\n<li style=\"text-align:justify;\"><span style=\"font-family:arial, helvetica, sans-serif;font-size:10pt;\">uniwersalno\u015b\u0107 c\u0119g\u00f3w pozwala na u\u017cytkowanie ich zar\u00f3wno w profesjonalnych gabinetach jak i w domowym zaciszu<\/span><\/li>\n<p><\/br><\/ul>\n<p><\/br><\/p>\n<p style=\"text-align:justify;\"><span style=\"font-family:arial, helvetica, sans-serif;font-size:10pt;\"><span style=\"text-decoration:underline;\">Profesjonalne c\u0119gi do paznokci<\/span> s\u0105 fabrycznie nowe, dok\u0142adnie sprawdzane i kontrolowane na wszystkich etapach produkcji, w celu zapewnienia ich zgodno\u015bci z mi\u0119dzynarodowymi standardami okre\u015blonymi ISO 9001:2008 oraz certyfikatem CE.<\/span><\/p>\n","protected":false},"featured_media":1378,"comment_status":"closed","ping_status":"closed","template":"","meta":[],"product_brand":[],"product_cat":[183],"product_tag":[],"class_list":{"0":"post-2506","1":"product","2":"type-product","3":"status-publish","4":"has-post-thumbnail","6":"product_cat-cegi-cazki","8":"first","9":"instock","10":"product-type-simple"},"_links":{"self":[{"href":"https:\/\/tendosolingen.de\/pl\/wp-json\/wp\/v2\/product\/2506","targetHints":{"allow":["GET"]}}],"collection":[{"href":"https:\/\/tendosolingen.de\/pl\/wp-json\/wp\/v2\/product"}],"about":[{"href":"https:\/\/tendosolingen.de\/pl\/wp-json\/wp\/v2\/types\/product"}],"replies":[{"embeddable":true,"href":"https:\/\/tendosolingen.de\/pl\/wp-json\/wp\/v2\/comments?post=2506"}],"wp:featuredmedia":[{"embeddable":true,"href":"https:\/\/tendosolingen.de\/pl\/wp-json\/wp\/v2\/media\/1378"}],"wp:attachment":[{"href":"https:\/\/tendosolingen.de\/pl\/wp-json\/wp\/v2\/media?parent=2506"}],"wp:term":[{"taxonomy":"product_brand","embeddable":true,"href":"https:\/\/tendosolingen.de\/pl\/wp-json\/wp\/v2\/product_brand?post=2506"},{"taxonomy":"product_cat","embeddable":true,"href":"https:\/\/tendosolingen.de\/pl\/wp-json\/wp\/v2\/product_cat?post=2506"},{"taxonomy":"product_tag","embeddable":true,"href":"https:\/\/tendosolingen.de\/pl\/wp-json\/wp\/v2\/product_tag?post=2506"}],"curies":[{"name":"wp","href":"https:\/\/api.w.org\/{rel}","templated":true}]}}