{"id":2505,"date":"2024-04-09T22:38:37","date_gmt":"2024-04-09T20:38:37","guid":{"rendered":"https:\/\/tendosolingen.de\/product\/cegi-do-paznokci-nog-sprezynowe-155-cm-hq\/"},"modified":"2026-01-09T15:10:20","modified_gmt":"2026-01-09T14:10:20","slug":"cegi-do-paznokci-nog-sprezynowe-155-cm-hq","status":"publish","type":"product","link":"https:\/\/tendosolingen.de\/pl\/produkt\/cegi-do-paznokci-nog-sprezynowe-155-cm-hq\/","title":{"rendered":"C\u0119gi do paznokci n\u00f3g spr\u0119\u017cynowe 15,5 cm HQ"},"content":{"rendered":"<p style=\"text-align:left;\"><span style=\"font-family:arial, helvetica, sans-serif;font-size:10pt;\">Podologiczne c\u0119gi medyczne Tendo Solingen to narz\u0119dzie do obcinania, skracania paznokci u st\u00f3p podczas zabieg\u00f3w tj. pomoc skracaniu twardych, grubych czy wrastaj\u0105cych paznokci. W tym celu c\u0105\u017cki do paznokci n\u00f3g posiadaj\u0105 lekko zaokr\u0105glone ostrza umo\u017cliwiaj\u0105ce precyzyjne i \u0142atwe obcinanie nawet twardych paznokci. Co wi\u0119cej, mechanizm podw\u00f3jnej przek\u0142adni zapewnia lepsze roz\u0142o\u017cenie si\u0142y podczas zaciskania obc\u0119g\u00f3w, co zmniejsza obci\u0105\u017cenie r\u0119ki operatora. Sko\u015bnie rowkowane uchwyty gwarantuj\u0105 komfort i bezpiecze\u0144stwo pracy. Produkt zosta\u0142 wykonany z wysokiej jako\u015bci stali. Posiada wk\u0142adk\u0119 z w\u0119glika spiekanego zapewniaj\u0105c\u0105 najwy\u017csz\u0105 twardo\u015b\u0107 i wytrzyma\u0142o\u015b\u0107.<\/span><\/p>\n<p><\/br><\/p>\n<h1 style=\"text-align:left;\"><span style=\"font-family:arial, helvetica, sans-serif;font-size:10pt;\">Parametry spr\u0119\u017cynowych c\u0119g\u00f3w chirurgicznych do paznokci<\/span><\/h1>\n<p><\/br><\/p>\n<ul style=\"text-align:left;\"><\/br><\/p>\n<li><span style=\"font-family:arial, helvetica, sans-serif;font-size:10pt;\">Typ: boczne c\u0119gi podologiczne, do paznokci n\u00f3g, z podw\u00f3jn\u0105 przek\u0142adni\u0105 (spr\u0119\u017cynowe)<\/span><\/li>\n<p><\/br><\/p>\n<li><span style=\"font-family:arial, helvetica, sans-serif;font-size:10pt;\">Przeznaczenie: obcinanie paznokci u st\u00f3p<\/span><\/li>\n<p><\/br><\/p>\n<li><span style=\"font-family:arial, helvetica, sans-serif;font-size:10pt;\">Dost\u0119pna d\u0142ugo\u015b\u0107 instrumentu: 155 mm<\/span><\/li>\n<p><\/br><\/p>\n<li><span style=\"font-family:arial, helvetica, sans-serif;font-size:10pt;\">Dost\u0119pny rodzaj narz\u0119dzia: Premium HQ<\/span><\/li>\n<p><\/br><\/p>\n<li><span style=\"font-family:arial, helvetica, sans-serif;font-size:10pt;\">Wysokiej jako\u015bci stal nierdzewna<\/span><\/li>\n<p><\/br><\/p>\n<li><span style=\"font-family:arial, helvetica, sans-serif;font-size:10pt;\">Produkty wielokrotnego u\u017cytku<\/span><\/li>\n<p><\/br><\/p>\n<li><span style=\"font-family:arial, helvetica, sans-serif;font-size:10pt;\">Produkty niesterylny<\/span><\/li>\n<p><\/br><\/p>\n<li><span style=\"font-family:arial, helvetica, sans-serif;font-size:10pt;\">Niemiecka stal chirurgiczna<\/span><\/li>\n<p><\/br><\/ul>\n<p><\/br><\/p>\n<h2 style=\"text-align:left;\"><span style=\"font-family:arial, helvetica, sans-serif;font-size:10pt;\">Zalety wykorzystania c\u0119g\u00f3w do paznokci u n\u00f3g<\/span><\/h2>\n<p><\/br><\/p>\n<ul style=\"text-align:left;\"><\/br><\/p>\n<li><span style=\"font-family:arial, helvetica, sans-serif;font-size:10pt;\">System spr\u0119\u017cynowy zapewnia p\u0142ynne dzia\u0142anie i umo\u017cliwia dok\u0142adne ustalenie rozwarcia obc\u0119g\u00f3w<\/span><\/li>\n<p><\/br><\/p>\n<li><span style=\"font-family:arial, helvetica, sans-serif;font-size:10pt;\">Podw\u00f3jna przek\u0142adnia pozwala na przecinanie bardzo twardych struktur bez du\u017cego nak\u0142adu si\u0142y<\/span><\/li>\n<p><\/br><\/p>\n<li><span style=\"font-family:arial, helvetica, sans-serif;font-size:10pt;\">Wysokiej jako\u015bci stal nierdzewna posiada wybitne w\u0142a\u015bciwo\u015bci antykorozyjne<\/span><\/li>\n<p><\/br><\/ul>\n<p><\/br><\/p>\n<p style=\"text-align:left;\"><span style=\"font-family:arial, helvetica, sans-serif;font-size:10pt;\">Produkt posiada certyfikaty CE oraz ISO.<\/span><\/p>\n","protected":false},"excerpt":{"rendered":"<p style=\"text-align:left;\"><span style=\"font-family:arial, helvetica, sans-serif;font-size:10pt;\">Podologiczne c\u0119gi medyczne Tendo Solingen to narz\u0119dzie do obcinania, skracania paznokci u st\u00f3p podczas zabieg\u00f3w tj. pomoc skracaniu twardych, grubych czy wrastaj\u0105cych paznokci. W tym celu c\u0105\u017cki do paznokci n\u00f3g posiadaj\u0105 lekko zaokr\u0105glone ostrza umo\u017cliwiaj\u0105ce precyzyjne i \u0142atwe obcinanie nawet twardych paznokci. Co wi\u0119cej, mechanizm podw\u00f3jnej przek\u0142adni zapewnia lepsze roz\u0142o\u017cenie si\u0142y podczas zaciskania obc\u0119g\u00f3w, co zmniejsza obci\u0105\u017cenie r\u0119ki operatora. Sko\u015bnie rowkowane uchwyty gwarantuj\u0105 komfort i bezpiecze\u0144stwo pracy. Produkt zosta\u0142 wykonany z wysokiej jako\u015bci stali. Posiada wk\u0142adk\u0119 z w\u0119glika spiekanego zapewniaj\u0105c\u0105 najwy\u017csz\u0105 twardo\u015b\u0107 i wytrzyma\u0142o\u015b\u0107.<\/span><\/p>\n<p><\/br><\/p>\n<h1 style=\"text-align:left;\"><span style=\"font-family:arial, helvetica, sans-serif;font-size:10pt;\">Parametry spr\u0119\u017cynowych c\u0119g\u00f3w chirurgicznych do paznokci<\/span><\/h1>\n<p><\/br><\/p>\n<ul style=\"text-align:left;\"><\/br><\/p>\n<li><span style=\"font-family:arial, helvetica, sans-serif;font-size:10pt;\">Typ: boczne c\u0119gi podologiczne, do paznokci n\u00f3g, z podw\u00f3jn\u0105 przek\u0142adni\u0105 (spr\u0119\u017cynowe)<\/span><\/li>\n<p><\/br><\/p>\n<li><span style=\"font-family:arial, helvetica, sans-serif;font-size:10pt;\">Przeznaczenie: obcinanie paznokci u st\u00f3p<\/span><\/li>\n<p><\/br><\/p>\n<li><span style=\"font-family:arial, helvetica, sans-serif;font-size:10pt;\">Dost\u0119pna d\u0142ugo\u015b\u0107 instrumentu: 155 mm<\/span><\/li>\n<p><\/br><\/p>\n<li><span style=\"font-family:arial, helvetica, sans-serif;font-size:10pt;\">Dost\u0119pny rodzaj narz\u0119dzia: Premium HQ<\/span><\/li>\n<p><\/br><\/p>\n<li><span style=\"font-family:arial, helvetica, sans-serif;font-size:10pt;\">Wysokiej jako\u015bci stal nierdzewna<\/span><\/li>\n<p><\/br><\/p>\n<li><span style=\"font-family:arial, helvetica, sans-serif;font-size:10pt;\">Produkty wielokrotnego u\u017cytku<\/span><\/li>\n<p><\/br><\/p>\n<li><span style=\"font-family:arial, helvetica, sans-serif;font-size:10pt;\">Produkty niesterylny<\/span><\/li>\n<p><\/br><\/p>\n<li><span style=\"font-family:arial, helvetica, sans-serif;font-size:10pt;\">Niemiecka stal chirurgiczna<\/span><\/li>\n<p><\/br><\/ul>\n<p><\/br><\/p>\n<h2 style=\"text-align:left;\"><span style=\"font-family:arial, helvetica, sans-serif;font-size:10pt;\">Zalety wykorzystania c\u0119g\u00f3w do paznokci u n\u00f3g<\/span><\/h2>\n<p><\/br><\/p>\n<ul style=\"text-align:left;\"><\/br><\/p>\n<li><span style=\"font-family:arial, helvetica, sans-serif;font-size:10pt;\">System spr\u0119\u017cynowy zapewnia p\u0142ynne dzia\u0142anie i umo\u017cliwia dok\u0142adne ustalenie rozwarcia obc\u0119g\u00f3w<\/span><\/li>\n<p><\/br><\/p>\n<li><span style=\"font-family:arial, helvetica, sans-serif;font-size:10pt;\">Podw\u00f3jna przek\u0142adnia pozwala na przecinanie bardzo twardych struktur bez du\u017cego nak\u0142adu si\u0142y<\/span><\/li>\n<p><\/br><\/p>\n<li><span style=\"font-family:arial, helvetica, sans-serif;font-size:10pt;\">Wysokiej jako\u015bci stal nierdzewna posiada wybitne w\u0142a\u015bciwo\u015bci antykorozyjne<\/span><\/li>\n<p><\/br><\/ul>\n<p><\/br><\/p>\n<p style=\"text-align:left;\"><span style=\"font-family:arial, helvetica, sans-serif;font-size:10pt;\">Produkt posiada certyfikaty CE oraz ISO.<\/span><\/p>\n","protected":false},"featured_media":1374,"comment_status":"closed","ping_status":"closed","template":"","meta":[],"product_brand":[],"product_cat":[183],"product_tag":[],"class_list":{"0":"post-2505","1":"product","2":"type-product","3":"status-publish","4":"has-post-thumbnail","6":"product_cat-cegi-cazki","8":"first","9":"instock","10":"product-type-simple"},"_links":{"self":[{"href":"https:\/\/tendosolingen.de\/pl\/wp-json\/wp\/v2\/product\/2505","targetHints":{"allow":["GET"]}}],"collection":[{"href":"https:\/\/tendosolingen.de\/pl\/wp-json\/wp\/v2\/product"}],"about":[{"href":"https:\/\/tendosolingen.de\/pl\/wp-json\/wp\/v2\/types\/product"}],"replies":[{"embeddable":true,"href":"https:\/\/tendosolingen.de\/pl\/wp-json\/wp\/v2\/comments?post=2505"}],"wp:featuredmedia":[{"embeddable":true,"href":"https:\/\/tendosolingen.de\/pl\/wp-json\/wp\/v2\/media\/1374"}],"wp:attachment":[{"href":"https:\/\/tendosolingen.de\/pl\/wp-json\/wp\/v2\/media?parent=2505"}],"wp:term":[{"taxonomy":"product_brand","embeddable":true,"href":"https:\/\/tendosolingen.de\/pl\/wp-json\/wp\/v2\/product_brand?post=2505"},{"taxonomy":"product_cat","embeddable":true,"href":"https:\/\/tendosolingen.de\/pl\/wp-json\/wp\/v2\/product_cat?post=2505"},{"taxonomy":"product_tag","embeddable":true,"href":"https:\/\/tendosolingen.de\/pl\/wp-json\/wp\/v2\/product_tag?post=2505"}],"curies":[{"name":"wp","href":"https:\/\/api.w.org\/{rel}","templated":true}]}}