{"id":2504,"date":"2024-04-09T22:38:37","date_gmt":"2024-04-09T20:38:37","guid":{"rendered":"https:\/\/tendosolingen.de\/product\/cegi-boczne-do-wrastajacych-paznokci-14-cm-tendo-solingen-hq-gold-line\/"},"modified":"2026-01-09T15:10:27","modified_gmt":"2026-01-09T14:10:27","slug":"cegi-boczne-do-wrastajacych-paznokci-14-cm-tendo-solingen-hq-gold-line","status":"publish","type":"product","link":"https:\/\/tendosolingen.de\/pl\/produkt\/cegi-boczne-do-wrastajacych-paznokci-14-cm-tendo-solingen-hq-gold-line\/","title":{"rendered":"C\u0119gi boczne do wrastaj\u0105cych paznokci 14 cm Tendo Solingen HQ Gold Line"},"content":{"rendered":"<p style=\"text-align:left;\"><span style=\"font-family:arial, helvetica, sans-serif;font-size:10pt;\">Boczne c\u0119gi do paznokci marki Tendo Solingen to wyspecjalizowane narz\u0119dzie\u00a0medyczne wykorzystywane podczas zabieg\u00f3w podologicznych (tzw. pedicure leczniczy), zwi\u0105zanych z leczeniem schorze\u0144 wyst\u0119puj\u0105cych w obr\u0119bie p\u0142ytki paznokcia. Idealne do wycinania sk\u00f3rek oraz skracania delikatnych i cienkich paznokci, jak r\u00f3wnie\u017c do wycinania wrastaj\u0105cych paznokci. Instrument obcina paznokcie na prosto. Ko\u0144c\u00f3wka jest zw\u0119\u017cana i ostro zako\u0144czona, co doskonale sprawdzi si\u0119 do usuni\u0119cia g\u0142\u0119boko wro\u015bni\u0119tej cz\u0119\u015bci paznokcia. System spr\u0119\u017cynowy pozwoli regulowa\u0107 i stabilizowa\u0107 si\u0142\u0119 nacisku. Ergonomiczna r\u0119koje\u015b\u0107 idealnie przylega do d\u0142oni i gwarantuje komfort pracy. Trzony posiadaj\u0105 antypo\u015blizgowe \u017c\u0142obienia, zmniejszaj\u0105ce ryzyko wy\u015blizgni\u0119cia si\u0119 narz\u0119dzia z r\u0119ki. Wk\u0142adka z w\u0119glika spiekanego zapewnia najwy\u017csz\u0105 jako\u015b\u0107 i twardo\u015b\u0107 instrumentu podologicznego. C\u0119gi wykonano z jako\u015bci stali nierdzewnej, zapobiegaj\u0105c korozji. Posiadaj\u0105 satynowe wyko\u0144czenie. Mo\u017cliwo\u015b\u0107 wielokrotnej sterylizacji.<\/span><\/p>\n<p><\/br><\/p>\n<h1 style=\"text-align:left;\"><span style=\"font-family:arial, helvetica, sans-serif;font-size:10pt;\">Parametry c\u0119g\u00f3w chirurgicznych do\u00a0pedicure i paznokci<\/span><\/h1>\n<p><\/br><\/p>\n<ul style=\"text-align:left;\"><\/br><\/p>\n<li style=\"text-align:justify;\"><span style=\"font-family:arial, helvetica, sans-serif;font-size:10pt;\">Typ: c\u0119gi, do paznokci, podologiczne, TC<\/span><\/li>\n<p><\/br><\/p>\n<li style=\"text-align:justify;\"><span style=\"font-family:arial, helvetica, sans-serif;font-size:10pt;\">Przeznaczenie: skracanie cienkich paznokci, usuwanie sk\u00f3rek i wrastaj\u0105cej cz\u0119\u015bci paznokcia<\/span><\/li>\n<p><\/br><\/p>\n<li style=\"text-align:justify;\"><span style=\"font-family:arial, helvetica, sans-serif;font-size:10pt;\">Dost\u0119pna d\u0142ugo\u015b\u0107: 14 cm<\/span><\/li>\n<p><\/br><\/p>\n<li style=\"text-align:justify;\"><span style=\"font-family:arial, helvetica, sans-serif;font-size:10pt;\">Wykonane r\u0119cznie<\/span><\/li>\n<p><\/br><\/p>\n<li style=\"text-align:justify;\"><span style=\"font-family:arial, helvetica, sans-serif;font-size:10pt;\">Produkt wielokrotnego u\u017cytku<\/span><\/li>\n<p><\/br><\/p>\n<li style=\"text-align:justify;\"><span style=\"font-family:arial, helvetica, sans-serif;font-size:10pt;\">Produkt niesterylny<\/span><\/li>\n<p><\/br><\/p>\n<li style=\"text-align:justify;\"><span style=\"font-family:arial, helvetica, sans-serif;font-size:10pt;\">Gwarancja 3 lata\u00a0<\/span><\/li>\n<p><\/br><\/p>\n<li style=\"text-align:justify;\"><span style=\"font-family:arial, helvetica, sans-serif;font-size:10pt;\">Wykonanie z niemieckiej stali chirurgicznej<\/span><\/li>\n<p><\/br><\/ul>\n<p><\/br><\/p>\n<h2 style=\"text-align:left;\"><span style=\"font-family:arial, helvetica, sans-serif;font-size:10pt;\">Zalety wykorzystania bocznych c\u0119g\u00f3w do paznokci u n\u00f3g Solingen<\/span><\/h2>\n<p><\/br><\/p>\n<ul style=\"text-align:left;\"><\/br><\/p>\n<li style=\"text-align:justify;\"><span style=\"font-family:arial, helvetica, sans-serif;font-size:10pt;\">System spr\u0119\u017cynowy umo\u017cliwia stosowanie r\u00f3\u017cnych si\u0142 nacisku<\/span><\/li>\n<p><\/br><\/p>\n<li style=\"text-align:justify;\"><span style=\"font-family:arial, helvetica, sans-serif;font-size:10pt;\">Ergonomiczny kszta\u0142t gwarantuje komfort pracy podczas u\u017cytkowania produktu<\/span><\/li>\n<p><\/br><\/p>\n<li style=\"text-align:justify;\"><span style=\"font-family:arial, helvetica, sans-serif;font-size:10pt;\">Mo\u017cliwo\u015b\u0107 sterylizacji w autoklawie<\/span><\/li>\n<p><\/br><\/p>\n<li style=\"text-align:justify;\"><span style=\"font-family:arial, helvetica, sans-serif;font-size:10pt;\">Wk\u0142adka z w\u0119glika spiekanego zwi\u0119ksza trwa\u0142o\u015b\u0107 i jako\u015b\u0107<\/span><\/li>\n<p><\/br><\/p>\n<li style=\"text-align:justify;\"><span style=\"font-family:arial, helvetica, sans-serif;font-size:10pt;\">Wykonane ze stali nierdzewnej najwy\u017cszej jako\u015bci o ponadprzeci\u0119tnych w\u0142a\u015bciwo\u015bciach antykorozyjnych<\/span><\/li>\n<p><\/br><\/ul>\n<p><\/br><\/p>\n<p style=\"text-align:left;\"><span style=\"font-family:arial, helvetica, sans-serif;font-size:10pt;\">Produkt posiada certyfikaty CE oraz ISO.<\/span><\/p>\n","protected":false},"excerpt":{"rendered":"<p style=\"text-align:left;\"><span style=\"font-family:arial, helvetica, sans-serif;font-size:10pt;\">Boczne c\u0119gi do paznokci marki Tendo Solingen to wyspecjalizowane narz\u0119dzie\u00a0medyczne wykorzystywane podczas zabieg\u00f3w podologicznych (tzw. pedicure leczniczy), zwi\u0105zanych z leczeniem schorze\u0144 wyst\u0119puj\u0105cych w obr\u0119bie p\u0142ytki paznokcia. Idealne do wycinania sk\u00f3rek oraz skracania delikatnych i cienkich paznokci, jak r\u00f3wnie\u017c do wycinania wrastaj\u0105cych paznokci. Instrument obcina paznokcie na prosto. Ko\u0144c\u00f3wka jest zw\u0119\u017cana i ostro zako\u0144czona, co doskonale sprawdzi si\u0119 do usuni\u0119cia g\u0142\u0119boko wro\u015bni\u0119tej cz\u0119\u015bci paznokcia. System spr\u0119\u017cynowy pozwoli regulowa\u0107 i stabilizowa\u0107 si\u0142\u0119 nacisku. Ergonomiczna r\u0119koje\u015b\u0107 idealnie przylega do d\u0142oni i gwarantuje komfort pracy. Trzony posiadaj\u0105 antypo\u015blizgowe \u017c\u0142obienia, zmniejszaj\u0105ce ryzyko wy\u015blizgni\u0119cia si\u0119 narz\u0119dzia z r\u0119ki. Wk\u0142adka z w\u0119glika spiekanego zapewnia najwy\u017csz\u0105 jako\u015b\u0107 i twardo\u015b\u0107 instrumentu podologicznego. C\u0119gi wykonano z jako\u015bci stali nierdzewnej, zapobiegaj\u0105c korozji. Posiadaj\u0105 satynowe wyko\u0144czenie. Mo\u017cliwo\u015b\u0107 wielokrotnej sterylizacji.<\/span><\/p>\n<p><\/br><\/p>\n<h1 style=\"text-align:left;\"><span style=\"font-family:arial, helvetica, sans-serif;font-size:10pt;\">Parametry c\u0119g\u00f3w chirurgicznych do\u00a0pedicure i paznokci<\/span><\/h1>\n<p><\/br><\/p>\n<ul style=\"text-align:left;\"><\/br><\/p>\n<li style=\"text-align:justify;\"><span style=\"font-family:arial, helvetica, sans-serif;font-size:10pt;\">Typ: c\u0119gi, do paznokci, podologiczne, TC<\/span><\/li>\n<p><\/br><\/p>\n<li style=\"text-align:justify;\"><span style=\"font-family:arial, helvetica, sans-serif;font-size:10pt;\">Przeznaczenie: skracanie cienkich paznokci, usuwanie sk\u00f3rek i wrastaj\u0105cej cz\u0119\u015bci paznokcia<\/span><\/li>\n<p><\/br><\/p>\n<li style=\"text-align:justify;\"><span style=\"font-family:arial, helvetica, sans-serif;font-size:10pt;\">Dost\u0119pna d\u0142ugo\u015b\u0107: 14 cm<\/span><\/li>\n<p><\/br><\/p>\n<li style=\"text-align:justify;\"><span style=\"font-family:arial, helvetica, sans-serif;font-size:10pt;\">Wykonane r\u0119cznie<\/span><\/li>\n<p><\/br><\/p>\n<li style=\"text-align:justify;\"><span style=\"font-family:arial, helvetica, sans-serif;font-size:10pt;\">Produkt wielokrotnego u\u017cytku<\/span><\/li>\n<p><\/br><\/p>\n<li style=\"text-align:justify;\"><span style=\"font-family:arial, helvetica, sans-serif;font-size:10pt;\">Produkt niesterylny<\/span><\/li>\n<p><\/br><\/p>\n<li style=\"text-align:justify;\"><span style=\"font-family:arial, helvetica, sans-serif;font-size:10pt;\">Gwarancja 3 lata\u00a0<\/span><\/li>\n<p><\/br><\/p>\n<li style=\"text-align:justify;\"><span style=\"font-family:arial, helvetica, sans-serif;font-size:10pt;\">Wykonanie z niemieckiej stali chirurgicznej<\/span><\/li>\n<p><\/br><\/ul>\n<p><\/br><\/p>\n<h2 style=\"text-align:left;\"><span style=\"font-family:arial, helvetica, sans-serif;font-size:10pt;\">Zalety wykorzystania bocznych c\u0119g\u00f3w do paznokci u n\u00f3g Solingen<\/span><\/h2>\n<p><\/br><\/p>\n<ul style=\"text-align:left;\"><\/br><\/p>\n<li style=\"text-align:justify;\"><span style=\"font-family:arial, helvetica, sans-serif;font-size:10pt;\">System spr\u0119\u017cynowy umo\u017cliwia stosowanie r\u00f3\u017cnych si\u0142 nacisku<\/span><\/li>\n<p><\/br><\/p>\n<li style=\"text-align:justify;\"><span style=\"font-family:arial, helvetica, sans-serif;font-size:10pt;\">Ergonomiczny kszta\u0142t gwarantuje komfort pracy podczas u\u017cytkowania produktu<\/span><\/li>\n<p><\/br><\/p>\n<li style=\"text-align:justify;\"><span style=\"font-family:arial, helvetica, sans-serif;font-size:10pt;\">Mo\u017cliwo\u015b\u0107 sterylizacji w autoklawie<\/span><\/li>\n<p><\/br><\/p>\n<li style=\"text-align:justify;\"><span style=\"font-family:arial, helvetica, sans-serif;font-size:10pt;\">Wk\u0142adka z w\u0119glika spiekanego zwi\u0119ksza trwa\u0142o\u015b\u0107 i jako\u015b\u0107<\/span><\/li>\n<p><\/br><\/p>\n<li style=\"text-align:justify;\"><span style=\"font-family:arial, helvetica, sans-serif;font-size:10pt;\">Wykonane ze stali nierdzewnej najwy\u017cszej jako\u015bci o ponadprzeci\u0119tnych w\u0142a\u015bciwo\u015bciach antykorozyjnych<\/span><\/li>\n<p><\/br><\/ul>\n<p><\/br><\/p>\n<p style=\"text-align:left;\"><span style=\"font-family:arial, helvetica, sans-serif;font-size:10pt;\">Produkt posiada certyfikaty CE oraz ISO.<\/span><\/p>\n","protected":false},"featured_media":1370,"comment_status":"closed","ping_status":"closed","template":"","meta":[],"product_brand":[],"product_cat":[183],"product_tag":[],"class_list":{"0":"post-2504","1":"product","2":"type-product","3":"status-publish","4":"has-post-thumbnail","6":"product_cat-cegi-cazki","8":"first","9":"instock","10":"product-type-simple"},"_links":{"self":[{"href":"https:\/\/tendosolingen.de\/pl\/wp-json\/wp\/v2\/product\/2504","targetHints":{"allow":["GET"]}}],"collection":[{"href":"https:\/\/tendosolingen.de\/pl\/wp-json\/wp\/v2\/product"}],"about":[{"href":"https:\/\/tendosolingen.de\/pl\/wp-json\/wp\/v2\/types\/product"}],"replies":[{"embeddable":true,"href":"https:\/\/tendosolingen.de\/pl\/wp-json\/wp\/v2\/comments?post=2504"}],"wp:featuredmedia":[{"embeddable":true,"href":"https:\/\/tendosolingen.de\/pl\/wp-json\/wp\/v2\/media\/1370"}],"wp:attachment":[{"href":"https:\/\/tendosolingen.de\/pl\/wp-json\/wp\/v2\/media?parent=2504"}],"wp:term":[{"taxonomy":"product_brand","embeddable":true,"href":"https:\/\/tendosolingen.de\/pl\/wp-json\/wp\/v2\/product_brand?post=2504"},{"taxonomy":"product_cat","embeddable":true,"href":"https:\/\/tendosolingen.de\/pl\/wp-json\/wp\/v2\/product_cat?post=2504"},{"taxonomy":"product_tag","embeddable":true,"href":"https:\/\/tendosolingen.de\/pl\/wp-json\/wp\/v2\/product_tag?post=2504"}],"curies":[{"name":"wp","href":"https:\/\/api.w.org\/{rel}","templated":true}]}}