{"id":2503,"date":"2024-04-09T22:38:37","date_gmt":"2024-04-09T20:38:37","guid":{"rendered":"https:\/\/tendosolingen.de\/product\/podologiczne-cazki-boczne-do-wrastajacych-paznokci-solingen-11-5-cm-hq\/"},"modified":"2026-01-09T15:09:24","modified_gmt":"2026-01-09T14:09:24","slug":"podologiczne-cazki-boczne-do-wrastajacych-paznokci-solingen-11-5-cm-hq","status":"publish","type":"product","link":"https:\/\/tendosolingen.de\/pl\/produkt\/podologiczne-cazki-boczne-do-wrastajacych-paznokci-solingen-11-5-cm-hq\/","title":{"rendered":"Podologiczne c\u0105\u017cki boczne do wrastaj\u0105cych paznokci Solingen 11.5 cm HQ"},"content":{"rendered":"<p><span style=\"font-family:arial, helvetica, sans-serif;font-size:10pt;\">Boczne c\u0105\u017cki do wrastaj\u0105cych paznokci Tendo Solingen, medyczne to instrument wykorzystywany do obcinania i usuwania paznokci u st\u00f3p do zabieg\u00f3w podologicznych podczas leczenia chor\u00f3b st\u00f3p np. zmian cukrzycowych. W tym celu obcinaczka posiada ostro zako\u0144czone\u00a0szczypce pozwalaj\u0105ce na dok\u0142adne obcinanie twardych struktur\u00a0i ich podwa\u017canie. Ponadto, cz\u0119\u015b\u0107 pracuj\u0105ca z wk\u0142adk\u0105 z w\u0119glika spiekanego zapewnia ponadprzeci\u0119tn\u0105 twardo\u015b\u0107 i wytrzyma\u0142o\u015b\u0107 ko\u0144c\u00f3wki. Obc\u0119gi posiadaj\u0105 tak\u017ce wygodne uchwyty antypo\u015blizgowe zmniejszaj\u0105ce zm\u0119czenie r\u0119ki operatora podczas pracy z narz\u0119dziem. Produkt zosta\u0142 wykonany z wysokiej jako\u015bci stali nierdzewnej o bardzo dobrych w\u0142a\u015bciwo\u015bciach antykorozyjnych.<\/span><\/p>\n<p><\/br><\/p>\n<h1><span style=\"font-family:arial, helvetica, sans-serif;font-size:10pt;\">Parametry podologicznych c\u0105\u017cek do wrastaj\u0105cych paznokci<\/span><\/h1>\n<p><\/br><\/p>\n<ul><\/br><\/p>\n<li><span style=\"font-family:arial, helvetica, sans-serif;font-size:10pt;\">Typ: c\u0119gi podologiczne, do paznokci, HQ<\/span><\/li>\n<p><\/br><\/p>\n<li><span style=\"font-family:arial, helvetica, sans-serif;font-size:10pt;\">Przeznaczenie: obcinanie i usuwanie wrastaj\u0105cych paznokci u\u00a0n\u00f3g, tak\u017ce zrogowacia\u0142ych<\/span><\/li>\n<p><\/br><\/p>\n<li><span style=\"font-family:arial, helvetica, sans-serif;font-size:10pt;\">Dost\u0119pna d\u0142ugo\u015b\u0107 instrumentu: 115 mm<\/span><\/li>\n<p><\/br><\/p>\n<li><span style=\"font-family:arial, helvetica, sans-serif;font-size:10pt;\">Dost\u0119pny rodzaj narz\u0119dzia: Premium<\/span><\/li>\n<p><\/br><\/p>\n<li><span style=\"font-family:arial, helvetica, sans-serif;font-size:10pt;\">Wysokiej jako\u015bci stal nierdzewna<\/span><\/li>\n<p><\/br><\/p>\n<li><span style=\"font-family:arial, helvetica, sans-serif;font-size:10pt;\">Produkty wielokrotnego u\u017cytku<\/span><\/li>\n<p><\/br><\/p>\n<li><span style=\"font-family:arial, helvetica, sans-serif;font-size:10pt;\">Produkty niesterylny<\/span><\/li>\n<p><\/br><\/p>\n<li><span style=\"font-family:arial, helvetica, sans-serif;font-size:10pt;\">Z niemieckiej stali nierdzewnej<\/span><\/li>\n<p><\/br><\/ul>\n<p><\/br><\/p>\n<table style=\"height:100px;width:350px;border:1px solid #a19c9c;\">\n<caption><span style=\"font-family:arial, helvetica, sans-serif;\"><span style=\"font-size:13.3333px;\"><strong>Parametry\u00a0c\u0105\u017cek bocznych do wrastaj\u0105cych paznokci<\/strong><\/span><\/span><\/caption>\n<p><\/br><\/p>\n<tbody><\/br><\/p>\n<tr style=\"height:18px;\"><\/br><\/p>\n<td style=\"width:170px;height:18px;border:1px solid #a19c9c;text-align:center;\"><span style=\"font-family:arial, helvetica, sans-serif;\"><strong><span style=\"font-size:10pt;\">Opis<\/span><\/strong><\/span><\/td>\n<p><\/br><\/p>\n<td style=\"width:170px;height:18px;border:1px solid #a19c9c;text-align:center;\"><span style=\"font-family:arial, helvetica, sans-serif;\"><strong><span style=\"font-size:10pt;\">Wymiary<\/span><\/strong><\/span><\/td>\n<p><\/br><\/tr>\n<p><\/br><\/p>\n<tr style=\"height:18px;\"><\/br><\/p>\n<td style=\"width:170px;height:18px;border:1px solid #a19c9c;text-align:center;\"><span style=\"font-family:arial, helvetica, sans-serif;font-size:10pt;\">D\u0142ugo\u015b\u0107\u00a0instrumentu<\/span><\/td>\n<p><\/br><\/p>\n<td style=\"width:170px;height:18px;border:1px solid #a19c9c;text-align:center;\"><span style=\"font-family:arial, helvetica, sans-serif;font-size:10pt;\">11.5 cm<\/span><\/td>\n<p><\/br><\/tr>\n<p><\/br><\/p>\n<tr style=\"height:18px;\"><\/br><\/p>\n<td style=\"width:170px;height:18px;border:1px solid #a19c9c;text-align:center;\"><span style=\"font-family:arial, helvetica, sans-serif;font-size:10pt;\">D\u0142ugo\u015b\u0107\u00a0uchwytu<\/span><\/td>\n<p><\/br><\/p>\n<td style=\"width:170px;height:18px;border:1px solid #a19c9c;text-align:center;\"><span style=\"font-family:arial, helvetica, sans-serif;font-size:10pt;\">8 cm<\/span><\/td>\n<p><\/br><\/tr>\n<p><\/br><\/p>\n<tr style=\"height:18.4375px;\"><\/br><\/p>\n<td style=\"width:170px;height:18px;border:1px solid #a19c9c;text-align:center;\"><span style=\"font-family:arial, helvetica, sans-serif;font-size:10pt;\">D\u0142ugo\u015b\u0107\u00a0ostrza<\/span><\/td>\n<p><\/br><\/p>\n<td style=\"width:170px;height:18px;border:1px solid #a19c9c;text-align:center;\"><span style=\"font-family:arial, helvetica, sans-serif;font-size:10pt;\">1.5 cm<\/span><\/td>\n<p><\/br><\/tr>\n<p><\/br><\/p>\n<tr style=\"height:18.4375px;\"><\/br><\/p>\n<td style=\"width:170px;height:18px;border:1px solid #a19c9c;text-align:center;\"><span style=\"font-family:arial, helvetica, sans-serif;font-size:10pt;\">Szeroko\u015b\u0107\u00a0ostrza<\/span><\/td>\n<p><\/br><\/p>\n<td style=\"width:170px;height:18px;border:1px solid #a19c9c;text-align:center;\"><span style=\"font-family:arial, helvetica, sans-serif;font-size:10pt;\">0.6 cm<\/span><\/td>\n<p><\/br><\/tr>\n<p><\/br><\/tbody>\n<p><\/br><\/table>\n<p><\/br><\/p>\n<h2><span style=\"font-family:arial, helvetica, sans-serif;font-size:10pt;\">Zalety wykorzystania c\u0105\u017cek do paznokci wrastaj\u0105cych Solingen<\/span><\/h2>\n<p><\/br><\/p>\n<ul><\/br><\/p>\n<li><span style=\"font-family:arial, helvetica, sans-serif;font-size:10pt;\">Wk\u0142adka z w\u0119glika spiekanego zapewnia najwy\u017csz\u0105 jako\u015b\u0107 wykonania i d\u0142ugotrwa\u0142o\u015b\u0107 c\u0119g\u00f3w<\/span><\/li>\n<p><\/br><\/p>\n<li><span style=\"font-family:arial, helvetica, sans-serif;font-size:10pt;\">System spr\u0119\u017cynowy zapewnia p\u0142ynno\u015b\u0107 dzia\u0142ania i pozwala na dok\u0142adne dostosowywanie si\u0142y zacisku<\/span><\/li>\n<p><\/br><\/p>\n<li><span style=\"font-family:arial, helvetica, sans-serif;font-size:10pt;\">Wysokiej jako\u015bci stal nierdzewna daje mo\u017cliwo\u015b\u0107 wielokrotnego u\u017cycia instrumentu<\/span><\/li>\n<p><\/br><\/ul>\n<p><\/br><\/p>\n<p><span style=\"font-family:arial, helvetica, sans-serif;font-size:10pt;\">Produkt posiada certyfikaty CE oraz ISO.<\/span><\/p>\n","protected":false},"excerpt":{"rendered":"<p><span style=\"font-family:arial, helvetica, sans-serif;font-size:10pt;\">Boczne c\u0105\u017cki do wrastaj\u0105cych paznokci Tendo Solingen, medyczne to instrument wykorzystywany do obcinania i usuwania paznokci u st\u00f3p do zabieg\u00f3w podologicznych podczas leczenia chor\u00f3b st\u00f3p np. zmian cukrzycowych. W tym celu obcinaczka posiada ostro zako\u0144czone\u00a0szczypce pozwalaj\u0105ce na dok\u0142adne obcinanie twardych struktur\u00a0i ich podwa\u017canie. Ponadto, cz\u0119\u015b\u0107 pracuj\u0105ca z wk\u0142adk\u0105 z w\u0119glika spiekanego zapewnia ponadprzeci\u0119tn\u0105 twardo\u015b\u0107 i wytrzyma\u0142o\u015b\u0107 ko\u0144c\u00f3wki. Obc\u0119gi posiadaj\u0105 tak\u017ce wygodne uchwyty antypo\u015blizgowe zmniejszaj\u0105ce zm\u0119czenie r\u0119ki operatora podczas pracy z narz\u0119dziem. Produkt zosta\u0142 wykonany z wysokiej jako\u015bci stali nierdzewnej o bardzo dobrych w\u0142a\u015bciwo\u015bciach antykorozyjnych.<\/span><\/p>\n<p><\/br><\/p>\n<h1><span style=\"font-family:arial, helvetica, sans-serif;font-size:10pt;\">Parametry podologicznych c\u0105\u017cek do wrastaj\u0105cych paznokci<\/span><\/h1>\n<p><\/br><\/p>\n<ul><\/br><\/p>\n<li><span style=\"font-family:arial, helvetica, sans-serif;font-size:10pt;\">Typ: c\u0119gi podologiczne, do paznokci, HQ<\/span><\/li>\n<p><\/br><\/p>\n<li><span style=\"font-family:arial, helvetica, sans-serif;font-size:10pt;\">Przeznaczenie: obcinanie i usuwanie wrastaj\u0105cych paznokci u\u00a0n\u00f3g, tak\u017ce zrogowacia\u0142ych<\/span><\/li>\n<p><\/br><\/p>\n<li><span style=\"font-family:arial, helvetica, sans-serif;font-size:10pt;\">Dost\u0119pna d\u0142ugo\u015b\u0107 instrumentu: 115 mm<\/span><\/li>\n<p><\/br><\/p>\n<li><span style=\"font-family:arial, helvetica, sans-serif;font-size:10pt;\">Dost\u0119pny rodzaj narz\u0119dzia: Premium<\/span><\/li>\n<p><\/br><\/p>\n<li><span style=\"font-family:arial, helvetica, sans-serif;font-size:10pt;\">Wysokiej jako\u015bci stal nierdzewna<\/span><\/li>\n<p><\/br><\/p>\n<li><span style=\"font-family:arial, helvetica, sans-serif;font-size:10pt;\">Produkty wielokrotnego u\u017cytku<\/span><\/li>\n<p><\/br><\/p>\n<li><span style=\"font-family:arial, helvetica, sans-serif;font-size:10pt;\">Produkty niesterylny<\/span><\/li>\n<p><\/br><\/p>\n<li><span style=\"font-family:arial, helvetica, sans-serif;font-size:10pt;\">Z niemieckiej stali nierdzewnej<\/span><\/li>\n<p><\/br><\/ul>\n<p><\/br><\/p>\n<table style=\"height:100px;width:350px;border:1px solid #a19c9c;\">\n<caption><span style=\"font-family:arial, helvetica, sans-serif;\"><span style=\"font-size:13.3333px;\"><strong>Parametry\u00a0c\u0105\u017cek bocznych do wrastaj\u0105cych paznokci<\/strong><\/span><\/span><\/caption>\n<p><\/br><\/p>\n<tbody><\/br><\/p>\n<tr style=\"height:18px;\"><\/br><\/p>\n<td style=\"width:170px;height:18px;border:1px solid #a19c9c;text-align:center;\"><span style=\"font-family:arial, helvetica, sans-serif;\"><strong><span style=\"font-size:10pt;\">Opis<\/span><\/strong><\/span><\/td>\n<p><\/br><\/p>\n<td style=\"width:170px;height:18px;border:1px solid #a19c9c;text-align:center;\"><span style=\"font-family:arial, helvetica, sans-serif;\"><strong><span style=\"font-size:10pt;\">Wymiary<\/span><\/strong><\/span><\/td>\n<p><\/br><\/tr>\n<p><\/br><\/p>\n<tr style=\"height:18px;\"><\/br><\/p>\n<td style=\"width:170px;height:18px;border:1px solid #a19c9c;text-align:center;\"><span style=\"font-family:arial, helvetica, sans-serif;font-size:10pt;\">D\u0142ugo\u015b\u0107\u00a0instrumentu<\/span><\/td>\n<p><\/br><\/p>\n<td style=\"width:170px;height:18px;border:1px solid #a19c9c;text-align:center;\"><span style=\"font-family:arial, helvetica, sans-serif;font-size:10pt;\">11.5 cm<\/span><\/td>\n<p><\/br><\/tr>\n<p><\/br><\/p>\n<tr style=\"height:18px;\"><\/br><\/p>\n<td style=\"width:170px;height:18px;border:1px solid #a19c9c;text-align:center;\"><span style=\"font-family:arial, helvetica, sans-serif;font-size:10pt;\">D\u0142ugo\u015b\u0107\u00a0uchwytu<\/span><\/td>\n<p><\/br><\/p>\n<td style=\"width:170px;height:18px;border:1px solid #a19c9c;text-align:center;\"><span style=\"font-family:arial, helvetica, sans-serif;font-size:10pt;\">8 cm<\/span><\/td>\n<p><\/br><\/tr>\n<p><\/br><\/p>\n<tr style=\"height:18.4375px;\"><\/br><\/p>\n<td style=\"width:170px;height:18px;border:1px solid #a19c9c;text-align:center;\"><span style=\"font-family:arial, helvetica, sans-serif;font-size:10pt;\">D\u0142ugo\u015b\u0107\u00a0ostrza<\/span><\/td>\n<p><\/br><\/p>\n<td style=\"width:170px;height:18px;border:1px solid #a19c9c;text-align:center;\"><span style=\"font-family:arial, helvetica, sans-serif;font-size:10pt;\">1.5 cm<\/span><\/td>\n<p><\/br><\/tr>\n<p><\/br><\/p>\n<tr style=\"height:18.4375px;\"><\/br><\/p>\n<td style=\"width:170px;height:18px;border:1px solid #a19c9c;text-align:center;\"><span style=\"font-family:arial, helvetica, sans-serif;font-size:10pt;\">Szeroko\u015b\u0107\u00a0ostrza<\/span><\/td>\n<p><\/br><\/p>\n<td style=\"width:170px;height:18px;border:1px solid #a19c9c;text-align:center;\"><span style=\"font-family:arial, helvetica, sans-serif;font-size:10pt;\">0.6 cm<\/span><\/td>\n<p><\/br><\/tr>\n<p><\/br><\/tbody>\n<p><\/br><\/table>\n<p><\/br><\/p>\n<h2><span style=\"font-family:arial, helvetica, sans-serif;font-size:10pt;\">Zalety wykorzystania c\u0105\u017cek do paznokci wrastaj\u0105cych Solingen<\/span><\/h2>\n<p><\/br><\/p>\n<ul><\/br><\/p>\n<li><span style=\"font-family:arial, helvetica, sans-serif;font-size:10pt;\">Wk\u0142adka z w\u0119glika spiekanego zapewnia najwy\u017csz\u0105 jako\u015b\u0107 wykonania i d\u0142ugotrwa\u0142o\u015b\u0107 c\u0119g\u00f3w<\/span><\/li>\n<p><\/br><\/p>\n<li><span style=\"font-family:arial, helvetica, sans-serif;font-size:10pt;\">System spr\u0119\u017cynowy zapewnia p\u0142ynno\u015b\u0107 dzia\u0142ania i pozwala na dok\u0142adne dostosowywanie si\u0142y zacisku<\/span><\/li>\n<p><\/br><\/p>\n<li><span style=\"font-family:arial, helvetica, sans-serif;font-size:10pt;\">Wysokiej jako\u015bci stal nierdzewna daje mo\u017cliwo\u015b\u0107 wielokrotnego u\u017cycia instrumentu<\/span><\/li>\n<p><\/br><\/ul>\n<p><\/br><\/p>\n<p><span style=\"font-family:arial, helvetica, sans-serif;font-size:10pt;\">Produkt posiada certyfikaty CE oraz ISO.<\/span><\/p>\n","protected":false},"featured_media":1366,"comment_status":"closed","ping_status":"closed","template":"","meta":[],"product_brand":[],"product_cat":[183],"product_tag":[],"class_list":{"0":"post-2503","1":"product","2":"type-product","3":"status-publish","4":"has-post-thumbnail","6":"product_cat-cegi-cazki","8":"first","9":"instock","10":"product-type-simple"},"_links":{"self":[{"href":"https:\/\/tendosolingen.de\/pl\/wp-json\/wp\/v2\/product\/2503","targetHints":{"allow":["GET"]}}],"collection":[{"href":"https:\/\/tendosolingen.de\/pl\/wp-json\/wp\/v2\/product"}],"about":[{"href":"https:\/\/tendosolingen.de\/pl\/wp-json\/wp\/v2\/types\/product"}],"replies":[{"embeddable":true,"href":"https:\/\/tendosolingen.de\/pl\/wp-json\/wp\/v2\/comments?post=2503"}],"wp:featuredmedia":[{"embeddable":true,"href":"https:\/\/tendosolingen.de\/pl\/wp-json\/wp\/v2\/media\/1366"}],"wp:attachment":[{"href":"https:\/\/tendosolingen.de\/pl\/wp-json\/wp\/v2\/media?parent=2503"}],"wp:term":[{"taxonomy":"product_brand","embeddable":true,"href":"https:\/\/tendosolingen.de\/pl\/wp-json\/wp\/v2\/product_brand?post=2503"},{"taxonomy":"product_cat","embeddable":true,"href":"https:\/\/tendosolingen.de\/pl\/wp-json\/wp\/v2\/product_cat?post=2503"},{"taxonomy":"product_tag","embeddable":true,"href":"https:\/\/tendosolingen.de\/pl\/wp-json\/wp\/v2\/product_tag?post=2503"}],"curies":[{"name":"wp","href":"https:\/\/api.w.org\/{rel}","templated":true}]}}