{"id":2501,"date":"2024-04-09T22:38:37","date_gmt":"2024-04-09T20:38:37","guid":{"rendered":"https:\/\/tendosolingen.de\/product\/cegi-boczne-do-paznokci-podologiczne-tendo-solingen-14-cm-gold-line\/"},"modified":"2026-01-09T15:09:01","modified_gmt":"2026-01-09T14:09:01","slug":"cegi-boczne-do-paznokci-podologiczne-tendo-solingen-14-cm-gold-line","status":"publish","type":"product","link":"https:\/\/tendosolingen.de\/pl\/produkt\/cegi-boczne-do-paznokci-podologiczne-tendo-solingen-14-cm-gold-line\/","title":{"rendered":"C\u0119gi boczne do paznokci podologiczne Tendo Solingen 14 cm Gold Line"},"content":{"rendered":"<p style=\"text-align:justify;\"><span style=\"font-family:arial, helvetica, sans-serif;font-size:10pt;\"><strong>C\u0119gi boczne do paznokci<\/strong> to wyspecjalizowany instrument medyczny wykorzystywany podczas zabieg\u00f3w podologicznych (tzw. pedicure leczniczy), zwi\u0105zanych z leczeniem schorze\u0144 wyst\u0119puj\u0105cych w obr\u0119bie p\u0142ytki paznokcia. Idealne do obcinania twardych, grubych i zrogowacia\u0142ych paznokci. W tym celu instrument wyposa\u017cono w masywne i lekko zaokr\u0105glone ostrza w kierunku szpica, kt\u00f3re sprostaj\u0105 najwi\u0119kszym wymaganiom. System spr\u0119\u017cynowy pozwoli na regulowanie i stabilizowanie si\u0142y nacisku. Z kolei, blokada\u00a0umo\u017cliwi zabezpieczenie ostrzy. \u00a0Ergonomiczna r\u0119koje\u015b\u0107 idealnie przylega do d\u0142oni i gwarantuje komfort pracy. Trzony posiadaj\u0105 antypo\u015blizgowe \u017c\u0142obienia, zmniejszaj\u0105ce ryzyko wy\u015blizgni\u0119cia si\u0119 narz\u0119dzia z r\u0119ki.\u00a0Odpowiedni stop metalu\u00a0zapewnia najwy\u017csz\u0105 jako\u015b\u0107 i twardo\u015b\u0107 instrumentu podologicznego.\u00a0<\/span><\/p>\n<p><\/br><\/p>\n<p style=\"text-align:justify;\"><span style=\"font-family:arial, helvetica, sans-serif;font-size:10pt;\">C\u0119gi podologiczne boczne &#8211; parametry<\/span><\/p>\n<p><\/br><\/p>\n<ul><\/br><\/p>\n<li style=\"text-align:justify;\"><span style=\"font-family:arial, helvetica, sans-serif;font-size:10pt;\">typ: c\u0119gi, do paznokci, podologiczne, boczne, Premium Gold Line<\/span><\/li>\n<p><\/br><\/p>\n<li style=\"text-align:justify;\"><span style=\"font-family:arial, helvetica, sans-serif;font-size:10pt;\">niemeicka stal chirurgiczna\u00a0<\/span><\/li>\n<p><\/br><\/p>\n<li style=\"text-align:justify;\"><span style=\"font-family:arial, helvetica, sans-serif;font-size:10pt;\">satynowo &#8211; z\u0142ote wyko\u0144czenie<\/span><\/li>\n<p><\/br><\/p>\n<li style=\"text-align:justify;\"><span style=\"font-family:arial, helvetica, sans-serif;font-size:10pt;\">przeznaczenie: obcinanie twardych i grubych paznokci u st\u00f3p<\/span><\/li>\n<p><\/br><\/p>\n<li style=\"text-align:justify;\"><span style=\"font-family:arial, helvetica, sans-serif;font-size:10pt;\">design in Germany<\/span><\/li>\n<p><\/br><\/p>\n<li style=\"text-align:justify;\"><span style=\"font-family:arial, helvetica, sans-serif;font-size:10pt;\">antyrefleksyjne<\/span><\/li>\n<p><\/br><\/p>\n<li style=\"text-align:justify;\"><span style=\"font-family:arial, helvetica, sans-serif;font-size:10pt;\">dost\u0119pna d\u0142ugo\u015b\u0107: 14 cm<\/span><\/li>\n<p><\/br><\/p>\n<li style=\"text-align:justify;\"><span style=\"font-family:arial, helvetica, sans-serif;font-size:10pt;\">wykonane r\u0119cznie<\/span><\/li>\n<p><\/br><\/p>\n<li style=\"text-align:justify;\"><span style=\"font-family:arial, helvetica, sans-serif;font-size:10pt;\">produkt wielokrotnego u\u017cytku<\/span><\/li>\n<p><\/br><\/p>\n<li style=\"text-align:justify;\"><span style=\"font-family:arial, helvetica, sans-serif;font-size:10pt;\">produkt niesterylny<\/span><\/li>\n<p><\/br><\/p>\n<li style=\"text-align:justify;\"><span style=\"font-size:10pt;font-family:arial, helvetica, sans-serif;\">gwarancja 36 m-cy\u00a0<\/span><\/li>\n<p><\/br><\/ul>\n<p><\/br><\/p>\n<h2 style=\"text-align:justify;\"><span style=\"font-family:arial, helvetica, sans-serif;font-size:10pt;\">Zalety wykorzystania &#8211;\u00a0c\u0119gi boczne\u00a0do wrastaj\u0105cych paznokci<\/span><\/h2>\n<p><\/br><\/p>\n<ul><\/br><\/p>\n<li style=\"text-align:justify;\"><span style=\"font-family:arial, helvetica, sans-serif;font-size:10pt;\">blokada pozwoli zabezpieczy\u0107 ostrza<\/span><\/li>\n<p><\/br><\/p>\n<li style=\"text-align:justify;\"><span style=\"font-family:arial, helvetica, sans-serif;font-size:10pt;\">system spr\u0119\u017cynowy umo\u017cliwia stosowanie r\u00f3\u017cnych si\u0142 nacisku<\/span><\/li>\n<p><\/br><\/p>\n<li style=\"text-align:justify;\"><span style=\"font-family:arial, helvetica, sans-serif;font-size:10pt;\">ergonomiczny kszta\u0142t gwarantuje komfort pracy podczas u\u017cytkowania produktu<\/span><\/li>\n<p><\/br><\/p>\n<li style=\"text-align:justify;\"><span style=\"font-family:arial, helvetica, sans-serif;font-size:10pt;\">mo\u017cliwo\u015b\u0107 sterylizacji w autoklawie<\/span><\/li>\n<p><\/br><\/p>\n<li style=\"text-align:justify;\"><span style=\"font-family:arial, helvetica, sans-serif;font-size:10pt;\">wk\u0142adka z w\u0119glika spiekanego\u00a0zapewni wysok\u0105\u00a0trwa\u0142o\u015b\u0107 i jako\u015b\u0107<\/span><\/li>\n<p><\/br><\/p>\n<li style=\"text-align:justify;\"><span style=\"font-family:arial, helvetica, sans-serif;font-size:10pt;\">wykonane ze stali nierdzewnej najwy\u017cszej jako\u015bci o ponadprzeci\u0119tnych w\u0142a\u015bciwo\u015bciach antykorozyjnych<\/span><\/li>\n<p><\/br><\/ul>\n<p><\/br><\/p>\n<p style=\"text-align:justify;\"><span style=\"font-family:arial, helvetica, sans-serif;font-size:10pt;\">Ka\u017cde <em>c\u0119gi do paznokcji<\/em> oraz instrumenty kosmetyczne zakupiony na platformie instrumedic.pl to gwarancja najwy\u017cszej jako\u015bci wykonania, bezpiecze\u0144stwa zakupu\u00a0i gwarantowanej satysfakcji albo zwrotu pieni\u0119dzy. Narz\u0119dzia podologiczne s\u0105 fabrycznie nowe oraz dok\u0142adnie sprawdzane i kontrolowane na wszystkich etapach produkcji, w celu zapewnienia ich zgodno\u015bci z mi\u0119dzynarodowymi standardami okre\u015blonymi ISO 9001:2008 oraz certyfikatem CE.<\/span><\/p>\n","protected":false},"excerpt":{"rendered":"<p style=\"text-align:justify;\"><span style=\"font-family:arial, helvetica, sans-serif;font-size:10pt;\"><strong>C\u0119gi boczne do paznokci<\/strong> to wyspecjalizowany instrument medyczny wykorzystywany podczas zabieg\u00f3w podologicznych (tzw. pedicure leczniczy), zwi\u0105zanych z leczeniem schorze\u0144 wyst\u0119puj\u0105cych w obr\u0119bie p\u0142ytki paznokcia. Idealne do obcinania twardych, grubych i zrogowacia\u0142ych paznokci. W tym celu instrument wyposa\u017cono w masywne i lekko zaokr\u0105glone ostrza w kierunku szpica, kt\u00f3re sprostaj\u0105 najwi\u0119kszym wymaganiom. System spr\u0119\u017cynowy pozwoli na regulowanie i stabilizowanie si\u0142y nacisku. Z kolei, blokada\u00a0umo\u017cliwi zabezpieczenie ostrzy. \u00a0Ergonomiczna r\u0119koje\u015b\u0107 idealnie przylega do d\u0142oni i gwarantuje komfort pracy. Trzony posiadaj\u0105 antypo\u015blizgowe \u017c\u0142obienia, zmniejszaj\u0105ce ryzyko wy\u015blizgni\u0119cia si\u0119 narz\u0119dzia z r\u0119ki.\u00a0Odpowiedni stop metalu\u00a0zapewnia najwy\u017csz\u0105 jako\u015b\u0107 i twardo\u015b\u0107 instrumentu podologicznego.\u00a0<\/span><\/p>\n<p><\/br><\/p>\n<p style=\"text-align:justify;\"><span style=\"font-family:arial, helvetica, sans-serif;font-size:10pt;\">C\u0119gi podologiczne boczne &#8211; parametry<\/span><\/p>\n<p><\/br><\/p>\n<ul><\/br><\/p>\n<li style=\"text-align:justify;\"><span style=\"font-family:arial, helvetica, sans-serif;font-size:10pt;\">typ: c\u0119gi, do paznokci, podologiczne, boczne, Premium Gold Line<\/span><\/li>\n<p><\/br><\/p>\n<li style=\"text-align:justify;\"><span style=\"font-family:arial, helvetica, sans-serif;font-size:10pt;\">niemeicka stal chirurgiczna\u00a0<\/span><\/li>\n<p><\/br><\/p>\n<li style=\"text-align:justify;\"><span style=\"font-family:arial, helvetica, sans-serif;font-size:10pt;\">satynowo &#8211; z\u0142ote wyko\u0144czenie<\/span><\/li>\n<p><\/br><\/p>\n<li style=\"text-align:justify;\"><span style=\"font-family:arial, helvetica, sans-serif;font-size:10pt;\">przeznaczenie: obcinanie twardych i grubych paznokci u st\u00f3p<\/span><\/li>\n<p><\/br><\/p>\n<li style=\"text-align:justify;\"><span style=\"font-family:arial, helvetica, sans-serif;font-size:10pt;\">design in Germany<\/span><\/li>\n<p><\/br><\/p>\n<li style=\"text-align:justify;\"><span style=\"font-family:arial, helvetica, sans-serif;font-size:10pt;\">antyrefleksyjne<\/span><\/li>\n<p><\/br><\/p>\n<li style=\"text-align:justify;\"><span style=\"font-family:arial, helvetica, sans-serif;font-size:10pt;\">dost\u0119pna d\u0142ugo\u015b\u0107: 14 cm<\/span><\/li>\n<p><\/br><\/p>\n<li style=\"text-align:justify;\"><span style=\"font-family:arial, helvetica, sans-serif;font-size:10pt;\">wykonane r\u0119cznie<\/span><\/li>\n<p><\/br><\/p>\n<li style=\"text-align:justify;\"><span style=\"font-family:arial, helvetica, sans-serif;font-size:10pt;\">produkt wielokrotnego u\u017cytku<\/span><\/li>\n<p><\/br><\/p>\n<li style=\"text-align:justify;\"><span style=\"font-family:arial, helvetica, sans-serif;font-size:10pt;\">produkt niesterylny<\/span><\/li>\n<p><\/br><\/p>\n<li style=\"text-align:justify;\"><span style=\"font-size:10pt;font-family:arial, helvetica, sans-serif;\">gwarancja 36 m-cy\u00a0<\/span><\/li>\n<p><\/br><\/ul>\n<p><\/br><\/p>\n<h2 style=\"text-align:justify;\"><span style=\"font-family:arial, helvetica, sans-serif;font-size:10pt;\">Zalety wykorzystania &#8211;\u00a0c\u0119gi boczne\u00a0do wrastaj\u0105cych paznokci<\/span><\/h2>\n<p><\/br><\/p>\n<ul><\/br><\/p>\n<li style=\"text-align:justify;\"><span style=\"font-family:arial, helvetica, sans-serif;font-size:10pt;\">blokada pozwoli zabezpieczy\u0107 ostrza<\/span><\/li>\n<p><\/br><\/p>\n<li style=\"text-align:justify;\"><span style=\"font-family:arial, helvetica, sans-serif;font-size:10pt;\">system spr\u0119\u017cynowy umo\u017cliwia stosowanie r\u00f3\u017cnych si\u0142 nacisku<\/span><\/li>\n<p><\/br><\/p>\n<li style=\"text-align:justify;\"><span style=\"font-family:arial, helvetica, sans-serif;font-size:10pt;\">ergonomiczny kszta\u0142t gwarantuje komfort pracy podczas u\u017cytkowania produktu<\/span><\/li>\n<p><\/br><\/p>\n<li style=\"text-align:justify;\"><span style=\"font-family:arial, helvetica, sans-serif;font-size:10pt;\">mo\u017cliwo\u015b\u0107 sterylizacji w autoklawie<\/span><\/li>\n<p><\/br><\/p>\n<li style=\"text-align:justify;\"><span style=\"font-family:arial, helvetica, sans-serif;font-size:10pt;\">wk\u0142adka z w\u0119glika spiekanego\u00a0zapewni wysok\u0105\u00a0trwa\u0142o\u015b\u0107 i jako\u015b\u0107<\/span><\/li>\n<p><\/br><\/p>\n<li style=\"text-align:justify;\"><span style=\"font-family:arial, helvetica, sans-serif;font-size:10pt;\">wykonane ze stali nierdzewnej najwy\u017cszej jako\u015bci o ponadprzeci\u0119tnych w\u0142a\u015bciwo\u015bciach antykorozyjnych<\/span><\/li>\n<p><\/br><\/ul>\n<p><\/br><\/p>\n<p style=\"text-align:justify;\"><span style=\"font-family:arial, helvetica, sans-serif;font-size:10pt;\">Ka\u017cde <em>c\u0119gi do paznokcji<\/em> oraz instrumenty kosmetyczne zakupiony na platformie instrumedic.pl to gwarancja najwy\u017cszej jako\u015bci wykonania, bezpiecze\u0144stwa zakupu\u00a0i gwarantowanej satysfakcji albo zwrotu pieni\u0119dzy. Narz\u0119dzia podologiczne s\u0105 fabrycznie nowe oraz dok\u0142adnie sprawdzane i kontrolowane na wszystkich etapach produkcji, w celu zapewnienia ich zgodno\u015bci z mi\u0119dzynarodowymi standardami okre\u015blonymi ISO 9001:2008 oraz certyfikatem CE.<\/span><\/p>\n","protected":false},"featured_media":1358,"comment_status":"closed","ping_status":"closed","template":"","meta":[],"product_brand":[],"product_cat":[183],"product_tag":[],"class_list":{"0":"post-2501","1":"product","2":"type-product","3":"status-publish","4":"has-post-thumbnail","6":"product_cat-cegi-cazki","8":"first","9":"instock","10":"product-type-simple"},"_links":{"self":[{"href":"https:\/\/tendosolingen.de\/pl\/wp-json\/wp\/v2\/product\/2501","targetHints":{"allow":["GET"]}}],"collection":[{"href":"https:\/\/tendosolingen.de\/pl\/wp-json\/wp\/v2\/product"}],"about":[{"href":"https:\/\/tendosolingen.de\/pl\/wp-json\/wp\/v2\/types\/product"}],"replies":[{"embeddable":true,"href":"https:\/\/tendosolingen.de\/pl\/wp-json\/wp\/v2\/comments?post=2501"}],"wp:featuredmedia":[{"embeddable":true,"href":"https:\/\/tendosolingen.de\/pl\/wp-json\/wp\/v2\/media\/1358"}],"wp:attachment":[{"href":"https:\/\/tendosolingen.de\/pl\/wp-json\/wp\/v2\/media?parent=2501"}],"wp:term":[{"taxonomy":"product_brand","embeddable":true,"href":"https:\/\/tendosolingen.de\/pl\/wp-json\/wp\/v2\/product_brand?post=2501"},{"taxonomy":"product_cat","embeddable":true,"href":"https:\/\/tendosolingen.de\/pl\/wp-json\/wp\/v2\/product_cat?post=2501"},{"taxonomy":"product_tag","embeddable":true,"href":"https:\/\/tendosolingen.de\/pl\/wp-json\/wp\/v2\/product_tag?post=2501"}],"curies":[{"name":"wp","href":"https:\/\/api.w.org\/{rel}","templated":true}]}}