{"id":2500,"date":"2024-04-09T22:38:37","date_gmt":"2024-04-09T20:38:37","guid":{"rendered":"https:\/\/tendosolingen.de\/product\/pilnik-do-wrastajacych-paznokci-tendo-solingen-16-cm-rodzaj-produktu-premium-hq\/"},"modified":"2026-01-10T02:14:03","modified_gmt":"2026-01-10T01:14:03","slug":"pilnik-do-wrastajacych-paznokci-16-cm-premium-hq","status":"publish","type":"product","link":"https:\/\/tendosolingen.de\/pl\/produkt\/pilnik-do-wrastajacych-paznokci-16-cm-premium-hq\/","title":{"rendered":"Pilnik do wrastaj\u0105cych paznokci  16 mm Premium HQ"},"content":{"rendered":"<p style=\"text-align:justify;line-height:14.4pt;\"><span style=\"color:#000000;font-family:arial, helvetica, sans-serif;font-size:10pt;\">Pilnik podologiczny to wyspecjalizowane narz\u0119dzie medyczne s\u0142u\u017c\u0105ce do podnoszenia wro\u015bni\u0119tych paznokci. W tym celu instrument posiada dwustronne, z\u0105bkowane ko\u0144c\u00f3wki robocze, dzi\u0119ki czemu u\u017cytkownik z \u0142atwo\u015bci\u0105 jest w stanie podnie\u015b\u0107 struktur\u0119 paznokcia. Dodatkowo, ich smuk\u0142a konstrukcja pozwala dotrze\u0107 g\u0142\u0119boko pod powierzchnie. Ergonomiczna, lekka r\u0119koje\u015b\u0107 zwi\u0119ksza komfort pracy oraz zapobiega wy\u015blizgni\u0119ciu si\u0119 produktu z d\u0142oni. Ca\u0142kowita d\u0142ugo\u015b\u0107 pilnika wynosi 16 cm. Wykonany ze stali nierdzewnej najwy\u017cszej jako\u015bci o bardzo dobrych w\u0142a\u015bciwo\u015bciach antykorozyjnych. Mo\u017cliwo\u015b\u0107 wielokrotnej sterylizacji. <\/span><\/p>\n<p><\/br><\/p>\n<h1 style=\"text-align:justify;line-height:14.4pt;\"><span style=\"font-size:10pt;font-family:arial, helvetica, sans-serif;color:#000000;\">Parametry pilnika<\/span><\/h1>\n<p><\/br><\/p>\n<ul><\/br><\/p>\n<li style=\"text-align:justify;line-height:14.4pt;\"><span style=\"font-size:10pt;font-family:arial, helvetica, sans-serif;color:#000000;\">typ: pilnik do paznokci, podologia, Tendo Solingen<\/span><\/li>\n<p><\/br><\/p>\n<li style=\"text-align:justify;line-height:14.4pt;\"><span style=\"font-size:10pt;font-family:arial, helvetica, sans-serif;color:#000000;\">przeznaczenie: podnoszenie wro\u015bni\u0119tego paznokcia<\/span><\/li>\n<p><\/br><\/p>\n<li style=\"text-align:justify;line-height:14.4pt;\"><span style=\"font-family:arial, helvetica, sans-serif;font-size:10pt;\">niemiecka stal chirurgiczna<\/span><\/li>\n<p><\/br><\/p>\n<li style=\"text-align:justify;line-height:14.4pt;\"><span style=\"font-size:10pt;font-family:arial, helvetica, sans-serif;color:#000000;\">dost\u0119pna d\u0142ugo\u015b\u0107: 16 cm<\/span><\/li>\n<p><\/br><\/p>\n<li style=\"text-align:justify;line-height:14.4pt;\"><span style=\"font-size:10pt;font-family:arial, helvetica, sans-serif;color:#000000;\">wykonany r\u0119cznie<\/span><\/li>\n<p><\/br><\/p>\n<li style=\"text-align:justify;line-height:14.4pt;\"><span style=\"font-size:10pt;font-family:arial, helvetica, sans-serif;color:#000000;\">produkt wielokrotnego u\u017cytku<\/span><\/li>\n<p><\/br><\/p>\n<li style=\"text-align:justify;line-height:14.4pt;\"><span style=\"font-size:10pt;font-family:arial, helvetica, sans-serif;color:#000000;\">produkt niesterylny<\/span><\/li>\n<p><\/br><\/ul>\n<p><\/br><\/p>\n<h2 style=\"text-align:justify;line-height:14.4pt;\"><span style=\"font-size:10pt;font-family:arial, helvetica, sans-serif;color:#000000;\">Zalety wykorzystania<\/span><\/h2>\n<p><\/br><\/p>\n<ul><\/br><\/p>\n<li style=\"text-align:justify;line-height:14.4pt;\"><span style=\"font-size:10pt;font-family:arial, helvetica, sans-serif;color:#000000;\">gwarancja najwy\u017cszej jako\u015bci wykonania <\/span><\/li>\n<p><\/br><\/p>\n<li style=\"text-align:justify;line-height:14.4pt;\"><span style=\"font-size:10pt;font-family:arial, helvetica, sans-serif;color:#000000;\">mo\u017cliwo\u015b\u0107 sterylizacji w autoklawie w 134 stopniach<\/span><\/li>\n<p><\/br><\/p>\n<li style=\"text-align:justify;line-height:14.4pt;\"><span style=\"font-size:10pt;font-family:arial, helvetica, sans-serif;color:#000000;\">ergonomiczny uchwyt oraz lekka waga zwi\u0119kszaj\u0105 komfort pracy<\/span><\/li>\n<p><\/br><\/p>\n<li style=\"text-align:justify;line-height:14.4pt;\"><span style=\"font-size:10pt;font-family:arial, helvetica, sans-serif;color:#000000;\">stal nierdzewna charakteryzuje si\u0119 ponadprzeci\u0119tnymi w\u0142a\u015bciwo\u015bciami antykorozyjnymi<\/span><\/li>\n<p><\/br><\/p>\n<li style=\"text-align:justify;line-height:14.4pt;\"><span style=\"font-size:10pt;font-family:arial, helvetica, sans-serif;color:#000000;\">uniwersalno\u015b\u0107 pilnika pozwala na u\u017cytkowanie go zar\u00f3wno w profesjonalnych gabinetach jak i w domowym zaciszu<\/span><\/li>\n<p><\/br><\/ul>\n<p><\/br><\/p>\n<p style=\"text-align:justify;line-height:14.4pt;\"><span style=\"font-size:10pt;font-family:arial, helvetica, sans-serif;color:#000000;\">Produkt pilnik do paznokcji zakupiony na platformie instrumedic.pl to gwarancja najwy\u017cszej jako\u015bci wykonania, bezpiecze\u0144stwa zakupu\u00a0i gwarantowanej satysfakcji. Narz\u0119dzia s\u0105 fabrycznie nowe oraz dok\u0142adnie sprawdzane i kontrolowane na wszystkich etapach produkcji, w celu zapewnienia ich zgodno\u015bci z mi\u0119dzynarodowymi standardami okre\u015blonymi ISO 9001:2008 oraz certyfikatem CE.<\/span><\/p>\n","protected":false},"excerpt":{"rendered":"<p style=\"text-align:justify;line-height:14.4pt;\"><span style=\"color:#000000;font-family:arial, helvetica, sans-serif;font-size:10pt;\">Pilnik podologiczny to wyspecjalizowane narz\u0119dzie medyczne s\u0142u\u017c\u0105ce do podnoszenia wro\u015bni\u0119tych paznokci. W tym celu instrument posiada dwustronne, z\u0105bkowane ko\u0144c\u00f3wki robocze, dzi\u0119ki czemu u\u017cytkownik z \u0142atwo\u015bci\u0105 jest w stanie podnie\u015b\u0107 struktur\u0119 paznokcia. Dodatkowo, ich smuk\u0142a konstrukcja pozwala dotrze\u0107 g\u0142\u0119boko pod powierzchnie. Ergonomiczna, lekka r\u0119koje\u015b\u0107 zwi\u0119ksza komfort pracy oraz zapobiega wy\u015blizgni\u0119ciu si\u0119 produktu z d\u0142oni. Ca\u0142kowita d\u0142ugo\u015b\u0107 pilnika wynosi 16 cm. Wykonany ze stali nierdzewnej najwy\u017cszej jako\u015bci o bardzo dobrych w\u0142a\u015bciwo\u015bciach antykorozyjnych. Mo\u017cliwo\u015b\u0107 wielokrotnej sterylizacji. <\/span><\/p>\n<p><\/br><\/p>\n<h1 style=\"text-align:justify;line-height:14.4pt;\"><span style=\"font-size:10pt;font-family:arial, helvetica, sans-serif;color:#000000;\">Parametry pilnika<\/span><\/h1>\n<p><\/br><\/p>\n<ul><\/br><\/p>\n<li style=\"text-align:justify;line-height:14.4pt;\"><span style=\"font-size:10pt;font-family:arial, helvetica, sans-serif;color:#000000;\">typ: pilnik do paznokci, podologia, Tendo Solingen<\/span><\/li>\n<p><\/br><\/p>\n<li style=\"text-align:justify;line-height:14.4pt;\"><span style=\"font-size:10pt;font-family:arial, helvetica, sans-serif;color:#000000;\">przeznaczenie: podnoszenie wro\u015bni\u0119tego paznokcia<\/span><\/li>\n<p><\/br><\/p>\n<li style=\"text-align:justify;line-height:14.4pt;\"><span style=\"font-family:arial, helvetica, sans-serif;font-size:10pt;\">niemiecka stal chirurgiczna<\/span><\/li>\n<p><\/br><\/p>\n<li style=\"text-align:justify;line-height:14.4pt;\"><span style=\"font-size:10pt;font-family:arial, helvetica, sans-serif;color:#000000;\">dost\u0119pna d\u0142ugo\u015b\u0107: 16 cm<\/span><\/li>\n<p><\/br><\/p>\n<li style=\"text-align:justify;line-height:14.4pt;\"><span style=\"font-size:10pt;font-family:arial, helvetica, sans-serif;color:#000000;\">wykonany r\u0119cznie<\/span><\/li>\n<p><\/br><\/p>\n<li style=\"text-align:justify;line-height:14.4pt;\"><span style=\"font-size:10pt;font-family:arial, helvetica, sans-serif;color:#000000;\">produkt wielokrotnego u\u017cytku<\/span><\/li>\n<p><\/br><\/p>\n<li style=\"text-align:justify;line-height:14.4pt;\"><span style=\"font-size:10pt;font-family:arial, helvetica, sans-serif;color:#000000;\">produkt niesterylny<\/span><\/li>\n<p><\/br><\/ul>\n<p><\/br><\/p>\n<h2 style=\"text-align:justify;line-height:14.4pt;\"><span style=\"font-size:10pt;font-family:arial, helvetica, sans-serif;color:#000000;\">Zalety wykorzystania<\/span><\/h2>\n<p><\/br><\/p>\n<ul><\/br><\/p>\n<li style=\"text-align:justify;line-height:14.4pt;\"><span style=\"font-size:10pt;font-family:arial, helvetica, sans-serif;color:#000000;\">gwarancja najwy\u017cszej jako\u015bci wykonania <\/span><\/li>\n<p><\/br><\/p>\n<li style=\"text-align:justify;line-height:14.4pt;\"><span style=\"font-size:10pt;font-family:arial, helvetica, sans-serif;color:#000000;\">mo\u017cliwo\u015b\u0107 sterylizacji w autoklawie w 134 stopniach<\/span><\/li>\n<p><\/br><\/p>\n<li style=\"text-align:justify;line-height:14.4pt;\"><span style=\"font-size:10pt;font-family:arial, helvetica, sans-serif;color:#000000;\">ergonomiczny uchwyt oraz lekka waga zwi\u0119kszaj\u0105 komfort pracy<\/span><\/li>\n<p><\/br><\/p>\n<li style=\"text-align:justify;line-height:14.4pt;\"><span style=\"font-size:10pt;font-family:arial, helvetica, sans-serif;color:#000000;\">stal nierdzewna charakteryzuje si\u0119 ponadprzeci\u0119tnymi w\u0142a\u015bciwo\u015bciami antykorozyjnymi<\/span><\/li>\n<p><\/br><\/p>\n<li style=\"text-align:justify;line-height:14.4pt;\"><span style=\"font-size:10pt;font-family:arial, helvetica, sans-serif;color:#000000;\">uniwersalno\u015b\u0107 pilnika pozwala na u\u017cytkowanie go zar\u00f3wno w profesjonalnych gabinetach jak i w domowym zaciszu<\/span><\/li>\n<p><\/br><\/ul>\n<p><\/br><\/p>\n<p style=\"text-align:justify;line-height:14.4pt;\"><span style=\"font-size:10pt;font-family:arial, helvetica, sans-serif;color:#000000;\">Produkt pilnik do paznokcji zakupiony na platformie instrumedic.pl to gwarancja najwy\u017cszej jako\u015bci wykonania, bezpiecze\u0144stwa zakupu\u00a0i gwarantowanej satysfakcji. Narz\u0119dzia s\u0105 fabrycznie nowe oraz dok\u0142adnie sprawdzane i kontrolowane na wszystkich etapach produkcji, w celu zapewnienia ich zgodno\u015bci z mi\u0119dzynarodowymi standardami okre\u015blonymi ISO 9001:2008 oraz certyfikatem CE.<\/span><\/p>\n","protected":false},"featured_media":1353,"comment_status":"closed","ping_status":"closed","template":"","meta":[],"product_brand":[],"product_cat":[49],"product_tag":[],"class_list":{"0":"post-2500","1":"product","2":"type-product","3":"status-publish","4":"has-post-thumbnail","6":"product_cat-pilniki-do-paznokci-pl","8":"first","9":"instock","10":"purchasable","11":"product-type-simple"},"_links":{"self":[{"href":"https:\/\/tendosolingen.de\/pl\/wp-json\/wp\/v2\/product\/2500","targetHints":{"allow":["GET"]}}],"collection":[{"href":"https:\/\/tendosolingen.de\/pl\/wp-json\/wp\/v2\/product"}],"about":[{"href":"https:\/\/tendosolingen.de\/pl\/wp-json\/wp\/v2\/types\/product"}],"replies":[{"embeddable":true,"href":"https:\/\/tendosolingen.de\/pl\/wp-json\/wp\/v2\/comments?post=2500"}],"wp:featuredmedia":[{"embeddable":true,"href":"https:\/\/tendosolingen.de\/pl\/wp-json\/wp\/v2\/media\/1353"}],"wp:attachment":[{"href":"https:\/\/tendosolingen.de\/pl\/wp-json\/wp\/v2\/media?parent=2500"}],"wp:term":[{"taxonomy":"product_brand","embeddable":true,"href":"https:\/\/tendosolingen.de\/pl\/wp-json\/wp\/v2\/product_brand?post=2500"},{"taxonomy":"product_cat","embeddable":true,"href":"https:\/\/tendosolingen.de\/pl\/wp-json\/wp\/v2\/product_cat?post=2500"},{"taxonomy":"product_tag","embeddable":true,"href":"https:\/\/tendosolingen.de\/pl\/wp-json\/wp\/v2\/product_tag?post=2500"}],"curies":[{"name":"wp","href":"https:\/\/api.w.org\/{rel}","templated":true}]}}