{"id":2495,"date":"2024-04-09T22:38:37","date_gmt":"2024-04-09T20:38:37","guid":{"rendered":"https:\/\/tendosolingen.de\/product\/cegi-do-paznokci-medyczne-tendo-solingen-13-cm-rodzaj-produktu-standard-sq\/"},"modified":"2026-01-10T02:01:27","modified_gmt":"2026-01-10T01:01:27","slug":"cegi-do-paznokci-podologiczne-130-mm-standard-sq","status":"publish","type":"product","link":"https:\/\/tendosolingen.de\/pl\/produkt\/cegi-do-paznokci-podologiczne-130-mm-standard-sq\/","title":{"rendered":"C\u0119gi do paznokci podologiczne 130 mm Standard SQ"},"content":{"rendered":"<p><span style=\"font-family: arial, helvetica, sans-serif; font-size: 10pt;\"><strong>C\u0119gi medyczne do paznokci u n\u00f3g<\/strong> to instrument s\u0142u\u017c\u0105cy do obcinania paznokci u st\u00f3p lub r\u0105k podczas przygotowania pacjenta do operacji oraz do zabieg\u00f3w dermatologicznych. W tym celu obc\u0119gi wyposa\u017cone s\u0105 w ko\u0144c\u00f3wki z ostrzami pozwalaj\u0105cymi na \u0142atwe i precyzyjne ci\u0119cie twardych tkanek. Co wi\u0119cej, mechanizm spr\u0119\u017cynowy zapewnia p\u0142ynne dzia\u0142anie narz\u0119dzia oraz pozwala na dok\u0142adne ustalenie zacisku. Ergonomiczne uchwyty ze \u017c\u0142obieniem zewn\u0119trznym dzia\u0142aj\u0105 antypo\u015blizgowo i gwarantuj\u0105 komfort pracy z c\u0119gami. <span style=\"text-decoration: underline;\">C\u0119gi do paznokci wrastaj\u0105cych<\/span> wykonane zosta\u0142 z wysokiej jako\u015bci stali nierdzewnej, co daje mo\u017cliwo\u015b\u0107 sterylizacji i wielokrotnego wykorzystania instrumentu.<\/span><\/p>\n<p>&nbsp;<\/p>\n<h2><span style=\"font-family: arial, helvetica, sans-serif; font-size: 10pt;\">Parametry\u00a0&#8211; c\u0119gi do paznokci podologicznych<\/span><\/h2>\n<p>&nbsp;<\/p>\n<ul>\n<li style=\"list-style-type: none;\">\n<ul>\n<li><span style=\"font-family: arial, helvetica, sans-serif; font-size: 10pt;\">typ: c\u0119gi medyczne, do paznokci<\/span><\/li>\n<\/ul>\n<\/li>\n<\/ul>\n<ul>\n<li style=\"list-style-type: none;\">\n<ul>\n<li><span style=\"font-family: arial, helvetica, sans-serif; font-size: 10pt;\">przeznaczenie: obcinanie paznokci<\/span><\/li>\n<\/ul>\n<\/li>\n<\/ul>\n<ul>\n<li style=\"list-style-type: none;\">\n<ul>\n<li><span style=\"font-family: arial, helvetica, sans-serif; font-size: 10pt;\">dost\u0119pna d\u0142ugo\u015b\u0107 instrumentu: 130 mm<\/span><\/li>\n<\/ul>\n<\/li>\n<\/ul>\n<ul>\n<li style=\"list-style-type: none;\"><\/li>\n<\/ul>\n<ul style=\"list-style-type: circle;\">\n<li style=\"list-style-type: none;\"><\/li>\n<\/ul>\n<ul>\n<li style=\"list-style-type: none;\">\n<ul>\n<li><span style=\"font-family: arial, helvetica, sans-serif; font-size: 10pt;\">wysokiej jako\u015bci niemiecka stal nierdzewna<\/span><\/li>\n<\/ul>\n<\/li>\n<\/ul>\n<ul>\n<li style=\"list-style-type: none;\">\n<ul>\n<li><span style=\"font-family: arial, helvetica, sans-serif; font-size: 10pt;\">produkty wielokrotnego u\u017cytku<\/span><\/li>\n<\/ul>\n<\/li>\n<\/ul>\n<ul>\n<li style=\"list-style-type: none;\">\n<ul>\n<li><span style=\"font-family: arial, helvetica, sans-serif; font-size: 10pt;\">produkty niesterylny<\/span><\/li>\n<\/ul>\n<\/li>\n<\/ul>\n<p>&nbsp;<\/p>\n<p>&nbsp;<\/p>\n<h2><span style=\"font-family: arial, helvetica, sans-serif; font-size: 10pt;\">Zalety wykorzystania\u00a0c\u0119g do paznokci Tendo Solingen<\/span><\/h2>\n<p>&nbsp;<\/p>\n<ul>\n<li style=\"list-style-type: none;\">\n<ul>\n<li><span style=\"font-family: arial, helvetica, sans-serif; font-size: 10pt;\">ostre brzytwy pozwalaj\u0105 na efektywne ci\u0119cie paznokci u st\u00f3p i r\u0105k<\/span><\/li>\n<\/ul>\n<\/li>\n<\/ul>\n<ul>\n<li style=\"list-style-type: none;\">\n<ul>\n<li><span style=\"font-family: arial, helvetica, sans-serif; font-size: 10pt;\">ergonomiczne uchwyty zapewniaj\u0105 komfort i bezpiecze\u0144stwo pracy operatorowi<\/span><\/li>\n<\/ul>\n<\/li>\n<\/ul>\n<ul>\n<li style=\"list-style-type: none;\">\n<ul>\n<li><span style=\"font-family: arial, helvetica, sans-serif; font-size: 10pt;\">wysokiej jako\u015bci stal nierdzewna posiada wybitne w\u0142a\u015bciwo\u015bci antykorozyjne<\/span><\/li>\n<\/ul>\n<\/li>\n<\/ul>\n<p>&nbsp;<\/p>\n<p>&nbsp;<\/p>\n<p><span style=\"font-family: arial, helvetica, sans-serif; font-size: 10pt;\"><em>C\u0119gi do paznokci n\u00f3g<\/em> s\u0105 fabrycznie nowe oraz dok\u0142adnie sprawdzane i kontrolowane na wszystkich etapach produkcji, w celu zapewnienia ich zgodno\u015bci z mi\u0119dzynarodowymi standardami okre\u015blonymi ISO 9001:2008 oraz certyfikatem CE.<\/span><\/p>\n","protected":false},"excerpt":{"rendered":"<p>Profesjonalne c\u0119gi podologiczne 130 mm Standard (SQ) marki Tendo Solingen, wykonane z wysokiej jako\u015bci stali nierdzewnej, z ostrymi, zaokr\u0105glonymi brzytwami, spr\u0119\u017cyn\u0105 zapewniaj\u0105c\u0105 p\u0142ynn\u0105 i precyzyjn\u0105 prac\u0119 oraz ergonomicznymi, g\u0142\u0119boko rowkowanymi uchwytami, przeznaczone do skutecznego i bezpiecznego obcinania twardych, wrastaj\u0105cych lub zmienionych chorobowo paznokci podczas zabieg\u00f3w podologicznych.<\/p>\n","protected":false},"featured_media":1337,"comment_status":"closed","ping_status":"closed","template":"","meta":[],"product_brand":[],"product_cat":[183],"product_tag":[],"class_list":{"0":"post-2495","1":"product","2":"type-product","3":"status-publish","4":"has-post-thumbnail","6":"product_cat-cegi-cazki","7":"pa_klasa-produktu-standard-sq","9":"first","10":"instock","11":"purchasable","12":"product-type-simple"},"_links":{"self":[{"href":"https:\/\/tendosolingen.de\/pl\/wp-json\/wp\/v2\/product\/2495","targetHints":{"allow":["GET"]}}],"collection":[{"href":"https:\/\/tendosolingen.de\/pl\/wp-json\/wp\/v2\/product"}],"about":[{"href":"https:\/\/tendosolingen.de\/pl\/wp-json\/wp\/v2\/types\/product"}],"replies":[{"embeddable":true,"href":"https:\/\/tendosolingen.de\/pl\/wp-json\/wp\/v2\/comments?post=2495"}],"wp:featuredmedia":[{"embeddable":true,"href":"https:\/\/tendosolingen.de\/pl\/wp-json\/wp\/v2\/media\/1337"}],"wp:attachment":[{"href":"https:\/\/tendosolingen.de\/pl\/wp-json\/wp\/v2\/media?parent=2495"}],"wp:term":[{"taxonomy":"product_brand","embeddable":true,"href":"https:\/\/tendosolingen.de\/pl\/wp-json\/wp\/v2\/product_brand?post=2495"},{"taxonomy":"product_cat","embeddable":true,"href":"https:\/\/tendosolingen.de\/pl\/wp-json\/wp\/v2\/product_cat?post=2495"},{"taxonomy":"product_tag","embeddable":true,"href":"https:\/\/tendosolingen.de\/pl\/wp-json\/wp\/v2\/product_tag?post=2495"}],"curies":[{"name":"wp","href":"https:\/\/api.w.org\/{rel}","templated":true}]}}