{"id":2493,"date":"2024-04-09T22:38:37","date_gmt":"2024-04-09T20:38:37","guid":{"rendered":"https:\/\/tendosolingen.de\/product\/cegi-do-paznokci-podologiczne-czolowe-solingen-14-cm-rodzaj-produktu-standard-sq\/"},"modified":"2026-01-10T02:09:28","modified_gmt":"2026-01-10T01:09:28","slug":"cegi-do-paznokci-podologiczne-czolowe-solingen-140-mm-standard-sq","status":"publish","type":"product","link":"https:\/\/tendosolingen.de\/pl\/produkt\/cegi-do-paznokci-podologiczne-czolowe-solingen-140-mm-standard-sq\/","title":{"rendered":"C\u0119gi do paznokci podologiczne czo\u0142owe Solingen 140 mm Standard SQ"},"content":{"rendered":"<p style=\"text-align:justify;\"><span style=\"font-family:arial, helvetica, sans-serif;font-size:10pt;\"><strong>C\u0119gi czo\u0142owe marki Tendo Solingen<\/strong> to wyspecjalizowany instrument medyczny s\u0142u\u017c\u0105cy do skracania stwardnia\u0142ych oraz wro\u015bni\u0119tych paznokci u st\u00f3p. Odpowiednio wyprofilowana ko\u0144c\u00f3wka robocza o \u015bci\u0119tym kszta\u0142cie pozwala na \u0142atwe obcinanie paznokci do po\u017c\u0105danej d\u0142ugo\u015bci. Ergonomiczne r\u0119koje\u015b\u0107 posiada wypustki \u2013 dzia\u0142aj\u0105 one antypo\u015blizgowo. Umieszczona blokada, na dole uchwytu, pozwala zablokowa\u0107 cz\u0119\u015b\u0107 pracuj\u0105c\u0105. System spr\u0119\u017cynowy umieszczony w g\u00f3rnej cz\u0119\u015bci ramion, zwi\u0119ksza p\u0142ynno\u015b\u0107 narz\u0119dzia. Ca\u0142kowita d\u0142ugo\u015b\u0107 wynosi 14 cm. C\u0119gi czo\u0142owe zosta\u0142y wykonane ze stali nierdzewnej najwy\u017cszej jako\u015bci o ponadprzeci\u0119tnych w\u0142a\u015bciwo\u015bciach antykorozyjnych. Mo\u017cliwo\u015b\u0107 sterylizacji w autoklawie lub myjce.<\/span><\/p>\n<p><\/br><\/p>\n<p style=\"text-align:justify;\"><span style=\"font-family:arial, helvetica, sans-serif;font-size:10pt;\">C\u0119gi podologiczne czo\u0142owe dost\u0119pne s\u0105 w wersji standard oraz premium. Wariant premium charakteryzuje si\u0119 najwy\u017cszej jako\u015bci stal\u0105 nierdzewn\u0105 oraz zwi\u0119kszon\u0105 wytrzyma\u0142o\u015bci\u0105 i trwa\u0142o\u015bci\u0105 poprzez zastosowanie odpowiedniego stopu metalu.\u00a0<\/span><\/p>\n<p><\/br><\/p>\n<h1 style=\"text-align:justify;\"><span style=\"font-family:arial, helvetica, sans-serif;font-size:10pt;\">C\u0119gi czo\u0142owe Solingen do paznokci &#8211; parametry<\/span><\/h1>\n<p><\/br><\/p>\n<ul><\/br><\/p>\n<li style=\"text-align:justify;\"><span style=\"font-family:arial, helvetica, sans-serif;font-size:10pt;\">typ: c\u0119gi czo\u0142owe, podologia, kosmetyka, Tendo Solingen<\/span><\/li>\n<p><\/br><\/p>\n<li style=\"text-align:justify;\"><span style=\"font-family:arial, helvetica, sans-serif;font-size:10pt;\">przeznaczenie: skracanie paznokci<\/span><\/li>\n<p><\/br><\/p>\n<li style=\"text-align:justify;\"><span style=\"font-family:arial, helvetica, sans-serif;font-size:10pt;\">niemiecka stal chirurgiczna<\/span><\/li>\n<p><\/br><\/p>\n<li style=\"text-align:justify;\"><span style=\"font-family:arial, helvetica, sans-serif;font-size:10pt;\">dost\u0119pna d\u0142ugo\u015b\u0107: 14 cm<\/span><\/li>\n<p><\/br><\/p>\n<li style=\"text-align:justify;\"><span style=\"font-family:arial, helvetica, sans-serif;font-size:10pt;\">dost\u0119pny wariant:<\/span><\/li>\n<p><\/br><\/ul>\n<p><\/br><\/p>\n<ul style=\"list-style-type:circle;\"><\/br><\/p>\n<li style=\"text-align:justify;\"><span style=\"font-family:arial, helvetica, sans-serif;font-size:10pt;\">standard &#8211; gwarancja 24 m-ce<\/span><\/li>\n<p><\/br><\/p>\n<li style=\"text-align:justify;\"><span style=\"font-family:arial, helvetica, sans-serif;font-size:10pt;\">premium &#8211; gwrancja 36 m-cy<\/span><\/li>\n<p><\/br><\/ul>\n<p><\/br><\/p>\n<ul><\/br><\/p>\n<li style=\"text-align:justify;\"><span style=\"font-family:arial, helvetica, sans-serif;font-size:10pt;\">wykonane r\u0119cznie<\/span><\/li>\n<p><\/br><\/p>\n<li style=\"text-align:justify;\"><span style=\"font-family:arial, helvetica, sans-serif;font-size:10pt;\">produkt wielokrotnego u\u017cytku<\/span><\/li>\n<p><\/br><\/p>\n<li style=\"text-align:justify;\"><span style=\"font-family:arial, helvetica, sans-serif;font-size:10pt;\">produkt niesterylny<\/span><\/li>\n<p><\/br><\/ul>\n<p><\/br><\/p>\n<h2 style=\"text-align:justify;\"><span style=\"font-family:arial, helvetica, sans-serif;font-size:10pt;\">Zalety wykorzystania &#8211; c\u0119gi czo\u0142owe do paznokci st\u00f3p<\/span><\/h2>\n<p><\/br><\/p>\n<ul><\/br><\/p>\n<li style=\"text-align:justify;\"><span style=\"font-family:arial, helvetica, sans-serif;font-size:10pt;\">mo\u017cliwo\u015b\u0107 sterylizacji w autoklawie w 134 stopniach<\/span><\/li>\n<p><\/br><\/p>\n<li style=\"text-align:justify;\"><span style=\"font-family:arial, helvetica, sans-serif;font-size:10pt;\">gwarancja satysfakcji i najwy\u017cszej jako\u015bci wykonania<\/span><\/li>\n<p><\/br><\/p>\n<li style=\"text-align:justify;\"><span style=\"font-family:arial, helvetica, sans-serif;font-size:10pt;\">uniwersalne zastosowanie w klinikach, gabinetach (np. pedicure) oraz warunkach domowych<\/span><\/li>\n<p><\/br><\/p>\n<li style=\"text-align:justify;\"><span style=\"font-family:arial, helvetica, sans-serif;font-size:10pt;\">wykonane ze stali nierdzewnej najwy\u017cszej jako\u015bci o ponadprzeci\u0119tnych w\u0142a\u015bciwo\u015bciach antykorozyjnych<\/span><\/li>\n<p><\/br><\/p>\n<li style=\"text-align:justify;\"><span style=\"font-family:arial, helvetica, sans-serif;font-size:10pt;\">\u017c\u0142obienia na r\u0119koje\u015bci dzia\u0142aj\u0105 antypo\u015blizgowo, a ergonomiczne ramiona zapobiegaj\u0105 nadwyr\u0119\u017ceniu d\u0142oni<\/span><\/li>\n<p><\/br><\/ul>\n<p><\/br><\/p>\n<p style=\"text-align:justify;\"><span style=\"font-family:arial, helvetica, sans-serif;font-size:10pt;\"><em>Certyfikowane\u00a0<\/em><em>c\u0119gi czo\u0142owe stosowane w kosmetyce<\/em>, jak wszystkie narz\u0119dzia Tendo\u00ae Solingen mog\u0105 by\u0107 sterylizowane w autoklawach kosmetycznych i dezynfekowane \u015brodkami chemicznymi z wyj\u0105tkiem \u015brodk\u00f3w wybielaj\u0105cych i pochodnych.\u00a0C\u0119gi uniwersalne\u00a0proste posiadaj\u0105 certyfikat CE oraz certyfikaty firmy medycznej w zakresie ISO 9001\/ ISO 13485.<\/span><\/p>\n","protected":false},"excerpt":{"rendered":"<p style=\"text-align:justify;\"><span style=\"font-family:arial, helvetica, sans-serif;font-size:10pt;\"><strong>C\u0119gi czo\u0142owe marki Tendo Solingen<\/strong> to wyspecjalizowany instrument medyczny s\u0142u\u017c\u0105cy do skracania stwardnia\u0142ych oraz wro\u015bni\u0119tych paznokci u st\u00f3p. Odpowiednio wyprofilowana ko\u0144c\u00f3wka robocza o \u015bci\u0119tym kszta\u0142cie pozwala na \u0142atwe obcinanie paznokci do po\u017c\u0105danej d\u0142ugo\u015bci. Ergonomiczne r\u0119koje\u015b\u0107 posiada wypustki \u2013 dzia\u0142aj\u0105 one antypo\u015blizgowo. Umieszczona blokada, na dole uchwytu, pozwala zablokowa\u0107 cz\u0119\u015b\u0107 pracuj\u0105c\u0105. System spr\u0119\u017cynowy umieszczony w g\u00f3rnej cz\u0119\u015bci ramion, zwi\u0119ksza p\u0142ynno\u015b\u0107 narz\u0119dzia. Ca\u0142kowita d\u0142ugo\u015b\u0107 wynosi 14 cm. C\u0119gi czo\u0142owe zosta\u0142y wykonane ze stali nierdzewnej najwy\u017cszej jako\u015bci o ponadprzeci\u0119tnych w\u0142a\u015bciwo\u015bciach antykorozyjnych. Mo\u017cliwo\u015b\u0107 sterylizacji w autoklawie lub myjce.<\/span><\/p>\n<p><\/br><\/p>\n<p style=\"text-align:justify;\"><span style=\"font-family:arial, helvetica, sans-serif;font-size:10pt;\">C\u0119gi podologiczne czo\u0142owe dost\u0119pne s\u0105 w wersji standard oraz premium. Wariant premium charakteryzuje si\u0119 najwy\u017cszej jako\u015bci stal\u0105 nierdzewn\u0105 oraz zwi\u0119kszon\u0105 wytrzyma\u0142o\u015bci\u0105 i trwa\u0142o\u015bci\u0105 poprzez zastosowanie odpowiedniego stopu metalu.\u00a0<\/span><\/p>\n<p><\/br><\/p>\n<h1 style=\"text-align:justify;\"><span style=\"font-family:arial, helvetica, sans-serif;font-size:10pt;\">C\u0119gi czo\u0142owe Solingen do paznokci &#8211; parametry<\/span><\/h1>\n<p><\/br><\/p>\n<ul><\/br><\/p>\n<li style=\"text-align:justify;\"><span style=\"font-family:arial, helvetica, sans-serif;font-size:10pt;\">typ: c\u0119gi czo\u0142owe, podologia, kosmetyka, Tendo Solingen<\/span><\/li>\n<p><\/br><\/p>\n<li style=\"text-align:justify;\"><span style=\"font-family:arial, helvetica, sans-serif;font-size:10pt;\">przeznaczenie: skracanie paznokci<\/span><\/li>\n<p><\/br><\/p>\n<li style=\"text-align:justify;\"><span style=\"font-family:arial, helvetica, sans-serif;font-size:10pt;\">niemiecka stal chirurgiczna<\/span><\/li>\n<p><\/br><\/p>\n<li style=\"text-align:justify;\"><span style=\"font-family:arial, helvetica, sans-serif;font-size:10pt;\">dost\u0119pna d\u0142ugo\u015b\u0107: 14 cm<\/span><\/li>\n<p><\/br><\/p>\n<li style=\"text-align:justify;\"><span style=\"font-family:arial, helvetica, sans-serif;font-size:10pt;\">dost\u0119pny wariant:<\/span><\/li>\n<p><\/br><\/ul>\n<p><\/br><\/p>\n<ul style=\"list-style-type:circle;\"><\/br><\/p>\n<li style=\"text-align:justify;\"><span style=\"font-family:arial, helvetica, sans-serif;font-size:10pt;\">standard &#8211; gwarancja 24 m-ce<\/span><\/li>\n<p><\/br><\/p>\n<li style=\"text-align:justify;\"><span style=\"font-family:arial, helvetica, sans-serif;font-size:10pt;\">premium &#8211; gwrancja 36 m-cy<\/span><\/li>\n<p><\/br><\/ul>\n<p><\/br><\/p>\n<ul><\/br><\/p>\n<li style=\"text-align:justify;\"><span style=\"font-family:arial, helvetica, sans-serif;font-size:10pt;\">wykonane r\u0119cznie<\/span><\/li>\n<p><\/br><\/p>\n<li style=\"text-align:justify;\"><span style=\"font-family:arial, helvetica, sans-serif;font-size:10pt;\">produkt wielokrotnego u\u017cytku<\/span><\/li>\n<p><\/br><\/p>\n<li style=\"text-align:justify;\"><span style=\"font-family:arial, helvetica, sans-serif;font-size:10pt;\">produkt niesterylny<\/span><\/li>\n<p><\/br><\/ul>\n<p><\/br><\/p>\n<h2 style=\"text-align:justify;\"><span style=\"font-family:arial, helvetica, sans-serif;font-size:10pt;\">Zalety wykorzystania &#8211; c\u0119gi czo\u0142owe do paznokci st\u00f3p<\/span><\/h2>\n<p><\/br><\/p>\n<ul><\/br><\/p>\n<li style=\"text-align:justify;\"><span style=\"font-family:arial, helvetica, sans-serif;font-size:10pt;\">mo\u017cliwo\u015b\u0107 sterylizacji w autoklawie w 134 stopniach<\/span><\/li>\n<p><\/br><\/p>\n<li style=\"text-align:justify;\"><span style=\"font-family:arial, helvetica, sans-serif;font-size:10pt;\">gwarancja satysfakcji i najwy\u017cszej jako\u015bci wykonania<\/span><\/li>\n<p><\/br><\/p>\n<li style=\"text-align:justify;\"><span style=\"font-family:arial, helvetica, sans-serif;font-size:10pt;\">uniwersalne zastosowanie w klinikach, gabinetach (np. pedicure) oraz warunkach domowych<\/span><\/li>\n<p><\/br><\/p>\n<li style=\"text-align:justify;\"><span style=\"font-family:arial, helvetica, sans-serif;font-size:10pt;\">wykonane ze stali nierdzewnej najwy\u017cszej jako\u015bci o ponadprzeci\u0119tnych w\u0142a\u015bciwo\u015bciach antykorozyjnych<\/span><\/li>\n<p><\/br><\/p>\n<li style=\"text-align:justify;\"><span style=\"font-family:arial, helvetica, sans-serif;font-size:10pt;\">\u017c\u0142obienia na r\u0119koje\u015bci dzia\u0142aj\u0105 antypo\u015blizgowo, a ergonomiczne ramiona zapobiegaj\u0105 nadwyr\u0119\u017ceniu d\u0142oni<\/span><\/li>\n<p><\/br><\/ul>\n<p><\/br><\/p>\n<p style=\"text-align:justify;\"><span style=\"font-family:arial, helvetica, sans-serif;font-size:10pt;\"><em>Certyfikowane\u00a0<\/em><em>c\u0119gi czo\u0142owe stosowane w kosmetyce<\/em>, jak wszystkie narz\u0119dzia Tendo\u00ae Solingen mog\u0105 by\u0107 sterylizowane w autoklawach kosmetycznych i dezynfekowane \u015brodkami chemicznymi z wyj\u0105tkiem \u015brodk\u00f3w wybielaj\u0105cych i pochodnych.\u00a0C\u0119gi uniwersalne\u00a0proste posiadaj\u0105 certyfikat CE oraz certyfikaty firmy medycznej w zakresie ISO 9001\/ ISO 13485.<\/span><\/p>\n","protected":false},"featured_media":1332,"comment_status":"closed","ping_status":"closed","template":"","meta":[],"product_brand":[],"product_cat":[183],"product_tag":[],"class_list":{"0":"post-2493","1":"product","2":"type-product","3":"status-publish","4":"has-post-thumbnail","6":"product_cat-cegi-cazki","8":"first","9":"instock","10":"purchasable","11":"product-type-simple"},"_links":{"self":[{"href":"https:\/\/tendosolingen.de\/pl\/wp-json\/wp\/v2\/product\/2493","targetHints":{"allow":["GET"]}}],"collection":[{"href":"https:\/\/tendosolingen.de\/pl\/wp-json\/wp\/v2\/product"}],"about":[{"href":"https:\/\/tendosolingen.de\/pl\/wp-json\/wp\/v2\/types\/product"}],"replies":[{"embeddable":true,"href":"https:\/\/tendosolingen.de\/pl\/wp-json\/wp\/v2\/comments?post=2493"}],"wp:featuredmedia":[{"embeddable":true,"href":"https:\/\/tendosolingen.de\/pl\/wp-json\/wp\/v2\/media\/1332"}],"wp:attachment":[{"href":"https:\/\/tendosolingen.de\/pl\/wp-json\/wp\/v2\/media?parent=2493"}],"wp:term":[{"taxonomy":"product_brand","embeddable":true,"href":"https:\/\/tendosolingen.de\/pl\/wp-json\/wp\/v2\/product_brand?post=2493"},{"taxonomy":"product_cat","embeddable":true,"href":"https:\/\/tendosolingen.de\/pl\/wp-json\/wp\/v2\/product_cat?post=2493"},{"taxonomy":"product_tag","embeddable":true,"href":"https:\/\/tendosolingen.de\/pl\/wp-json\/wp\/v2\/product_tag?post=2493"}],"curies":[{"name":"wp","href":"https:\/\/api.w.org\/{rel}","templated":true}]}}