{"id":2492,"date":"2024-04-09T22:38:37","date_gmt":"2024-04-09T20:38:37","guid":{"rendered":"https:\/\/tendosolingen.de\/product\/cegi-chirurgiczne-boczne-do-wrastajacych-paznokci-14-cm-rodzaj-produktu-premium-hq\/"},"modified":"2026-01-09T15:08:52","modified_gmt":"2026-01-09T14:08:52","slug":"cegi-chirurgiczne-boczne-do-wrastajacych-paznokci-14-cm-rodzaj-produktu-premium-hq","status":"publish","type":"product","link":"https:\/\/tendosolingen.de\/pl\/produkt\/cegi-chirurgiczne-boczne-do-wrastajacych-paznokci-14-cm-rodzaj-produktu-premium-hq\/","title":{"rendered":"C\u0119gi chirurgiczne boczne do wrastaj\u0105cych paznokci 14 cm Rodzaj produktu: Premium (HQ)"},"content":{"rendered":"<p><span style=\"font-family: arial, helvetica, sans-serif; font-size: 10pt;\">Profesjonalne c\u0119gi do paznokci podologiczne boczne marki Tendo Solingen to wyspecjalizowany przyrz\u0105d wykorzystywany do przeprowadzenia zabieg\u00f3w podologicznych (tzw. pedicure leczniczy), zwi\u0105zanych z leczeniem schorze\u0144 w obr\u0119bie p\u0142ytki paznokcia. C\u0119gi s\u0142u\u017c\u0105 do wycinania sk\u00f3rek, skracania, obcinania delikatnych i cienkich paznokci a tak\u017ce do wrastaj\u0105cych paznokci. Zw\u0119\u017cana i ostro zako\u0144czona ko\u0144c\u00f3wka idealnie sprawdzi si\u0119 do usuni\u0119cia g\u0142\u0119boko wro\u015bni\u0119tej cz\u0119\u015bci paznokcia u n\u00f3g. System spr\u0119\u017cynowy umo\u017cliwi regulacj\u0119 poziomu si\u0142y nacisku. Ergonomiczna r\u0119koje\u015b\u0107 doskonale przylega do d\u0142oni i gwarantuje komfort pracy. Trzony posiadaj\u0105 antypo\u015blizgowe \u017c\u0142obienia, zmniejszaj\u0105ce ryzyko wy\u015blizgni\u0119cia si\u0119 narz\u0119dzia z r\u0119ki. C\u0119gi podologiczne Solingen wykonano z jako\u015bci stali nierdzewnej, zapobiegaj\u0105c korozji. Posiadaj\u0105 satynowe wyko\u0144czenie. Mo\u017cliwo\u015b\u0107 wielokrotnej sterylizacji.<\/span><\/p>\n<p>&nbsp;<\/p>\n<p style=\"text-align: left;\"><span style=\"font-family: arial, helvetica, sans-serif; font-size: 10pt;\">Narz\u0119dzie posiada wszystkie <span style=\"text-decoration: underline;\">certyfikaty<\/span>. Dost\u0119pne w dw\u00f3ch wariantach: <strong>Standard<\/strong> &#8211; z klasycznej, solidnej stali nierdzewnej i <strong>Premium<\/strong> &#8211; z medycznej stali chirurgicznej z wyd\u0142u\u017con\u0105 gwarancj\u0105.\u00a0<\/span><\/p>\n<p>&nbsp;<\/p>\n<h1 style=\"text-align: left;\"><code><span style=\"font-family: arial, helvetica, sans-serif; font-size: 10pt;\">Parametry c\u0119g\u00f3w podologiczne do paznokci do pedicure<\/span><\/code><\/h1>\n<p>&nbsp;<\/p>\n<ul style=\"text-align: left;\">\n<li style=\"list-style-type: none;\">\n<ul style=\"text-align: left;\">\n<li style=\"text-align: justify;\"><span style=\"font-family: arial, helvetica, sans-serif; font-size: 10pt;\">Typ: obc\u0119gi, do paznokci, podologiczne<\/span><\/li>\n<\/ul>\n<\/li>\n<\/ul>\n<p>&nbsp;<\/p>\n<ul style=\"text-align: left;\">\n<li style=\"list-style-type: none;\">\n<ul style=\"text-align: left;\">\n<li style=\"text-align: justify;\"><span style=\"font-family: arial, helvetica, sans-serif; font-size: 10pt;\">Rodzaj: boczne, proste<\/span><\/li>\n<\/ul>\n<\/li>\n<\/ul>\n<p>&nbsp;<\/p>\n<ul style=\"text-align: left;\">\n<li style=\"list-style-type: none;\">\n<ul style=\"text-align: left;\">\n<li style=\"text-align: justify;\"><span style=\"font-family: arial, helvetica, sans-serif; font-size: 10pt;\">Przeznaczenie: skracanie cienkich paznokci, usuwanie sk\u00f3rek i wrastaj\u0105cej cz\u0119\u015bci paznokcia<\/span><\/li>\n<\/ul>\n<\/li>\n<\/ul>\n<p>&nbsp;<\/p>\n<ul style=\"text-align: left;\">\n<li style=\"list-style-type: none;\">\n<ul style=\"text-align: left;\">\n<li style=\"text-align: justify;\"><span style=\"font-family: arial, helvetica, sans-serif; font-size: 10pt;\">Dost\u0119pna d\u0142ugo\u015b\u0107: 14 cm<\/span><\/li>\n<\/ul>\n<\/li>\n<\/ul>\n<p>&nbsp;<\/p>\n<ul style=\"text-align: left;\">\n<li style=\"list-style-type: none;\">\n<ul style=\"text-align: left;\">\n<li style=\"text-align: justify;\"><span style=\"font-family: arial, helvetica, sans-serif; font-size: 10pt;\">Wykonane r\u0119cznie<\/span><\/li>\n<\/ul>\n<\/li>\n<\/ul>\n<p>&nbsp;<\/p>\n<ul style=\"text-align: left;\">\n<li style=\"list-style-type: none;\">\n<ul style=\"text-align: left;\">\n<li style=\"text-align: justify;\"><span style=\"font-family: arial, helvetica, sans-serif; font-size: 10pt;\">Produkt wielokrotnego u\u017cytku<\/span><\/li>\n<\/ul>\n<\/li>\n<\/ul>\n<p>&nbsp;<\/p>\n<ul style=\"text-align: left;\">\n<li style=\"list-style-type: none;\">\n<ul style=\"text-align: left;\">\n<li style=\"text-align: justify;\"><span style=\"font-family: arial, helvetica, sans-serif; font-size: 10pt;\">Produkt niesterylny<\/span><\/li>\n<\/ul>\n<\/li>\n<\/ul>\n<p>&nbsp;<\/p>\n<ul style=\"text-align: left;\">\n<li style=\"list-style-type: none;\">\n<ul style=\"text-align: left;\">\n<li style=\"text-align: justify;\"><span style=\"font-family: arial, helvetica, sans-serif; font-size: 10pt;\"><span style=\"text-decoration: underline;\">Gwarancja<\/span>: 2 lata na produkt Standard i 3 lata na produkt Premium<\/span><\/li>\n<\/ul>\n<\/li>\n<\/ul>\n<p>&nbsp;<\/p>\n<p>&nbsp;<\/p>\n<h2 style=\"text-align: left;\"><span style=\"font-family: arial, helvetica, sans-serif; font-size: 10pt;\">Zalety wykorzystania c\u0119g\u00f3w bocznych do skracania i wycinania paznokci<\/span><\/h2>\n<p>&nbsp;<\/p>\n<ul style=\"text-align: left;\">\n<li style=\"list-style-type: none;\">\n<ul style=\"text-align: left;\">\n<li style=\"text-align: justify;\"><span style=\"font-family: arial, helvetica, sans-serif; font-size: 10pt;\">Ko\u0144c\u00f3wka jest w\u0105ska i ostra, co idealnie sprawdzi si\u0119 przy usuwaniu wrastaj\u0105cej cz\u0119\u015bci paznokcia<\/span><\/li>\n<\/ul>\n<\/li>\n<\/ul>\n<p>&nbsp;<\/p>\n<ul style=\"text-align: left;\">\n<li style=\"list-style-type: none;\">\n<ul style=\"text-align: left;\">\n<li style=\"text-align: justify;\"><span style=\"font-family: arial, helvetica, sans-serif; font-size: 10pt;\">System spr\u0119\u017cynowy umo\u017cliwia stosowanie r\u00f3\u017cnych si\u0142 nacisku<\/span><\/li>\n<\/ul>\n<\/li>\n<\/ul>\n<p>&nbsp;<\/p>\n<ul style=\"text-align: left;\">\n<li style=\"list-style-type: none;\">\n<ul style=\"text-align: left;\">\n<li style=\"text-align: justify;\"><span style=\"font-family: arial, helvetica, sans-serif; font-size: 10pt;\">Ergonomiczny kszta\u0142t gwarantuje komfort pracy podczas u\u017cytkowania produktu<\/span><\/li>\n<\/ul>\n<\/li>\n<\/ul>\n<p>&nbsp;<\/p>\n<ul style=\"text-align: left;\">\n<li style=\"list-style-type: none;\">\n<ul style=\"text-align: left;\">\n<li style=\"text-align: justify;\"><span style=\"font-family: arial, helvetica, sans-serif; font-size: 10pt;\">Mo\u017cliwo\u015b\u0107 sterylizacji w autoklawie<\/span><\/li>\n<\/ul>\n<\/li>\n<\/ul>\n<p>&nbsp;<\/p>\n<ul style=\"text-align: left;\">\n<li style=\"list-style-type: none;\">\n<ul style=\"text-align: left;\">\n<li style=\"text-align: justify;\"><span style=\"font-family: arial, helvetica, sans-serif; font-size: 10pt;\">Wykonane ze stali nierdzewnej najwy\u017cszej jako\u015bci o ponadprzeci\u0119tnych w\u0142a\u015bciwo\u015bciach antykorozyjnych<\/span><\/li>\n<\/ul>\n<\/li>\n<\/ul>\n<p>&nbsp;<\/p>\n<p>&nbsp;<\/p>\n<p style=\"text-align: left;\"><span style=\"font-family: arial, helvetica, sans-serif; font-size: 10pt;\">Produkt posiada certyfikaty CE oraz ISO.<\/span><\/p>\n","protected":false},"excerpt":{"rendered":"<p style=\"text-align: left;\"><span style=\"font-family: arial, helvetica, sans-serif; font-size: 10pt;\">Profesjonalne c\u0119gi do paznokci podologiczne boczne marki Tendo Solingen\u00a0to wyspecjalizowany\u00a0przyrz\u0105d\u00a0wykorzystywany do przeprowadzenia zabieg\u00f3w podologicznych (tzw. pedicure leczniczy), zwi\u0105zanych z leczeniem schorze\u0144 w obr\u0119bie p\u0142ytki paznokcia. C\u0119gi s\u0142u\u017c\u0105 do wycinania sk\u00f3rek, skracania, obcinania delikatnych i cienkich paznokci a tak\u017ce do wrastaj\u0105cych paznokci. Zw\u0119\u017cana i ostro zako\u0144czona ko\u0144c\u00f3wka idealnie sprawdzi si\u0119 do usuni\u0119cia g\u0142\u0119boko wro\u015bni\u0119tej cz\u0119\u015bci paznokcia u n\u00f3g. System spr\u0119\u017cynowy umo\u017cliwi regulacj\u0119 poziomu si\u0142y nacisku. Ergonomiczna r\u0119koje\u015b\u0107 doskonale przylega do d\u0142oni i gwarantuje komfort pracy. Trzony posiadaj\u0105 antypo\u015blizgowe \u017c\u0142obienia, zmniejszaj\u0105ce ryzyko wy\u015blizgni\u0119cia si\u0119 narz\u0119dzia z r\u0119ki. C\u0119gi podologiczne Solingen wykonano z jako\u015bci stali nierdzewnej, zapobiegaj\u0105c korozji. Posiadaj\u0105 satynowe wyko\u0144czenie. Mo\u017cliwo\u015b\u0107 wielokrotnej sterylizacji.<\/span><\/p>\n","protected":false},"featured_media":1328,"comment_status":"closed","ping_status":"closed","template":"","meta":[],"product_brand":[],"product_cat":[183],"product_tag":[],"class_list":{"0":"post-2492","1":"product","2":"type-product","3":"status-publish","4":"has-post-thumbnail","6":"product_cat-cegi-cazki","8":"first","9":"instock","10":"purchasable","11":"product-type-simple"},"_links":{"self":[{"href":"https:\/\/tendosolingen.de\/pl\/wp-json\/wp\/v2\/product\/2492","targetHints":{"allow":["GET"]}}],"collection":[{"href":"https:\/\/tendosolingen.de\/pl\/wp-json\/wp\/v2\/product"}],"about":[{"href":"https:\/\/tendosolingen.de\/pl\/wp-json\/wp\/v2\/types\/product"}],"replies":[{"embeddable":true,"href":"https:\/\/tendosolingen.de\/pl\/wp-json\/wp\/v2\/comments?post=2492"}],"wp:featuredmedia":[{"embeddable":true,"href":"https:\/\/tendosolingen.de\/pl\/wp-json\/wp\/v2\/media\/1328"}],"wp:attachment":[{"href":"https:\/\/tendosolingen.de\/pl\/wp-json\/wp\/v2\/media?parent=2492"}],"wp:term":[{"taxonomy":"product_brand","embeddable":true,"href":"https:\/\/tendosolingen.de\/pl\/wp-json\/wp\/v2\/product_brand?post=2492"},{"taxonomy":"product_cat","embeddable":true,"href":"https:\/\/tendosolingen.de\/pl\/wp-json\/wp\/v2\/product_cat?post=2492"},{"taxonomy":"product_tag","embeddable":true,"href":"https:\/\/tendosolingen.de\/pl\/wp-json\/wp\/v2\/product_tag?post=2492"}],"curies":[{"name":"wp","href":"https:\/\/api.w.org\/{rel}","templated":true}]}}