{"id":2490,"date":"2024-04-09T22:38:33","date_gmt":"2024-04-09T20:38:33","guid":{"rendered":"https:\/\/tendosolingen.de\/product\/cegi-czolowe-do-paznokci-podologiczne-solingen-12-cm-rodzaj-produktu-premium-hq\/"},"modified":"2026-01-09T15:12:24","modified_gmt":"2026-01-09T14:12:24","slug":"cegi-czolowe-do-paznokci-podologiczne-solingen-12-cm-rodzaj-produktu-premium-hq","status":"publish","type":"product","link":"https:\/\/tendosolingen.de\/pl\/produkt\/cegi-czolowe-do-paznokci-podologiczne-solingen-12-cm-rodzaj-produktu-premium-hq\/","title":{"rendered":"C\u0119gi czo\u0142owe do paznokci podologiczne Solingen 12 cm Rodzaj produktu: Premium (HQ)"},"content":{"rendered":"<p style=\"text-align:justify;\"><span style=\"font-family:arial, helvetica, sans-serif;font-size:10pt;\"><strong>C\u0119gi podologiczne czo\u0142owe<\/strong> Tendo\u00ae Solingen to wyspecjalizowany instrument medyczny wykorzystywany podczas zabieg\u00f3w podologicznych zwi\u0105zanych z leczeniem schorze\u0144 w obr\u0119bie p\u0142ytki paznokcia. S\u0142u\u017c\u0105 do obcinania zar\u00f3wno mi\u0119kkich, jak i twardych paznokci. W tym celu instrument posiada lekko wkl\u0119s\u0142e ostrza, kt\u00f3re nadaj\u0105 p\u0142ytce naturalny kszta\u0142t. <em>C\u0119gi czo\u0142owe do paznokci<\/em> s\u0105 przeznaczone do bocznego obcinania paznokci. System spr\u0119\u017cynowy umo\u017cliwi regulacj\u0119 i stabilizacj\u0119 si\u0142y nacisku. Ergonomiczna i solidna r\u0119koje\u015b\u0107 idealnie przylega do d\u0142oni, gwarantuj\u0105c wygod\u0119 pracy. C\u0119gi podologiczne wykonano z jako\u015bci stali nierdzewnej, zapobiegaj\u0105c korozji. <span style=\"text-decoration:underline;\">C\u0105\u017cki czo\u0142owe do obcinania paznokci<\/span> osiadaj\u0105 satynowe wyko\u0144czenie. Mo\u017cliwo\u015b\u0107 wielokrotnej sterylizacji.<\/span><\/p>\n<p><\/br><\/p>\n<h1 style=\"text-align:justify;\"><span style=\"font-family:arial, helvetica, sans-serif;font-size:10pt;\">Parametry &#8211;\u00a0c\u0119gi czo\u0142owe do pedicure<\/span><\/h1>\n<p><\/br><\/p>\n<ul><\/br><\/p>\n<li style=\"text-align:justify;\"><span style=\"font-family:arial, helvetica, sans-serif;font-size:10pt;\">typ: c\u0119gi, do paznokci, podologiczne, czo\u0142owe, boczne<\/span><\/li>\n<p><\/br><\/p>\n<li style=\"text-align:justify;\"><span style=\"font-family:arial, helvetica, sans-serif;font-size:10pt;\">przeznaczenie: skracanie twardych i zrogowacia\u0142ych paznokci<\/span><\/li>\n<p><\/br><\/p>\n<li style=\"text-align:justify;\"><span style=\"font-family:arial, helvetica, sans-serif;font-size:10pt;\">niemiecka stal nierdzewna<\/span><\/li>\n<p><\/br><\/p>\n<li style=\"text-align:justify;\"><span style=\"font-family:arial, helvetica, sans-serif;font-size:10pt;\">dost\u0119pna d\u0142ugo\u015b\u0107: 12 cm<\/span><\/li>\n<p><\/br><\/p>\n<li style=\"text-align:justify;\"><span style=\"font-family:arial, helvetica, sans-serif;font-size:10pt;\">wykonane r\u0119cznie<\/span><\/li>\n<p><\/br><\/p>\n<li style=\"text-align:justify;\"><span style=\"font-family:arial, helvetica, sans-serif;font-size:10pt;\">produkt wielokrotnego u\u017cytku<\/span><\/li>\n<p><\/br><\/p>\n<li style=\"text-align:justify;\"><span style=\"font-family:arial, helvetica, sans-serif;font-size:10pt;\">produkt niesterylny<\/span><\/li>\n<p><\/br><\/p>\n<li style=\"text-align:justify;\"><span style=\"font-family:arial, helvetica, sans-serif;font-size:10pt;\">gwarancja producenta: standard 24 m-ce, premium 36 m-cy<\/span><\/li>\n<p><\/br><\/ul>\n<p><\/br><\/p>\n<h2 style=\"text-align:justify;\"><span style=\"font-family:arial, helvetica, sans-serif;font-size:10pt;\">Zalety wykorzystania &#8211; c\u0119gi do wrastaj\u0105cych paznokci\u00a0<\/span><\/h2>\n<p><\/br><\/p>\n<ul><\/br><\/p>\n<li style=\"text-align:justify;\"><span style=\"font-family:arial, helvetica, sans-serif;font-size:10pt;\">c\u0119gi czo\u0142owe idealnie sprawdz\u0105 si\u0119 do skracania problematycznych paznokci<\/span><\/li>\n<p><\/br><\/p>\n<li style=\"text-align:justify;\"><span style=\"font-family:arial, helvetica, sans-serif;font-size:10pt;\">lekko wkl\u0119s\u0142a forma ostrza nadanie obcinanym paznokciom prawid\u0142owy kszta\u0142t<\/span><\/li>\n<p><\/br><\/p>\n<li style=\"text-align:justify;\"><span style=\"font-family:arial, helvetica, sans-serif;font-size:10pt;\">system spr\u0119\u017cynowy umo\u017cliwia stosowanie r\u00f3\u017cnych si\u0142 nacisku<\/span><\/li>\n<p><\/br><\/p>\n<li style=\"text-align:justify;\"><span style=\"font-family:arial, helvetica, sans-serif;font-size:10pt;\">secjalny kszta\u0142t pozwala\u00a0na\u00a0obcinania paznokci r\u00f3wnie\u017c diabetykom<\/span><\/li>\n<p><\/br><\/p>\n<li style=\"text-align:justify;\"><span style=\"font-family:arial, helvetica, sans-serif;font-size:10pt;\">ergonomiczny kszta\u0142t gwarantuje komfort pracy podczas u\u017cytkowania produktu<\/span><\/li>\n<p><\/br><\/p>\n<li style=\"text-align:justify;\"><span style=\"font-family:arial, helvetica, sans-serif;font-size:10pt;\">szlifowane ostrza poradz\u0105 sobie z wyci\u0119ciem wrastaj\u0105cych paznokci<\/span><\/li>\n<p><\/br><\/p>\n<li style=\"text-align:justify;\"><span style=\"font-family:arial, helvetica, sans-serif;font-size:10pt;\">mo\u017cliwo\u015b\u0107 sterylizacji w autoklawie<\/span><\/li>\n<p><\/br><\/p>\n<li style=\"text-align:justify;\"><span style=\"font-family:arial, helvetica, sans-serif;font-size:10pt;\">wykonane ze stali nierdzewnej najwy\u017cszej jako\u015bci o ponadprzeci\u0119tnych w\u0142a\u015bciwo\u015bciach antykorozyjnych<\/span><\/li>\n<p><\/br><\/ul>\n<p><\/br><\/p>\n<p style=\"text-align:justify;\"><span style=\"font-family:arial, helvetica, sans-serif;font-size:10pt;\">Wszstkie c\u0119gi do paznokcji: chirurgiczne, boczne, czo\u0142owe, proste, ksi\u0119\u017cycowe s\u0105 fabrycznie nowe oraz dok\u0142adnie sprawdzane i kontrolowane na wszystkich etapach produkcji, w celu zapewnienia ich zgodno\u015bci z mi\u0119dzynarodowymi standardami okre\u015blonymi ISO 9001:2008 oraz certyfikatem CE.<\/span><\/p>\n","protected":false},"excerpt":{"rendered":"<p style=\"text-align:justify;\"><span style=\"font-family:arial, helvetica, sans-serif;font-size:10pt;\"><strong>C\u0119gi podologiczne czo\u0142owe<\/strong> Tendo\u00ae Solingen to wyspecjalizowany instrument medyczny wykorzystywany podczas zabieg\u00f3w podologicznych zwi\u0105zanych z leczeniem schorze\u0144 w obr\u0119bie p\u0142ytki paznokcia. S\u0142u\u017c\u0105 do obcinania zar\u00f3wno mi\u0119kkich, jak i twardych paznokci. W tym celu instrument posiada lekko wkl\u0119s\u0142e ostrza, kt\u00f3re nadaj\u0105 p\u0142ytce naturalny kszta\u0142t. <em>C\u0119gi czo\u0142owe do paznokci<\/em> s\u0105 przeznaczone do bocznego obcinania paznokci. System spr\u0119\u017cynowy umo\u017cliwi regulacj\u0119 i stabilizacj\u0119 si\u0142y nacisku. Ergonomiczna i solidna r\u0119koje\u015b\u0107 idealnie przylega do d\u0142oni, gwarantuj\u0105c wygod\u0119 pracy. C\u0119gi podologiczne wykonano z jako\u015bci stali nierdzewnej, zapobiegaj\u0105c korozji. <span style=\"text-decoration:underline;\">C\u0105\u017cki czo\u0142owe do obcinania paznokci<\/span> osiadaj\u0105 satynowe wyko\u0144czenie. Mo\u017cliwo\u015b\u0107 wielokrotnej sterylizacji.<\/span><\/p>\n<p><\/br><\/p>\n<h1 style=\"text-align:justify;\"><span style=\"font-family:arial, helvetica, sans-serif;font-size:10pt;\">Parametry &#8211;\u00a0c\u0119gi czo\u0142owe do pedicure<\/span><\/h1>\n<p><\/br><\/p>\n<ul><\/br><\/p>\n<li style=\"text-align:justify;\"><span style=\"font-family:arial, helvetica, sans-serif;font-size:10pt;\">typ: c\u0119gi, do paznokci, podologiczne, czo\u0142owe, boczne<\/span><\/li>\n<p><\/br><\/p>\n<li style=\"text-align:justify;\"><span style=\"font-family:arial, helvetica, sans-serif;font-size:10pt;\">przeznaczenie: skracanie twardych i zrogowacia\u0142ych paznokci<\/span><\/li>\n<p><\/br><\/p>\n<li style=\"text-align:justify;\"><span style=\"font-family:arial, helvetica, sans-serif;font-size:10pt;\">niemiecka stal nierdzewna<\/span><\/li>\n<p><\/br><\/p>\n<li style=\"text-align:justify;\"><span style=\"font-family:arial, helvetica, sans-serif;font-size:10pt;\">dost\u0119pna d\u0142ugo\u015b\u0107: 12 cm<\/span><\/li>\n<p><\/br><\/p>\n<li style=\"text-align:justify;\"><span style=\"font-family:arial, helvetica, sans-serif;font-size:10pt;\">wykonane r\u0119cznie<\/span><\/li>\n<p><\/br><\/p>\n<li style=\"text-align:justify;\"><span style=\"font-family:arial, helvetica, sans-serif;font-size:10pt;\">produkt wielokrotnego u\u017cytku<\/span><\/li>\n<p><\/br><\/p>\n<li style=\"text-align:justify;\"><span style=\"font-family:arial, helvetica, sans-serif;font-size:10pt;\">produkt niesterylny<\/span><\/li>\n<p><\/br><\/p>\n<li style=\"text-align:justify;\"><span style=\"font-family:arial, helvetica, sans-serif;font-size:10pt;\">gwarancja producenta: standard 24 m-ce, premium 36 m-cy<\/span><\/li>\n<p><\/br><\/ul>\n<p><\/br><\/p>\n<h2 style=\"text-align:justify;\"><span style=\"font-family:arial, helvetica, sans-serif;font-size:10pt;\">Zalety wykorzystania &#8211; c\u0119gi do wrastaj\u0105cych paznokci\u00a0<\/span><\/h2>\n<p><\/br><\/p>\n<ul><\/br><\/p>\n<li style=\"text-align:justify;\"><span style=\"font-family:arial, helvetica, sans-serif;font-size:10pt;\">c\u0119gi czo\u0142owe idealnie sprawdz\u0105 si\u0119 do skracania problematycznych paznokci<\/span><\/li>\n<p><\/br><\/p>\n<li style=\"text-align:justify;\"><span style=\"font-family:arial, helvetica, sans-serif;font-size:10pt;\">lekko wkl\u0119s\u0142a forma ostrza nadanie obcinanym paznokciom prawid\u0142owy kszta\u0142t<\/span><\/li>\n<p><\/br><\/p>\n<li style=\"text-align:justify;\"><span style=\"font-family:arial, helvetica, sans-serif;font-size:10pt;\">system spr\u0119\u017cynowy umo\u017cliwia stosowanie r\u00f3\u017cnych si\u0142 nacisku<\/span><\/li>\n<p><\/br><\/p>\n<li style=\"text-align:justify;\"><span style=\"font-family:arial, helvetica, sans-serif;font-size:10pt;\">secjalny kszta\u0142t pozwala\u00a0na\u00a0obcinania paznokci r\u00f3wnie\u017c diabetykom<\/span><\/li>\n<p><\/br><\/p>\n<li style=\"text-align:justify;\"><span style=\"font-family:arial, helvetica, sans-serif;font-size:10pt;\">ergonomiczny kszta\u0142t gwarantuje komfort pracy podczas u\u017cytkowania produktu<\/span><\/li>\n<p><\/br><\/p>\n<li style=\"text-align:justify;\"><span style=\"font-family:arial, helvetica, sans-serif;font-size:10pt;\">szlifowane ostrza poradz\u0105 sobie z wyci\u0119ciem wrastaj\u0105cych paznokci<\/span><\/li>\n<p><\/br><\/p>\n<li style=\"text-align:justify;\"><span style=\"font-family:arial, helvetica, sans-serif;font-size:10pt;\">mo\u017cliwo\u015b\u0107 sterylizacji w autoklawie<\/span><\/li>\n<p><\/br><\/p>\n<li style=\"text-align:justify;\"><span style=\"font-family:arial, helvetica, sans-serif;font-size:10pt;\">wykonane ze stali nierdzewnej najwy\u017cszej jako\u015bci o ponadprzeci\u0119tnych w\u0142a\u015bciwo\u015bciach antykorozyjnych<\/span><\/li>\n<p><\/br><\/ul>\n<p><\/br><\/p>\n<p style=\"text-align:justify;\"><span style=\"font-family:arial, helvetica, sans-serif;font-size:10pt;\">Wszstkie c\u0119gi do paznokcji: chirurgiczne, boczne, czo\u0142owe, proste, ksi\u0119\u017cycowe s\u0105 fabrycznie nowe oraz dok\u0142adnie sprawdzane i kontrolowane na wszystkich etapach produkcji, w celu zapewnienia ich zgodno\u015bci z mi\u0119dzynarodowymi standardami okre\u015blonymi ISO 9001:2008 oraz certyfikatem CE.<\/span><\/p>\n","protected":false},"featured_media":1320,"comment_status":"closed","ping_status":"closed","template":"","meta":[],"product_brand":[],"product_cat":[183],"product_tag":[],"class_list":{"0":"post-2490","1":"product","2":"type-product","3":"status-publish","4":"has-post-thumbnail","6":"product_cat-cegi-cazki","8":"first","9":"instock","10":"product-type-simple"},"_links":{"self":[{"href":"https:\/\/tendosolingen.de\/pl\/wp-json\/wp\/v2\/product\/2490","targetHints":{"allow":["GET"]}}],"collection":[{"href":"https:\/\/tendosolingen.de\/pl\/wp-json\/wp\/v2\/product"}],"about":[{"href":"https:\/\/tendosolingen.de\/pl\/wp-json\/wp\/v2\/types\/product"}],"replies":[{"embeddable":true,"href":"https:\/\/tendosolingen.de\/pl\/wp-json\/wp\/v2\/comments?post=2490"}],"wp:featuredmedia":[{"embeddable":true,"href":"https:\/\/tendosolingen.de\/pl\/wp-json\/wp\/v2\/media\/1320"}],"wp:attachment":[{"href":"https:\/\/tendosolingen.de\/pl\/wp-json\/wp\/v2\/media?parent=2490"}],"wp:term":[{"taxonomy":"product_brand","embeddable":true,"href":"https:\/\/tendosolingen.de\/pl\/wp-json\/wp\/v2\/product_brand?post=2490"},{"taxonomy":"product_cat","embeddable":true,"href":"https:\/\/tendosolingen.de\/pl\/wp-json\/wp\/v2\/product_cat?post=2490"},{"taxonomy":"product_tag","embeddable":true,"href":"https:\/\/tendosolingen.de\/pl\/wp-json\/wp\/v2\/product_tag?post=2490"}],"curies":[{"name":"wp","href":"https:\/\/api.w.org\/{rel}","templated":true}]}}