{"id":2486,"date":"2024-04-09T22:38:33","date_gmt":"2024-04-09T20:38:33","guid":{"rendered":"https:\/\/tendosolingen.de\/product\/cegi-podologiczne-czolowe-solingen-12-cm-rodzaj-produktu-premium-hq\/"},"modified":"2026-01-09T15:12:58","modified_gmt":"2026-01-09T14:12:58","slug":"cegi-podologiczne-czolowe-solingen-12-cm-rodzaj-produktu-premium-hq","status":"publish","type":"product","link":"https:\/\/tendosolingen.de\/pl\/produkt\/cegi-podologiczne-czolowe-solingen-12-cm-rodzaj-produktu-premium-hq\/","title":{"rendered":"C\u0119gi podologiczne czo\u0142owe Solingen 12 cm Rodzaj produktu: Premium (HQ)"},"content":{"rendered":"<p style=\"text-align:justify;\"><span style=\"font-family:arial, helvetica, sans-serif;font-size:10pt;\">C\u0119gi czo\u0142owe Solingen to wyspecjalizowany instrument wykorzystywany w podologii (dziedzina medycyny zajmuj\u0105ca si\u0119 leczeniem st\u00f3p). Ich g\u0142\u00f3wnym zadaniem jest skracanie paznokci u st\u00f3p do po\u017c\u0105danej d\u0142ugo\u015bci. \u015aci\u0119ta, ale ostra ko\u0144c\u00f3wki pozwala na \u0142atwe obcinanie ka\u017cdego rodzaju paznokci \u2013 nawet tych wymagaj\u0105cych wi\u0119kszej uwagi. Dodatkowo, ostrze s\u0105 niezwykle g\u0142adkie oraz wytrzyma\u0142e. Ergonomiczne uchwyty posiadaj\u0105 \u017c\u0142obienia, kt\u00f3re dzia\u0142aj\u0105 antypo\u015blizgowo. System spr\u0119\u017cynowy, umieszczony w g\u00f3rnej cz\u0119\u015bci ramion, zwi\u0119ksza p\u0142ynno\u015b\u0107 narz\u0119dzia. Ca\u0142kowita d\u0142ugo\u015b\u0107 wynosi 12 cm. Wykonane ze stali nierdzewnej najwy\u017cszej jako\u015bci o bardzo dobrych w\u0142a\u015bciwo\u015bciach antykorozyjnych. Mo\u017cliwo\u015b\u0107 wielokrotnej sterylizacji. Satynowe wyko\u0144czenie zapobiega refleksom \u015bwietlnym.<\/span><\/p>\n<p><\/br><\/p>\n<p style=\"text-align:justify;\"><span style=\"font-family:arial, helvetica, sans-serif;font-size:10pt;\">Do wyboru jest wariant Standard oraz Premium. C\u0119gi Premium charakteryzuj\u0105 si\u0119 najlepsz\u0105 stal\u0105 nierdzewn\u0105, a ponadto s\u0105 bardziej wytrzyma\u0142e oraz trwa\u0142e.<\/span><\/p>\n<p><\/br><\/p>\n<h1 style=\"text-align:justify;\"><span style=\"font-family:arial, helvetica, sans-serif;font-size:10pt;\">Parametry c\u0119g\u00f3w czo\u0142owych<\/span><\/h1>\n<p><\/br><\/p>\n<ul><\/br><\/p>\n<li style=\"text-align:justify;\"><span style=\"font-family:arial, helvetica, sans-serif;font-size:10pt;\">typ: c\u0119gi czo\u0142owe, podologia, kosmetyka, Tendo Solingen, Gold Line<\/span><\/li>\n<p><\/br><\/p>\n<li style=\"text-align:justify;\"><span style=\"font-family:arial, helvetica, sans-serif;font-size:10pt;\">przeznaczenie: obcinanie paznokci<\/span><\/li>\n<p><\/br><\/p>\n<li style=\"text-align:justify;\"><span style=\"font-family:arial, helvetica, sans-serif;font-size:10pt;\">matowe<\/span><\/li>\n<p><\/br><\/p>\n<li style=\"text-align:justify;\"><span style=\"font-family:arial, helvetica, sans-serif;font-size:10pt;\">niemiecka stal chirurgiczna<\/span><\/li>\n<p><\/br><\/p>\n<li style=\"text-align:justify;\"><span style=\"font-family:arial, helvetica, sans-serif;font-size:10pt;\">dost\u0119pna d\u0142ugo\u015b\u0107: 12 cm<\/span><\/li>\n<p><\/br><\/p>\n<li style=\"text-align:justify;\"><span style=\"font-family:arial, helvetica, sans-serif;font-size:10pt;\">dost\u0119pny wariant:<\/span><\/li>\n<p><\/br><\/ul>\n<p><\/br><\/p>\n<ul style=\"list-style-type:circle;\"><\/br><\/p>\n<li style=\"text-align:justify;\"><span style=\"font-family:arial, helvetica, sans-serif;font-size:10pt;\">standard &#8211; gwarancja 24 m-ce<\/span><\/li>\n<p><\/br><\/p>\n<li style=\"text-align:justify;\"><span style=\"font-family:arial, helvetica, sans-serif;font-size:10pt;\">premium &#8211; gwarancja 36 m-cy\u00a0<\/span><\/li>\n<p><\/br><\/ul>\n<p><\/br><\/p>\n<ul><\/br><\/p>\n<li style=\"text-align:justify;\"><span style=\"font-family:arial, helvetica, sans-serif;font-size:10pt;\">wykonane r\u0119cznie<\/span><\/li>\n<p><\/br><\/p>\n<li style=\"text-align:justify;\"><span style=\"font-family:arial, helvetica, sans-serif;font-size:10pt;\">produkt wielokrotnego u\u017cytku<\/span><\/li>\n<p><\/br><\/p>\n<li style=\"text-align:justify;\"><span style=\"font-family:arial, helvetica, sans-serif;font-size:10pt;\">produkt niesterylny<\/span><\/li>\n<p><\/br><\/ul>\n<p><\/br><\/p>\n<h2 style=\"text-align:justify;\"><span style=\"font-family:arial, helvetica, sans-serif;font-size:10pt;\">Zalety wykorzystania<\/span><\/h2>\n<p><\/br><\/p>\n<ul><\/br><\/p>\n<li style=\"text-align:justify;\"><span style=\"font-family:arial, helvetica, sans-serif;font-size:10pt;\">mo\u017cliwo\u015b\u0107 sterylizacji w autoklawie<\/span><\/li>\n<p><\/br><\/p>\n<li style=\"text-align:justify;\"><span style=\"font-family:arial, helvetica, sans-serif;font-size:10pt;\">\u017c\u0142obienia na r\u0119koje\u015bci dzia\u0142aj\u0105 antypo\u015blizgowo<\/span><\/li>\n<p><\/br><\/p>\n<li style=\"text-align:justify;\"><span style=\"font-family:arial, helvetica, sans-serif;font-size:10pt;\">gwarancja satysfakcji i najwy\u017cszej jako\u015bci<\/span><\/li>\n<p><\/br><\/p>\n<li style=\"text-align:justify;\"><span style=\"font-family:arial, helvetica, sans-serif;font-size:10pt;\">wykonane ze stali nierdzewnej najwy\u017cszej jako\u015bci o ponadprzeci\u0119tnych w\u0142a\u015bciwo\u015bciach antykorozyjnych<\/span><\/li>\n<p><\/br><\/p>\n<li style=\"text-align:justify;\"><span style=\"font-family:arial, helvetica, sans-serif;font-size:10pt;\">uniwersalne zastosowanie w klinikach, gabinetach (np. predicure) oraz warunkach domowych<\/span><\/li>\n<p><\/br><\/ul>\n<p><\/br><\/p>\n<p style=\"text-align:justify;\"><span style=\"font-family:arial, helvetica, sans-serif;font-size:10pt;\">Profesjonalne narz\u0119dzia kosmetyczne oferowane przez sklep to gwarancja najwy\u017cszej jako\u015bci. Ka\u017cde narz\u0119dzie jest fabrycznie nowe oraz produkowane z wysokiej jako\u015bci stali nierdzewnej, dok\u0142adnie sprawdzane i kontrolowane na wszystkich etapach produkcji.Produkt jest zgodny\u00a0z mi\u0119dzynarodowymi standardami ISO 9001:2008 oraz certyfikatem CE.<\/span><\/p>\n","protected":false},"excerpt":{"rendered":"<p style=\"text-align:justify;\"><span style=\"font-family:arial, helvetica, sans-serif;font-size:10pt;\">C\u0119gi czo\u0142owe Solingen to wyspecjalizowany instrument wykorzystywany w podologii (dziedzina medycyny zajmuj\u0105ca si\u0119 leczeniem st\u00f3p). Ich g\u0142\u00f3wnym zadaniem jest skracanie paznokci u st\u00f3p do po\u017c\u0105danej d\u0142ugo\u015bci. \u015aci\u0119ta, ale ostra ko\u0144c\u00f3wki pozwala na \u0142atwe obcinanie ka\u017cdego rodzaju paznokci \u2013 nawet tych wymagaj\u0105cych wi\u0119kszej uwagi. Dodatkowo, ostrze s\u0105 niezwykle g\u0142adkie oraz wytrzyma\u0142e. Ergonomiczne uchwyty posiadaj\u0105 \u017c\u0142obienia, kt\u00f3re dzia\u0142aj\u0105 antypo\u015blizgowo. System spr\u0119\u017cynowy, umieszczony w g\u00f3rnej cz\u0119\u015bci ramion, zwi\u0119ksza p\u0142ynno\u015b\u0107 narz\u0119dzia. Ca\u0142kowita d\u0142ugo\u015b\u0107 wynosi 12 cm. Wykonane ze stali nierdzewnej najwy\u017cszej jako\u015bci o bardzo dobrych w\u0142a\u015bciwo\u015bciach antykorozyjnych. Mo\u017cliwo\u015b\u0107 wielokrotnej sterylizacji. Satynowe wyko\u0144czenie zapobiega refleksom \u015bwietlnym.<\/span><\/p>\n<p><\/br><\/p>\n<p style=\"text-align:justify;\"><span style=\"font-family:arial, helvetica, sans-serif;font-size:10pt;\">Do wyboru jest wariant Standard oraz Premium. C\u0119gi Premium charakteryzuj\u0105 si\u0119 najlepsz\u0105 stal\u0105 nierdzewn\u0105, a ponadto s\u0105 bardziej wytrzyma\u0142e oraz trwa\u0142e.<\/span><\/p>\n<p><\/br><\/p>\n<h1 style=\"text-align:justify;\"><span style=\"font-family:arial, helvetica, sans-serif;font-size:10pt;\">Parametry c\u0119g\u00f3w czo\u0142owych<\/span><\/h1>\n<p><\/br><\/p>\n<ul><\/br><\/p>\n<li style=\"text-align:justify;\"><span style=\"font-family:arial, helvetica, sans-serif;font-size:10pt;\">typ: c\u0119gi czo\u0142owe, podologia, kosmetyka, Tendo Solingen, Gold Line<\/span><\/li>\n<p><\/br><\/p>\n<li style=\"text-align:justify;\"><span style=\"font-family:arial, helvetica, sans-serif;font-size:10pt;\">przeznaczenie: obcinanie paznokci<\/span><\/li>\n<p><\/br><\/p>\n<li style=\"text-align:justify;\"><span style=\"font-family:arial, helvetica, sans-serif;font-size:10pt;\">matowe<\/span><\/li>\n<p><\/br><\/p>\n<li style=\"text-align:justify;\"><span style=\"font-family:arial, helvetica, sans-serif;font-size:10pt;\">niemiecka stal chirurgiczna<\/span><\/li>\n<p><\/br><\/p>\n<li style=\"text-align:justify;\"><span style=\"font-family:arial, helvetica, sans-serif;font-size:10pt;\">dost\u0119pna d\u0142ugo\u015b\u0107: 12 cm<\/span><\/li>\n<p><\/br><\/p>\n<li style=\"text-align:justify;\"><span style=\"font-family:arial, helvetica, sans-serif;font-size:10pt;\">dost\u0119pny wariant:<\/span><\/li>\n<p><\/br><\/ul>\n<p><\/br><\/p>\n<ul style=\"list-style-type:circle;\"><\/br><\/p>\n<li style=\"text-align:justify;\"><span style=\"font-family:arial, helvetica, sans-serif;font-size:10pt;\">standard &#8211; gwarancja 24 m-ce<\/span><\/li>\n<p><\/br><\/p>\n<li style=\"text-align:justify;\"><span style=\"font-family:arial, helvetica, sans-serif;font-size:10pt;\">premium &#8211; gwarancja 36 m-cy\u00a0<\/span><\/li>\n<p><\/br><\/ul>\n<p><\/br><\/p>\n<ul><\/br><\/p>\n<li style=\"text-align:justify;\"><span style=\"font-family:arial, helvetica, sans-serif;font-size:10pt;\">wykonane r\u0119cznie<\/span><\/li>\n<p><\/br><\/p>\n<li style=\"text-align:justify;\"><span style=\"font-family:arial, helvetica, sans-serif;font-size:10pt;\">produkt wielokrotnego u\u017cytku<\/span><\/li>\n<p><\/br><\/p>\n<li style=\"text-align:justify;\"><span style=\"font-family:arial, helvetica, sans-serif;font-size:10pt;\">produkt niesterylny<\/span><\/li>\n<p><\/br><\/ul>\n<p><\/br><\/p>\n<h2 style=\"text-align:justify;\"><span style=\"font-family:arial, helvetica, sans-serif;font-size:10pt;\">Zalety wykorzystania<\/span><\/h2>\n<p><\/br><\/p>\n<ul><\/br><\/p>\n<li style=\"text-align:justify;\"><span style=\"font-family:arial, helvetica, sans-serif;font-size:10pt;\">mo\u017cliwo\u015b\u0107 sterylizacji w autoklawie<\/span><\/li>\n<p><\/br><\/p>\n<li style=\"text-align:justify;\"><span style=\"font-family:arial, helvetica, sans-serif;font-size:10pt;\">\u017c\u0142obienia na r\u0119koje\u015bci dzia\u0142aj\u0105 antypo\u015blizgowo<\/span><\/li>\n<p><\/br><\/p>\n<li style=\"text-align:justify;\"><span style=\"font-family:arial, helvetica, sans-serif;font-size:10pt;\">gwarancja satysfakcji i najwy\u017cszej jako\u015bci<\/span><\/li>\n<p><\/br><\/p>\n<li style=\"text-align:justify;\"><span style=\"font-family:arial, helvetica, sans-serif;font-size:10pt;\">wykonane ze stali nierdzewnej najwy\u017cszej jako\u015bci o ponadprzeci\u0119tnych w\u0142a\u015bciwo\u015bciach antykorozyjnych<\/span><\/li>\n<p><\/br><\/p>\n<li style=\"text-align:justify;\"><span style=\"font-family:arial, helvetica, sans-serif;font-size:10pt;\">uniwersalne zastosowanie w klinikach, gabinetach (np. predicure) oraz warunkach domowych<\/span><\/li>\n<p><\/br><\/ul>\n<p><\/br><\/p>\n<p style=\"text-align:justify;\"><span style=\"font-family:arial, helvetica, sans-serif;font-size:10pt;\">Profesjonalne narz\u0119dzia kosmetyczne oferowane przez sklep to gwarancja najwy\u017cszej jako\u015bci. Ka\u017cde narz\u0119dzie jest fabrycznie nowe oraz produkowane z wysokiej jako\u015bci stali nierdzewnej, dok\u0142adnie sprawdzane i kontrolowane na wszystkich etapach produkcji.Produkt jest zgodny\u00a0z mi\u0119dzynarodowymi standardami ISO 9001:2008 oraz certyfikatem CE.<\/span><\/p>\n","protected":false},"featured_media":1304,"comment_status":"closed","ping_status":"closed","template":"","meta":[],"product_brand":[],"product_cat":[183],"product_tag":[],"class_list":{"0":"post-2486","1":"product","2":"type-product","3":"status-publish","4":"has-post-thumbnail","6":"product_cat-cegi-cazki","8":"first","9":"instock","10":"product-type-simple"},"_links":{"self":[{"href":"https:\/\/tendosolingen.de\/pl\/wp-json\/wp\/v2\/product\/2486","targetHints":{"allow":["GET"]}}],"collection":[{"href":"https:\/\/tendosolingen.de\/pl\/wp-json\/wp\/v2\/product"}],"about":[{"href":"https:\/\/tendosolingen.de\/pl\/wp-json\/wp\/v2\/types\/product"}],"replies":[{"embeddable":true,"href":"https:\/\/tendosolingen.de\/pl\/wp-json\/wp\/v2\/comments?post=2486"}],"wp:featuredmedia":[{"embeddable":true,"href":"https:\/\/tendosolingen.de\/pl\/wp-json\/wp\/v2\/media\/1304"}],"wp:attachment":[{"href":"https:\/\/tendosolingen.de\/pl\/wp-json\/wp\/v2\/media?parent=2486"}],"wp:term":[{"taxonomy":"product_brand","embeddable":true,"href":"https:\/\/tendosolingen.de\/pl\/wp-json\/wp\/v2\/product_brand?post=2486"},{"taxonomy":"product_cat","embeddable":true,"href":"https:\/\/tendosolingen.de\/pl\/wp-json\/wp\/v2\/product_cat?post=2486"},{"taxonomy":"product_tag","embeddable":true,"href":"https:\/\/tendosolingen.de\/pl\/wp-json\/wp\/v2\/product_tag?post=2486"}],"curies":[{"name":"wp","href":"https:\/\/api.w.org\/{rel}","templated":true}]}}