{"id":2484,"date":"2024-04-09T22:38:33","date_gmt":"2024-04-09T20:38:33","guid":{"rendered":"https:\/\/tendosolingen.de\/product\/cegi-do-paznokci-podologiczne-13-cm-rodzaj-produktu-premium-hq\/"},"modified":"2026-01-09T15:13:15","modified_gmt":"2026-01-09T14:13:15","slug":"cegi-do-paznokci-podologiczne-13-cm-rodzaj-produktu-premium-hq","status":"publish","type":"product","link":"https:\/\/tendosolingen.de\/pl\/produkt\/cegi-do-paznokci-podologiczne-13-cm-rodzaj-produktu-premium-hq\/","title":{"rendered":"C\u0119gi do paznokci podologiczne 13 cm Rodzaj produktu: Premium (HQ)"},"content":{"rendered":"<p style=\"line-height:14.4pt;text-align:left;\"><span style=\"font-family:arial, helvetica, sans-serif;font-size:10pt;\"><span style=\"color:#000000;\"><span style=\"text-decoration:underline;\">C\u0119gi podologiczne do paznokci<\/span>\u00a0<strong>Tendo Solingen<\/strong> to wyspecjalizowany instrument medyczny wykorzystywany do obcinania, skracania ka\u017cdego rodzaju paznokci np. u n\u00f3g(w tym twardych lub <span style=\"color:#000000;\">wro\u015bni\u0119tych). Specjalna ko\u0144c\u00f3wka o diamentowym kszta\u0142cie pozwala precyzyjnie skr\u00f3ci\u0107 paznokie\u0107 do po\u017c\u0105danej d\u0142ugo\u015bci i kszta\u0142tu. Dodatkowo, ostrza s\u0105 niezwykle g\u0142adkie i wytrzyma\u0142e. Ergonomiczna r\u0119koje\u015b\u0107 bardzo dobrze dopasowuje si\u0119 do d\u0142oni, a zawarte \u017c\u0142obienia dzia\u0142aj\u0105 antypo\u015blizgowo. Lekka waga zwi\u0119ksza komfort pracy oraz zapobiega zm\u0119czeniu d\u0142oni podczas d\u0142u\u017cszego korzystania z narz\u0119dzia. <\/span><\/span><span style=\"color:#000000;\">System spr\u0119\u017cynowy, umieszczony w g\u00f3rnej cz\u0119\u015bci ramion, zwi\u0119ksza p\u0142ynno\u015b\u0107 narz\u0119dzia oraz u\u0142atwia nim manipulacj\u0119 dla u\u017cytkownikowi. Ca\u0142kowita d\u0142ugo\u015b\u0107 wynosi 13 cm. Wykonane ze stali nierdzewnej najwy\u017cszej jako\u015bci o bardzo dobrych w\u0142a\u015bciwo\u015bciach antykorozyjnych. Mo\u017cliwo\u015b\u0107 wielokrotnej sterylizacji. Satynowe wyko\u0144czenie zapobiega refleksom \u015bwietlnym.<\/span><\/span><\/p>\n<p><\/br><\/p>\n<p style=\"text-align:left;\"><span style=\"font-family:arial, helvetica, sans-serif;font-size:10pt;\">Do wyboru jest wariant Standard oraz Premium. C\u0119gi Premium charakteryzuj\u0105 si\u0119 najlepsz\u0105 stal\u0105 nierdzewn\u0105, a ponadto s\u0105 bardziej wytrzyma\u0142e oraz trwa\u0142e.<\/span><\/p>\n<p><\/br><\/p>\n<h1 style=\"line-height:14.4pt;text-align:left;\"><span style=\"font-size:10pt;font-family:arial, helvetica, sans-serif;color:#000000;\">Parametry podologicznych c\u0119g\u00f3w do paznokci<\/span><\/h1>\n<p><\/br><\/p>\n<ul style=\"text-align:left;\"><\/br><\/p>\n<li style=\"line-height:14.4pt;\"><span style=\"font-size:10pt;font-family:arial, helvetica, sans-serif;\"><span style=\"color:#000000;\">Typ: du\u017ce\u00a0<\/span><span style=\"color:#000000;\">c\u0119gi, podologia, kosmetyka, Tendo Solingen<\/span><\/span><\/li>\n<p><\/br><\/p>\n<li style=\"line-height:14.4pt;\"><span style=\"font-size:10pt;font-family:arial, helvetica, sans-serif;\"><span style=\"color:#000000;\">Rodzaj: boczne, proste<\/span><\/span><\/li>\n<p><\/br><\/p>\n<li style=\"text-align:justify;line-height:14.4pt;\"><span style=\"font-size:10pt;font-family:arial, helvetica, sans-serif;color:#000000;\">Przeznaczenie: skracanie stwardnia\u0142ych i grubych paznokci<\/span><\/li>\n<p><\/br><\/p>\n<li style=\"text-align:justify;line-height:14.4pt;\"><span style=\"font-size:10pt;font-family:arial, helvetica, sans-serif;color:#000000;\">Dost\u0119pna d\u0142ugo\u015b\u0107: 13 cm<\/span><\/li>\n<p><\/br><\/p>\n<li style=\"text-align:justify;line-height:14.4pt;\"><span style=\"font-size:10pt;font-family:arial, helvetica, sans-serif;color:#000000;\">Dost\u0119pny wariant:<\/span><\/li>\n<p><\/br><\/ul>\n<p><\/br><\/p>\n<ul style=\"list-style-type:circle;text-align:left;\"><\/br><\/p>\n<li style=\"text-align:justify;line-height:14.4pt;\"><span style=\"font-size:10pt;font-family:arial, helvetica, sans-serif;color:#000000;\">Standard<\/span><\/li>\n<p><\/br><\/p>\n<li style=\"text-align:justify;line-height:14.4pt;\"><span style=\"font-size:10pt;font-family:arial, helvetica, sans-serif;color:#000000;\">Premium<\/span><\/li>\n<p><\/br><\/ul>\n<p><\/br><\/p>\n<ul style=\"text-align:left;\"><\/br><\/p>\n<li style=\"text-align:justify;line-height:14.4pt;\"><span style=\"font-size:10pt;font-family:arial, helvetica, sans-serif;color:#000000;\">Wykonane r\u0119cznie<\/span><\/li>\n<p><\/br><\/p>\n<li style=\"text-align:justify;line-height:14.4pt;\"><span style=\"font-size:10pt;font-family:arial, helvetica, sans-serif;color:#000000;\">Produkt wielokrotnego u\u017cytku<\/span><\/li>\n<p><\/br><\/p>\n<li style=\"text-align:justify;line-height:14.4pt;\"><span style=\"font-size:10pt;font-family:arial, helvetica, sans-serif;color:#000000;\">Produkt niesterylny<\/span><\/li>\n<p><\/br><\/ul>\n<p><\/br><\/p>\n<h2 style=\"line-height:14.4pt;text-align:left;\"><span style=\"font-size:10pt;font-family:arial, helvetica, sans-serif;color:#000000;\">Zalety wykorzystania c\u0119g\u00f3w do paznokci<\/span><\/h2>\n<p><\/br><\/p>\n<ul style=\"text-align:left;\"><\/br><\/p>\n<li style=\"text-align:justify;line-height:14.4pt;\"><span style=\"font-size:10pt;font-family:arial, helvetica, sans-serif;color:#000000;\">Mo\u017cliwo\u015b\u0107 sterylizacji w autoklawie<\/span><\/li>\n<p><\/br><\/p>\n<li style=\"text-align:justify;line-height:14.4pt;\"><span style=\"font-size:10pt;font-family:arial, helvetica, sans-serif;color:#000000;\">\u017b\u0142obienia na r\u0119koje\u015bci dzia\u0142aj\u0105 antypo\u015blizgowo<\/span><\/li>\n<p><\/br><\/p>\n<li style=\"text-align:justify;line-height:14.4pt;\"><span style=\"font-size:10pt;font-family:arial, helvetica, sans-serif;color:#000000;\">Gwarancja satysfakcji i najwy\u017cszej jako\u015bci <\/span><\/li>\n<p><\/br><\/p>\n<li style=\"text-align:justify;line-height:14.4pt;\"><span style=\"font-size:10pt;font-family:arial, helvetica, sans-serif;color:#000000;\">D\u0142ugie ostrza zapewniaj\u0105 precyzyjne usuwanie sk\u00f3rek oraz idealne skracanie paznokci<\/span><\/li>\n<p><\/br><\/p>\n<li style=\"text-align:justify;line-height:14.4pt;\"><span style=\"font-size:10pt;font-family:arial, helvetica, sans-serif;color:#000000;\">Wykonane ze stali nierdzewnej najwy\u017cszej jako\u015bci o ponadprzeci\u0119tnych w\u0142a\u015bciwo\u015bciach antykorozyjnych<\/span><\/li>\n<p><\/br><\/ul>\n<p><\/br><\/p>\n<p style=\"line-height:14.4pt;text-align:left;\"><span style=\"font-size:10pt;font-family:arial, helvetica, sans-serif;color:#000000;\">Produkt posiada certyfikaty CE oraz ISO. Niemiecka stal chirurgiczna.<\/span><\/p>\n","protected":false},"excerpt":{"rendered":"<p style=\"line-height:14.4pt;text-align:left;\"><span style=\"font-family:arial, helvetica, sans-serif;font-size:10pt;\"><span style=\"color:#000000;\"><span style=\"text-decoration:underline;\">C\u0119gi podologiczne do paznokci<\/span>\u00a0<strong>Tendo Solingen<\/strong> to wyspecjalizowany instrument medyczny wykorzystywany do obcinania, skracania ka\u017cdego rodzaju paznokci np. u n\u00f3g(w tym twardych lub <span style=\"color:#000000;\">wro\u015bni\u0119tych). Specjalna ko\u0144c\u00f3wka o diamentowym kszta\u0142cie pozwala precyzyjnie skr\u00f3ci\u0107 paznokie\u0107 do po\u017c\u0105danej d\u0142ugo\u015bci i kszta\u0142tu. Dodatkowo, ostrza s\u0105 niezwykle g\u0142adkie i wytrzyma\u0142e. Ergonomiczna r\u0119koje\u015b\u0107 bardzo dobrze dopasowuje si\u0119 do d\u0142oni, a zawarte \u017c\u0142obienia dzia\u0142aj\u0105 antypo\u015blizgowo. Lekka waga zwi\u0119ksza komfort pracy oraz zapobiega zm\u0119czeniu d\u0142oni podczas d\u0142u\u017cszego korzystania z narz\u0119dzia. <\/span><\/span><span style=\"color:#000000;\">System spr\u0119\u017cynowy, umieszczony w g\u00f3rnej cz\u0119\u015bci ramion, zwi\u0119ksza p\u0142ynno\u015b\u0107 narz\u0119dzia oraz u\u0142atwia nim manipulacj\u0119 dla u\u017cytkownikowi. Ca\u0142kowita d\u0142ugo\u015b\u0107 wynosi 13 cm. Wykonane ze stali nierdzewnej najwy\u017cszej jako\u015bci o bardzo dobrych w\u0142a\u015bciwo\u015bciach antykorozyjnych. Mo\u017cliwo\u015b\u0107 wielokrotnej sterylizacji. Satynowe wyko\u0144czenie zapobiega refleksom \u015bwietlnym.<\/span><\/span><\/p>\n<p><\/br><\/p>\n<p style=\"text-align:left;\"><span style=\"font-family:arial, helvetica, sans-serif;font-size:10pt;\">Do wyboru jest wariant Standard oraz Premium. C\u0119gi Premium charakteryzuj\u0105 si\u0119 najlepsz\u0105 stal\u0105 nierdzewn\u0105, a ponadto s\u0105 bardziej wytrzyma\u0142e oraz trwa\u0142e.<\/span><\/p>\n<p><\/br><\/p>\n<h1 style=\"line-height:14.4pt;text-align:left;\"><span style=\"font-size:10pt;font-family:arial, helvetica, sans-serif;color:#000000;\">Parametry podologicznych c\u0119g\u00f3w do paznokci<\/span><\/h1>\n<p><\/br><\/p>\n<ul style=\"text-align:left;\"><\/br><\/p>\n<li style=\"line-height:14.4pt;\"><span style=\"font-size:10pt;font-family:arial, helvetica, sans-serif;\"><span style=\"color:#000000;\">Typ: du\u017ce\u00a0<\/span><span style=\"color:#000000;\">c\u0119gi, podologia, kosmetyka, Tendo Solingen<\/span><\/span><\/li>\n<p><\/br><\/p>\n<li style=\"line-height:14.4pt;\"><span style=\"font-size:10pt;font-family:arial, helvetica, sans-serif;\"><span style=\"color:#000000;\">Rodzaj: boczne, proste<\/span><\/span><\/li>\n<p><\/br><\/p>\n<li style=\"text-align:justify;line-height:14.4pt;\"><span style=\"font-size:10pt;font-family:arial, helvetica, sans-serif;color:#000000;\">Przeznaczenie: skracanie stwardnia\u0142ych i grubych paznokci<\/span><\/li>\n<p><\/br><\/p>\n<li style=\"text-align:justify;line-height:14.4pt;\"><span style=\"font-size:10pt;font-family:arial, helvetica, sans-serif;color:#000000;\">Dost\u0119pna d\u0142ugo\u015b\u0107: 13 cm<\/span><\/li>\n<p><\/br><\/p>\n<li style=\"text-align:justify;line-height:14.4pt;\"><span style=\"font-size:10pt;font-family:arial, helvetica, sans-serif;color:#000000;\">Dost\u0119pny wariant:<\/span><\/li>\n<p><\/br><\/ul>\n<p><\/br><\/p>\n<ul style=\"list-style-type:circle;text-align:left;\"><\/br><\/p>\n<li style=\"text-align:justify;line-height:14.4pt;\"><span style=\"font-size:10pt;font-family:arial, helvetica, sans-serif;color:#000000;\">Standard<\/span><\/li>\n<p><\/br><\/p>\n<li style=\"text-align:justify;line-height:14.4pt;\"><span style=\"font-size:10pt;font-family:arial, helvetica, sans-serif;color:#000000;\">Premium<\/span><\/li>\n<p><\/br><\/ul>\n<p><\/br><\/p>\n<ul style=\"text-align:left;\"><\/br><\/p>\n<li style=\"text-align:justify;line-height:14.4pt;\"><span style=\"font-size:10pt;font-family:arial, helvetica, sans-serif;color:#000000;\">Wykonane r\u0119cznie<\/span><\/li>\n<p><\/br><\/p>\n<li style=\"text-align:justify;line-height:14.4pt;\"><span style=\"font-size:10pt;font-family:arial, helvetica, sans-serif;color:#000000;\">Produkt wielokrotnego u\u017cytku<\/span><\/li>\n<p><\/br><\/p>\n<li style=\"text-align:justify;line-height:14.4pt;\"><span style=\"font-size:10pt;font-family:arial, helvetica, sans-serif;color:#000000;\">Produkt niesterylny<\/span><\/li>\n<p><\/br><\/ul>\n<p><\/br><\/p>\n<h2 style=\"line-height:14.4pt;text-align:left;\"><span style=\"font-size:10pt;font-family:arial, helvetica, sans-serif;color:#000000;\">Zalety wykorzystania c\u0119g\u00f3w do paznokci<\/span><\/h2>\n<p><\/br><\/p>\n<ul style=\"text-align:left;\"><\/br><\/p>\n<li style=\"text-align:justify;line-height:14.4pt;\"><span style=\"font-size:10pt;font-family:arial, helvetica, sans-serif;color:#000000;\">Mo\u017cliwo\u015b\u0107 sterylizacji w autoklawie<\/span><\/li>\n<p><\/br><\/p>\n<li style=\"text-align:justify;line-height:14.4pt;\"><span style=\"font-size:10pt;font-family:arial, helvetica, sans-serif;color:#000000;\">\u017b\u0142obienia na r\u0119koje\u015bci dzia\u0142aj\u0105 antypo\u015blizgowo<\/span><\/li>\n<p><\/br><\/p>\n<li style=\"text-align:justify;line-height:14.4pt;\"><span style=\"font-size:10pt;font-family:arial, helvetica, sans-serif;color:#000000;\">Gwarancja satysfakcji i najwy\u017cszej jako\u015bci <\/span><\/li>\n<p><\/br><\/p>\n<li style=\"text-align:justify;line-height:14.4pt;\"><span style=\"font-size:10pt;font-family:arial, helvetica, sans-serif;color:#000000;\">D\u0142ugie ostrza zapewniaj\u0105 precyzyjne usuwanie sk\u00f3rek oraz idealne skracanie paznokci<\/span><\/li>\n<p><\/br><\/p>\n<li style=\"text-align:justify;line-height:14.4pt;\"><span style=\"font-size:10pt;font-family:arial, helvetica, sans-serif;color:#000000;\">Wykonane ze stali nierdzewnej najwy\u017cszej jako\u015bci o ponadprzeci\u0119tnych w\u0142a\u015bciwo\u015bciach antykorozyjnych<\/span><\/li>\n<p><\/br><\/ul>\n<p><\/br><\/p>\n<p style=\"line-height:14.4pt;text-align:left;\"><span style=\"font-size:10pt;font-family:arial, helvetica, sans-serif;color:#000000;\">Produkt posiada certyfikaty CE oraz ISO. Niemiecka stal chirurgiczna.<\/span><\/p>\n","protected":false},"featured_media":1296,"comment_status":"closed","ping_status":"closed","template":"","meta":[],"product_brand":[],"product_cat":[183],"product_tag":[],"class_list":{"0":"post-2484","1":"product","2":"type-product","3":"status-publish","4":"has-post-thumbnail","6":"product_cat-cegi-cazki","8":"first","9":"instock","10":"product-type-simple"},"_links":{"self":[{"href":"https:\/\/tendosolingen.de\/pl\/wp-json\/wp\/v2\/product\/2484","targetHints":{"allow":["GET"]}}],"collection":[{"href":"https:\/\/tendosolingen.de\/pl\/wp-json\/wp\/v2\/product"}],"about":[{"href":"https:\/\/tendosolingen.de\/pl\/wp-json\/wp\/v2\/types\/product"}],"replies":[{"embeddable":true,"href":"https:\/\/tendosolingen.de\/pl\/wp-json\/wp\/v2\/comments?post=2484"}],"wp:featuredmedia":[{"embeddable":true,"href":"https:\/\/tendosolingen.de\/pl\/wp-json\/wp\/v2\/media\/1296"}],"wp:attachment":[{"href":"https:\/\/tendosolingen.de\/pl\/wp-json\/wp\/v2\/media?parent=2484"}],"wp:term":[{"taxonomy":"product_brand","embeddable":true,"href":"https:\/\/tendosolingen.de\/pl\/wp-json\/wp\/v2\/product_brand?post=2484"},{"taxonomy":"product_cat","embeddable":true,"href":"https:\/\/tendosolingen.de\/pl\/wp-json\/wp\/v2\/product_cat?post=2484"},{"taxonomy":"product_tag","embeddable":true,"href":"https:\/\/tendosolingen.de\/pl\/wp-json\/wp\/v2\/product_tag?post=2484"}],"curies":[{"name":"wp","href":"https:\/\/api.w.org\/{rel}","templated":true}]}}