{"id":2481,"date":"2024-04-09T22:38:33","date_gmt":"2024-04-09T20:38:33","guid":{"rendered":"https:\/\/tendosolingen.de\/product\/cegi-boczne-do-wrastajacych-paznokci-solingen-12-cm-rodzaj-produktu-standard-sq\/"},"modified":"2026-01-09T15:12:01","modified_gmt":"2026-01-09T14:12:01","slug":"cegi-boczne-do-wrastajacych-paznokci-solingen-12-cm-rodzaj-produktu-standard-sq","status":"publish","type":"product","link":"https:\/\/tendosolingen.de\/pl\/produkt\/cegi-boczne-do-wrastajacych-paznokci-solingen-12-cm-rodzaj-produktu-standard-sq\/","title":{"rendered":"C\u0119gi boczne do wrastaj\u0105cych paznokci Solingen 12 cm Rodzaj produktu: Standard (SQ)"},"content":{"rendered":"<p style=\"text-align:left;\"><span style=\"font-family:arial, helvetica, sans-serif;font-size:10pt;\">Przyrz\u0105d c\u0119gi do paznokci to wyspecjalizowane\u00a0narz\u0119dzie medyczne wykorzystywany podczas zabieg\u00f3w podologicznych tj. leczenie schorze\u0144 powstaj\u0105cych w obr\u0119bie st\u00f3p oraz p\u0142ytki paznokcia. Ten model c\u0105\u017cek podologicznych s\u0142u\u017cy do precyzyjnego wycinania\u00a0wrastaj\u0105cych paznokci\u00a0i sk\u00f3rek, a tak\u017ce skracania delikatnych paznokci. W tym celu instrument posiada ostro zako\u0144czone kleszczyki. Ko\u0144c\u00f3wka jest zw\u0119\u017cana, co zapobiega przypadkowemu zaci\u0119ciu sk\u00f3ry. Ergonomiczna r\u0119koje\u015b\u0107 i lekka waga gwarantuje komfort pracy. Antypo\u015blizgowe rowkowania na trzonach eliminuj\u0105 ryzyko wy\u015blizgni\u0119cia si\u0119 narz\u0119dzia z r\u0119ki. System spr\u0119\u017cynowy umo\u017cliwi regulowanie si\u0142y nacisku. C\u0119gi podologiczne zosta\u0142y wykonane z najwy\u017cszej jako\u015bci niemieckiej stali nierdzewnej, dzi\u0119ki czemu nie ulega korozji. Posiada satynowe wyko\u0144czenie. Mo\u017cliwo\u015b\u0107 wielokrotnej sterylizacji.<\/span><\/p>\n<p><\/br><\/p>\n<p style=\"text-align:left;\"><span style=\"font-family:arial, helvetica, sans-serif;font-size:10pt;\">C\u0119gi s\u0105 dost\u0119pne w dw\u00f3ch wariantach:\u00a0<\/span><\/p>\n<p><\/br><\/p>\n<ul><\/br><\/p>\n<li style=\"text-align:left;\"><span style=\"font-family:arial, helvetica, sans-serif;font-size:10pt;\">Standard SQ &#8211;\u00a0przyrz\u0105d ze standardowej stali nierdzewnej<\/span><\/li>\n<p><\/br><\/p>\n<li style=\"text-align:left;\"><span style=\"font-family:arial, helvetica, sans-serif;font-size:10pt;\">Premium HQ &#8211;\u00a0narz\u0119dzie ze stali chirurgicznej u\u017cywanej do produkcji wyspecjalizowanych instrument\u00f3w medycznych<\/span><\/li>\n<p><\/br><\/ul>\n<p><\/br><\/p>\n<h1 style=\"text-align:left;\"><span style=\"font-family:arial, helvetica, sans-serif;font-size:10pt;\">Parametry ob\u0119g\u00f3w do paznokci Solingen<\/span><\/h1>\n<p><\/br><\/p>\n<ul style=\"text-align:left;\"><\/br><\/p>\n<li style=\"text-align:justify;\"><span style=\"font-family:arial, helvetica, sans-serif;font-size:10pt;\">Marka: Tendo Solingen<\/span><\/li>\n<p><\/br><\/p>\n<li style=\"text-align:justify;\"><span style=\"font-family:arial, helvetica, sans-serif;font-size:10pt;\">Typ narz\u0119dzia: proste c\u0119gi do paznokci, podologiczne, boczne<\/span><\/li>\n<p><\/br><\/p>\n<li style=\"text-align:justify;\"><span style=\"font-family:arial, helvetica, sans-serif;font-size:10pt;\">Przeznaczenie: wycinanie sk\u00f3rek, skracanie twardych paznokci<\/span><\/li>\n<p><\/br><\/p>\n<li style=\"text-align:justify;\"><span style=\"font-family:arial, helvetica, sans-serif;font-size:10pt;\">D\u0142ugo\u015b\u0107 ca\u0142kowita: 13,5 cm<\/span><\/li>\n<p><\/br><\/p>\n<li style=\"text-align:justify;\"><span style=\"font-family:arial, helvetica, sans-serif;font-size:10pt;\">Wykonane r\u0119cznie<\/span><\/li>\n<p><\/br><\/p>\n<li style=\"text-align:justify;\"><span style=\"font-family:arial, helvetica, sans-serif;font-size:10pt;\">Produkt wielokrotnego u\u017cytku<\/span><\/li>\n<p><\/br><\/p>\n<li style=\"text-align:justify;\"><span style=\"font-family:arial, helvetica, sans-serif;font-size:10pt;\">Produkt niesterylny<\/span><\/li>\n<p><\/br><\/p>\n<li style=\"text-align:justify;\"><span style=\"font-family:arial, helvetica, sans-serif;font-size:10pt;\">Certyfikat CE i ISO<\/span><\/li>\n<p><\/br><\/p>\n<li style=\"text-align:justify;\"><span style=\"font-family:arial, helvetica, sans-serif;font-size:10pt;\">Wykonanie z niemieckiej stali chirurgicznej<\/span><\/li>\n<p><\/br><\/ul>\n<p><\/br><\/p>\n<table style=\"height:100px;width:350px;border:1px solid #a19c9c;\">\n<caption><span style=\"font-family:arial, helvetica, sans-serif;\"><span style=\"font-size:13.3333px;\"><strong>Wymiary c\u0119g\u00f3w do paznokci wrastaj\u0105cych<\/strong><\/span><\/span><\/caption>\n<p><\/br><\/p>\n<tbody><\/br><\/p>\n<tr style=\"height:18px;\"><\/br><\/p>\n<td style=\"width:170px;height:18px;border:1px solid #a19c9c;text-align:center;\"><span style=\"font-family:arial, helvetica, sans-serif;\"><strong><span style=\"font-size:10pt;\">Parametr<\/span><\/strong><\/span><\/td>\n<p><\/br><\/p>\n<td style=\"width:170px;height:18px;border:1px solid #a19c9c;text-align:center;\"><span style=\"font-family:arial, helvetica, sans-serif;\"><strong><span style=\"font-size:10pt;\">Rozmiar<\/span><\/strong><\/span><\/td>\n<p><\/br><\/tr>\n<p><\/br><\/p>\n<tr style=\"height:18px;\"><\/br><\/p>\n<td style=\"width:170px;height:18px;border:1px solid #a19c9c;text-align:center;\"><span style=\"font-family:arial, helvetica, sans-serif;font-size:10pt;\">D\u0142ugo\u015b\u0107 narz\u0119dzia<\/span><\/td>\n<p><\/br><\/p>\n<td style=\"width:170px;height:18px;border:1px solid #a19c9c;text-align:center;\"><span style=\"font-family:arial, helvetica, sans-serif;font-size:10pt;\">13.5 cm<\/span><\/td>\n<p><\/br><\/tr>\n<p><\/br><\/p>\n<tr style=\"height:18px;\"><\/br><\/p>\n<td style=\"width:170px;height:18px;border:1px solid #a19c9c;text-align:center;\"><span style=\"font-family:arial, helvetica, sans-serif;font-size:10pt;\">D\u0142ugo\u015b\u0107\u00a0r\u0119koje\u015bci<\/span><\/td>\n<p><\/br><\/p>\n<td style=\"width:170px;height:18px;border:1px solid #a19c9c;text-align:center;\"><span style=\"font-family:arial, helvetica, sans-serif;font-size:10pt;\">9 cm<\/span><\/td>\n<p><\/br><\/tr>\n<p><\/br><\/p>\n<tr style=\"height:18.4375px;\"><\/br><\/p>\n<td style=\"width:170px;height:18px;border:1px solid #a19c9c;text-align:center;\"><span style=\"font-family:arial, helvetica, sans-serif;font-size:10pt;\">D\u0142ugo\u015b\u0107\u00a0ostrza<\/span><\/td>\n<p><\/br><\/p>\n<td style=\"width:170px;height:18px;border:1px solid #a19c9c;text-align:center;\"><span style=\"font-family:arial, helvetica, sans-serif;font-size:10pt;\">1.7 cm<\/span><\/td>\n<p><\/br><\/tr>\n<p><\/br><\/p>\n<tr style=\"height:18.4375px;\"><\/br><\/p>\n<td style=\"width:170px;height:18px;border:1px solid #a19c9c;text-align:center;\"><span style=\"font-family:arial, helvetica, sans-serif;font-size:10pt;\">Szeroko\u015b\u0107\u00a0ostrza<\/span><\/td>\n<p><\/br><\/p>\n<td style=\"width:170px;height:18px;border:1px solid #a19c9c;text-align:center;\"><span style=\"font-family:arial, helvetica, sans-serif;font-size:10pt;\">0.6 cm<\/span><\/td>\n<p><\/br><\/tr>\n<p><\/br><\/tbody>\n<p><\/br><\/table>\n<p><\/br><\/p>\n<h2 style=\"text-align:left;\"><span style=\"font-family:arial, helvetica, sans-serif;font-size:10pt;\">Zalety wykorzystania przyrz\u0105du do wrastaj\u0105cych paznokci<\/span><\/h2>\n<p><\/br><\/p>\n<ul style=\"text-align:left;\"><\/br><\/p>\n<li style=\"text-align:justify;\"><span style=\"font-family:arial, helvetica, sans-serif;font-size:10pt;\">Idealnie wyprofilowana ko\u0144c\u00f3wka kleszczyk\u00f3w zwi\u0119kszy precyzj\u0119 wykonywanego zabiegu<\/span><\/li>\n<p><\/br><\/p>\n<li style=\"text-align:justify;\"><span style=\"font-family:arial, helvetica, sans-serif;font-size:10pt;\">Ci\u0119cie paznokci na prosto<\/span><\/li>\n<p><\/br><\/p>\n<li style=\"text-align:justify;\"><span style=\"font-family:arial, helvetica, sans-serif;font-size:10pt;\">Ergonomiczny kszta\u0142t gwarantuje komfort pracy podczas u\u017cytkowania produktu<\/span><\/li>\n<p><\/br><\/p>\n<li style=\"text-align:justify;\"><span style=\"font-family:arial, helvetica, sans-serif;font-size:10pt;\">System spr\u0119\u017cynowy umo\u017cliwia stosowanie r\u00f3\u017cnych si\u0142 nacisku<\/span><\/li>\n<p><\/br><\/p>\n<li style=\"text-align:justify;\"><span style=\"font-family:arial, helvetica, sans-serif;font-size:10pt;\">Mo\u017cliwo\u015b\u0107 sterylizacji w autoklawie<\/span><\/li>\n<p><\/br><\/p>\n<li style=\"text-align:justify;\"><span style=\"font-family:arial, helvetica, sans-serif;font-size:10pt;\">Wykonane ze stali nierdzewnej najwy\u017cszej jako\u015bci o ponadprzeci\u0119tnych w\u0142a\u015bciwo\u015bciach antykorozyjnych<\/span><\/li>\n<p><\/br><\/ul>\n<p><\/br><\/p>\n<p style=\"text-align:left;\"><span style=\"font-family:arial, helvetica, sans-serif;font-size:10pt;\">Produkt posiada certyfikaty CE oraz ISO.<\/span><\/p>\n","protected":false},"excerpt":{"rendered":"<p style=\"text-align:left;\"><span style=\"font-family:arial, helvetica, sans-serif;font-size:10pt;\">Przyrz\u0105d c\u0119gi do paznokci to wyspecjalizowane\u00a0narz\u0119dzie medyczne wykorzystywany podczas zabieg\u00f3w podologicznych tj. leczenie schorze\u0144 powstaj\u0105cych w obr\u0119bie st\u00f3p oraz p\u0142ytki paznokcia. Ten model c\u0105\u017cek podologicznych s\u0142u\u017cy do precyzyjnego wycinania\u00a0wrastaj\u0105cych paznokci\u00a0i sk\u00f3rek, a tak\u017ce skracania delikatnych paznokci. W tym celu instrument posiada ostro zako\u0144czone kleszczyki. Ko\u0144c\u00f3wka jest zw\u0119\u017cana, co zapobiega przypadkowemu zaci\u0119ciu sk\u00f3ry. Ergonomiczna r\u0119koje\u015b\u0107 i lekka waga gwarantuje komfort pracy. Antypo\u015blizgowe rowkowania na trzonach eliminuj\u0105 ryzyko wy\u015blizgni\u0119cia si\u0119 narz\u0119dzia z r\u0119ki. System spr\u0119\u017cynowy umo\u017cliwi regulowanie si\u0142y nacisku. C\u0119gi podologiczne zosta\u0142y wykonane z najwy\u017cszej jako\u015bci niemieckiej stali nierdzewnej, dzi\u0119ki czemu nie ulega korozji. Posiada satynowe wyko\u0144czenie. Mo\u017cliwo\u015b\u0107 wielokrotnej sterylizacji.<\/span><\/p>\n<p><\/br><\/p>\n<p style=\"text-align:left;\"><span style=\"font-family:arial, helvetica, sans-serif;font-size:10pt;\">C\u0119gi s\u0105 dost\u0119pne w dw\u00f3ch wariantach:\u00a0<\/span><\/p>\n<p><\/br><\/p>\n<ul><\/br><\/p>\n<li style=\"text-align:left;\"><span style=\"font-family:arial, helvetica, sans-serif;font-size:10pt;\">Standard SQ &#8211;\u00a0przyrz\u0105d ze standardowej stali nierdzewnej<\/span><\/li>\n<p><\/br><\/p>\n<li style=\"text-align:left;\"><span style=\"font-family:arial, helvetica, sans-serif;font-size:10pt;\">Premium HQ &#8211;\u00a0narz\u0119dzie ze stali chirurgicznej u\u017cywanej do produkcji wyspecjalizowanych instrument\u00f3w medycznych<\/span><\/li>\n<p><\/br><\/ul>\n<p><\/br><\/p>\n<h1 style=\"text-align:left;\"><span style=\"font-family:arial, helvetica, sans-serif;font-size:10pt;\">Parametry ob\u0119g\u00f3w do paznokci Solingen<\/span><\/h1>\n<p><\/br><\/p>\n<ul style=\"text-align:left;\"><\/br><\/p>\n<li style=\"text-align:justify;\"><span style=\"font-family:arial, helvetica, sans-serif;font-size:10pt;\">Marka: Tendo Solingen<\/span><\/li>\n<p><\/br><\/p>\n<li style=\"text-align:justify;\"><span style=\"font-family:arial, helvetica, sans-serif;font-size:10pt;\">Typ narz\u0119dzia: proste c\u0119gi do paznokci, podologiczne, boczne<\/span><\/li>\n<p><\/br><\/p>\n<li style=\"text-align:justify;\"><span style=\"font-family:arial, helvetica, sans-serif;font-size:10pt;\">Przeznaczenie: wycinanie sk\u00f3rek, skracanie twardych paznokci<\/span><\/li>\n<p><\/br><\/p>\n<li style=\"text-align:justify;\"><span style=\"font-family:arial, helvetica, sans-serif;font-size:10pt;\">D\u0142ugo\u015b\u0107 ca\u0142kowita: 13,5 cm<\/span><\/li>\n<p><\/br><\/p>\n<li style=\"text-align:justify;\"><span style=\"font-family:arial, helvetica, sans-serif;font-size:10pt;\">Wykonane r\u0119cznie<\/span><\/li>\n<p><\/br><\/p>\n<li style=\"text-align:justify;\"><span style=\"font-family:arial, helvetica, sans-serif;font-size:10pt;\">Produkt wielokrotnego u\u017cytku<\/span><\/li>\n<p><\/br><\/p>\n<li style=\"text-align:justify;\"><span style=\"font-family:arial, helvetica, sans-serif;font-size:10pt;\">Produkt niesterylny<\/span><\/li>\n<p><\/br><\/p>\n<li style=\"text-align:justify;\"><span style=\"font-family:arial, helvetica, sans-serif;font-size:10pt;\">Certyfikat CE i ISO<\/span><\/li>\n<p><\/br><\/p>\n<li style=\"text-align:justify;\"><span style=\"font-family:arial, helvetica, sans-serif;font-size:10pt;\">Wykonanie z niemieckiej stali chirurgicznej<\/span><\/li>\n<p><\/br><\/ul>\n<p><\/br><\/p>\n<table style=\"height:100px;width:350px;border:1px solid #a19c9c;\">\n<caption><span style=\"font-family:arial, helvetica, sans-serif;\"><span style=\"font-size:13.3333px;\"><strong>Wymiary c\u0119g\u00f3w do paznokci wrastaj\u0105cych<\/strong><\/span><\/span><\/caption>\n<p><\/br><\/p>\n<tbody><\/br><\/p>\n<tr style=\"height:18px;\"><\/br><\/p>\n<td style=\"width:170px;height:18px;border:1px solid #a19c9c;text-align:center;\"><span style=\"font-family:arial, helvetica, sans-serif;\"><strong><span style=\"font-size:10pt;\">Parametr<\/span><\/strong><\/span><\/td>\n<p><\/br><\/p>\n<td style=\"width:170px;height:18px;border:1px solid #a19c9c;text-align:center;\"><span style=\"font-family:arial, helvetica, sans-serif;\"><strong><span style=\"font-size:10pt;\">Rozmiar<\/span><\/strong><\/span><\/td>\n<p><\/br><\/tr>\n<p><\/br><\/p>\n<tr style=\"height:18px;\"><\/br><\/p>\n<td style=\"width:170px;height:18px;border:1px solid #a19c9c;text-align:center;\"><span style=\"font-family:arial, helvetica, sans-serif;font-size:10pt;\">D\u0142ugo\u015b\u0107 narz\u0119dzia<\/span><\/td>\n<p><\/br><\/p>\n<td style=\"width:170px;height:18px;border:1px solid #a19c9c;text-align:center;\"><span style=\"font-family:arial, helvetica, sans-serif;font-size:10pt;\">13.5 cm<\/span><\/td>\n<p><\/br><\/tr>\n<p><\/br><\/p>\n<tr style=\"height:18px;\"><\/br><\/p>\n<td style=\"width:170px;height:18px;border:1px solid #a19c9c;text-align:center;\"><span style=\"font-family:arial, helvetica, sans-serif;font-size:10pt;\">D\u0142ugo\u015b\u0107\u00a0r\u0119koje\u015bci<\/span><\/td>\n<p><\/br><\/p>\n<td style=\"width:170px;height:18px;border:1px solid #a19c9c;text-align:center;\"><span style=\"font-family:arial, helvetica, sans-serif;font-size:10pt;\">9 cm<\/span><\/td>\n<p><\/br><\/tr>\n<p><\/br><\/p>\n<tr style=\"height:18.4375px;\"><\/br><\/p>\n<td style=\"width:170px;height:18px;border:1px solid #a19c9c;text-align:center;\"><span style=\"font-family:arial, helvetica, sans-serif;font-size:10pt;\">D\u0142ugo\u015b\u0107\u00a0ostrza<\/span><\/td>\n<p><\/br><\/p>\n<td style=\"width:170px;height:18px;border:1px solid #a19c9c;text-align:center;\"><span style=\"font-family:arial, helvetica, sans-serif;font-size:10pt;\">1.7 cm<\/span><\/td>\n<p><\/br><\/tr>\n<p><\/br><\/p>\n<tr style=\"height:18.4375px;\"><\/br><\/p>\n<td style=\"width:170px;height:18px;border:1px solid #a19c9c;text-align:center;\"><span style=\"font-family:arial, helvetica, sans-serif;font-size:10pt;\">Szeroko\u015b\u0107\u00a0ostrza<\/span><\/td>\n<p><\/br><\/p>\n<td style=\"width:170px;height:18px;border:1px solid #a19c9c;text-align:center;\"><span style=\"font-family:arial, helvetica, sans-serif;font-size:10pt;\">0.6 cm<\/span><\/td>\n<p><\/br><\/tr>\n<p><\/br><\/tbody>\n<p><\/br><\/table>\n<p><\/br><\/p>\n<h2 style=\"text-align:left;\"><span style=\"font-family:arial, helvetica, sans-serif;font-size:10pt;\">Zalety wykorzystania przyrz\u0105du do wrastaj\u0105cych paznokci<\/span><\/h2>\n<p><\/br><\/p>\n<ul style=\"text-align:left;\"><\/br><\/p>\n<li style=\"text-align:justify;\"><span style=\"font-family:arial, helvetica, sans-serif;font-size:10pt;\">Idealnie wyprofilowana ko\u0144c\u00f3wka kleszczyk\u00f3w zwi\u0119kszy precyzj\u0119 wykonywanego zabiegu<\/span><\/li>\n<p><\/br><\/p>\n<li style=\"text-align:justify;\"><span style=\"font-family:arial, helvetica, sans-serif;font-size:10pt;\">Ci\u0119cie paznokci na prosto<\/span><\/li>\n<p><\/br><\/p>\n<li style=\"text-align:justify;\"><span style=\"font-family:arial, helvetica, sans-serif;font-size:10pt;\">Ergonomiczny kszta\u0142t gwarantuje komfort pracy podczas u\u017cytkowania produktu<\/span><\/li>\n<p><\/br><\/p>\n<li style=\"text-align:justify;\"><span style=\"font-family:arial, helvetica, sans-serif;font-size:10pt;\">System spr\u0119\u017cynowy umo\u017cliwia stosowanie r\u00f3\u017cnych si\u0142 nacisku<\/span><\/li>\n<p><\/br><\/p>\n<li style=\"text-align:justify;\"><span style=\"font-family:arial, helvetica, sans-serif;font-size:10pt;\">Mo\u017cliwo\u015b\u0107 sterylizacji w autoklawie<\/span><\/li>\n<p><\/br><\/p>\n<li style=\"text-align:justify;\"><span style=\"font-family:arial, helvetica, sans-serif;font-size:10pt;\">Wykonane ze stali nierdzewnej najwy\u017cszej jako\u015bci o ponadprzeci\u0119tnych w\u0142a\u015bciwo\u015bciach antykorozyjnych<\/span><\/li>\n<p><\/br><\/ul>\n<p><\/br><\/p>\n<p style=\"text-align:left;\"><span style=\"font-family:arial, helvetica, sans-serif;font-size:10pt;\">Produkt posiada certyfikaty CE oraz ISO.<\/span><\/p>\n","protected":false},"featured_media":1284,"comment_status":"closed","ping_status":"closed","template":"","meta":[],"product_brand":[],"product_cat":[183],"product_tag":[],"class_list":{"0":"post-2481","1":"product","2":"type-product","3":"status-publish","4":"has-post-thumbnail","6":"product_cat-cegi-cazki","8":"first","9":"instock","10":"product-type-simple"},"_links":{"self":[{"href":"https:\/\/tendosolingen.de\/pl\/wp-json\/wp\/v2\/product\/2481","targetHints":{"allow":["GET"]}}],"collection":[{"href":"https:\/\/tendosolingen.de\/pl\/wp-json\/wp\/v2\/product"}],"about":[{"href":"https:\/\/tendosolingen.de\/pl\/wp-json\/wp\/v2\/types\/product"}],"replies":[{"embeddable":true,"href":"https:\/\/tendosolingen.de\/pl\/wp-json\/wp\/v2\/comments?post=2481"}],"wp:featuredmedia":[{"embeddable":true,"href":"https:\/\/tendosolingen.de\/pl\/wp-json\/wp\/v2\/media\/1284"}],"wp:attachment":[{"href":"https:\/\/tendosolingen.de\/pl\/wp-json\/wp\/v2\/media?parent=2481"}],"wp:term":[{"taxonomy":"product_brand","embeddable":true,"href":"https:\/\/tendosolingen.de\/pl\/wp-json\/wp\/v2\/product_brand?post=2481"},{"taxonomy":"product_cat","embeddable":true,"href":"https:\/\/tendosolingen.de\/pl\/wp-json\/wp\/v2\/product_cat?post=2481"},{"taxonomy":"product_tag","embeddable":true,"href":"https:\/\/tendosolingen.de\/pl\/wp-json\/wp\/v2\/product_tag?post=2481"}],"curies":[{"name":"wp","href":"https:\/\/api.w.org\/{rel}","templated":true}]}}