{"id":2479,"date":"2024-04-09T22:38:33","date_gmt":"2024-04-09T20:38:33","guid":{"rendered":"https:\/\/tendosolingen.de\/product\/przyrzad-do-wrastajacych-paznokci-solingen-typ-cazki-11-5-cm-rodzaj-produktu-standard-sq\/"},"modified":"2026-01-09T15:10:43","modified_gmt":"2026-01-09T14:10:43","slug":"przyrzad-do-wrastajacych-paznokci-solingen-typ-cazki-11-5-cm-rodzaj-produktu-standard-sq","status":"publish","type":"product","link":"https:\/\/tendosolingen.de\/pl\/produkt\/przyrzad-do-wrastajacych-paznokci-solingen-typ-cazki-11-5-cm-rodzaj-produktu-standard-sq\/","title":{"rendered":"Przyrz\u0105d do wrastaj\u0105cych paznokci Solingen typ c\u0105\u017cki 11.5 cm Rodzaj produktu: Standard (SQ)"},"content":{"rendered":"<p style=\"text-align:left;\"><span style=\"font-family:arial, helvetica, sans-serif;font-size:10pt;\">C\u0119gi marki <strong>Tendo Solingen<\/strong> to narz\u0119dzie podologiczne s\u0142u\u017c\u0105ce do wycinania i usuwania wrastaj\u0105cych paznokci oraz usuwania twardych i zrogowacia\u0142ych sk\u00f3rek. Cienkie ostrza robocze pozwalaj\u0105 na precyzyjn\u0105 prac\u0119 w wale paznokciowym. Dodatkowo, ich struktura pozwala na usuni\u0119cie s\u0142abo widocznych I trudno dost\u0119pnych struktur sk\u00f3rnych. Ergonomiczna r\u0119koje\u015b\u0107 idealnie przylega do d\u0142oni oraz zapobiega jej nadwyr\u0119\u017ceniu. Dodatkowo, zawarte \u017c\u0142obienia dzia\u0142aj\u0105 antypo\u015blizgowo. System spr\u0119\u017cynowy, umieszczony w g\u00f3rnej cz\u0119\u015bci ramion, zwi\u0119ksza p\u0142ynno\u015b\u0107 narz\u0119dzia oraz u\u0142atwia nim manipulacj\u0119. Ca\u0142kowita d\u0142ugo\u015b\u0107 wynosi 11,5 cm. Wykonane ze stali nierdzewnej najwy\u017cszej jako\u015bci o bardzo dobrych w\u0142a\u015bciwo\u015bciach antykorozyjnych. Mo\u017cliwo\u015b\u0107 wielokrotnej sterylizacji. Satynowe wyko\u0144czenie zapobiega refleksom \u015bwietlnym.<\/span><\/p>\n<p><\/br><\/p>\n<p style=\"text-align:left;\"><span style=\"font-family:arial, helvetica, sans-serif;font-size:10pt;\">Do wyboru jest wariant Standard oraz Premium. C\u0119gi Premium charakteryzuj\u0105 si\u0119 najlepsz\u0105 stal\u0105 nierdzewn\u0105, a ponadto s\u0105 bardziej wytrzyma\u0142e oraz trwa\u0142e w por\u00f3wnaniu z wariantem Standard.\u00a0<\/span><\/p>\n<p><\/br><\/p>\n<h1 style=\"text-align:left;\"><span style=\"font-family:arial, helvetica, sans-serif;font-size:10pt;\">Parametry c\u0105\u017cek bocznych do wrastaj\u0105cych paznokci u n\u00f3g<\/span><\/h1>\n<p><\/br><\/p>\n<ul style=\"text-align:left;\"><\/br><\/p>\n<li style=\"text-align:justify;\"><span style=\"font-family:arial, helvetica, sans-serif;font-size:10pt;\">Typ: c\u0119gi-c\u0105\u017cki, podologia, kosmetyka<\/span><\/li>\n<p><\/br><\/p>\n<li style=\"text-align:justify;\"><span style=\"font-family:arial, helvetica, sans-serif;font-size:10pt;\">Marka: Tendo Solingen<\/span><\/li>\n<p><\/br><\/p>\n<li style=\"text-align:justify;\"><span style=\"font-family:arial, helvetica, sans-serif;font-size:10pt;\">Przeznaczenie:\u00a0usuwanie, wycinanie wrastaj\u0105cych i zrogowacia\u0142ych paznokci<\/span><\/li>\n<p><\/br><\/p>\n<li style=\"text-align:justify;\"><span style=\"font-family:arial, helvetica, sans-serif;font-size:10pt;\">Dost\u0119pna d\u0142ugo\u015b\u0107: 11,5 cm<\/span><\/li>\n<p><\/br><\/p>\n<li style=\"text-align:justify;\"><span style=\"font-family:arial, helvetica, sans-serif;font-size:10pt;\">Ko\u0144c\u00f3wka: diamentowa<\/span><\/li>\n<p><\/br><\/p>\n<li style=\"text-align:justify;\"><span style=\"font-family:arial, helvetica, sans-serif;font-size:10pt;\">Dost\u0119pny wariant:<\/span><\/li>\n<p><\/br><\/ul>\n<p><\/br><\/p>\n<ul style=\"list-style-type:circle;text-align:left;\"><\/br><\/p>\n<li style=\"text-align:justify;\"><span style=\"font-family:arial, helvetica, sans-serif;font-size:10pt;\">Standard<\/span><\/li>\n<p><\/br><\/p>\n<li style=\"text-align:justify;\"><span style=\"font-family:arial, helvetica, sans-serif;font-size:10pt;\">Premium<\/span><\/li>\n<p><\/br><\/ul>\n<p><\/br><\/p>\n<ul style=\"text-align:left;\"><\/br><\/p>\n<li style=\"text-align:justify;\"><span style=\"font-family:arial, helvetica, sans-serif;font-size:10pt;\">Wykonane r\u0119cznie<\/span><\/li>\n<p><\/br><\/p>\n<li style=\"text-align:justify;\"><span style=\"font-family:arial, helvetica, sans-serif;font-size:10pt;\">Produkt wielokrotnego u\u017cytku<\/span><\/li>\n<p><\/br><\/p>\n<li style=\"text-align:justify;\"><span style=\"font-family:arial, helvetica, sans-serif;font-size:10pt;\">Produkt niesterylny<\/span><\/li>\n<p><\/br><\/p>\n<li style=\"text-align:justify;\"><span style=\"font-family:arial, helvetica, sans-serif;font-size:10pt;\">Wykonanie ze stali chirurgicznej<\/span><\/li>\n<p><\/br><\/ul>\n<p><\/br><\/p>\n<table style=\"height:100px;width:350px;border:1px solid #a19c9c;\">\n<caption><span style=\"font-family:arial, helvetica, sans-serif;\"><span style=\"font-size:13.3333px;\"><strong>Wymiary\u00a0c\u0105\u017cek\u00a0do wrastaj\u0105cych paznokci<\/strong><\/span><\/span><\/caption>\n<p><\/br><\/p>\n<tbody><\/br><\/p>\n<tr style=\"height:18px;\"><\/br><\/p>\n<td style=\"width:170px;height:18px;border:1px solid #a19c9c;text-align:center;\"><span style=\"font-family:arial, helvetica, sans-serif;\"><strong><span style=\"font-size:10pt;\">Opis<\/span><\/strong><\/span><\/td>\n<p><\/br><\/p>\n<td style=\"width:170px;height:18px;border:1px solid #a19c9c;text-align:center;\"><span style=\"font-family:arial, helvetica, sans-serif;\"><strong><span style=\"font-size:10pt;\">Wymiary<\/span><\/strong><\/span><\/td>\n<p><\/br><\/tr>\n<p><\/br><\/p>\n<tr style=\"height:18px;\"><\/br><\/p>\n<td style=\"width:170px;height:18px;border:1px solid #a19c9c;text-align:center;\"><span style=\"font-family:arial, helvetica, sans-serif;font-size:10pt;\">D\u0142ugo\u015b\u0107 narz\u0119dzia<\/span><\/td>\n<p><\/br><\/p>\n<td style=\"width:170px;height:18px;border:1px solid #a19c9c;text-align:center;\"><span style=\"font-family:arial, helvetica, sans-serif;font-size:10pt;\">11.5 cm<\/span><\/td>\n<p><\/br><\/tr>\n<p><\/br><\/p>\n<tr style=\"height:18px;\"><\/br><\/p>\n<td style=\"width:170px;height:18px;border:1px solid #a19c9c;text-align:center;\"><span style=\"font-family:arial, helvetica, sans-serif;font-size:10pt;\">D\u0142ugo\u015b\u0107\u00a0r\u0119koje\u015bci<\/span><\/td>\n<p><\/br><\/p>\n<td style=\"width:170px;height:18px;border:1px solid #a19c9c;text-align:center;\"><span style=\"font-family:arial, helvetica, sans-serif;font-size:10pt;\">8 cm<\/span><\/td>\n<p><\/br><\/tr>\n<p><\/br><\/p>\n<tr style=\"height:18.4375px;\"><\/br><\/p>\n<td style=\"width:170px;height:18px;border:1px solid #a19c9c;text-align:center;\"><span style=\"font-family:arial, helvetica, sans-serif;font-size:10pt;\">D\u0142ugo\u015b\u0107\u00a0ostrza<\/span><\/td>\n<p><\/br><\/p>\n<td style=\"width:170px;height:18px;border:1px solid #a19c9c;text-align:center;\"><span style=\"font-family:arial, helvetica, sans-serif;font-size:10pt;\">1.5 cm<\/span><\/td>\n<p><\/br><\/tr>\n<p><\/br><\/p>\n<tr style=\"height:18.4375px;\"><\/br><\/p>\n<td style=\"width:170px;height:18px;border:1px solid #a19c9c;text-align:center;\"><span style=\"font-family:arial, helvetica, sans-serif;font-size:10pt;\">Szeroko\u015b\u0107\u00a0ostrza<\/span><\/td>\n<p><\/br><\/p>\n<td style=\"width:170px;height:18px;border:1px solid #a19c9c;text-align:center;\"><span style=\"font-family:arial, helvetica, sans-serif;font-size:10pt;\">0.6 cm<\/span><\/td>\n<p><\/br><\/tr>\n<p><\/br><\/tbody>\n<p><\/br><\/table>\n<p><\/br><\/p>\n<h2 style=\"text-align:left;\"><span style=\"font-family:arial, helvetica, sans-serif;font-size:10pt;\">Zalety wykorzystania c\u0105\u017cek do wrastaj\u0105cych paznokci Solingen<\/span><\/h2>\n<p><\/br><\/p>\n<ul style=\"text-align:left;\"><\/br><\/p>\n<li style=\"text-align:justify;\"><span style=\"font-family:arial, helvetica, sans-serif;font-size:10pt;\">Mo\u017cliwo\u015b\u0107 sterylizacji w autoklawie<\/span><\/li>\n<p><\/br><\/p>\n<li style=\"text-align:justify;\"><span style=\"font-family:arial, helvetica, sans-serif;font-size:10pt;\">\u017b\u0142obienia na r\u0119koje\u015bci dzia\u0142aj\u0105 antypo\u015blizgowo<\/span><\/li>\n<p><\/br><\/p>\n<li style=\"text-align:justify;\"><span style=\"font-family:arial, helvetica, sans-serif;font-size:10pt;\">Gwarancja satysfakcji i najwy\u017cszej jako\u015bci<\/span><\/li>\n<p><\/br><\/p>\n<li style=\"text-align:justify;\"><span style=\"font-family:arial, helvetica, sans-serif;font-size:10pt;\">D\u0142ugie ostrza zapewniaj\u0105 precyzyjne usuwanie sk\u00f3rek oraz idealne skracanie paznokci<\/span><\/li>\n<p><\/br><\/p>\n<li style=\"text-align:justify;\"><span style=\"font-family:arial, helvetica, sans-serif;font-size:10pt;\">Lekka waga i ergonomicznie zaprojektowane uchwyty zwi\u0119kszaj\u0105 komfort pracy<\/span><\/li>\n<p><\/br><\/p>\n<li style=\"text-align:justify;\"><span style=\"font-family:arial, helvetica, sans-serif;font-size:10pt;\">Wykonane ze stali nierdzewnej najwy\u017cszej jako\u015bci o ponadprzeci\u0119tnych w\u0142a\u015bciwo\u015bciach antykorozyjnych<\/span><\/li>\n<p><\/br><\/ul>\n<p><\/br><\/p>\n<p style=\"text-align:left;\"><span style=\"font-family:arial, helvetica, sans-serif;font-size:10pt;\">Produkt posiada certyfikaty CE oraz ISO.<\/span><\/p>\n","protected":false},"excerpt":{"rendered":"<p style=\"text-align:left;\"><span style=\"font-family:arial, helvetica, sans-serif;font-size:10pt;\">C\u0119gi marki <strong>Tendo Solingen<\/strong> to narz\u0119dzie podologiczne s\u0142u\u017c\u0105ce do wycinania i usuwania wrastaj\u0105cych paznokci oraz usuwania twardych i zrogowacia\u0142ych sk\u00f3rek. Cienkie ostrza robocze pozwalaj\u0105 na precyzyjn\u0105 prac\u0119 w wale paznokciowym. Dodatkowo, ich struktura pozwala na usuni\u0119cie s\u0142abo widocznych I trudno dost\u0119pnych struktur sk\u00f3rnych. Ergonomiczna r\u0119koje\u015b\u0107 idealnie przylega do d\u0142oni oraz zapobiega jej nadwyr\u0119\u017ceniu. Dodatkowo, zawarte \u017c\u0142obienia dzia\u0142aj\u0105 antypo\u015blizgowo. System spr\u0119\u017cynowy, umieszczony w g\u00f3rnej cz\u0119\u015bci ramion, zwi\u0119ksza p\u0142ynno\u015b\u0107 narz\u0119dzia oraz u\u0142atwia nim manipulacj\u0119. Ca\u0142kowita d\u0142ugo\u015b\u0107 wynosi 11,5 cm. Wykonane ze stali nierdzewnej najwy\u017cszej jako\u015bci o bardzo dobrych w\u0142a\u015bciwo\u015bciach antykorozyjnych. Mo\u017cliwo\u015b\u0107 wielokrotnej sterylizacji. Satynowe wyko\u0144czenie zapobiega refleksom \u015bwietlnym.<\/span><\/p>\n<p><\/br><\/p>\n<p style=\"text-align:left;\"><span style=\"font-family:arial, helvetica, sans-serif;font-size:10pt;\">Do wyboru jest wariant Standard oraz Premium. C\u0119gi Premium charakteryzuj\u0105 si\u0119 najlepsz\u0105 stal\u0105 nierdzewn\u0105, a ponadto s\u0105 bardziej wytrzyma\u0142e oraz trwa\u0142e w por\u00f3wnaniu z wariantem Standard.\u00a0<\/span><\/p>\n<p><\/br><\/p>\n<h1 style=\"text-align:left;\"><span style=\"font-family:arial, helvetica, sans-serif;font-size:10pt;\">Parametry c\u0105\u017cek bocznych do wrastaj\u0105cych paznokci u n\u00f3g<\/span><\/h1>\n<p><\/br><\/p>\n<ul style=\"text-align:left;\"><\/br><\/p>\n<li style=\"text-align:justify;\"><span style=\"font-family:arial, helvetica, sans-serif;font-size:10pt;\">Typ: c\u0119gi-c\u0105\u017cki, podologia, kosmetyka<\/span><\/li>\n<p><\/br><\/p>\n<li style=\"text-align:justify;\"><span style=\"font-family:arial, helvetica, sans-serif;font-size:10pt;\">Marka: Tendo Solingen<\/span><\/li>\n<p><\/br><\/p>\n<li style=\"text-align:justify;\"><span style=\"font-family:arial, helvetica, sans-serif;font-size:10pt;\">Przeznaczenie:\u00a0usuwanie, wycinanie wrastaj\u0105cych i zrogowacia\u0142ych paznokci<\/span><\/li>\n<p><\/br><\/p>\n<li style=\"text-align:justify;\"><span style=\"font-family:arial, helvetica, sans-serif;font-size:10pt;\">Dost\u0119pna d\u0142ugo\u015b\u0107: 11,5 cm<\/span><\/li>\n<p><\/br><\/p>\n<li style=\"text-align:justify;\"><span style=\"font-family:arial, helvetica, sans-serif;font-size:10pt;\">Ko\u0144c\u00f3wka: diamentowa<\/span><\/li>\n<p><\/br><\/p>\n<li style=\"text-align:justify;\"><span style=\"font-family:arial, helvetica, sans-serif;font-size:10pt;\">Dost\u0119pny wariant:<\/span><\/li>\n<p><\/br><\/ul>\n<p><\/br><\/p>\n<ul style=\"list-style-type:circle;text-align:left;\"><\/br><\/p>\n<li style=\"text-align:justify;\"><span style=\"font-family:arial, helvetica, sans-serif;font-size:10pt;\">Standard<\/span><\/li>\n<p><\/br><\/p>\n<li style=\"text-align:justify;\"><span style=\"font-family:arial, helvetica, sans-serif;font-size:10pt;\">Premium<\/span><\/li>\n<p><\/br><\/ul>\n<p><\/br><\/p>\n<ul style=\"text-align:left;\"><\/br><\/p>\n<li style=\"text-align:justify;\"><span style=\"font-family:arial, helvetica, sans-serif;font-size:10pt;\">Wykonane r\u0119cznie<\/span><\/li>\n<p><\/br><\/p>\n<li style=\"text-align:justify;\"><span style=\"font-family:arial, helvetica, sans-serif;font-size:10pt;\">Produkt wielokrotnego u\u017cytku<\/span><\/li>\n<p><\/br><\/p>\n<li style=\"text-align:justify;\"><span style=\"font-family:arial, helvetica, sans-serif;font-size:10pt;\">Produkt niesterylny<\/span><\/li>\n<p><\/br><\/p>\n<li style=\"text-align:justify;\"><span style=\"font-family:arial, helvetica, sans-serif;font-size:10pt;\">Wykonanie ze stali chirurgicznej<\/span><\/li>\n<p><\/br><\/ul>\n<p><\/br><\/p>\n<table style=\"height:100px;width:350px;border:1px solid #a19c9c;\">\n<caption><span style=\"font-family:arial, helvetica, sans-serif;\"><span style=\"font-size:13.3333px;\"><strong>Wymiary\u00a0c\u0105\u017cek\u00a0do wrastaj\u0105cych paznokci<\/strong><\/span><\/span><\/caption>\n<p><\/br><\/p>\n<tbody><\/br><\/p>\n<tr style=\"height:18px;\"><\/br><\/p>\n<td style=\"width:170px;height:18px;border:1px solid #a19c9c;text-align:center;\"><span style=\"font-family:arial, helvetica, sans-serif;\"><strong><span style=\"font-size:10pt;\">Opis<\/span><\/strong><\/span><\/td>\n<p><\/br><\/p>\n<td style=\"width:170px;height:18px;border:1px solid #a19c9c;text-align:center;\"><span style=\"font-family:arial, helvetica, sans-serif;\"><strong><span style=\"font-size:10pt;\">Wymiary<\/span><\/strong><\/span><\/td>\n<p><\/br><\/tr>\n<p><\/br><\/p>\n<tr style=\"height:18px;\"><\/br><\/p>\n<td style=\"width:170px;height:18px;border:1px solid #a19c9c;text-align:center;\"><span style=\"font-family:arial, helvetica, sans-serif;font-size:10pt;\">D\u0142ugo\u015b\u0107 narz\u0119dzia<\/span><\/td>\n<p><\/br><\/p>\n<td style=\"width:170px;height:18px;border:1px solid #a19c9c;text-align:center;\"><span style=\"font-family:arial, helvetica, sans-serif;font-size:10pt;\">11.5 cm<\/span><\/td>\n<p><\/br><\/tr>\n<p><\/br><\/p>\n<tr style=\"height:18px;\"><\/br><\/p>\n<td style=\"width:170px;height:18px;border:1px solid #a19c9c;text-align:center;\"><span style=\"font-family:arial, helvetica, sans-serif;font-size:10pt;\">D\u0142ugo\u015b\u0107\u00a0r\u0119koje\u015bci<\/span><\/td>\n<p><\/br><\/p>\n<td style=\"width:170px;height:18px;border:1px solid #a19c9c;text-align:center;\"><span style=\"font-family:arial, helvetica, sans-serif;font-size:10pt;\">8 cm<\/span><\/td>\n<p><\/br><\/tr>\n<p><\/br><\/p>\n<tr style=\"height:18.4375px;\"><\/br><\/p>\n<td style=\"width:170px;height:18px;border:1px solid #a19c9c;text-align:center;\"><span style=\"font-family:arial, helvetica, sans-serif;font-size:10pt;\">D\u0142ugo\u015b\u0107\u00a0ostrza<\/span><\/td>\n<p><\/br><\/p>\n<td style=\"width:170px;height:18px;border:1px solid #a19c9c;text-align:center;\"><span style=\"font-family:arial, helvetica, sans-serif;font-size:10pt;\">1.5 cm<\/span><\/td>\n<p><\/br><\/tr>\n<p><\/br><\/p>\n<tr style=\"height:18.4375px;\"><\/br><\/p>\n<td style=\"width:170px;height:18px;border:1px solid #a19c9c;text-align:center;\"><span style=\"font-family:arial, helvetica, sans-serif;font-size:10pt;\">Szeroko\u015b\u0107\u00a0ostrza<\/span><\/td>\n<p><\/br><\/p>\n<td style=\"width:170px;height:18px;border:1px solid #a19c9c;text-align:center;\"><span style=\"font-family:arial, helvetica, sans-serif;font-size:10pt;\">0.6 cm<\/span><\/td>\n<p><\/br><\/tr>\n<p><\/br><\/tbody>\n<p><\/br><\/table>\n<p><\/br><\/p>\n<h2 style=\"text-align:left;\"><span style=\"font-family:arial, helvetica, sans-serif;font-size:10pt;\">Zalety wykorzystania c\u0105\u017cek do wrastaj\u0105cych paznokci Solingen<\/span><\/h2>\n<p><\/br><\/p>\n<ul style=\"text-align:left;\"><\/br><\/p>\n<li style=\"text-align:justify;\"><span style=\"font-family:arial, helvetica, sans-serif;font-size:10pt;\">Mo\u017cliwo\u015b\u0107 sterylizacji w autoklawie<\/span><\/li>\n<p><\/br><\/p>\n<li style=\"text-align:justify;\"><span style=\"font-family:arial, helvetica, sans-serif;font-size:10pt;\">\u017b\u0142obienia na r\u0119koje\u015bci dzia\u0142aj\u0105 antypo\u015blizgowo<\/span><\/li>\n<p><\/br><\/p>\n<li style=\"text-align:justify;\"><span style=\"font-family:arial, helvetica, sans-serif;font-size:10pt;\">Gwarancja satysfakcji i najwy\u017cszej jako\u015bci<\/span><\/li>\n<p><\/br><\/p>\n<li style=\"text-align:justify;\"><span style=\"font-family:arial, helvetica, sans-serif;font-size:10pt;\">D\u0142ugie ostrza zapewniaj\u0105 precyzyjne usuwanie sk\u00f3rek oraz idealne skracanie paznokci<\/span><\/li>\n<p><\/br><\/p>\n<li style=\"text-align:justify;\"><span style=\"font-family:arial, helvetica, sans-serif;font-size:10pt;\">Lekka waga i ergonomicznie zaprojektowane uchwyty zwi\u0119kszaj\u0105 komfort pracy<\/span><\/li>\n<p><\/br><\/p>\n<li style=\"text-align:justify;\"><span style=\"font-family:arial, helvetica, sans-serif;font-size:10pt;\">Wykonane ze stali nierdzewnej najwy\u017cszej jako\u015bci o ponadprzeci\u0119tnych w\u0142a\u015bciwo\u015bciach antykorozyjnych<\/span><\/li>\n<p><\/br><\/ul>\n<p><\/br><\/p>\n<p style=\"text-align:left;\"><span style=\"font-family:arial, helvetica, sans-serif;font-size:10pt;\">Produkt posiada certyfikaty CE oraz ISO.<\/span><\/p>\n","protected":false},"featured_media":1276,"comment_status":"closed","ping_status":"closed","template":"","meta":[],"product_brand":[],"product_cat":[183],"product_tag":[],"class_list":{"0":"post-2479","1":"product","2":"type-product","3":"status-publish","4":"has-post-thumbnail","6":"product_cat-cegi-cazki","8":"first","9":"instock","10":"product-type-simple"},"_links":{"self":[{"href":"https:\/\/tendosolingen.de\/pl\/wp-json\/wp\/v2\/product\/2479","targetHints":{"allow":["GET"]}}],"collection":[{"href":"https:\/\/tendosolingen.de\/pl\/wp-json\/wp\/v2\/product"}],"about":[{"href":"https:\/\/tendosolingen.de\/pl\/wp-json\/wp\/v2\/types\/product"}],"replies":[{"embeddable":true,"href":"https:\/\/tendosolingen.de\/pl\/wp-json\/wp\/v2\/comments?post=2479"}],"wp:featuredmedia":[{"embeddable":true,"href":"https:\/\/tendosolingen.de\/pl\/wp-json\/wp\/v2\/media\/1276"}],"wp:attachment":[{"href":"https:\/\/tendosolingen.de\/pl\/wp-json\/wp\/v2\/media?parent=2479"}],"wp:term":[{"taxonomy":"product_brand","embeddable":true,"href":"https:\/\/tendosolingen.de\/pl\/wp-json\/wp\/v2\/product_brand?post=2479"},{"taxonomy":"product_cat","embeddable":true,"href":"https:\/\/tendosolingen.de\/pl\/wp-json\/wp\/v2\/product_cat?post=2479"},{"taxonomy":"product_tag","embeddable":true,"href":"https:\/\/tendosolingen.de\/pl\/wp-json\/wp\/v2\/product_tag?post=2479"}],"curies":[{"name":"wp","href":"https:\/\/api.w.org\/{rel}","templated":true}]}}