{"id":2477,"date":"2024-04-09T22:38:33","date_gmt":"2024-04-09T20:38:33","guid":{"rendered":"https:\/\/tendosolingen.de\/product\/cegi-do-paznokci-wrastajacych-podologiczne-solingen-105-cm-rodzaj-produktu-standard-sq\/"},"modified":"2026-01-09T15:11:03","modified_gmt":"2026-01-09T14:11:03","slug":"cegi-do-paznokci-wrastajacych-podologiczne-solingen-105-cm-rodzaj-produktu-standard-sq","status":"publish","type":"product","link":"https:\/\/tendosolingen.de\/pl\/produkt\/cegi-do-paznokci-wrastajacych-podologiczne-solingen-105-cm-rodzaj-produktu-standard-sq\/","title":{"rendered":"C\u0119gi do paznokci wrastaj\u0105cych podologiczne Solingen 10,5 cm Rodzaj produktu: Standard (SQ)"},"content":{"rendered":"<p style=\"text-align:justify;\"><span style=\"font-family:arial, helvetica, sans-serif;font-size:10pt;\"><em>C\u0119gi do paznokci wrastaj\u0105cych<\/em> to wyspecjalizowany instrument medyczny wykorzystywany w podologii (dziedzina zajmuj\u0105ca si\u0119 leczeniem schorze\u0144 powstaj\u0105cych w obr\u0119bie st\u00f3p oraz p\u0142ytki paznokcia). S\u0142u\u017c\u0105 one do precyzyjnego wycinania wrastaj\u0105cych oraz skracania twardych paznokci. W tym celu instrument wyposa\u017cono w proste szcz\u0119ki oraz ostr\u0105 ko\u0144c\u00f3wk\u0119. Ergonomiczna r\u0119koje\u015b\u0107 o trapezowym kszta\u0142cie idealnie przylega do d\u0142oni, zwi\u0119kszaj\u0105c komfort pracy. Antypo\u015blizgowe \u017c\u0142obienia na trzonach zapobiegaj\u0105 mo\u017cliwo\u015bci wy\u015blizgni\u0119cia si\u0119 narz\u0119dzia z r\u0119ki. Co wi\u0119cej, system spr\u0119\u017cynowy pozwoli na regulowanie si\u0142y nacisku. C\u0119gi podologiczne zosta\u0142y wykonane z najwy\u017cszej jako\u015bci stali nierdzewnej, dzi\u0119ki czemu nie ulega korozji. Mo\u017cliwo\u015b\u0107 wielokrotnej sterylizacji.<\/span><\/p>\n<p><\/br><\/p>\n<h2><span style=\"font-family:arial, helvetica, sans-serif;font-size:10pt;\">C\u0105\u017cki do wrastaj\u0105cych paznokci &#8211; parametry<\/span><\/h2>\n<p><\/br><\/p>\n<ul><\/br><\/p>\n<li><span style=\"font-family:arial, helvetica, sans-serif;font-size:10pt;\">typ: c\u0119gi, do paznokci, podologiczne<\/span><\/li>\n<p><\/br><\/p>\n<li><span style=\"font-family:arial, helvetica, sans-serif;font-size:10pt;\">przeznaczenie: wycinanie wrastaj\u0105cych paznokci, skracanie twardych paznokci<\/span><\/li>\n<p><\/br><\/p>\n<li><span style=\"font-family:arial, helvetica, sans-serif;font-size:10pt;\">niemiecka stal chirurgiczna<\/span><\/li>\n<p><\/br><\/p>\n<li><span style=\"font-family:arial, helvetica, sans-serif;font-size:10pt;\">dost\u0119pna d\u0142ugo\u015b\u0107: 10,5 cm<\/span><\/li>\n<p><\/br><\/p>\n<li><span style=\"font-family:arial, helvetica, sans-serif;font-size:10pt;\">wykonane r\u0119cznie<\/span><\/li>\n<p><\/br><\/p>\n<li><span style=\"font-family:arial, helvetica, sans-serif;font-size:10pt;\">produkt wielokrotnego u\u017cytku<\/span><\/li>\n<p><\/br><\/p>\n<li><span style=\"font-family:arial, helvetica, sans-serif;font-size:10pt;\">produkt niesterylny<\/span><\/li>\n<p><\/br><\/p>\n<li><span style=\"font-family:arial, helvetica, sans-serif;font-size:10pt;\">gwarancja 24 m-ce standard, 3 lata premium<\/span><\/li>\n<p><\/br><\/ul>\n<p><\/br><\/p>\n<h2><span style=\"font-family:arial, helvetica, sans-serif;font-size:10pt;\">Zalety wykorzystania &#8211;\u00a0<\/span><span class=\"headline__name\" style=\"font-family:arial, helvetica, sans-serif;font-size:10pt;\">C\u0119gi i c\u0105\u017cki podologiczne\u00a0<\/span><\/h2>\n<p><\/br><\/p>\n<ul><\/br><\/p>\n<li style=\"text-align:justify;\"><span style=\"font-family:arial, helvetica, sans-serif;font-size:10pt;\">idealnie wyprofilowana ko\u0144c\u00f3wka zwi\u0119kszy precyzj\u0119 wykonywanego zabiegu<\/span><\/li>\n<p><\/br><\/p>\n<li style=\"text-align:justify;\"><span style=\"font-family:arial, helvetica, sans-serif;font-size:10pt;\">Szczeg\u00f3lnie cienkie ostrza pozwalaj\u0105 u\u017cywa\u0107 te c\u0105\u017cki do usuwania g\u0142\u0119boko i daleko wrastaj\u0105cego paznokcia<\/span><\/li>\n<p><\/br><\/p>\n<li style=\"text-align:justify;\"><span style=\"font-family:arial, helvetica, sans-serif;font-size:10pt;\">przeznaczone s\u0105 do trudniejszych prac przy wale paznokciowym<\/span><\/li>\n<p><\/br><\/p>\n<li style=\"text-align:justify;\"><span style=\"font-family:arial, helvetica, sans-serif;font-size:10pt;\">ergonomiczny kszta\u0142t gwarantuje komfort pracy podczas u\u017cytkowania produktu<\/span><\/li>\n<p><\/br><\/p>\n<li style=\"text-align:justify;\"><span style=\"font-family:arial, helvetica, sans-serif;font-size:10pt;\">system spr\u0119\u017cynowy umo\u017cliwia stosowanie r\u00f3\u017cnych si\u0142 nacisku<\/span><\/li>\n<p><\/br><\/p>\n<li style=\"text-align:justify;\"><span style=\"font-family:arial, helvetica, sans-serif;font-size:10pt;\">wykonane ze stali nierdzewnej najwy\u017cszej jako\u015bci o ponadprzeci\u0119tnych w\u0142a\u015bciwo\u015bciach antykorozyjnych<\/span><\/li>\n<p><\/br><\/ul>\n<p><\/br><\/p>\n<p><span style=\"font-family:arial, helvetica, sans-serif;font-size:10pt;\">C\u0105\u017cki k\u0105towe do wrastaj\u0105cych paznokci\u00a0s\u0105 fabrycznie nowe oraz dok\u0142adnie sprawdzane i kontrolowane na wszystkich etapach produkcji, w celu zapewnienia ich zgodno\u015bci z mi\u0119dzynarodowymi standardami okre\u015blonymi ISO 9001:2008 oraz certyfikatem CE.<\/span><\/p>\n","protected":false},"excerpt":{"rendered":"<p style=\"text-align:justify;\"><span style=\"font-family:arial, helvetica, sans-serif;font-size:10pt;\"><em>C\u0119gi do paznokci wrastaj\u0105cych<\/em> to wyspecjalizowany instrument medyczny wykorzystywany w podologii (dziedzina zajmuj\u0105ca si\u0119 leczeniem schorze\u0144 powstaj\u0105cych w obr\u0119bie st\u00f3p oraz p\u0142ytki paznokcia). S\u0142u\u017c\u0105 one do precyzyjnego wycinania wrastaj\u0105cych oraz skracania twardych paznokci. W tym celu instrument wyposa\u017cono w proste szcz\u0119ki oraz ostr\u0105 ko\u0144c\u00f3wk\u0119. Ergonomiczna r\u0119koje\u015b\u0107 o trapezowym kszta\u0142cie idealnie przylega do d\u0142oni, zwi\u0119kszaj\u0105c komfort pracy. Antypo\u015blizgowe \u017c\u0142obienia na trzonach zapobiegaj\u0105 mo\u017cliwo\u015bci wy\u015blizgni\u0119cia si\u0119 narz\u0119dzia z r\u0119ki. Co wi\u0119cej, system spr\u0119\u017cynowy pozwoli na regulowanie si\u0142y nacisku. C\u0119gi podologiczne zosta\u0142y wykonane z najwy\u017cszej jako\u015bci stali nierdzewnej, dzi\u0119ki czemu nie ulega korozji. Mo\u017cliwo\u015b\u0107 wielokrotnej sterylizacji.<\/span><\/p>\n<p><\/br><\/p>\n<h2><span style=\"font-family:arial, helvetica, sans-serif;font-size:10pt;\">C\u0105\u017cki do wrastaj\u0105cych paznokci &#8211; parametry<\/span><\/h2>\n<p><\/br><\/p>\n<ul><\/br><\/p>\n<li><span style=\"font-family:arial, helvetica, sans-serif;font-size:10pt;\">typ: c\u0119gi, do paznokci, podologiczne<\/span><\/li>\n<p><\/br><\/p>\n<li><span style=\"font-family:arial, helvetica, sans-serif;font-size:10pt;\">przeznaczenie: wycinanie wrastaj\u0105cych paznokci, skracanie twardych paznokci<\/span><\/li>\n<p><\/br><\/p>\n<li><span style=\"font-family:arial, helvetica, sans-serif;font-size:10pt;\">niemiecka stal chirurgiczna<\/span><\/li>\n<p><\/br><\/p>\n<li><span style=\"font-family:arial, helvetica, sans-serif;font-size:10pt;\">dost\u0119pna d\u0142ugo\u015b\u0107: 10,5 cm<\/span><\/li>\n<p><\/br><\/p>\n<li><span style=\"font-family:arial, helvetica, sans-serif;font-size:10pt;\">wykonane r\u0119cznie<\/span><\/li>\n<p><\/br><\/p>\n<li><span style=\"font-family:arial, helvetica, sans-serif;font-size:10pt;\">produkt wielokrotnego u\u017cytku<\/span><\/li>\n<p><\/br><\/p>\n<li><span style=\"font-family:arial, helvetica, sans-serif;font-size:10pt;\">produkt niesterylny<\/span><\/li>\n<p><\/br><\/p>\n<li><span style=\"font-family:arial, helvetica, sans-serif;font-size:10pt;\">gwarancja 24 m-ce standard, 3 lata premium<\/span><\/li>\n<p><\/br><\/ul>\n<p><\/br><\/p>\n<h2><span style=\"font-family:arial, helvetica, sans-serif;font-size:10pt;\">Zalety wykorzystania &#8211;\u00a0<\/span><span class=\"headline__name\" style=\"font-family:arial, helvetica, sans-serif;font-size:10pt;\">C\u0119gi i c\u0105\u017cki podologiczne\u00a0<\/span><\/h2>\n<p><\/br><\/p>\n<ul><\/br><\/p>\n<li style=\"text-align:justify;\"><span style=\"font-family:arial, helvetica, sans-serif;font-size:10pt;\">idealnie wyprofilowana ko\u0144c\u00f3wka zwi\u0119kszy precyzj\u0119 wykonywanego zabiegu<\/span><\/li>\n<p><\/br><\/p>\n<li style=\"text-align:justify;\"><span style=\"font-family:arial, helvetica, sans-serif;font-size:10pt;\">Szczeg\u00f3lnie cienkie ostrza pozwalaj\u0105 u\u017cywa\u0107 te c\u0105\u017cki do usuwania g\u0142\u0119boko i daleko wrastaj\u0105cego paznokcia<\/span><\/li>\n<p><\/br><\/p>\n<li style=\"text-align:justify;\"><span style=\"font-family:arial, helvetica, sans-serif;font-size:10pt;\">przeznaczone s\u0105 do trudniejszych prac przy wale paznokciowym<\/span><\/li>\n<p><\/br><\/p>\n<li style=\"text-align:justify;\"><span style=\"font-family:arial, helvetica, sans-serif;font-size:10pt;\">ergonomiczny kszta\u0142t gwarantuje komfort pracy podczas u\u017cytkowania produktu<\/span><\/li>\n<p><\/br><\/p>\n<li style=\"text-align:justify;\"><span style=\"font-family:arial, helvetica, sans-serif;font-size:10pt;\">system spr\u0119\u017cynowy umo\u017cliwia stosowanie r\u00f3\u017cnych si\u0142 nacisku<\/span><\/li>\n<p><\/br><\/p>\n<li style=\"text-align:justify;\"><span style=\"font-family:arial, helvetica, sans-serif;font-size:10pt;\">wykonane ze stali nierdzewnej najwy\u017cszej jako\u015bci o ponadprzeci\u0119tnych w\u0142a\u015bciwo\u015bciach antykorozyjnych<\/span><\/li>\n<p><\/br><\/ul>\n<p><\/br><\/p>\n<p><span style=\"font-family:arial, helvetica, sans-serif;font-size:10pt;\">C\u0105\u017cki k\u0105towe do wrastaj\u0105cych paznokci\u00a0s\u0105 fabrycznie nowe oraz dok\u0142adnie sprawdzane i kontrolowane na wszystkich etapach produkcji, w celu zapewnienia ich zgodno\u015bci z mi\u0119dzynarodowymi standardami okre\u015blonymi ISO 9001:2008 oraz certyfikatem CE.<\/span><\/p>\n","protected":false},"featured_media":1268,"comment_status":"closed","ping_status":"closed","template":"","meta":[],"product_brand":[],"product_cat":[183],"product_tag":[],"class_list":{"0":"post-2477","1":"product","2":"type-product","3":"status-publish","4":"has-post-thumbnail","6":"product_cat-cegi-cazki","8":"first","9":"instock","10":"product-type-simple"},"_links":{"self":[{"href":"https:\/\/tendosolingen.de\/pl\/wp-json\/wp\/v2\/product\/2477","targetHints":{"allow":["GET"]}}],"collection":[{"href":"https:\/\/tendosolingen.de\/pl\/wp-json\/wp\/v2\/product"}],"about":[{"href":"https:\/\/tendosolingen.de\/pl\/wp-json\/wp\/v2\/types\/product"}],"replies":[{"embeddable":true,"href":"https:\/\/tendosolingen.de\/pl\/wp-json\/wp\/v2\/comments?post=2477"}],"wp:featuredmedia":[{"embeddable":true,"href":"https:\/\/tendosolingen.de\/pl\/wp-json\/wp\/v2\/media\/1268"}],"wp:attachment":[{"href":"https:\/\/tendosolingen.de\/pl\/wp-json\/wp\/v2\/media?parent=2477"}],"wp:term":[{"taxonomy":"product_brand","embeddable":true,"href":"https:\/\/tendosolingen.de\/pl\/wp-json\/wp\/v2\/product_brand?post=2477"},{"taxonomy":"product_cat","embeddable":true,"href":"https:\/\/tendosolingen.de\/pl\/wp-json\/wp\/v2\/product_cat?post=2477"},{"taxonomy":"product_tag","embeddable":true,"href":"https:\/\/tendosolingen.de\/pl\/wp-json\/wp\/v2\/product_tag?post=2477"}],"curies":[{"name":"wp","href":"https:\/\/api.w.org\/{rel}","templated":true}]}}