{"id":2475,"date":"2024-04-09T22:38:33","date_gmt":"2024-04-09T20:38:33","guid":{"rendered":"https:\/\/tendosolingen.de\/product\/cegi-do-skracania-paznokci-na-prosto-tendo-solingen-12-5-cm-rodzaj-produktu-standard-sq\/"},"modified":"2026-01-09T15:11:18","modified_gmt":"2026-01-09T14:11:18","slug":"cegi-do-skracania-paznokci-na-prosto-tendo-solingen-12-5-cm-rodzaj-produktu-standard-sq","status":"publish","type":"product","link":"https:\/\/tendosolingen.de\/pl\/produkt\/cegi-do-skracania-paznokci-na-prosto-tendo-solingen-12-5-cm-rodzaj-produktu-standard-sq\/","title":{"rendered":"C\u0119gi do skracania paznokci na prosto Tendo Solingen 12.5 cm Rodzaj produktu: Standard (SQ)"},"content":{"rendered":"<p style=\"text-align:justify;\"><span style=\"font-family:arial, helvetica, sans-serif;font-size:10pt;\">C\u0119gi podologiczne proste to specjalistyczne narz\u0119dzie medyczne s\u0142u\u017c\u0105ce do obcinania paznokci na prosto. Wyprofilowane, ostre ko\u0144c\u00f3wki robocze pozwalaj\u0105 na precyzyjny chwyt struktury paznokcia, aby nast\u0119pnie go skr\u00f3ci\u0107 do po\u017c\u0105danej d\u0142ugo\u015bci oraz kszta\u0142tu. Ergonomiczne uchwyty zwi\u0119kszaj\u0105 komfort pracy oraz zapobiegaj\u0105 nadwyr\u0119\u017ceniu d\u0142oni podczas d\u0142u\u017cszej pracy z narz\u0119dziem. Jedno z ramion posiada ruchom\u0105 blokad\u0119, kt\u00f3ra umo\u017cliwia zablokowanie ca\u0142ej cz\u0119\u015bci roboczej. Satynowe wyko\u0144czenie zapobiega refleksom \u015bwietlnym. Ca\u0142kowita d\u0142ugo\u015b\u0107 narz\u0119dzia wynosi 12,5 cm. C\u0119gi podologiczne zosta\u0142y wykonane ze stali nierdzewnej najwy\u017cszej jako\u015bci o bardzo dobrych w\u0142a\u015bciwo\u015bciach antykorozyjnych. Mo\u017cliwo\u015b\u0107 wielokrotnej sterylizacji w autoklawie oraz myjce.<\/span><\/p>\n<p><\/br><\/p>\n<p style=\"text-align:justify;\"><span style=\"font-family:arial, helvetica, sans-serif;font-size:10pt;\">C\u0119gi podologiczne proste dost\u0119pne s\u0105 w wersji standard oraz premium. Wariant premium charakteryzuje si\u0119 najwy\u017cszej jako\u015bci stal\u0105 nierdzewn\u0105 oraz zwi\u0119kszon\u0105 wytrzyma\u0142o\u015bci\u0105 i trwa\u0142o\u015bci\u0105.<\/span><\/p>\n<p><\/br><\/p>\n<h1 style=\"text-align:justify;\"><span style=\"font-family:arial, helvetica, sans-serif;font-size:10pt;\">Parametry\u00a0&#8211; c\u0119gi podologiczne do paznokci<\/span><\/h1>\n<p><\/br><\/p>\n<ul><\/br><\/p>\n<li style=\"text-align:justify;\"><span style=\"font-family:arial, helvetica, sans-serif;font-size:10pt;\">typ: c\u0119gi proste, podologia, kosmetyka, Tendo Solingen<\/span><\/li>\n<p><\/br><\/p>\n<li style=\"text-align:justify;\"><span style=\"font-family:arial, helvetica, sans-serif;font-size:10pt;\">przeznaczenie: skracanie paznokci na prosto<\/span><\/li>\n<p><\/br><\/p>\n<li style=\"text-align:justify;\"><span style=\"font-family:arial, helvetica, sans-serif;font-size:10pt;\">niemiecka stal chirurgiczna<\/span><\/li>\n<p><\/br><\/p>\n<li style=\"text-align:justify;\"><span style=\"font-family:arial, helvetica, sans-serif;font-size:10pt;\">dost\u0119pna d\u0142ugo\u015b\u0107: 12,5 cm<\/span><\/li>\n<p><\/br><\/p>\n<li style=\"text-align:justify;\"><span style=\"font-family:arial, helvetica, sans-serif;font-size:10pt;\">dost\u0119pny wariant:<\/span><\/li>\n<p><\/br><\/ul>\n<p><\/br><\/p>\n<ul style=\"list-style-type:circle;\"><\/br><\/p>\n<li style=\"text-align:justify;\"><span style=\"font-family:arial, helvetica, sans-serif;font-size:10pt;\">standard &#8211; gwarancja 24 m-ce<\/span><\/li>\n<p><\/br><\/p>\n<li style=\"text-align:justify;\"><span style=\"font-family:arial, helvetica, sans-serif;font-size:10pt;\">premium &#8211; gwarancja 36 m-cy<\/span><\/li>\n<p><\/br><\/ul>\n<p><\/br><\/p>\n<ul><\/br><\/p>\n<li style=\"text-align:justify;\"><span style=\"font-family:arial, helvetica, sans-serif;font-size:10pt;\">wykonane r\u0119cznie<\/span><\/li>\n<p><\/br><\/p>\n<li style=\"text-align:justify;\"><span style=\"font-family:arial, helvetica, sans-serif;font-size:10pt;\">produkt wielokrotnego u\u017cytku<\/span><\/li>\n<p><\/br><\/p>\n<li style=\"text-align:justify;\"><span style=\"font-family:arial, helvetica, sans-serif;font-size:10pt;\">produkt niesterylny<\/span><\/li>\n<p><\/br><\/ul>\n<p><\/br><\/p>\n<h2 style=\"text-align:justify;\"><span style=\"font-family:arial, helvetica, sans-serif;font-size:10pt;\">Zalety wykorzystania &#8211; obc\u0105\u017cki do obcinania paznokci<\/span><\/h2>\n<p><\/br><\/p>\n<ul><\/br><\/p>\n<li style=\"text-align:justify;\"><span style=\"font-family:arial, helvetica, sans-serif;font-size:10pt;\">mo\u017cliwo\u015b\u0107 sterylizacji w autoklawie w 134 stopniach<\/span><\/li>\n<p><\/br><\/p>\n<li style=\"text-align:justify;\"><span style=\"font-family:arial, helvetica, sans-serif;font-size:10pt;\">wykonane ze stali nierdzewnej najwy\u017cszej jako\u015bci o ponadprzeci\u0119tnych w\u0142a\u015bciwo\u015bciach antykorozyjnych<\/span><\/li>\n<p><\/br><\/p>\n<li style=\"text-align:justify;\"><span style=\"font-family:arial, helvetica, sans-serif;font-size:10pt;\">\u017c\u0142obienia na r\u0119koje\u015bci dzia\u0142aj\u0105 antypo\u015blizgowo, a ergonomiczne ramiona zapobiegaj\u0105 nadwyr\u0119\u017ceniu d\u0142oni<\/span><\/li>\n<p><\/br><\/p>\n<li style=\"text-align:justify;\"><span style=\"font-family:arial, helvetica, sans-serif;font-size:10pt;\">uniwersalno\u015b\u0107 c\u0119g\u00f3w pozwala na u\u017cytkowanie ich zar\u00f3wno w profesjonalnych gabinetach jak i w domowym zaciszu<\/span><\/li>\n<p><\/br><\/ul>\n<p><\/br><\/p>\n<p style=\"text-align:justify;\"><span style=\"font-family:arial, helvetica, sans-serif;font-size:10pt;\"><em>Podologiczne c\u0119gi\u00a0solingen do paznokci n\u00f3g<\/em>\u00a0s\u0105 fabrycznie nowe oraz dok\u0142adnie sprawdzane i kontrolowane na wszystkich etapach produkcji, w celu zapewnienia ich zgodno\u015bci z mi\u0119dzynarodowymi standardami okre\u015blonymi ISO 9001:2008 oraz certyfikatem CE.<\/span><\/p>\n","protected":false},"excerpt":{"rendered":"<p style=\"text-align:justify;\"><span style=\"font-family:arial, helvetica, sans-serif;font-size:10pt;\">C\u0119gi podologiczne proste to specjalistyczne narz\u0119dzie medyczne s\u0142u\u017c\u0105ce do obcinania paznokci na prosto. Wyprofilowane, ostre ko\u0144c\u00f3wki robocze pozwalaj\u0105 na precyzyjny chwyt struktury paznokcia, aby nast\u0119pnie go skr\u00f3ci\u0107 do po\u017c\u0105danej d\u0142ugo\u015bci oraz kszta\u0142tu. Ergonomiczne uchwyty zwi\u0119kszaj\u0105 komfort pracy oraz zapobiegaj\u0105 nadwyr\u0119\u017ceniu d\u0142oni podczas d\u0142u\u017cszej pracy z narz\u0119dziem. Jedno z ramion posiada ruchom\u0105 blokad\u0119, kt\u00f3ra umo\u017cliwia zablokowanie ca\u0142ej cz\u0119\u015bci roboczej. Satynowe wyko\u0144czenie zapobiega refleksom \u015bwietlnym. Ca\u0142kowita d\u0142ugo\u015b\u0107 narz\u0119dzia wynosi 12,5 cm. C\u0119gi podologiczne zosta\u0142y wykonane ze stali nierdzewnej najwy\u017cszej jako\u015bci o bardzo dobrych w\u0142a\u015bciwo\u015bciach antykorozyjnych. Mo\u017cliwo\u015b\u0107 wielokrotnej sterylizacji w autoklawie oraz myjce.<\/span><\/p>\n<p><\/br><\/p>\n<p style=\"text-align:justify;\"><span style=\"font-family:arial, helvetica, sans-serif;font-size:10pt;\">C\u0119gi podologiczne proste dost\u0119pne s\u0105 w wersji standard oraz premium. Wariant premium charakteryzuje si\u0119 najwy\u017cszej jako\u015bci stal\u0105 nierdzewn\u0105 oraz zwi\u0119kszon\u0105 wytrzyma\u0142o\u015bci\u0105 i trwa\u0142o\u015bci\u0105.<\/span><\/p>\n<p><\/br><\/p>\n<h1 style=\"text-align:justify;\"><span style=\"font-family:arial, helvetica, sans-serif;font-size:10pt;\">Parametry\u00a0&#8211; c\u0119gi podologiczne do paznokci<\/span><\/h1>\n<p><\/br><\/p>\n<ul><\/br><\/p>\n<li style=\"text-align:justify;\"><span style=\"font-family:arial, helvetica, sans-serif;font-size:10pt;\">typ: c\u0119gi proste, podologia, kosmetyka, Tendo Solingen<\/span><\/li>\n<p><\/br><\/p>\n<li style=\"text-align:justify;\"><span style=\"font-family:arial, helvetica, sans-serif;font-size:10pt;\">przeznaczenie: skracanie paznokci na prosto<\/span><\/li>\n<p><\/br><\/p>\n<li style=\"text-align:justify;\"><span style=\"font-family:arial, helvetica, sans-serif;font-size:10pt;\">niemiecka stal chirurgiczna<\/span><\/li>\n<p><\/br><\/p>\n<li style=\"text-align:justify;\"><span style=\"font-family:arial, helvetica, sans-serif;font-size:10pt;\">dost\u0119pna d\u0142ugo\u015b\u0107: 12,5 cm<\/span><\/li>\n<p><\/br><\/p>\n<li style=\"text-align:justify;\"><span style=\"font-family:arial, helvetica, sans-serif;font-size:10pt;\">dost\u0119pny wariant:<\/span><\/li>\n<p><\/br><\/ul>\n<p><\/br><\/p>\n<ul style=\"list-style-type:circle;\"><\/br><\/p>\n<li style=\"text-align:justify;\"><span style=\"font-family:arial, helvetica, sans-serif;font-size:10pt;\">standard &#8211; gwarancja 24 m-ce<\/span><\/li>\n<p><\/br><\/p>\n<li style=\"text-align:justify;\"><span style=\"font-family:arial, helvetica, sans-serif;font-size:10pt;\">premium &#8211; gwarancja 36 m-cy<\/span><\/li>\n<p><\/br><\/ul>\n<p><\/br><\/p>\n<ul><\/br><\/p>\n<li style=\"text-align:justify;\"><span style=\"font-family:arial, helvetica, sans-serif;font-size:10pt;\">wykonane r\u0119cznie<\/span><\/li>\n<p><\/br><\/p>\n<li style=\"text-align:justify;\"><span style=\"font-family:arial, helvetica, sans-serif;font-size:10pt;\">produkt wielokrotnego u\u017cytku<\/span><\/li>\n<p><\/br><\/p>\n<li style=\"text-align:justify;\"><span style=\"font-family:arial, helvetica, sans-serif;font-size:10pt;\">produkt niesterylny<\/span><\/li>\n<p><\/br><\/ul>\n<p><\/br><\/p>\n<h2 style=\"text-align:justify;\"><span style=\"font-family:arial, helvetica, sans-serif;font-size:10pt;\">Zalety wykorzystania &#8211; obc\u0105\u017cki do obcinania paznokci<\/span><\/h2>\n<p><\/br><\/p>\n<ul><\/br><\/p>\n<li style=\"text-align:justify;\"><span style=\"font-family:arial, helvetica, sans-serif;font-size:10pt;\">mo\u017cliwo\u015b\u0107 sterylizacji w autoklawie w 134 stopniach<\/span><\/li>\n<p><\/br><\/p>\n<li style=\"text-align:justify;\"><span style=\"font-family:arial, helvetica, sans-serif;font-size:10pt;\">wykonane ze stali nierdzewnej najwy\u017cszej jako\u015bci o ponadprzeci\u0119tnych w\u0142a\u015bciwo\u015bciach antykorozyjnych<\/span><\/li>\n<p><\/br><\/p>\n<li style=\"text-align:justify;\"><span style=\"font-family:arial, helvetica, sans-serif;font-size:10pt;\">\u017c\u0142obienia na r\u0119koje\u015bci dzia\u0142aj\u0105 antypo\u015blizgowo, a ergonomiczne ramiona zapobiegaj\u0105 nadwyr\u0119\u017ceniu d\u0142oni<\/span><\/li>\n<p><\/br><\/p>\n<li style=\"text-align:justify;\"><span style=\"font-family:arial, helvetica, sans-serif;font-size:10pt;\">uniwersalno\u015b\u0107 c\u0119g\u00f3w pozwala na u\u017cytkowanie ich zar\u00f3wno w profesjonalnych gabinetach jak i w domowym zaciszu<\/span><\/li>\n<p><\/br><\/ul>\n<p><\/br><\/p>\n<p style=\"text-align:justify;\"><span style=\"font-family:arial, helvetica, sans-serif;font-size:10pt;\"><em>Podologiczne c\u0119gi\u00a0solingen do paznokci n\u00f3g<\/em>\u00a0s\u0105 fabrycznie nowe oraz dok\u0142adnie sprawdzane i kontrolowane na wszystkich etapach produkcji, w celu zapewnienia ich zgodno\u015bci z mi\u0119dzynarodowymi standardami okre\u015blonymi ISO 9001:2008 oraz certyfikatem CE.<\/span><\/p>\n","protected":false},"featured_media":1260,"comment_status":"closed","ping_status":"closed","template":"","meta":[],"product_brand":[],"product_cat":[183],"product_tag":[],"class_list":{"0":"post-2475","1":"product","2":"type-product","3":"status-publish","4":"has-post-thumbnail","6":"product_cat-cegi-cazki","8":"first","9":"instock","10":"product-type-simple"},"_links":{"self":[{"href":"https:\/\/tendosolingen.de\/pl\/wp-json\/wp\/v2\/product\/2475","targetHints":{"allow":["GET"]}}],"collection":[{"href":"https:\/\/tendosolingen.de\/pl\/wp-json\/wp\/v2\/product"}],"about":[{"href":"https:\/\/tendosolingen.de\/pl\/wp-json\/wp\/v2\/types\/product"}],"replies":[{"embeddable":true,"href":"https:\/\/tendosolingen.de\/pl\/wp-json\/wp\/v2\/comments?post=2475"}],"wp:featuredmedia":[{"embeddable":true,"href":"https:\/\/tendosolingen.de\/pl\/wp-json\/wp\/v2\/media\/1260"}],"wp:attachment":[{"href":"https:\/\/tendosolingen.de\/pl\/wp-json\/wp\/v2\/media?parent=2475"}],"wp:term":[{"taxonomy":"product_brand","embeddable":true,"href":"https:\/\/tendosolingen.de\/pl\/wp-json\/wp\/v2\/product_brand?post=2475"},{"taxonomy":"product_cat","embeddable":true,"href":"https:\/\/tendosolingen.de\/pl\/wp-json\/wp\/v2\/product_cat?post=2475"},{"taxonomy":"product_tag","embeddable":true,"href":"https:\/\/tendosolingen.de\/pl\/wp-json\/wp\/v2\/product_tag?post=2475"}],"curies":[{"name":"wp","href":"https:\/\/api.w.org\/{rel}","templated":true}]}}