{"id":2471,"date":"2024-04-09T22:38:30","date_gmt":"2024-04-09T20:38:30","guid":{"rendered":"https:\/\/tendosolingen.de\/product\/cegi-podologiczne-czolowe-solingen-z-ostrzem-o-ksiezycowym-ksztalcie-12-5-cm-rodzaj-produktu-standard-sq\/"},"modified":"2026-01-09T15:13:49","modified_gmt":"2026-01-09T14:13:49","slug":"cegi-podologiczne-czolowe-solingen-z-ostrzem-o-ksiezycowym-ksztalcie-12-5-cm-rodzaj-produktu-standard-sq","status":"publish","type":"product","link":"https:\/\/tendosolingen.de\/pl\/produkt\/cegi-podologiczne-czolowe-solingen-z-ostrzem-o-ksiezycowym-ksztalcie-12-5-cm-rodzaj-produktu-standard-sq\/","title":{"rendered":"C\u0119gi podologiczne czo\u0142owe Solingen z ostrzem o ksi\u0119\u017cycowym kszta\u0142cie 12.5 cm Rodzaj produktu: Standard (SQ)"},"content":{"rendered":"<p style=\"text-align:justify;\"><span style=\"font-family:arial, helvetica, sans-serif;font-size:10pt;\"><em>C\u0119gi czo\u0142owe do paznokci<\/em>\u00a0Tendo Solingen to wyspecjalizowany instrument medyczny wykorzystywany podczas zabieg\u00f3w podologicznych (tzw. pedicure leczniczy), czyli leczeniu schorze\u0144 w obr\u0119bie p\u0142ytki paznokcia. Cegi boczne do paznokci s\u0142u\u017c\u0105 do obcinania twardych, zakrzywionych i zrogowacia\u0142ych paznokci. W tym celu instrument zosta\u0142 wyposa\u017cony w ostrze o \u201eksi\u0119\u017cycowym kszta\u0142cie\u201d, kt\u00f3re sprosta najwi\u0119kszym wymaganiom. System spr\u0119\u017cynowy narz\u0119dzia umo\u017cliwi regulowanie i stabilizowanie si\u0142y nacisku. Ergonomiczna r\u0119koje\u015b\u0107 o trapezowym kszta\u0142cie idealnie przylega do d\u0142oni, gwarantuj\u0105c komfort pracy. Trzony posiadaj\u0105 antypo\u015blizgowe \u017c\u0142obienia, zmniejszaj\u0105ce ryzyko wy\u015blizgni\u0119cia si\u0119 narz\u0119dzia z r\u0119ki. C\u0119gi czo\u0142owe do pedicure\u00a0podologiczne wykonano z jako\u015bci stali nierdzewnej, zapobiegaj\u0105c korozji. Posiadaj\u0105 satynowe wyko\u0144czenie. Mo\u017cliwo\u015b\u0107 wielokrotnej sterylizacji.<\/span><\/p>\n<p><\/br><\/p>\n<h1 style=\"text-align:justify;\"><span style=\"font-family:arial, helvetica, sans-serif;font-size:10pt;\">Parametry &#8211;\u00a0\u00a0c\u0105\u017cki czo\u0142owe do paznokcji matowe<\/span><\/h1>\n<p><\/br><\/p>\n<ul><\/br><\/p>\n<li style=\"text-align:justify;\"><span style=\"font-family:arial, helvetica, sans-serif;font-size:10pt;\">typ: c\u0119gi, do paznokci, podologiczne, czo\u0142owe, z ostrzem o ksi\u0119\u017cycowym kszta\u0142cie<\/span><\/li>\n<p><\/br><\/p>\n<li style=\"text-align:justify;\"><span style=\"font-family:arial, helvetica, sans-serif;font-size:10pt;\">przeznaczenie: skracanie twardych i zrogowacia\u0142ych paznokci<\/span><\/li>\n<p><\/br><\/p>\n<li style=\"text-align:justify;\"><span style=\"font-family:arial, helvetica, sans-serif;font-size:10pt;\">niemiecka stal nierdzewna\u00a0<\/span><\/li>\n<p><\/br><\/p>\n<li style=\"text-align:justify;\"><span style=\"font-family:arial, helvetica, sans-serif;font-size:10pt;\">dost\u0119pna d\u0142ugo\u015b\u0107: 12,5 cm<\/span><\/li>\n<p><\/br><\/p>\n<li style=\"text-align:justify;\"><span style=\"font-family:arial, helvetica, sans-serif;font-size:10pt;\">warinat: standard, premium\u00a0<\/span><\/li>\n<p><\/br><\/p>\n<li style=\"text-align:justify;\"><span style=\"font-family:arial, helvetica, sans-serif;font-size:10pt;\">wykonane r\u0119cznie<\/span><\/li>\n<p><\/br><\/p>\n<li style=\"text-align:justify;\"><span style=\"font-family:arial, helvetica, sans-serif;font-size:10pt;\">produkt wielokrotnego u\u017cytku<\/span><\/li>\n<p><\/br><\/p>\n<li style=\"text-align:justify;\"><span style=\"font-family:arial, helvetica, sans-serif;font-size:10pt;\">produkt niesterylny<\/span><\/li>\n<p><\/br><\/p>\n<li style=\"text-align:justify;\"><span style=\"font-family:arial, helvetica, sans-serif;font-size:10pt;\">akcesoria do pedicure<\/span><\/li>\n<p><\/br><\/ul>\n<p><\/br><\/p>\n<h2 style=\"text-align:justify;\"><span style=\"font-family:arial, helvetica, sans-serif;font-size:10pt;\">Zalety wykorzystania &#8211; c\u0105\u017cki\u00a0do skracania paznokci st\u00f3p<\/span><\/h2>\n<p><\/br><\/p>\n<ul><\/br><\/p>\n<li style=\"text-align:justify;\"><span style=\"font-family:arial, helvetica, sans-serif;font-size:10pt;\">c\u0119gi czo\u0142owe idealnie sprawdz\u0105 si\u0119 do skracania problematycznych paznokci<\/span><\/li>\n<p><\/br><\/p>\n<li style=\"text-align:justify;\"><span style=\"font-family:arial, helvetica, sans-serif;font-size:10pt;\">system spr\u0119\u017cynowy umo\u017cliwia stosowanie r\u00f3\u017cnych si\u0142 nacisku<\/span><\/li>\n<p><\/br><\/p>\n<li style=\"text-align:justify;\"><span style=\"font-family:arial, helvetica, sans-serif;font-size:10pt;\">ergonomiczny kszta\u0142t gwarantuje komfort pracy podczas u\u017cytkowania produktu<\/span><\/li>\n<p><\/br><\/p>\n<li style=\"text-align:justify;\"><span style=\"font-family:arial, helvetica, sans-serif;font-size:10pt;\">ostrza \u015bwietnie poradz\u0105 sobie z wyci\u0119ciem wrastaj\u0105cych paznokci<\/span><\/li>\n<p><\/br><\/p>\n<li style=\"text-align:justify;\"><span style=\"font-family:arial, helvetica, sans-serif;font-size:10pt;\">mo\u017cliwo\u015b\u0107 sterylizacji w autoklawie<\/span><\/li>\n<p><\/br><\/p>\n<li style=\"text-align:justify;\"><span style=\"font-family:arial, helvetica, sans-serif;font-size:10pt;\">wykonane ze stali nierdzewnej najwy\u017cszej jako\u015bci o ponadprzeci\u0119tnych w\u0142a\u015bciwo\u015bciach antykorozyjnych<\/span><\/li>\n<p><\/br><\/p>\n<li style=\"text-align:justify;\"><span style=\"font-size:10pt;font-family:arial, helvetica, sans-serif;\">gwarancja: standard 24 m-ce, premium 36 m-cy\u00a0<\/span><\/li>\n<p><\/br><\/ul>\n<p><\/br><\/p>\n<p style=\"text-align:justify;\"><span style=\"font-family:arial, helvetica, sans-serif;font-size:10pt;\">C\u0119gi do obcinania paznokci u st\u00f3p wykonane s\u0105 wed\u0142ug niemieckich standard\u00f3w jako\u015bciowych i produkcyjnych. Produkt zakupiony na platformie instrumedic.pl to gwarancja najwy\u017cszej jako\u015bci wykonania, bezpiecze\u0144stwa zakupu\u00a0i gwarantowanej satysfakcji albo zwrotu pieni\u0119dzy. Akcesoria do paznokcji s\u0105 fabrycznie nowe oraz dok\u0142adnie sprawdzane i kontrolowane na wszystkich etapach produkcji, w celu zapewnienia ich zgodno\u015bci z mi\u0119dzynarodowymi standardami okre\u015blonymi ISO 9001:2008 oraz certyfikatem CE.<\/span><\/p>\n","protected":false},"excerpt":{"rendered":"<p style=\"text-align:justify;\"><span style=\"font-family:arial, helvetica, sans-serif;font-size:10pt;\"><em>C\u0119gi czo\u0142owe do paznokci<\/em>\u00a0Tendo Solingen to wyspecjalizowany instrument medyczny wykorzystywany podczas zabieg\u00f3w podologicznych (tzw. pedicure leczniczy), czyli leczeniu schorze\u0144 w obr\u0119bie p\u0142ytki paznokcia. Cegi boczne do paznokci s\u0142u\u017c\u0105 do obcinania twardych, zakrzywionych i zrogowacia\u0142ych paznokci. W tym celu instrument zosta\u0142 wyposa\u017cony w ostrze o \u201eksi\u0119\u017cycowym kszta\u0142cie\u201d, kt\u00f3re sprosta najwi\u0119kszym wymaganiom. System spr\u0119\u017cynowy narz\u0119dzia umo\u017cliwi regulowanie i stabilizowanie si\u0142y nacisku. Ergonomiczna r\u0119koje\u015b\u0107 o trapezowym kszta\u0142cie idealnie przylega do d\u0142oni, gwarantuj\u0105c komfort pracy. Trzony posiadaj\u0105 antypo\u015blizgowe \u017c\u0142obienia, zmniejszaj\u0105ce ryzyko wy\u015blizgni\u0119cia si\u0119 narz\u0119dzia z r\u0119ki. C\u0119gi czo\u0142owe do pedicure\u00a0podologiczne wykonano z jako\u015bci stali nierdzewnej, zapobiegaj\u0105c korozji. Posiadaj\u0105 satynowe wyko\u0144czenie. Mo\u017cliwo\u015b\u0107 wielokrotnej sterylizacji.<\/span><\/p>\n<p><\/br><\/p>\n<h1 style=\"text-align:justify;\"><span style=\"font-family:arial, helvetica, sans-serif;font-size:10pt;\">Parametry &#8211;\u00a0\u00a0c\u0105\u017cki czo\u0142owe do paznokcji matowe<\/span><\/h1>\n<p><\/br><\/p>\n<ul><\/br><\/p>\n<li style=\"text-align:justify;\"><span style=\"font-family:arial, helvetica, sans-serif;font-size:10pt;\">typ: c\u0119gi, do paznokci, podologiczne, czo\u0142owe, z ostrzem o ksi\u0119\u017cycowym kszta\u0142cie<\/span><\/li>\n<p><\/br><\/p>\n<li style=\"text-align:justify;\"><span style=\"font-family:arial, helvetica, sans-serif;font-size:10pt;\">przeznaczenie: skracanie twardych i zrogowacia\u0142ych paznokci<\/span><\/li>\n<p><\/br><\/p>\n<li style=\"text-align:justify;\"><span style=\"font-family:arial, helvetica, sans-serif;font-size:10pt;\">niemiecka stal nierdzewna\u00a0<\/span><\/li>\n<p><\/br><\/p>\n<li style=\"text-align:justify;\"><span style=\"font-family:arial, helvetica, sans-serif;font-size:10pt;\">dost\u0119pna d\u0142ugo\u015b\u0107: 12,5 cm<\/span><\/li>\n<p><\/br><\/p>\n<li style=\"text-align:justify;\"><span style=\"font-family:arial, helvetica, sans-serif;font-size:10pt;\">warinat: standard, premium\u00a0<\/span><\/li>\n<p><\/br><\/p>\n<li style=\"text-align:justify;\"><span style=\"font-family:arial, helvetica, sans-serif;font-size:10pt;\">wykonane r\u0119cznie<\/span><\/li>\n<p><\/br><\/p>\n<li style=\"text-align:justify;\"><span style=\"font-family:arial, helvetica, sans-serif;font-size:10pt;\">produkt wielokrotnego u\u017cytku<\/span><\/li>\n<p><\/br><\/p>\n<li style=\"text-align:justify;\"><span style=\"font-family:arial, helvetica, sans-serif;font-size:10pt;\">produkt niesterylny<\/span><\/li>\n<p><\/br><\/p>\n<li style=\"text-align:justify;\"><span style=\"font-family:arial, helvetica, sans-serif;font-size:10pt;\">akcesoria do pedicure<\/span><\/li>\n<p><\/br><\/ul>\n<p><\/br><\/p>\n<h2 style=\"text-align:justify;\"><span style=\"font-family:arial, helvetica, sans-serif;font-size:10pt;\">Zalety wykorzystania &#8211; c\u0105\u017cki\u00a0do skracania paznokci st\u00f3p<\/span><\/h2>\n<p><\/br><\/p>\n<ul><\/br><\/p>\n<li style=\"text-align:justify;\"><span style=\"font-family:arial, helvetica, sans-serif;font-size:10pt;\">c\u0119gi czo\u0142owe idealnie sprawdz\u0105 si\u0119 do skracania problematycznych paznokci<\/span><\/li>\n<p><\/br><\/p>\n<li style=\"text-align:justify;\"><span style=\"font-family:arial, helvetica, sans-serif;font-size:10pt;\">system spr\u0119\u017cynowy umo\u017cliwia stosowanie r\u00f3\u017cnych si\u0142 nacisku<\/span><\/li>\n<p><\/br><\/p>\n<li style=\"text-align:justify;\"><span style=\"font-family:arial, helvetica, sans-serif;font-size:10pt;\">ergonomiczny kszta\u0142t gwarantuje komfort pracy podczas u\u017cytkowania produktu<\/span><\/li>\n<p><\/br><\/p>\n<li style=\"text-align:justify;\"><span style=\"font-family:arial, helvetica, sans-serif;font-size:10pt;\">ostrza \u015bwietnie poradz\u0105 sobie z wyci\u0119ciem wrastaj\u0105cych paznokci<\/span><\/li>\n<p><\/br><\/p>\n<li style=\"text-align:justify;\"><span style=\"font-family:arial, helvetica, sans-serif;font-size:10pt;\">mo\u017cliwo\u015b\u0107 sterylizacji w autoklawie<\/span><\/li>\n<p><\/br><\/p>\n<li style=\"text-align:justify;\"><span style=\"font-family:arial, helvetica, sans-serif;font-size:10pt;\">wykonane ze stali nierdzewnej najwy\u017cszej jako\u015bci o ponadprzeci\u0119tnych w\u0142a\u015bciwo\u015bciach antykorozyjnych<\/span><\/li>\n<p><\/br><\/p>\n<li style=\"text-align:justify;\"><span style=\"font-size:10pt;font-family:arial, helvetica, sans-serif;\">gwarancja: standard 24 m-ce, premium 36 m-cy\u00a0<\/span><\/li>\n<p><\/br><\/ul>\n<p><\/br><\/p>\n<p style=\"text-align:justify;\"><span style=\"font-family:arial, helvetica, sans-serif;font-size:10pt;\">C\u0119gi do obcinania paznokci u st\u00f3p wykonane s\u0105 wed\u0142ug niemieckich standard\u00f3w jako\u015bciowych i produkcyjnych. Produkt zakupiony na platformie instrumedic.pl to gwarancja najwy\u017cszej jako\u015bci wykonania, bezpiecze\u0144stwa zakupu\u00a0i gwarantowanej satysfakcji albo zwrotu pieni\u0119dzy. Akcesoria do paznokcji s\u0105 fabrycznie nowe oraz dok\u0142adnie sprawdzane i kontrolowane na wszystkich etapach produkcji, w celu zapewnienia ich zgodno\u015bci z mi\u0119dzynarodowymi standardami okre\u015blonymi ISO 9001:2008 oraz certyfikatem CE.<\/span><\/p>\n","protected":false},"featured_media":1244,"comment_status":"closed","ping_status":"closed","template":"","meta":[],"product_brand":[],"product_cat":[183],"product_tag":[],"class_list":{"0":"post-2471","1":"product","2":"type-product","3":"status-publish","4":"has-post-thumbnail","6":"product_cat-cegi-cazki","8":"first","9":"instock","10":"product-type-simple"},"_links":{"self":[{"href":"https:\/\/tendosolingen.de\/pl\/wp-json\/wp\/v2\/product\/2471","targetHints":{"allow":["GET"]}}],"collection":[{"href":"https:\/\/tendosolingen.de\/pl\/wp-json\/wp\/v2\/product"}],"about":[{"href":"https:\/\/tendosolingen.de\/pl\/wp-json\/wp\/v2\/types\/product"}],"replies":[{"embeddable":true,"href":"https:\/\/tendosolingen.de\/pl\/wp-json\/wp\/v2\/comments?post=2471"}],"wp:featuredmedia":[{"embeddable":true,"href":"https:\/\/tendosolingen.de\/pl\/wp-json\/wp\/v2\/media\/1244"}],"wp:attachment":[{"href":"https:\/\/tendosolingen.de\/pl\/wp-json\/wp\/v2\/media?parent=2471"}],"wp:term":[{"taxonomy":"product_brand","embeddable":true,"href":"https:\/\/tendosolingen.de\/pl\/wp-json\/wp\/v2\/product_brand?post=2471"},{"taxonomy":"product_cat","embeddable":true,"href":"https:\/\/tendosolingen.de\/pl\/wp-json\/wp\/v2\/product_cat?post=2471"},{"taxonomy":"product_tag","embeddable":true,"href":"https:\/\/tendosolingen.de\/pl\/wp-json\/wp\/v2\/product_tag?post=2471"}],"curies":[{"name":"wp","href":"https:\/\/api.w.org\/{rel}","templated":true}]}}