{"id":2469,"date":"2024-04-09T22:38:30","date_gmt":"2024-04-09T20:38:30","guid":{"rendered":"https:\/\/tendosolingen.de\/product\/cegi-do-paznokci-medyczne-z-wbudowana-podwojna-przekladnia-rodzaj-produktu-standard-sq\/"},"modified":"2026-01-09T15:14:03","modified_gmt":"2026-01-09T14:14:03","slug":"cegi-do-paznokci-medyczne-z-wbudowana-podwojna-przekladnia-rodzaj-produktu-standard-sq","status":"publish","type":"product","link":"https:\/\/tendosolingen.de\/pl\/produkt\/cegi-do-paznokci-medyczne-z-wbudowana-podwojna-przekladnia-rodzaj-produktu-standard-sq\/","title":{"rendered":"C\u0119gi do paznokci medyczne z wbudowan\u0105 podw\u00f3jn\u0105 przek\u0142adni\u0105 Rodzaj produktu: Standard (SQ)"},"content":{"rendered":"<p style=\"text-align:justify;\"><span style=\"font-family:arial, helvetica, sans-serif;font-size:10pt;\"><strong>C\u0119gi do wrastaj\u0105cych paznokci<\/strong> marki Tendo Soligen to wyspecjalizowane narz\u0119dzie podologiczne s\u0142u\u017c\u0105ce do obcinania i skracania paznokci do po\u017c\u0105danej d\u0142ugo\u015bci i kszta\u0142tu. C\u0119gi mog\u0105 by\u0107 stosowane zar\u00f3wno w domowych warunkach jak i profesjonalnych gabinetach oraz salonach. Tzw. podw\u00f3jna przek\u0142adania pozwala zredukowa\u0107 potrzebn\u0105 si\u0142\u0119 do obcinania twardych i problematycznych paznokci. Cienka konstrukcja ko\u0144c\u00f3wki pozwala na \u0142atwe i precyzyjnie chwytanie paznokci. Ergonomiczna, \u017c\u0142obiona r\u0119koje\u015b\u0107 dzia\u0142a antypo\u015blizgowo oraz zapobiega nadwyr\u0119\u017ceniu d\u0142oni. System spr\u0119\u017cynowy odpowiada za p\u0142ynne otwieranie i zamykanie si\u0119 c\u0119g\u00f3w. Ca\u0142kowita d\u0142ugo\u015b\u0107 wynosi 15 cm. Wykonane ze stali nierdzewnej najwy\u017cszej jako\u015bci, dzi\u0119ki czemu nie ulega procesowi korozji. Mo\u017cliwo\u015b\u0107 wielokrotnej sterylizacji. Satynowe wyko\u0144czenie zapobiega refleksom \u015bwietlnym.<\/span><\/p>\n<p><\/br><\/p>\n<p style=\"text-align:justify;\"><span style=\"font-family:arial, helvetica, sans-serif;font-size:10pt;\">Do wyboru jest wariant Standard oraz Premium. C\u0119gi Premium charakteryzuj\u0105 si\u0119 najlepsz\u0105 stal\u0105 nierdzewn\u0105, a ponadto s\u0105 bardziej wytrzyma\u0142e oraz trwa\u0142e.<\/span><\/p>\n<p><\/br><\/p>\n<h1 style=\"text-align:justify;\"><span style=\"font-family:arial, helvetica, sans-serif;font-size:10pt;\">Parametry\u00a0&#8211;\u00a0c\u0119gi proste do paznokci<\/span><\/h1>\n<p><\/br><\/p>\n<ul><\/br><\/p>\n<li style=\"text-align:justify;\"><span style=\"font-family:arial, helvetica, sans-serif;font-size:10pt;\">Typ: c\u0119gi, podologia, kosmetyka, Tendo Solingen<\/span><\/li>\n<p><\/br><\/p>\n<li style=\"text-align:justify;\"><span style=\"font-family:arial, helvetica, sans-serif;font-size:10pt;\">Przeznaczenie: skracanie paznokci<\/span><\/li>\n<p><\/br><\/p>\n<li style=\"text-align:justify;\"><span style=\"font-family:arial, helvetica, sans-serif;font-size:10pt;\">Dost\u0119pna d\u0142ugo\u015b\u0107: 15 cm<\/span><\/li>\n<p><\/br><\/p>\n<li style=\"text-align:justify;\"><span style=\"font-family:arial, helvetica, sans-serif;font-size:10pt;\">Dost\u0119pny wariant:<\/span><\/li>\n<p><\/br><\/ul>\n<p><\/br><\/p>\n<ul style=\"list-style-type:circle;\"><\/br><\/p>\n<li style=\"text-align:justify;\"><span style=\"font-family:arial, helvetica, sans-serif;font-size:10pt;\">Standard &#8211; gwarancja 24 m-ce<\/span><\/li>\n<p><\/br><\/p>\n<li style=\"text-align:justify;\"><span style=\"font-family:arial, helvetica, sans-serif;font-size:10pt;\">Premium &#8211; gwarancja 36 m-cy<\/span><\/li>\n<p><\/br><\/ul>\n<p><\/br><\/p>\n<ul><\/br><\/p>\n<li style=\"text-align:justify;\"><span style=\"font-family:arial, helvetica, sans-serif;font-size:10pt;\">Wykonane r\u0119cznie<\/span><\/li>\n<p><\/br><\/p>\n<li style=\"text-align:justify;\"><span style=\"font-family:arial, helvetica, sans-serif;font-size:10pt;\">Produkt wielokrotnego u\u017cytku<\/span><\/li>\n<p><\/br><\/p>\n<li style=\"text-align:justify;\"><span style=\"font-family:arial, helvetica, sans-serif;font-size:10pt;\">Produkt niesterylny<\/span><\/li>\n<p><\/br><\/ul>\n<p><\/br><\/p>\n<h2 style=\"text-align:justify;\"><span style=\"font-family:arial, helvetica, sans-serif;font-size:10pt;\">Zalety wykorzystania &#8211; c\u0119gi do paznokci Solingen<\/span><\/h2>\n<p><\/br><\/p>\n<ul><\/br><\/p>\n<li style=\"text-align:justify;\"><span style=\"font-family:arial, helvetica, sans-serif;font-size:10pt;\">mo\u017cliwo\u015b\u0107 sterylizacji w autoklawie<\/span><\/li>\n<p><\/br><\/p>\n<li style=\"text-align:justify;\"><span style=\"font-family:arial, helvetica, sans-serif;font-size:10pt;\">\u017c\u0142obienia na r\u0119koje\u015bci dzia\u0142aj\u0105 antypo\u015blizgowo<\/span><\/li>\n<p><\/br><\/p>\n<li style=\"text-align:justify;\"><span style=\"font-family:arial, helvetica, sans-serif;font-size:10pt;\">gwarancja satysfakcji i najwy\u017cszej jako\u015bci<\/span><\/li>\n<p><\/br><\/p>\n<li style=\"text-align:justify;\"><span style=\"font-family:arial, helvetica, sans-serif;font-size:10pt;\">d\u0142ugie ostrza zapewniaj\u0105 precyzyjne usuwanie sk\u00f3rek oraz idealne skracanie paznokci<\/span><\/li>\n<p><\/br><\/p>\n<li style=\"text-align:justify;\"><span style=\"font-family:arial, helvetica, sans-serif;font-size:10pt;\">lekka waga i ergonomicznie zaprojektowane uchwyty zwi\u0119kszaj\u0105 komfort pracy<\/span><\/li>\n<p><\/br><\/p>\n<li style=\"text-align:justify;\"><span style=\"font-family:arial, helvetica, sans-serif;font-size:10pt;\">wykonane ze stali nierdzewnej najwy\u017cszej jako\u015bci o ponadprzeci\u0119tnych w\u0142a\u015bciwo\u015bciach antykorozyjnych<\/span><\/li>\n<p><\/br><\/ul>\n<p><\/br><\/p>\n<p style=\"text-align:justify;\"><span style=\"font-family:arial, helvetica, sans-serif;font-size:10pt;\">Gwarantujemy dost\u0119pno\u015b\u0107 produkt\u00f3w oraz terminowo\u015b\u0107\u00a0ralziacji zam\u00f3wienia.\u00a0Produkty posiadaj\u0105 mi\u0119dzynarodowy certyfikat CE a podczas proces\u00f3w produkcyjnych stosowane s\u0105 efektywne systemy zarz\u0105dzania jako\u015bci\u0105 i kontroli wewn\u0119trznej: ISO 9001\/ ISO 13485.<\/span><\/p>\n","protected":false},"excerpt":{"rendered":"<p style=\"text-align:justify;\"><span style=\"font-family:arial, helvetica, sans-serif;font-size:10pt;\"><strong>C\u0119gi do wrastaj\u0105cych paznokci<\/strong> marki Tendo Soligen to wyspecjalizowane narz\u0119dzie podologiczne s\u0142u\u017c\u0105ce do obcinania i skracania paznokci do po\u017c\u0105danej d\u0142ugo\u015bci i kszta\u0142tu. C\u0119gi mog\u0105 by\u0107 stosowane zar\u00f3wno w domowych warunkach jak i profesjonalnych gabinetach oraz salonach. Tzw. podw\u00f3jna przek\u0142adania pozwala zredukowa\u0107 potrzebn\u0105 si\u0142\u0119 do obcinania twardych i problematycznych paznokci. Cienka konstrukcja ko\u0144c\u00f3wki pozwala na \u0142atwe i precyzyjnie chwytanie paznokci. Ergonomiczna, \u017c\u0142obiona r\u0119koje\u015b\u0107 dzia\u0142a antypo\u015blizgowo oraz zapobiega nadwyr\u0119\u017ceniu d\u0142oni. System spr\u0119\u017cynowy odpowiada za p\u0142ynne otwieranie i zamykanie si\u0119 c\u0119g\u00f3w. Ca\u0142kowita d\u0142ugo\u015b\u0107 wynosi 15 cm. Wykonane ze stali nierdzewnej najwy\u017cszej jako\u015bci, dzi\u0119ki czemu nie ulega procesowi korozji. Mo\u017cliwo\u015b\u0107 wielokrotnej sterylizacji. Satynowe wyko\u0144czenie zapobiega refleksom \u015bwietlnym.<\/span><\/p>\n<p><\/br><\/p>\n<p style=\"text-align:justify;\"><span style=\"font-family:arial, helvetica, sans-serif;font-size:10pt;\">Do wyboru jest wariant Standard oraz Premium. C\u0119gi Premium charakteryzuj\u0105 si\u0119 najlepsz\u0105 stal\u0105 nierdzewn\u0105, a ponadto s\u0105 bardziej wytrzyma\u0142e oraz trwa\u0142e.<\/span><\/p>\n<p><\/br><\/p>\n<h1 style=\"text-align:justify;\"><span style=\"font-family:arial, helvetica, sans-serif;font-size:10pt;\">Parametry\u00a0&#8211;\u00a0c\u0119gi proste do paznokci<\/span><\/h1>\n<p><\/br><\/p>\n<ul><\/br><\/p>\n<li style=\"text-align:justify;\"><span style=\"font-family:arial, helvetica, sans-serif;font-size:10pt;\">Typ: c\u0119gi, podologia, kosmetyka, Tendo Solingen<\/span><\/li>\n<p><\/br><\/p>\n<li style=\"text-align:justify;\"><span style=\"font-family:arial, helvetica, sans-serif;font-size:10pt;\">Przeznaczenie: skracanie paznokci<\/span><\/li>\n<p><\/br><\/p>\n<li style=\"text-align:justify;\"><span style=\"font-family:arial, helvetica, sans-serif;font-size:10pt;\">Dost\u0119pna d\u0142ugo\u015b\u0107: 15 cm<\/span><\/li>\n<p><\/br><\/p>\n<li style=\"text-align:justify;\"><span style=\"font-family:arial, helvetica, sans-serif;font-size:10pt;\">Dost\u0119pny wariant:<\/span><\/li>\n<p><\/br><\/ul>\n<p><\/br><\/p>\n<ul style=\"list-style-type:circle;\"><\/br><\/p>\n<li style=\"text-align:justify;\"><span style=\"font-family:arial, helvetica, sans-serif;font-size:10pt;\">Standard &#8211; gwarancja 24 m-ce<\/span><\/li>\n<p><\/br><\/p>\n<li style=\"text-align:justify;\"><span style=\"font-family:arial, helvetica, sans-serif;font-size:10pt;\">Premium &#8211; gwarancja 36 m-cy<\/span><\/li>\n<p><\/br><\/ul>\n<p><\/br><\/p>\n<ul><\/br><\/p>\n<li style=\"text-align:justify;\"><span style=\"font-family:arial, helvetica, sans-serif;font-size:10pt;\">Wykonane r\u0119cznie<\/span><\/li>\n<p><\/br><\/p>\n<li style=\"text-align:justify;\"><span style=\"font-family:arial, helvetica, sans-serif;font-size:10pt;\">Produkt wielokrotnego u\u017cytku<\/span><\/li>\n<p><\/br><\/p>\n<li style=\"text-align:justify;\"><span style=\"font-family:arial, helvetica, sans-serif;font-size:10pt;\">Produkt niesterylny<\/span><\/li>\n<p><\/br><\/ul>\n<p><\/br><\/p>\n<h2 style=\"text-align:justify;\"><span style=\"font-family:arial, helvetica, sans-serif;font-size:10pt;\">Zalety wykorzystania &#8211; c\u0119gi do paznokci Solingen<\/span><\/h2>\n<p><\/br><\/p>\n<ul><\/br><\/p>\n<li style=\"text-align:justify;\"><span style=\"font-family:arial, helvetica, sans-serif;font-size:10pt;\">mo\u017cliwo\u015b\u0107 sterylizacji w autoklawie<\/span><\/li>\n<p><\/br><\/p>\n<li style=\"text-align:justify;\"><span style=\"font-family:arial, helvetica, sans-serif;font-size:10pt;\">\u017c\u0142obienia na r\u0119koje\u015bci dzia\u0142aj\u0105 antypo\u015blizgowo<\/span><\/li>\n<p><\/br><\/p>\n<li style=\"text-align:justify;\"><span style=\"font-family:arial, helvetica, sans-serif;font-size:10pt;\">gwarancja satysfakcji i najwy\u017cszej jako\u015bci<\/span><\/li>\n<p><\/br><\/p>\n<li style=\"text-align:justify;\"><span style=\"font-family:arial, helvetica, sans-serif;font-size:10pt;\">d\u0142ugie ostrza zapewniaj\u0105 precyzyjne usuwanie sk\u00f3rek oraz idealne skracanie paznokci<\/span><\/li>\n<p><\/br><\/p>\n<li style=\"text-align:justify;\"><span style=\"font-family:arial, helvetica, sans-serif;font-size:10pt;\">lekka waga i ergonomicznie zaprojektowane uchwyty zwi\u0119kszaj\u0105 komfort pracy<\/span><\/li>\n<p><\/br><\/p>\n<li style=\"text-align:justify;\"><span style=\"font-family:arial, helvetica, sans-serif;font-size:10pt;\">wykonane ze stali nierdzewnej najwy\u017cszej jako\u015bci o ponadprzeci\u0119tnych w\u0142a\u015bciwo\u015bciach antykorozyjnych<\/span><\/li>\n<p><\/br><\/ul>\n<p><\/br><\/p>\n<p style=\"text-align:justify;\"><span style=\"font-family:arial, helvetica, sans-serif;font-size:10pt;\">Gwarantujemy dost\u0119pno\u015b\u0107 produkt\u00f3w oraz terminowo\u015b\u0107\u00a0ralziacji zam\u00f3wienia.\u00a0Produkty posiadaj\u0105 mi\u0119dzynarodowy certyfikat CE a podczas proces\u00f3w produkcyjnych stosowane s\u0105 efektywne systemy zarz\u0105dzania jako\u015bci\u0105 i kontroli wewn\u0119trznej: ISO 9001\/ ISO 13485.<\/span><\/p>\n","protected":false},"featured_media":1236,"comment_status":"closed","ping_status":"closed","template":"","meta":[],"product_brand":[],"product_cat":[183],"product_tag":[],"class_list":{"0":"post-2469","1":"product","2":"type-product","3":"status-publish","4":"has-post-thumbnail","6":"product_cat-cegi-cazki","8":"first","9":"instock","10":"product-type-simple"},"_links":{"self":[{"href":"https:\/\/tendosolingen.de\/pl\/wp-json\/wp\/v2\/product\/2469","targetHints":{"allow":["GET"]}}],"collection":[{"href":"https:\/\/tendosolingen.de\/pl\/wp-json\/wp\/v2\/product"}],"about":[{"href":"https:\/\/tendosolingen.de\/pl\/wp-json\/wp\/v2\/types\/product"}],"replies":[{"embeddable":true,"href":"https:\/\/tendosolingen.de\/pl\/wp-json\/wp\/v2\/comments?post=2469"}],"wp:featuredmedia":[{"embeddable":true,"href":"https:\/\/tendosolingen.de\/pl\/wp-json\/wp\/v2\/media\/1236"}],"wp:attachment":[{"href":"https:\/\/tendosolingen.de\/pl\/wp-json\/wp\/v2\/media?parent=2469"}],"wp:term":[{"taxonomy":"product_brand","embeddable":true,"href":"https:\/\/tendosolingen.de\/pl\/wp-json\/wp\/v2\/product_brand?post=2469"},{"taxonomy":"product_cat","embeddable":true,"href":"https:\/\/tendosolingen.de\/pl\/wp-json\/wp\/v2\/product_cat?post=2469"},{"taxonomy":"product_tag","embeddable":true,"href":"https:\/\/tendosolingen.de\/pl\/wp-json\/wp\/v2\/product_tag?post=2469"}],"curies":[{"name":"wp","href":"https:\/\/api.w.org\/{rel}","templated":true}]}}