{"id":2468,"date":"2024-04-09T22:38:30","date_gmt":"2024-04-09T20:38:30","guid":{"rendered":"https:\/\/tendosolingen.de\/product\/cegi-do-paznokci-z-podwojna-sprezyna-ostrze-ksiezycowe-15-cm-rodzaj-produktu-premium-hq\/"},"modified":"2026-01-09T15:14:09","modified_gmt":"2026-01-09T14:14:09","slug":"cegi-do-paznokci-z-podwojna-sprezyna-ostrze-ksiezycowe-15-cm-rodzaj-produktu-premium-hq","status":"publish","type":"product","link":"https:\/\/tendosolingen.de\/pl\/produkt\/cegi-do-paznokci-z-podwojna-sprezyna-ostrze-ksiezycowe-15-cm-rodzaj-produktu-premium-hq\/","title":{"rendered":"C\u0119gi do paznokci z podw\u00f3jn\u0105 spr\u0119\u017cyn\u0105 ostrze ksi\u0119\u017cycowe 15 cm Rodzaj produktu: Premium (HQ)"},"content":{"rendered":"<p style=\"text-align:justify;\"><span style=\"font-family:arial, helvetica, sans-serif;font-size:10pt;\"><strong>C\u0119gi do obcinania paznokci<\/strong> to wyspecjalizowany instrument medyczny wykorzystywany podczas zabieg\u00f3w podologicznych (leczenie schorze\u0144 w obr\u0119bie st\u00f3p oraz p\u0142ytki paznokcia). S\u0142u\u017c\u0105 do bocznego\u00a0obcinania twardych oraz zrogowacia\u0142ych paznokci. W tym celu instrument posiada ostro zako\u0144czon\u0105 ko\u0144c\u00f3wk\u0119 i grzbiet zaokr\u0105glony w kierunku szpica. C\u0119gi wyposa\u017cono w podw\u00f3jn\u0105 spr\u0119\u017cyn\u0119, stabilizuj\u0105c ka\u017cde \u015bci\u015bni\u0119cie narz\u0119dzia.\u00a0Co wi\u0119cej, system spr\u0119\u017cynowy umo\u017cliwi regulowanie poziomu si\u0142y nacisku. Ergonomiczna r\u0119koje\u015b\u0107 gwarantuje komfort pracy. Z kolei, antypo\u015blizgowe rowkowania na trzonach eliminuj\u0105 ryzyko wy\u015blizgni\u0119cia si\u0119 narz\u0119dzia z r\u0119ki.\u00a0<span style=\"text-decoration:underline;\">C\u0119gi do grubych paznokci u n\u00f3g<\/span> zosta\u0142y wykonane z najwy\u017cszej jako\u015bci stali nierdzewnej, dzi\u0119ki czemu nie ulega korozji. Posiadaj\u0105 satynowe wyko\u0144czenie. Mo\u017cliwo\u015b\u0107 wielokrotnej sterylizacji.<\/span><\/p>\n<p><\/br><\/p>\n<h1 style=\"text-align:justify;\"><span style=\"font-family:arial, helvetica, sans-serif;font-size:10pt;\">Parametry c\u0119g\u00f3w do paznokci<\/span><\/h1>\n<p><\/br><\/p>\n<ul><\/br><\/p>\n<li style=\"text-align:justify;\"><span style=\"font-family:arial, helvetica, sans-serif;font-size:10pt;\">typ: c\u0119gi, do paznokci, podologiczne, podw\u00f3jna spr\u0119\u017cyna<\/span><\/li>\n<p><\/br><\/p>\n<li style=\"text-align:justify;\"><span style=\"font-family:arial, helvetica, sans-serif;font-size:10pt;\">przeznaczenie: skracanie twardych, przero\u015bni\u0119tych paznokci<\/span><\/li>\n<p><\/br><\/p>\n<li style=\"text-align:justify;\"><span style=\"font-size:10pt;font-family:arial, helvetica, sans-serif;\">materia\u0142 &#8211; niemieicka stal chirurgiczna\u00a0<\/span><\/li>\n<p><\/br><\/p>\n<li style=\"text-align:justify;\"><span style=\"font-family:arial, helvetica, sans-serif;font-size:10pt;\">dost\u0119pna d\u0142ugo\u015b\u0107: 15 cm<\/span><\/li>\n<p><\/br><\/p>\n<li style=\"text-align:justify;\"><span style=\"font-family:arial, helvetica, sans-serif;font-size:10pt;\">wykonane r\u0119cznie<\/span><\/li>\n<p><\/br><\/p>\n<li style=\"text-align:justify;\"><span style=\"font-family:arial, helvetica, sans-serif;font-size:10pt;\">produkt wielokrotnego u\u017cytku<\/span><\/li>\n<p><\/br><\/p>\n<li style=\"text-align:justify;\"><span style=\"font-family:arial, helvetica, sans-serif;font-size:10pt;\">produkt niesterylny<\/span><\/li>\n<p><\/br><\/p>\n<li style=\"text-align:justify;\"><span style=\"font-family:arial, helvetica, sans-serif;font-size:10pt;\">gwarancja 24 miesi\u0119cy standard , 36 miesi\u0119cy premium (HQ)<\/span><\/li>\n<p><\/br><\/ul>\n<p><\/br><\/p>\n<h2 style=\"text-align:justify;\"><span style=\"font-family:arial, helvetica, sans-serif;font-size:10pt;\">Zalety wykorzystania &#8211;\u00a0c\u0119gi do paznokci Solingen<\/span><\/h2>\n<p><\/br><\/p>\n<ul><\/br><\/p>\n<li style=\"text-align:justify;\"><span style=\"font-family:arial, helvetica, sans-serif;font-size:10pt;\">przeznaczone do bocznego obcinania paznokci<\/span><\/li>\n<p><\/br><\/p>\n<li style=\"text-align:justify;\"><span style=\"font-family:arial, helvetica, sans-serif;font-size:10pt;\">podw\u00f3jna spr\u0119\u017cyna stabilizuje oraz amortyzuje ka\u017cde \u015bci\u015bni\u0119cie narz\u0119dzia<\/span><\/li>\n<p><\/br><\/p>\n<li style=\"text-align:justify;\"><span style=\"font-family:arial, helvetica, sans-serif;font-size:10pt;\">ergonomiczny kszta\u0142t gwarantuje komfort pracy podczas u\u017cytkowania produktu<\/span><\/li>\n<p><\/br><\/p>\n<li style=\"text-align:justify;\"><span style=\"font-family:arial, helvetica, sans-serif;font-size:10pt;\">system spr\u0119\u017cynowy umo\u017cliwia stosowanie r\u00f3\u017cnych si\u0142 nacisku<\/span><\/li>\n<p><\/br><\/p>\n<li style=\"text-align:justify;\"><span style=\"font-family:arial, helvetica, sans-serif;font-size:10pt;\">mo\u017cliwo\u015b\u0107 sterylizacji w autoklawie<\/span><\/li>\n<p><\/br><\/p>\n<li style=\"text-align:justify;\"><span style=\"font-family:arial, helvetica, sans-serif;font-size:10pt;\">wykonane ze stali nierdzewnej najwy\u017cszej jako\u015bci o ponadprzeci\u0119tnych w\u0142a\u015bciwo\u015bciach antykorozyjnych<\/span><\/li>\n<p><\/br><\/ul>\n<p><\/br><\/p>\n<p style=\"text-align:justify;\"><span style=\"font-family:arial, helvetica, sans-serif;font-size:10pt;\">Nabywaj\u0105c narz\u0119dzia kosmetyczne na naszej platformie instrumedic.pl masz gwarancj\u0119 wytrzyma\u0142o\u015bci, bezpiecze\u0144stwa w trakcie u\u017cytkowania oraz wygody i komfortu pracy. Gwarantujemy dost\u0119pno\u015b\u0107 produkt\u00f3w oraz terminowo\u015b\u0107\u00a0ralziacji zam\u00f3wienia.\u00a0Produkty posiadaj\u0105 mi\u0119dzynarodowy certyfikat CE a podczas proces\u00f3w produkcyjnych stosowane s\u0105 efektywne systemy zarz\u0105dzania jako\u015bci\u0105 i kontroli wewn\u0119trznej: ISO 9001\/ ISO 13485.<\/span><\/p>\n","protected":false},"excerpt":{"rendered":"<p style=\"text-align:justify;\"><span style=\"font-family:arial, helvetica, sans-serif;font-size:10pt;\"><strong>C\u0119gi do obcinania paznokci<\/strong> to wyspecjalizowany instrument medyczny wykorzystywany podczas zabieg\u00f3w podologicznych (leczenie schorze\u0144 w obr\u0119bie st\u00f3p oraz p\u0142ytki paznokcia). S\u0142u\u017c\u0105 do bocznego\u00a0obcinania twardych oraz zrogowacia\u0142ych paznokci. W tym celu instrument posiada ostro zako\u0144czon\u0105 ko\u0144c\u00f3wk\u0119 i grzbiet zaokr\u0105glony w kierunku szpica. C\u0119gi wyposa\u017cono w podw\u00f3jn\u0105 spr\u0119\u017cyn\u0119, stabilizuj\u0105c ka\u017cde \u015bci\u015bni\u0119cie narz\u0119dzia.\u00a0Co wi\u0119cej, system spr\u0119\u017cynowy umo\u017cliwi regulowanie poziomu si\u0142y nacisku. Ergonomiczna r\u0119koje\u015b\u0107 gwarantuje komfort pracy. Z kolei, antypo\u015blizgowe rowkowania na trzonach eliminuj\u0105 ryzyko wy\u015blizgni\u0119cia si\u0119 narz\u0119dzia z r\u0119ki.\u00a0<span style=\"text-decoration:underline;\">C\u0119gi do grubych paznokci u n\u00f3g<\/span> zosta\u0142y wykonane z najwy\u017cszej jako\u015bci stali nierdzewnej, dzi\u0119ki czemu nie ulega korozji. Posiadaj\u0105 satynowe wyko\u0144czenie. Mo\u017cliwo\u015b\u0107 wielokrotnej sterylizacji.<\/span><\/p>\n<p><\/br><\/p>\n<h1 style=\"text-align:justify;\"><span style=\"font-family:arial, helvetica, sans-serif;font-size:10pt;\">Parametry c\u0119g\u00f3w do paznokci<\/span><\/h1>\n<p><\/br><\/p>\n<ul><\/br><\/p>\n<li style=\"text-align:justify;\"><span style=\"font-family:arial, helvetica, sans-serif;font-size:10pt;\">typ: c\u0119gi, do paznokci, podologiczne, podw\u00f3jna spr\u0119\u017cyna<\/span><\/li>\n<p><\/br><\/p>\n<li style=\"text-align:justify;\"><span style=\"font-family:arial, helvetica, sans-serif;font-size:10pt;\">przeznaczenie: skracanie twardych, przero\u015bni\u0119tych paznokci<\/span><\/li>\n<p><\/br><\/p>\n<li style=\"text-align:justify;\"><span style=\"font-size:10pt;font-family:arial, helvetica, sans-serif;\">materia\u0142 &#8211; niemieicka stal chirurgiczna\u00a0<\/span><\/li>\n<p><\/br><\/p>\n<li style=\"text-align:justify;\"><span style=\"font-family:arial, helvetica, sans-serif;font-size:10pt;\">dost\u0119pna d\u0142ugo\u015b\u0107: 15 cm<\/span><\/li>\n<p><\/br><\/p>\n<li style=\"text-align:justify;\"><span style=\"font-family:arial, helvetica, sans-serif;font-size:10pt;\">wykonane r\u0119cznie<\/span><\/li>\n<p><\/br><\/p>\n<li style=\"text-align:justify;\"><span style=\"font-family:arial, helvetica, sans-serif;font-size:10pt;\">produkt wielokrotnego u\u017cytku<\/span><\/li>\n<p><\/br><\/p>\n<li style=\"text-align:justify;\"><span style=\"font-family:arial, helvetica, sans-serif;font-size:10pt;\">produkt niesterylny<\/span><\/li>\n<p><\/br><\/p>\n<li style=\"text-align:justify;\"><span style=\"font-family:arial, helvetica, sans-serif;font-size:10pt;\">gwarancja 24 miesi\u0119cy standard , 36 miesi\u0119cy premium (HQ)<\/span><\/li>\n<p><\/br><\/ul>\n<p><\/br><\/p>\n<h2 style=\"text-align:justify;\"><span style=\"font-family:arial, helvetica, sans-serif;font-size:10pt;\">Zalety wykorzystania &#8211;\u00a0c\u0119gi do paznokci Solingen<\/span><\/h2>\n<p><\/br><\/p>\n<ul><\/br><\/p>\n<li style=\"text-align:justify;\"><span style=\"font-family:arial, helvetica, sans-serif;font-size:10pt;\">przeznaczone do bocznego obcinania paznokci<\/span><\/li>\n<p><\/br><\/p>\n<li style=\"text-align:justify;\"><span style=\"font-family:arial, helvetica, sans-serif;font-size:10pt;\">podw\u00f3jna spr\u0119\u017cyna stabilizuje oraz amortyzuje ka\u017cde \u015bci\u015bni\u0119cie narz\u0119dzia<\/span><\/li>\n<p><\/br><\/p>\n<li style=\"text-align:justify;\"><span style=\"font-family:arial, helvetica, sans-serif;font-size:10pt;\">ergonomiczny kszta\u0142t gwarantuje komfort pracy podczas u\u017cytkowania produktu<\/span><\/li>\n<p><\/br><\/p>\n<li style=\"text-align:justify;\"><span style=\"font-family:arial, helvetica, sans-serif;font-size:10pt;\">system spr\u0119\u017cynowy umo\u017cliwia stosowanie r\u00f3\u017cnych si\u0142 nacisku<\/span><\/li>\n<p><\/br><\/p>\n<li style=\"text-align:justify;\"><span style=\"font-family:arial, helvetica, sans-serif;font-size:10pt;\">mo\u017cliwo\u015b\u0107 sterylizacji w autoklawie<\/span><\/li>\n<p><\/br><\/p>\n<li style=\"text-align:justify;\"><span style=\"font-family:arial, helvetica, sans-serif;font-size:10pt;\">wykonane ze stali nierdzewnej najwy\u017cszej jako\u015bci o ponadprzeci\u0119tnych w\u0142a\u015bciwo\u015bciach antykorozyjnych<\/span><\/li>\n<p><\/br><\/ul>\n<p><\/br><\/p>\n<p style=\"text-align:justify;\"><span style=\"font-family:arial, helvetica, sans-serif;font-size:10pt;\">Nabywaj\u0105c narz\u0119dzia kosmetyczne na naszej platformie instrumedic.pl masz gwarancj\u0119 wytrzyma\u0142o\u015bci, bezpiecze\u0144stwa w trakcie u\u017cytkowania oraz wygody i komfortu pracy. Gwarantujemy dost\u0119pno\u015b\u0107 produkt\u00f3w oraz terminowo\u015b\u0107\u00a0ralziacji zam\u00f3wienia.\u00a0Produkty posiadaj\u0105 mi\u0119dzynarodowy certyfikat CE a podczas proces\u00f3w produkcyjnych stosowane s\u0105 efektywne systemy zarz\u0105dzania jako\u015bci\u0105 i kontroli wewn\u0119trznej: ISO 9001\/ ISO 13485.<\/span><\/p>\n","protected":false},"featured_media":1232,"comment_status":"closed","ping_status":"closed","template":"","meta":[],"product_brand":[],"product_cat":[183],"product_tag":[],"class_list":{"0":"post-2468","1":"product","2":"type-product","3":"status-publish","4":"has-post-thumbnail","6":"product_cat-cegi-cazki","8":"first","9":"instock","10":"product-type-simple"},"_links":{"self":[{"href":"https:\/\/tendosolingen.de\/pl\/wp-json\/wp\/v2\/product\/2468","targetHints":{"allow":["GET"]}}],"collection":[{"href":"https:\/\/tendosolingen.de\/pl\/wp-json\/wp\/v2\/product"}],"about":[{"href":"https:\/\/tendosolingen.de\/pl\/wp-json\/wp\/v2\/types\/product"}],"replies":[{"embeddable":true,"href":"https:\/\/tendosolingen.de\/pl\/wp-json\/wp\/v2\/comments?post=2468"}],"wp:featuredmedia":[{"embeddable":true,"href":"https:\/\/tendosolingen.de\/pl\/wp-json\/wp\/v2\/media\/1232"}],"wp:attachment":[{"href":"https:\/\/tendosolingen.de\/pl\/wp-json\/wp\/v2\/media?parent=2468"}],"wp:term":[{"taxonomy":"product_brand","embeddable":true,"href":"https:\/\/tendosolingen.de\/pl\/wp-json\/wp\/v2\/product_brand?post=2468"},{"taxonomy":"product_cat","embeddable":true,"href":"https:\/\/tendosolingen.de\/pl\/wp-json\/wp\/v2\/product_cat?post=2468"},{"taxonomy":"product_tag","embeddable":true,"href":"https:\/\/tendosolingen.de\/pl\/wp-json\/wp\/v2\/product_tag?post=2468"}],"curies":[{"name":"wp","href":"https:\/\/api.w.org\/{rel}","templated":true}]}}