{"id":2464,"date":"2024-04-09T22:38:30","date_gmt":"2024-04-09T20:38:30","guid":{"rendered":"https:\/\/tendosolingen.de\/product\/nozyczki-do-paznokci-proste-z-duzymi-okami-tendo-solingen-gold-line\/"},"modified":"2025-11-06T15:40:07","modified_gmt":"2025-11-06T14:40:07","slug":"nozyczki-do-paznokci-proste-z-duzymi-okami-tendo-solingen-gold-line","status":"publish","type":"product","link":"https:\/\/tendosolingen.de\/pl\/produkt\/nozyczki-do-paznokci-proste-z-duzymi-okami-tendo-solingen-gold-line\/","title":{"rendered":"No\u017cyczki do paznokci proste z du\u017cymi okami Tendo\u00ae Solingen Gold Line"},"content":{"rendered":"<p><span style=\"font-family:arial, helvetica, sans-serif;font-size:10pt;\">Wysokiej jako\u015bci <span style=\"text-decoration:underline;\">no\u017cyczki do paznokc<\/span>i Tendo\u00ae Solingen Gold Line o prostej cz\u0119\u015bci pracuj\u0105cej znajduj\u0105 swoje zastosowanie w zabiegach manicure oraz pedicure. Powi\u0119kszone w stosunku do standardowych produkt\u00f3w oka r\u0119koje\u015bci pozwalaj\u0105 na u\u017cytkowanie no\u017cyczek nawet przez osoby z wi\u0119kszymi palcami. Produkt nadaje si\u0119 do u\u017cytku zar\u00f3wno amatorskiego jak i profesjonalnego w gabinetach kosmetycznych, salonach SPA czy klinikach medycyny estetycznej. Do produkcji wykorzystana zosta\u0142a wysokiej jako\u015bci, polerowana stal nierdzewna o bardzo dobrych w\u0142a\u015bciwo\u015bciach antykorozyjnych. Pozwala to na wielokrotn\u0105 sterylizacje no\u017cyczek.<\/span><\/p>\n<p><\/br><\/p>\n<h1><span style=\"font-family:arial, helvetica, sans-serif;font-size:10pt;\">Parametry no\u017cyczek do paznokci prostych<\/span><\/h1>\n<p><\/br><\/p>\n<ul><\/br><\/p>\n<li><span style=\"font-family:arial, helvetica, sans-serif;font-size:10pt;\">Typ: no\u017cyczki proste, ostro-ostre<\/span><\/li>\n<p><\/br><\/p>\n<li><span style=\"font-family:arial, helvetica, sans-serif;font-size:10pt;\">Przeznaczenie: obcinanie do twardych i grubych paznokci<\/span><\/li>\n<p><\/br><\/p>\n<li><span style=\"font-family:arial, helvetica, sans-serif;font-size:10pt;\">D\u0142ugo\u015b\u0107: 9 cm<\/span><\/li>\n<p><\/br><\/p>\n<li><span style=\"font-family:arial, helvetica, sans-serif;font-size:10pt;\">Powi\u0119kszone oka<\/span><\/li>\n<p><\/br><\/p>\n<li><span style=\"font-family:arial, helvetica, sans-serif;font-size:10pt;\">Wysokiej jako\u015bci stal nierdzewna<\/span><\/li>\n<p><\/br><\/p>\n<li><span style=\"font-family:arial, helvetica, sans-serif;font-size:10pt;\">Produkt wielokrotnego u\u017cytku<\/span><\/li>\n<p><\/br><\/p>\n<li><span style=\"font-family:arial, helvetica, sans-serif;font-size:10pt;\">Produkt niesterylny<\/span><\/li>\n<p><\/br><\/ul>\n<p><\/br><\/p>\n<h2><span style=\"font-family:arial, helvetica, sans-serif;font-size:10pt;\">Zalety wykorzystania no\u017cyczek do paznokci<\/span><\/h2>\n<p><\/br><\/p>\n<ul><\/br><\/p>\n<li><span style=\"font-family:arial, helvetica, sans-serif;font-size:10pt;\">Odpowiednie wyprofilowanie r\u0119koje\u015bci pozwala nie tylko na u\u017cytkowanie produktu przez osoby prawo- i lewor\u0119czne, ale r\u00f3wnie\u017c osoby z wi\u0119kszymi palcami<\/span><\/li>\n<p><\/br><\/p>\n<li><span style=\"font-family:arial, helvetica, sans-serif;font-size:10pt;\">Wysoka jako\u015b\u0107 wykonania oraz wykorzystanej stali gwarantuje d\u0142ugotrwa\u0142o\u015b\u0107 i precyzje u\u017cytkowania<\/span><\/li>\n<p><\/br><\/p>\n<li><span style=\"font-family:arial, helvetica, sans-serif;font-size:10pt;\">Produkt mo\u017ce by\u0107 u\u017cytkowany zar\u00f3wno w warunkach domowych jak i profesjonalnych plac\u00f3wkach<\/span><\/li>\n<p><\/br><\/ul>\n<p><\/br><\/p>\n<p><span style=\"font-family:arial, helvetica, sans-serif;font-size:10pt;\">Produkt posiada certyfikaty CE oraz ISO.<\/span><\/p>\n","protected":false},"excerpt":{"rendered":"<p><span style=\"font-family:arial, helvetica, sans-serif;font-size:10pt;\">Wysokiej jako\u015bci <span style=\"text-decoration:underline;\">no\u017cyczki do paznokc<\/span>i Tendo\u00ae Solingen Gold Line o prostej cz\u0119\u015bci pracuj\u0105cej znajduj\u0105 swoje zastosowanie w zabiegach manicure oraz pedicure. Powi\u0119kszone w stosunku do standardowych produkt\u00f3w oka r\u0119koje\u015bci pozwalaj\u0105 na u\u017cytkowanie no\u017cyczek nawet przez osoby z wi\u0119kszymi palcami. Produkt nadaje si\u0119 do u\u017cytku zar\u00f3wno amatorskiego jak i profesjonalnego w gabinetach kosmetycznych, salonach SPA czy klinikach medycyny estetycznej. Do produkcji wykorzystana zosta\u0142a wysokiej jako\u015bci, polerowana stal nierdzewna o bardzo dobrych w\u0142a\u015bciwo\u015bciach antykorozyjnych. Pozwala to na wielokrotn\u0105 sterylizacje no\u017cyczek.<\/span><\/p>\n<p><\/br><\/p>\n<h1><span style=\"font-family:arial, helvetica, sans-serif;font-size:10pt;\">Parametry no\u017cyczek do paznokci prostych<\/span><\/h1>\n<p><\/br><\/p>\n<ul><\/br><\/p>\n<li><span style=\"font-family:arial, helvetica, sans-serif;font-size:10pt;\">Typ: no\u017cyczki proste, ostro-ostre<\/span><\/li>\n<p><\/br><\/p>\n<li><span style=\"font-family:arial, helvetica, sans-serif;font-size:10pt;\">Przeznaczenie: obcinanie do twardych i grubych paznokci<\/span><\/li>\n<p><\/br><\/p>\n<li><span style=\"font-family:arial, helvetica, sans-serif;font-size:10pt;\">D\u0142ugo\u015b\u0107: 9 cm<\/span><\/li>\n<p><\/br><\/p>\n<li><span style=\"font-family:arial, helvetica, sans-serif;font-size:10pt;\">Powi\u0119kszone oka<\/span><\/li>\n<p><\/br><\/p>\n<li><span style=\"font-family:arial, helvetica, sans-serif;font-size:10pt;\">Wysokiej jako\u015bci stal nierdzewna<\/span><\/li>\n<p><\/br><\/p>\n<li><span style=\"font-family:arial, helvetica, sans-serif;font-size:10pt;\">Produkt wielokrotnego u\u017cytku<\/span><\/li>\n<p><\/br><\/p>\n<li><span style=\"font-family:arial, helvetica, sans-serif;font-size:10pt;\">Produkt niesterylny<\/span><\/li>\n<p><\/br><\/ul>\n<p><\/br><\/p>\n<h2><span style=\"font-family:arial, helvetica, sans-serif;font-size:10pt;\">Zalety wykorzystania no\u017cyczek do paznokci<\/span><\/h2>\n<p><\/br><\/p>\n<ul><\/br><\/p>\n<li><span style=\"font-family:arial, helvetica, sans-serif;font-size:10pt;\">Odpowiednie wyprofilowanie r\u0119koje\u015bci pozwala nie tylko na u\u017cytkowanie produktu przez osoby prawo- i lewor\u0119czne, ale r\u00f3wnie\u017c osoby z wi\u0119kszymi palcami<\/span><\/li>\n<p><\/br><\/p>\n<li><span style=\"font-family:arial, helvetica, sans-serif;font-size:10pt;\">Wysoka jako\u015b\u0107 wykonania oraz wykorzystanej stali gwarantuje d\u0142ugotrwa\u0142o\u015b\u0107 i precyzje u\u017cytkowania<\/span><\/li>\n<p><\/br><\/p>\n<li><span style=\"font-family:arial, helvetica, sans-serif;font-size:10pt;\">Produkt mo\u017ce by\u0107 u\u017cytkowany zar\u00f3wno w warunkach domowych jak i profesjonalnych plac\u00f3wkach<\/span><\/li>\n<p><\/br><\/ul>\n<p><\/br><\/p>\n<p><span style=\"font-family:arial, helvetica, sans-serif;font-size:10pt;\">Produkt posiada certyfikaty CE oraz ISO.<\/span><\/p>\n","protected":false},"featured_media":1216,"comment_status":"closed","ping_status":"open","template":"","meta":[],"product_brand":[],"product_cat":[48],"product_tag":[],"class_list":{"0":"post-2464","1":"product","2":"type-product","3":"status-publish","4":"has-post-thumbnail","6":"product_cat-nozyczki-do-skorek-i-paznokci-pl","8":"first","9":"instock","10":"product-type-simple"},"_links":{"self":[{"href":"https:\/\/tendosolingen.de\/pl\/wp-json\/wp\/v2\/product\/2464","targetHints":{"allow":["GET"]}}],"collection":[{"href":"https:\/\/tendosolingen.de\/pl\/wp-json\/wp\/v2\/product"}],"about":[{"href":"https:\/\/tendosolingen.de\/pl\/wp-json\/wp\/v2\/types\/product"}],"replies":[{"embeddable":true,"href":"https:\/\/tendosolingen.de\/pl\/wp-json\/wp\/v2\/comments?post=2464"}],"wp:featuredmedia":[{"embeddable":true,"href":"https:\/\/tendosolingen.de\/pl\/wp-json\/wp\/v2\/media\/1216"}],"wp:attachment":[{"href":"https:\/\/tendosolingen.de\/pl\/wp-json\/wp\/v2\/media?parent=2464"}],"wp:term":[{"taxonomy":"product_brand","embeddable":true,"href":"https:\/\/tendosolingen.de\/pl\/wp-json\/wp\/v2\/product_brand?post=2464"},{"taxonomy":"product_cat","embeddable":true,"href":"https:\/\/tendosolingen.de\/pl\/wp-json\/wp\/v2\/product_cat?post=2464"},{"taxonomy":"product_tag","embeddable":true,"href":"https:\/\/tendosolingen.de\/pl\/wp-json\/wp\/v2\/product_tag?post=2464"}],"curies":[{"name":"wp","href":"https:\/\/api.w.org\/{rel}","templated":true}]}}