{"id":2463,"date":"2024-04-09T22:38:30","date_gmt":"2024-04-09T20:38:30","guid":{"rendered":"https:\/\/tendosolingen.de\/product\/nozyczki-do-grubych-paznokci-tendo-solingen-gold-line\/"},"modified":"2025-11-06T15:40:07","modified_gmt":"2025-11-06T14:40:07","slug":"nozyczki-do-grubych-paznokci-tendo-solingen-gold-line","status":"publish","type":"product","link":"https:\/\/tendosolingen.de\/pl\/produkt\/nozyczki-do-grubych-paznokci-tendo-solingen-gold-line\/","title":{"rendered":"No\u017cyczki do grubych paznokci Tendo\u00ae Solingen Gold Line"},"content":{"rendered":"<p><span style=\"font-family:arial, helvetica, sans-serif;font-size:10pt;\"><span style=\"text-decoration:underline;\">No\u017cyczki do paznokci<\/span> Tendo\u00ae Solingen Gold Line przeznaczone s\u0105 do paznokci grubych, wymagaj\u0105cych grubszego ostrza. Solidna cz\u0119\u015b\u0107 pracuj\u0105ca zw\u0119\u017caj\u0105ca si\u0119 ku ko\u0144cowi pozwala na wi\u0119ksze przy\u0142o\u017cenie si\u0142y przy jednoczesnym zachowaniu precyzji w rogach paznokcia. Odpowiednie wyprofilowanie r\u0119koje\u015bci pozwala na u\u017cytkowanie produktu przez osoby zar\u00f3wno prawo- jak i lewor\u0119czne. Za d\u0142ugotrwa\u0142o\u015b\u0107 no\u017cyczek odpowiada wysokiej jako\u015bci stal nierdzewna o bardzo dobrych w\u0142a\u015bciwo\u015bciach antykorozyjnych. No\u017cyczki mog\u0105 by\u0107 wykorzystywane zar\u00f3wno w warunkach domowych jak i w profesjonalnych gabinetach kosmetycznych, salonach SPA czy klinikach medycyny estetycznej.<\/span><\/p>\n<p><\/br><\/p>\n<h1><span style=\"font-family:arial, helvetica, sans-serif;font-size:10pt;\">Parametry no\u017cyczek do obcinania grubych paznokci<\/span><\/h1>\n<p><\/br><\/p>\n<ul><\/br><\/p>\n<li><span style=\"font-family:arial, helvetica, sans-serif;font-size:10pt;\">Typ: no\u017cyczki do bardzo twardych i grubych paznokci, ostro-ostre<\/span><\/li>\n<p><\/br><\/p>\n<li><span style=\"font-family:arial, helvetica, sans-serif;font-size:10pt;\">Przeznaczenie: paznokcie grube<\/span><\/li>\n<p><\/br><\/p>\n<li><span style=\"font-family:arial, helvetica, sans-serif;font-size:10pt;\">D\u0142ugo\u015b\u0107 ca\u0142kowita: 9 cm<\/span><\/li>\n<p><\/br><\/p>\n<li><span style=\"font-family:arial, helvetica, sans-serif;font-size:10pt;\">Przystosowane dla os\u00f3b prawo- i lewor\u0119czny<\/span><\/li>\n<p><\/br><\/p>\n<li><span style=\"font-family:arial, helvetica, sans-serif;font-size:10pt;\">Produkt niesterylny<\/span><\/li>\n<p><\/br><\/p>\n<li><span style=\"font-family:arial, helvetica, sans-serif;font-size:10pt;\">Produkt wielokrotnego u\u017cytku<\/span><\/li>\n<p><\/br><\/ul>\n<p><\/br><\/p>\n<h2><span style=\"font-family:arial, helvetica, sans-serif;font-size:10pt;\">Zalety wykorzystania no\u017cyczek do bardzo twardych paznokci<\/span><\/h2>\n<p><\/br><\/p>\n<ul><\/br><\/p>\n<li><span style=\"font-family:arial, helvetica, sans-serif;font-size:10pt;\">Solidna cz\u0119\u015b\u0107 pracuj\u0105ca ze zw\u0119\u017ceniem w stron\u0119 ko\u0144c\u00f3wki pozwala na obcinanie grubych paznokci przy zachowaniu dok\u0142adno\u015bci<\/span><\/li>\n<p><\/br><\/p>\n<li><span style=\"font-family:arial, helvetica, sans-serif;font-size:10pt;\">Odpowiednie wyprofilowanie r\u0119koje\u015bci pozwala na u\u017cytkowanie produktu zar\u00f3wno przez osoby prawo- jak i lewor\u0119czne<\/span><\/li>\n<p><\/br><\/p>\n<li><span style=\"font-family:arial, helvetica, sans-serif;font-size:10pt;\">Wysokiej jako\u015bci stal nierdzewna umo\u017cliwia wielokrotn\u0105 sterylizacje i zapewnia bardzo dobre w\u0142a\u015bciwo\u015bci antykorozyjne<\/span><\/li>\n<p><\/br><\/ul>\n<p><\/br><\/p>\n<p><span style=\"font-family:arial, helvetica, sans-serif;font-size:10pt;\">Produkt posiada certyfikaty CE oraz ISO.<\/span><\/p>\n","protected":false},"excerpt":{"rendered":"<p><span style=\"font-family:arial, helvetica, sans-serif;font-size:10pt;\"><span style=\"text-decoration:underline;\">No\u017cyczki do paznokci<\/span> Tendo\u00ae Solingen Gold Line przeznaczone s\u0105 do paznokci grubych, wymagaj\u0105cych grubszego ostrza. Solidna cz\u0119\u015b\u0107 pracuj\u0105ca zw\u0119\u017caj\u0105ca si\u0119 ku ko\u0144cowi pozwala na wi\u0119ksze przy\u0142o\u017cenie si\u0142y przy jednoczesnym zachowaniu precyzji w rogach paznokcia. Odpowiednie wyprofilowanie r\u0119koje\u015bci pozwala na u\u017cytkowanie produktu przez osoby zar\u00f3wno prawo- jak i lewor\u0119czne. Za d\u0142ugotrwa\u0142o\u015b\u0107 no\u017cyczek odpowiada wysokiej jako\u015bci stal nierdzewna o bardzo dobrych w\u0142a\u015bciwo\u015bciach antykorozyjnych. No\u017cyczki mog\u0105 by\u0107 wykorzystywane zar\u00f3wno w warunkach domowych jak i w profesjonalnych gabinetach kosmetycznych, salonach SPA czy klinikach medycyny estetycznej.<\/span><\/p>\n<p><\/br><\/p>\n<h1><span style=\"font-family:arial, helvetica, sans-serif;font-size:10pt;\">Parametry no\u017cyczek do obcinania grubych paznokci<\/span><\/h1>\n<p><\/br><\/p>\n<ul><\/br><\/p>\n<li><span style=\"font-family:arial, helvetica, sans-serif;font-size:10pt;\">Typ: no\u017cyczki do bardzo twardych i grubych paznokci, ostro-ostre<\/span><\/li>\n<p><\/br><\/p>\n<li><span style=\"font-family:arial, helvetica, sans-serif;font-size:10pt;\">Przeznaczenie: paznokcie grube<\/span><\/li>\n<p><\/br><\/p>\n<li><span style=\"font-family:arial, helvetica, sans-serif;font-size:10pt;\">D\u0142ugo\u015b\u0107 ca\u0142kowita: 9 cm<\/span><\/li>\n<p><\/br><\/p>\n<li><span style=\"font-family:arial, helvetica, sans-serif;font-size:10pt;\">Przystosowane dla os\u00f3b prawo- i lewor\u0119czny<\/span><\/li>\n<p><\/br><\/p>\n<li><span style=\"font-family:arial, helvetica, sans-serif;font-size:10pt;\">Produkt niesterylny<\/span><\/li>\n<p><\/br><\/p>\n<li><span style=\"font-family:arial, helvetica, sans-serif;font-size:10pt;\">Produkt wielokrotnego u\u017cytku<\/span><\/li>\n<p><\/br><\/ul>\n<p><\/br><\/p>\n<h2><span style=\"font-family:arial, helvetica, sans-serif;font-size:10pt;\">Zalety wykorzystania no\u017cyczek do bardzo twardych paznokci<\/span><\/h2>\n<p><\/br><\/p>\n<ul><\/br><\/p>\n<li><span style=\"font-family:arial, helvetica, sans-serif;font-size:10pt;\">Solidna cz\u0119\u015b\u0107 pracuj\u0105ca ze zw\u0119\u017ceniem w stron\u0119 ko\u0144c\u00f3wki pozwala na obcinanie grubych paznokci przy zachowaniu dok\u0142adno\u015bci<\/span><\/li>\n<p><\/br><\/p>\n<li><span style=\"font-family:arial, helvetica, sans-serif;font-size:10pt;\">Odpowiednie wyprofilowanie r\u0119koje\u015bci pozwala na u\u017cytkowanie produktu zar\u00f3wno przez osoby prawo- jak i lewor\u0119czne<\/span><\/li>\n<p><\/br><\/p>\n<li><span style=\"font-family:arial, helvetica, sans-serif;font-size:10pt;\">Wysokiej jako\u015bci stal nierdzewna umo\u017cliwia wielokrotn\u0105 sterylizacje i zapewnia bardzo dobre w\u0142a\u015bciwo\u015bci antykorozyjne<\/span><\/li>\n<p><\/br><\/ul>\n<p><\/br><\/p>\n<p><span style=\"font-family:arial, helvetica, sans-serif;font-size:10pt;\">Produkt posiada certyfikaty CE oraz ISO.<\/span><\/p>\n","protected":false},"featured_media":1212,"comment_status":"closed","ping_status":"open","template":"","meta":[],"product_brand":[],"product_cat":[48],"product_tag":[],"class_list":{"0":"post-2463","1":"product","2":"type-product","3":"status-publish","4":"has-post-thumbnail","6":"product_cat-nozyczki-do-skorek-i-paznokci-pl","8":"first","9":"instock","10":"product-type-simple"},"_links":{"self":[{"href":"https:\/\/tendosolingen.de\/pl\/wp-json\/wp\/v2\/product\/2463","targetHints":{"allow":["GET"]}}],"collection":[{"href":"https:\/\/tendosolingen.de\/pl\/wp-json\/wp\/v2\/product"}],"about":[{"href":"https:\/\/tendosolingen.de\/pl\/wp-json\/wp\/v2\/types\/product"}],"replies":[{"embeddable":true,"href":"https:\/\/tendosolingen.de\/pl\/wp-json\/wp\/v2\/comments?post=2463"}],"wp:featuredmedia":[{"embeddable":true,"href":"https:\/\/tendosolingen.de\/pl\/wp-json\/wp\/v2\/media\/1212"}],"wp:attachment":[{"href":"https:\/\/tendosolingen.de\/pl\/wp-json\/wp\/v2\/media?parent=2463"}],"wp:term":[{"taxonomy":"product_brand","embeddable":true,"href":"https:\/\/tendosolingen.de\/pl\/wp-json\/wp\/v2\/product_brand?post=2463"},{"taxonomy":"product_cat","embeddable":true,"href":"https:\/\/tendosolingen.de\/pl\/wp-json\/wp\/v2\/product_cat?post=2463"},{"taxonomy":"product_tag","embeddable":true,"href":"https:\/\/tendosolingen.de\/pl\/wp-json\/wp\/v2\/product_tag?post=2463"}],"curies":[{"name":"wp","href":"https:\/\/api.w.org\/{rel}","templated":true}]}}