{"id":2462,"date":"2024-04-09T22:38:30","date_gmt":"2024-04-09T20:38:30","guid":{"rendered":"https:\/\/tendosolingen.de\/product\/nozyczki-kosmetyczne-do-wycinania-wlosow-z-uszu-i-nosa-tendo-solingen-gold-line\/"},"modified":"2025-11-06T15:40:07","modified_gmt":"2025-11-06T14:40:07","slug":"nozyczki-kosmetyczne-do-wycinania-wlosow-z-uszu-i-nosa-tendo-solingen-gold-line","status":"publish","type":"product","link":"https:\/\/tendosolingen.de\/pl\/produkt\/nozyczki-kosmetyczne-do-wycinania-wlosow-z-uszu-i-nosa-tendo-solingen-gold-line\/","title":{"rendered":"No\u017cyczki kosmetyczne do wycinania w\u0142os\u00f3w z uszu i nosa Tendo Solingen Gold Line"},"content":{"rendered":"<p><span style=\"font-family:arial, helvetica, sans-serif;font-size:10pt;\"><em>No\u017cyczki kosmetyczne<\/em> o d\u0142ugo\u015bci 10,5 cm z zaokr\u0105glonymi ko\u0144c\u00f3wkami przeznaczone s\u0105 <strong>do wycinania w\u0142os\u00f3w z nosa i uszu<\/strong>. Odpowiednie zaprojektowanie cz\u0119\u015bci pracuj\u0105cej zapobiega przypadkowym uszkodzeniom tkanek podczas wykonywanych zabieg\u00f3w. Dzi\u0119ki du\u017cym uszom i odpowiedniemu wyprofilowaniu, praca no\u017cyczek jest komfortowa nawet pod r\u00f3\u017cnymi k\u0105tami. Wykorzystana w procesie produkcji wysokiej jako\u015bci stal nierdzewna zapewnia d\u0142ugotrwa\u0142o\u015b\u0107 oraz mo\u017cliwo\u015b\u0107 sterylizacji. Produkt przeznaczony jest do u\u017cytku zar\u00f3wno amatorskiego jak i profesjonalnego.<\/span><\/p>\n<p><\/br><\/p>\n<h1><span style=\"font-family:arial, helvetica, sans-serif;font-size:10pt;\">Parametry no\u017cyczek kosmetycznych do nosa i uszu<\/span><\/h1>\n<p><\/br><\/p>\n<ul><\/br><\/p>\n<li><span style=\"font-family:arial, helvetica, sans-serif;font-size:10pt;\">Typ: no\u017cyczki ostro-ostre, zaokr\u0105glone<\/span><\/li>\n<p><\/br><\/p>\n<li><span style=\"font-family:arial, helvetica, sans-serif;font-size:10pt;\">Przeznaczenie: usuwanie w\u0142os\u00f3w z nosa i uszu<\/span><\/li>\n<p><\/br><\/p>\n<li><span style=\"font-family:arial, helvetica, sans-serif;font-size:10pt;\">D\u0142ugo\u015b\u0107 ca\u0142kowita: 10,5 cm<\/span><\/li>\n<p><\/br><\/p>\n<li><span style=\"font-family:arial, helvetica, sans-serif;font-size:10pt;\">Produkt niesterylny<\/span><\/li>\n<p><\/br><\/p>\n<li><span style=\"font-family:arial, helvetica, sans-serif;font-size:10pt;\">Produkt wielokrotnego u\u017cytku<\/span><\/li>\n<p><\/br><\/ul>\n<p><\/br><\/p>\n<h2><span style=\"font-family:arial, helvetica, sans-serif;font-size:10pt;\">Zalety wykorzystania no\u017cyczek do obcinania w\u0142os\u00f3w z uszu i nosa<\/span><\/h2>\n<p><\/br><\/p>\n<ul><\/br><\/p>\n<li><span style=\"font-family:arial, helvetica, sans-serif;font-size:10pt;\">Zaokr\u0105glone ko\u0144c\u00f3wki cz\u0119\u015bci tn\u0105cej pozwalaj\u0105 na unikni\u0119cie przypadkowych skalecze\u0144 podczas usuwania w\u0142os\u00f3w z wra\u017cliwych miejsc<\/span><\/li>\n<p><\/br><\/p>\n<li><span style=\"font-family:arial, helvetica, sans-serif;font-size:10pt;\">Odpowiednie wyprofilowane oraz oka o wi\u0119kszej \u015brednicy umo\u017cliwiaj\u0105 swobodne manewrowanie no\u017cyczkami pod r\u00f3\u017cnymi k\u0105tami<\/span><\/li>\n<p><\/br><\/p>\n<li><span style=\"font-family:arial, helvetica, sans-serif;font-size:10pt;\">Stal nierdzewna wysokiej jako\u015bci jest gwarantem d\u0142ugotrwa\u0142o\u015bci i pozwala na sterylizacje<\/span><\/li>\n<p><\/br><\/ul>\n<p><\/br><\/p>\n<p><span style=\"font-family:arial, helvetica, sans-serif;font-size:10pt;\">Produkt posiada certyfikaty ISO oraz CE.<\/span><\/p>\n","protected":false},"excerpt":{"rendered":"<p><span style=\"font-family:arial, helvetica, sans-serif;font-size:10pt;\"><em>No\u017cyczki kosmetyczne<\/em> o d\u0142ugo\u015bci 10,5 cm z zaokr\u0105glonymi ko\u0144c\u00f3wkami przeznaczone s\u0105 <strong>do wycinania w\u0142os\u00f3w z nosa i uszu<\/strong>. Odpowiednie zaprojektowanie cz\u0119\u015bci pracuj\u0105cej zapobiega przypadkowym uszkodzeniom tkanek podczas wykonywanych zabieg\u00f3w. Dzi\u0119ki du\u017cym uszom i odpowiedniemu wyprofilowaniu, praca no\u017cyczek jest komfortowa nawet pod r\u00f3\u017cnymi k\u0105tami. Wykorzystana w procesie produkcji wysokiej jako\u015bci stal nierdzewna zapewnia d\u0142ugotrwa\u0142o\u015b\u0107 oraz mo\u017cliwo\u015b\u0107 sterylizacji. Produkt przeznaczony jest do u\u017cytku zar\u00f3wno amatorskiego jak i profesjonalnego.<\/span><\/p>\n<p><\/br><\/p>\n<h1><span style=\"font-family:arial, helvetica, sans-serif;font-size:10pt;\">Parametry no\u017cyczek kosmetycznych do nosa i uszu<\/span><\/h1>\n<p><\/br><\/p>\n<ul><\/br><\/p>\n<li><span style=\"font-family:arial, helvetica, sans-serif;font-size:10pt;\">Typ: no\u017cyczki ostro-ostre, zaokr\u0105glone<\/span><\/li>\n<p><\/br><\/p>\n<li><span style=\"font-family:arial, helvetica, sans-serif;font-size:10pt;\">Przeznaczenie: usuwanie w\u0142os\u00f3w z nosa i uszu<\/span><\/li>\n<p><\/br><\/p>\n<li><span style=\"font-family:arial, helvetica, sans-serif;font-size:10pt;\">D\u0142ugo\u015b\u0107 ca\u0142kowita: 10,5 cm<\/span><\/li>\n<p><\/br><\/p>\n<li><span style=\"font-family:arial, helvetica, sans-serif;font-size:10pt;\">Produkt niesterylny<\/span><\/li>\n<p><\/br><\/p>\n<li><span style=\"font-family:arial, helvetica, sans-serif;font-size:10pt;\">Produkt wielokrotnego u\u017cytku<\/span><\/li>\n<p><\/br><\/ul>\n<p><\/br><\/p>\n<h2><span style=\"font-family:arial, helvetica, sans-serif;font-size:10pt;\">Zalety wykorzystania no\u017cyczek do obcinania w\u0142os\u00f3w z uszu i nosa<\/span><\/h2>\n<p><\/br><\/p>\n<ul><\/br><\/p>\n<li><span style=\"font-family:arial, helvetica, sans-serif;font-size:10pt;\">Zaokr\u0105glone ko\u0144c\u00f3wki cz\u0119\u015bci tn\u0105cej pozwalaj\u0105 na unikni\u0119cie przypadkowych skalecze\u0144 podczas usuwania w\u0142os\u00f3w z wra\u017cliwych miejsc<\/span><\/li>\n<p><\/br><\/p>\n<li><span style=\"font-family:arial, helvetica, sans-serif;font-size:10pt;\">Odpowiednie wyprofilowane oraz oka o wi\u0119kszej \u015brednicy umo\u017cliwiaj\u0105 swobodne manewrowanie no\u017cyczkami pod r\u00f3\u017cnymi k\u0105tami<\/span><\/li>\n<p><\/br><\/p>\n<li><span style=\"font-family:arial, helvetica, sans-serif;font-size:10pt;\">Stal nierdzewna wysokiej jako\u015bci jest gwarantem d\u0142ugotrwa\u0142o\u015bci i pozwala na sterylizacje<\/span><\/li>\n<p><\/br><\/ul>\n<p><\/br><\/p>\n<p><span style=\"font-family:arial, helvetica, sans-serif;font-size:10pt;\">Produkt posiada certyfikaty ISO oraz CE.<\/span><\/p>\n","protected":false},"featured_media":1208,"comment_status":"closed","ping_status":"open","template":"","meta":[],"product_brand":[],"product_cat":[48],"product_tag":[],"class_list":{"0":"post-2462","1":"product","2":"type-product","3":"status-publish","4":"has-post-thumbnail","6":"product_cat-nozyczki-do-skorek-i-paznokci-pl","8":"first","9":"instock","10":"product-type-simple"},"_links":{"self":[{"href":"https:\/\/tendosolingen.de\/pl\/wp-json\/wp\/v2\/product\/2462","targetHints":{"allow":["GET"]}}],"collection":[{"href":"https:\/\/tendosolingen.de\/pl\/wp-json\/wp\/v2\/product"}],"about":[{"href":"https:\/\/tendosolingen.de\/pl\/wp-json\/wp\/v2\/types\/product"}],"replies":[{"embeddable":true,"href":"https:\/\/tendosolingen.de\/pl\/wp-json\/wp\/v2\/comments?post=2462"}],"wp:featuredmedia":[{"embeddable":true,"href":"https:\/\/tendosolingen.de\/pl\/wp-json\/wp\/v2\/media\/1208"}],"wp:attachment":[{"href":"https:\/\/tendosolingen.de\/pl\/wp-json\/wp\/v2\/media?parent=2462"}],"wp:term":[{"taxonomy":"product_brand","embeddable":true,"href":"https:\/\/tendosolingen.de\/pl\/wp-json\/wp\/v2\/product_brand?post=2462"},{"taxonomy":"product_cat","embeddable":true,"href":"https:\/\/tendosolingen.de\/pl\/wp-json\/wp\/v2\/product_cat?post=2462"},{"taxonomy":"product_tag","embeddable":true,"href":"https:\/\/tendosolingen.de\/pl\/wp-json\/wp\/v2\/product_tag?post=2462"}],"curies":[{"name":"wp","href":"https:\/\/api.w.org\/{rel}","templated":true}]}}