{"id":2460,"date":"2024-04-09T22:38:30","date_gmt":"2024-04-09T20:38:30","guid":{"rendered":"https:\/\/tendosolingen.de\/product\/nozyczki-do-grubych-i-bardzo-twardych-paznokci-zagiete-tendo-solingen-gold-line\/"},"modified":"2025-11-06T15:40:08","modified_gmt":"2025-11-06T14:40:08","slug":"nozyczki-do-grubych-i-bardzo-twardych-paznokci-zagiete-tendo-solingen-gold-line","status":"publish","type":"product","link":"https:\/\/tendosolingen.de\/pl\/produkt\/nozyczki-do-grubych-i-bardzo-twardych-paznokci-zagiete-tendo-solingen-gold-line\/","title":{"rendered":"No\u017cyczki do grubych i bardzo twardych paznokci zagi\u0119te Tendo\u00ae Solingen Gold Line"},"content":{"rendered":"<p><span style=\"font-family:arial, helvetica, sans-serif;font-size:10pt;\">Profesjonalne no\u017cyczki Tendo\u00ae\u00a0<\/span><span style=\"font-family:arial, helvetica, sans-serif;font-size:10pt;\">Solingen Gold Line przeznaczone s\u0105 do obcinania paznokci grubych, zrogowacia\u0142ych i bardzo twardych. Instrument wykorzystywany mo\u017ce by\u0107 zar\u00f3wno w warunkach domowych jak i profesjonalnych salonach pi\u0119kno\u015bci, SPA czy klinikach medycyny estetycznej. Odpowiednie wyprofilowanie pozwala na wykorzystanie no\u017cyczek zar\u00f3wno przez osoby prawo- jak i lewor\u0119czne. Wi\u0119ksze oka pozwalaj\u0105 na dogodne korzystanie z no\u017cyczek r\u00f3wnie\u017c osobom z wi\u0119kszymi palcami. Produkt wykonany jest z wysokiej jako\u015bci stali nierdzewnej b\u0119d\u0105cej gwarantem d\u0142ugotrwa\u0142o\u015bci.<\/span><\/p>\n<p><\/br><\/p>\n<h1><span style=\"font-family:arial, helvetica, sans-serif;font-size:10pt;\">Parametry no\u017cyczek do grubych paznokci i bardzo twardych<\/span><\/h1>\n<p><\/br><\/p>\n<ul><\/br><\/p>\n<li><span style=\"font-family:arial, helvetica, sans-serif;font-size:10pt;\">Typ: no\u017cyczki ostro-ostre, zagi\u0119te<\/span><\/li>\n<p><\/br><\/p>\n<li><span style=\"font-family:arial, helvetica, sans-serif;font-size:10pt;\">Przeznaczenie: obcinanie paznokci grubych, zrogowacia\u0142ych<\/span><\/li>\n<p><\/br><\/p>\n<li><span style=\"font-family:arial, helvetica, sans-serif;font-size:10pt;\">D\u0142ugo\u015b\u0107: 9 cm<\/span><\/li>\n<p><\/br><\/p>\n<li><span style=\"font-family:arial, helvetica, sans-serif;font-size:10pt;\">Szerokie oka<\/span><\/li>\n<p><\/br><\/p>\n<li><span style=\"font-family:arial, helvetica, sans-serif;font-size:10pt;\">Wysokiej jako\u015bci stal nierdzewna<\/span><\/li>\n<p><\/br><\/p>\n<li><span style=\"font-family:arial, helvetica, sans-serif;font-size:10pt;\">Produkt niesterylny<\/span><\/li>\n<p><\/br><\/p>\n<li><span style=\"font-family:arial, helvetica, sans-serif;font-size:10pt;\">Produkt wielokrotnego u\u017cytku<\/span><\/li>\n<p><\/br><\/p>\n<li><span style=\"font-family:arial, helvetica, sans-serif;font-size:10pt;\">3-letnia gwarancja producenta<\/span><\/li>\n<p><\/br><\/ul>\n<p><\/br><\/p>\n<h2><span style=\"font-family:arial, helvetica, sans-serif;font-size:10pt;\">Zalety wykorzystania no\u017cyczek do paznokci Solingen<\/span><\/h2>\n<p><\/br><\/p>\n<ul><\/br><\/p>\n<li><span style=\"font-family:arial, helvetica, sans-serif;font-size:10pt;\">Odpowiednie wyprofilowanie oraz grubo\u015b\u0107 cz\u0119\u015bci pracuj\u0105cej pozwalaj\u0105 na bezproblemow\u0105 prac\u0119 z paznokciami grubymi oraz zrogowacia\u0142ymi<\/span><\/li>\n<p><\/br><\/p>\n<li><span style=\"font-family:arial, helvetica, sans-serif;font-size:10pt;\">R\u0119koje\u015b\u0107 zosta\u0142a zaprojektowana w spos\u00f3b umo\u017cliwiaj\u0105cy korzystanie zar\u00f3wno osobom prawo- jak i lewor\u0119cznym<\/span><\/li>\n<p><\/br><\/p>\n<li><span style=\"font-family:arial, helvetica, sans-serif;font-size:10pt;\">Powi\u0119kszone oka zwi\u0119kszaj\u0105 komfort u\u017cytkowania dla os\u00f3b posiadaj\u0105cych wi\u0119ksze palce<\/span><\/li>\n<p><\/br><\/ul>\n<p><\/br><\/p>\n<p><span style=\"font-family:arial, helvetica, sans-serif;font-size:10pt;\">Produkt posiada certyfikaty ISO oraz CE. Nabywaj\u0105c sprawdzone produkty (Quality Checked) z certyfikatami producenta narz\u0119dzi medycznych, otrzymujesz gwarancj\u0119 jako\u015bci.<\/span><\/p>\n","protected":false},"excerpt":{"rendered":"<p><span style=\"font-family:arial, helvetica, sans-serif;font-size:10pt;\">Profesjonalne no\u017cyczki Tendo\u00ae\u00a0<\/span><span style=\"font-family:arial, helvetica, sans-serif;font-size:10pt;\">Solingen Gold Line przeznaczone s\u0105 do obcinania paznokci grubych, zrogowacia\u0142ych i bardzo twardych. Instrument wykorzystywany mo\u017ce by\u0107 zar\u00f3wno w warunkach domowych jak i profesjonalnych salonach pi\u0119kno\u015bci, SPA czy klinikach medycyny estetycznej. Odpowiednie wyprofilowanie pozwala na wykorzystanie no\u017cyczek zar\u00f3wno przez osoby prawo- jak i lewor\u0119czne. Wi\u0119ksze oka pozwalaj\u0105 na dogodne korzystanie z no\u017cyczek r\u00f3wnie\u017c osobom z wi\u0119kszymi palcami. Produkt wykonany jest z wysokiej jako\u015bci stali nierdzewnej b\u0119d\u0105cej gwarantem d\u0142ugotrwa\u0142o\u015bci.<\/span><\/p>\n<p><\/br><\/p>\n<h1><span style=\"font-family:arial, helvetica, sans-serif;font-size:10pt;\">Parametry no\u017cyczek do grubych paznokci i bardzo twardych<\/span><\/h1>\n<p><\/br><\/p>\n<ul><\/br><\/p>\n<li><span style=\"font-family:arial, helvetica, sans-serif;font-size:10pt;\">Typ: no\u017cyczki ostro-ostre, zagi\u0119te<\/span><\/li>\n<p><\/br><\/p>\n<li><span style=\"font-family:arial, helvetica, sans-serif;font-size:10pt;\">Przeznaczenie: obcinanie paznokci grubych, zrogowacia\u0142ych<\/span><\/li>\n<p><\/br><\/p>\n<li><span style=\"font-family:arial, helvetica, sans-serif;font-size:10pt;\">D\u0142ugo\u015b\u0107: 9 cm<\/span><\/li>\n<p><\/br><\/p>\n<li><span style=\"font-family:arial, helvetica, sans-serif;font-size:10pt;\">Szerokie oka<\/span><\/li>\n<p><\/br><\/p>\n<li><span style=\"font-family:arial, helvetica, sans-serif;font-size:10pt;\">Wysokiej jako\u015bci stal nierdzewna<\/span><\/li>\n<p><\/br><\/p>\n<li><span style=\"font-family:arial, helvetica, sans-serif;font-size:10pt;\">Produkt niesterylny<\/span><\/li>\n<p><\/br><\/p>\n<li><span style=\"font-family:arial, helvetica, sans-serif;font-size:10pt;\">Produkt wielokrotnego u\u017cytku<\/span><\/li>\n<p><\/br><\/p>\n<li><span style=\"font-family:arial, helvetica, sans-serif;font-size:10pt;\">3-letnia gwarancja producenta<\/span><\/li>\n<p><\/br><\/ul>\n<p><\/br><\/p>\n<h2><span style=\"font-family:arial, helvetica, sans-serif;font-size:10pt;\">Zalety wykorzystania no\u017cyczek do paznokci Solingen<\/span><\/h2>\n<p><\/br><\/p>\n<ul><\/br><\/p>\n<li><span style=\"font-family:arial, helvetica, sans-serif;font-size:10pt;\">Odpowiednie wyprofilowanie oraz grubo\u015b\u0107 cz\u0119\u015bci pracuj\u0105cej pozwalaj\u0105 na bezproblemow\u0105 prac\u0119 z paznokciami grubymi oraz zrogowacia\u0142ymi<\/span><\/li>\n<p><\/br><\/p>\n<li><span style=\"font-family:arial, helvetica, sans-serif;font-size:10pt;\">R\u0119koje\u015b\u0107 zosta\u0142a zaprojektowana w spos\u00f3b umo\u017cliwiaj\u0105cy korzystanie zar\u00f3wno osobom prawo- jak i lewor\u0119cznym<\/span><\/li>\n<p><\/br><\/p>\n<li><span style=\"font-family:arial, helvetica, sans-serif;font-size:10pt;\">Powi\u0119kszone oka zwi\u0119kszaj\u0105 komfort u\u017cytkowania dla os\u00f3b posiadaj\u0105cych wi\u0119ksze palce<\/span><\/li>\n<p><\/br><\/ul>\n<p><\/br><\/p>\n<p><span style=\"font-family:arial, helvetica, sans-serif;font-size:10pt;\">Produkt posiada certyfikaty ISO oraz CE. Nabywaj\u0105c sprawdzone produkty (Quality Checked) z certyfikatami producenta narz\u0119dzi medycznych, otrzymujesz gwarancj\u0119 jako\u015bci.<\/span><\/p>\n","protected":false},"featured_media":1200,"comment_status":"closed","ping_status":"open","template":"","meta":[],"product_brand":[],"product_cat":[48],"product_tag":[],"class_list":{"0":"post-2460","1":"product","2":"type-product","3":"status-publish","4":"has-post-thumbnail","6":"product_cat-nozyczki-do-skorek-i-paznokci-pl","8":"first","9":"instock","10":"product-type-simple"},"_links":{"self":[{"href":"https:\/\/tendosolingen.de\/pl\/wp-json\/wp\/v2\/product\/2460","targetHints":{"allow":["GET"]}}],"collection":[{"href":"https:\/\/tendosolingen.de\/pl\/wp-json\/wp\/v2\/product"}],"about":[{"href":"https:\/\/tendosolingen.de\/pl\/wp-json\/wp\/v2\/types\/product"}],"replies":[{"embeddable":true,"href":"https:\/\/tendosolingen.de\/pl\/wp-json\/wp\/v2\/comments?post=2460"}],"wp:featuredmedia":[{"embeddable":true,"href":"https:\/\/tendosolingen.de\/pl\/wp-json\/wp\/v2\/media\/1200"}],"wp:attachment":[{"href":"https:\/\/tendosolingen.de\/pl\/wp-json\/wp\/v2\/media?parent=2460"}],"wp:term":[{"taxonomy":"product_brand","embeddable":true,"href":"https:\/\/tendosolingen.de\/pl\/wp-json\/wp\/v2\/product_brand?post=2460"},{"taxonomy":"product_cat","embeddable":true,"href":"https:\/\/tendosolingen.de\/pl\/wp-json\/wp\/v2\/product_cat?post=2460"},{"taxonomy":"product_tag","embeddable":true,"href":"https:\/\/tendosolingen.de\/pl\/wp-json\/wp\/v2\/product_tag?post=2460"}],"curies":[{"name":"wp","href":"https:\/\/api.w.org\/{rel}","templated":true}]}}