{"id":2459,"date":"2024-04-09T22:38:30","date_gmt":"2024-04-09T20:38:30","guid":{"rendered":"https:\/\/tendosolingen.de\/product\/nozyczki-do-paznokci-proste-tendo-solingen-gold-line-2\/"},"modified":"2025-11-06T15:40:08","modified_gmt":"2025-11-06T14:40:08","slug":"nozyczki-do-paznokci-proste-tendo-solingen-gold-line-2","status":"publish","type":"product","link":"https:\/\/tendosolingen.de\/pl\/produkt\/nozyczki-do-paznokci-proste-tendo-solingen-gold-line-2\/","title":{"rendered":"No\u017cyczki do paznokci proste Tendo\u00ae Solingen Gold Line"},"content":{"rendered":"<p><span style=\"font-family:arial, helvetica, sans-serif;font-size:10pt;\">Dobre, markowe no\u017cyczki Tendo Solingen Gold Line\u00ae o d\u0142ugo\u015bci 9 cm i prostej cz\u0119\u015bci pracuj\u0105cej s\u0105 instrumentem przeznaczonym do obcinania paznokci zar\u00f3wno w warunkach domowych jak i profesjonalnych gabinetach kosmetycznych, salonach SPA oraz klinikach medycyny estetycznej. Wysoka jako\u015b\u0107 wyko\u0144czenia oraz wykorzystanej stali jest gwarantem d\u0142ugotrwa\u0142o\u015bci oraz precyzji podczas przeprowadzanych zabieg\u00f3w. Oka o odpowiedniej wielko\u015bci pozwalaj\u0105 na u\u017cytkowanie no\u017cyczek r\u00f3wnie\u017c osobom posiadaj\u0105cym wi\u0119ksze palce.<\/span><\/p>\n<p><\/br><\/p>\n<h1><span style=\"font-family:arial, helvetica, sans-serif;font-size:10pt;\">Parametry no\u017cyczek do paznokci Solingen<\/span><\/h1>\n<p><\/br><\/p>\n<ul><\/br><\/p>\n<li><span style=\"font-family:arial, helvetica, sans-serif;font-size:10pt;\">Typ: niemieckie no\u017cyczki proste, ostro-ostre<\/span><\/li>\n<p><\/br><\/p>\n<li><span style=\"font-family:arial, helvetica, sans-serif;font-size:10pt;\">Przeznaczenie: do obcinania paznokci<\/span><\/li>\n<p><\/br><\/p>\n<li><span style=\"font-family:arial, helvetica, sans-serif;font-size:10pt;\">D\u0142ugo\u015b\u0107: 9 cm<\/span><\/li>\n<p><\/br><\/p>\n<li><span style=\"font-family:arial, helvetica, sans-serif;font-size:10pt;\">Du\u017ce oka (odpowiednie dla m\u0119\u017cczyzn)<\/span><\/li>\n<p><\/br><\/p>\n<li><span style=\"font-family:arial, helvetica, sans-serif;font-size:10pt;\">Wysokiej jako\u015bci stal nierdzewna (stainless steel, ze stali chirurgicznej)<\/span><\/li>\n<p><\/br><\/p>\n<li><span style=\"font-family:arial, helvetica, sans-serif;font-size:10pt;\">Produkt wielorazowego u\u017cytku<\/span><\/li>\n<p><\/br><\/p>\n<li><span style=\"font-family:arial, helvetica, sans-serif;font-size:10pt;\">Produkt niesterylny<\/span><\/li>\n<p><\/br><\/ul>\n<p><\/br><\/p>\n<h2><span style=\"font-family:arial, helvetica, sans-serif;font-size:10pt;\">Zalety wykorzystania no\u017cyczek do paznokci Solingen<\/span><\/h2>\n<p><\/br><\/p>\n<ul><\/br><\/p>\n<li><span style=\"font-family:arial, helvetica, sans-serif;font-size:10pt;\">Wysokiej jako\u015bci stal nierdzewna oraz precyzja wyko\u0144czenia s\u0105 gwarantem d\u0142ugotrwa\u0142o\u015bci oraz precyzji no\u017cyczek<\/span><\/li>\n<p><\/br><\/p>\n<li><span style=\"font-family:arial, helvetica, sans-serif;font-size:10pt;\">Powi\u0119kszona oka pozwalaj\u0105 na komfortowy u\u017cytek r\u00f3wnie\u017c osobom o wi\u0119kszych palcach<\/span><\/li>\n<p><\/br><\/p>\n<li><span style=\"font-family:arial, helvetica, sans-serif;font-size:10pt;\">Wyprofilowanie no\u017cyczek umo\u017cliwia korzystanie z nich zar\u00f3wno osobom prawo- jak i lewor\u0119cznym<\/span><\/li>\n<p><\/br><\/ul>\n<p><\/br><\/p>\n<p><span style=\"font-family:arial, helvetica, sans-serif;font-size:10pt;\">Kupuj\u0105c w sklepie otrzymujesz od nas zapewnienie wytrzyma\u0142o\u015bci, bezpiecze\u0144stwa i komfortu z u\u017cytkowania produkt\u00f3w. Nasze narz\u0119dzia otrzyma\u0142y mi\u0119dzynarodowe certyfikaty CE, zgodnie z systemami zarz\u0105dzania jako\u015bci\u0105 i kontroli wewn\u0119trznej ISO 9001-13485.<\/span><\/p>\n","protected":false},"excerpt":{"rendered":"<p><span style=\"font-family:arial, helvetica, sans-serif;font-size:10pt;\">Dobre, markowe no\u017cyczki Tendo Solingen Gold Line\u00ae o d\u0142ugo\u015bci 9 cm i prostej cz\u0119\u015bci pracuj\u0105cej s\u0105 instrumentem przeznaczonym do obcinania paznokci zar\u00f3wno w warunkach domowych jak i profesjonalnych gabinetach kosmetycznych, salonach SPA oraz klinikach medycyny estetycznej. Wysoka jako\u015b\u0107 wyko\u0144czenia oraz wykorzystanej stali jest gwarantem d\u0142ugotrwa\u0142o\u015bci oraz precyzji podczas przeprowadzanych zabieg\u00f3w. Oka o odpowiedniej wielko\u015bci pozwalaj\u0105 na u\u017cytkowanie no\u017cyczek r\u00f3wnie\u017c osobom posiadaj\u0105cym wi\u0119ksze palce.<\/span><\/p>\n<p><\/br><\/p>\n<h1><span style=\"font-family:arial, helvetica, sans-serif;font-size:10pt;\">Parametry no\u017cyczek do paznokci Solingen<\/span><\/h1>\n<p><\/br><\/p>\n<ul><\/br><\/p>\n<li><span style=\"font-family:arial, helvetica, sans-serif;font-size:10pt;\">Typ: niemieckie no\u017cyczki proste, ostro-ostre<\/span><\/li>\n<p><\/br><\/p>\n<li><span style=\"font-family:arial, helvetica, sans-serif;font-size:10pt;\">Przeznaczenie: do obcinania paznokci<\/span><\/li>\n<p><\/br><\/p>\n<li><span style=\"font-family:arial, helvetica, sans-serif;font-size:10pt;\">D\u0142ugo\u015b\u0107: 9 cm<\/span><\/li>\n<p><\/br><\/p>\n<li><span style=\"font-family:arial, helvetica, sans-serif;font-size:10pt;\">Du\u017ce oka (odpowiednie dla m\u0119\u017cczyzn)<\/span><\/li>\n<p><\/br><\/p>\n<li><span style=\"font-family:arial, helvetica, sans-serif;font-size:10pt;\">Wysokiej jako\u015bci stal nierdzewna (stainless steel, ze stali chirurgicznej)<\/span><\/li>\n<p><\/br><\/p>\n<li><span style=\"font-family:arial, helvetica, sans-serif;font-size:10pt;\">Produkt wielorazowego u\u017cytku<\/span><\/li>\n<p><\/br><\/p>\n<li><span style=\"font-family:arial, helvetica, sans-serif;font-size:10pt;\">Produkt niesterylny<\/span><\/li>\n<p><\/br><\/ul>\n<p><\/br><\/p>\n<h2><span style=\"font-family:arial, helvetica, sans-serif;font-size:10pt;\">Zalety wykorzystania no\u017cyczek do paznokci Solingen<\/span><\/h2>\n<p><\/br><\/p>\n<ul><\/br><\/p>\n<li><span style=\"font-family:arial, helvetica, sans-serif;font-size:10pt;\">Wysokiej jako\u015bci stal nierdzewna oraz precyzja wyko\u0144czenia s\u0105 gwarantem d\u0142ugotrwa\u0142o\u015bci oraz precyzji no\u017cyczek<\/span><\/li>\n<p><\/br><\/p>\n<li><span style=\"font-family:arial, helvetica, sans-serif;font-size:10pt;\">Powi\u0119kszona oka pozwalaj\u0105 na komfortowy u\u017cytek r\u00f3wnie\u017c osobom o wi\u0119kszych palcach<\/span><\/li>\n<p><\/br><\/p>\n<li><span style=\"font-family:arial, helvetica, sans-serif;font-size:10pt;\">Wyprofilowanie no\u017cyczek umo\u017cliwia korzystanie z nich zar\u00f3wno osobom prawo- jak i lewor\u0119cznym<\/span><\/li>\n<p><\/br><\/ul>\n<p><\/br><\/p>\n<p><span style=\"font-family:arial, helvetica, sans-serif;font-size:10pt;\">Kupuj\u0105c w sklepie otrzymujesz od nas zapewnienie wytrzyma\u0142o\u015bci, bezpiecze\u0144stwa i komfortu z u\u017cytkowania produkt\u00f3w. Nasze narz\u0119dzia otrzyma\u0142y mi\u0119dzynarodowe certyfikaty CE, zgodnie z systemami zarz\u0105dzania jako\u015bci\u0105 i kontroli wewn\u0119trznej ISO 9001-13485.<\/span><\/p>\n","protected":false},"featured_media":1196,"comment_status":"closed","ping_status":"open","template":"","meta":[],"product_brand":[],"product_cat":[48],"product_tag":[],"class_list":{"0":"post-2459","1":"product","2":"type-product","3":"status-publish","4":"has-post-thumbnail","6":"product_cat-nozyczki-do-skorek-i-paznokci-pl","8":"first","9":"instock","10":"product-type-simple"},"_links":{"self":[{"href":"https:\/\/tendosolingen.de\/pl\/wp-json\/wp\/v2\/product\/2459","targetHints":{"allow":["GET"]}}],"collection":[{"href":"https:\/\/tendosolingen.de\/pl\/wp-json\/wp\/v2\/product"}],"about":[{"href":"https:\/\/tendosolingen.de\/pl\/wp-json\/wp\/v2\/types\/product"}],"replies":[{"embeddable":true,"href":"https:\/\/tendosolingen.de\/pl\/wp-json\/wp\/v2\/comments?post=2459"}],"wp:featuredmedia":[{"embeddable":true,"href":"https:\/\/tendosolingen.de\/pl\/wp-json\/wp\/v2\/media\/1196"}],"wp:attachment":[{"href":"https:\/\/tendosolingen.de\/pl\/wp-json\/wp\/v2\/media?parent=2459"}],"wp:term":[{"taxonomy":"product_brand","embeddable":true,"href":"https:\/\/tendosolingen.de\/pl\/wp-json\/wp\/v2\/product_brand?post=2459"},{"taxonomy":"product_cat","embeddable":true,"href":"https:\/\/tendosolingen.de\/pl\/wp-json\/wp\/v2\/product_cat?post=2459"},{"taxonomy":"product_tag","embeddable":true,"href":"https:\/\/tendosolingen.de\/pl\/wp-json\/wp\/v2\/product_tag?post=2459"}],"curies":[{"name":"wp","href":"https:\/\/api.w.org\/{rel}","templated":true}]}}