{"id":2458,"date":"2024-04-09T22:38:30","date_gmt":"2024-04-09T20:38:30","guid":{"rendered":"https:\/\/tendosolingen.de\/product\/nozyczki-do-paznokci-grubych-i-zrogowacialych-tendo-solingen-gold-line\/"},"modified":"2025-11-06T15:40:08","modified_gmt":"2025-11-06T14:40:08","slug":"nozyczki-do-paznokci-grubych-i-zrogowacialych-tendo-solingen-gold-line","status":"publish","type":"product","link":"https:\/\/tendosolingen.de\/pl\/produkt\/nozyczki-do-paznokci-grubych-i-zrogowacialych-tendo-solingen-gold-line\/","title":{"rendered":"No\u017cyczki do paznokci grubych i zrogowacia\u0142ych Tendo Solingen Gold Line\u00ae"},"content":{"rendered":"<p><span style=\"font-family:arial, helvetica, sans-serif;font-size:10pt;\">Chirurgiczne no\u017cyczki z serii Tendo Solingen Gold Line\u00ae znajduj\u0105 swoje zastosowanie podczas obcinania paznokci grubych oraz zrogowacia\u0142ych. Solidna cz\u0119\u015b\u0107 pracuj\u0105ca ze zw\u0119\u017ceniem na czubku pozwalaj\u0105 na dok\u0142adne docinanie paznokci nawet w wymagaj\u0105cych przypadkach. No\u017cyczki posiadaj\u0105 du\u017ce oka pozwalaj\u0105ce na komfortowy u\u017cytek r\u00f3wnie\u017c osobom z wi\u0119kszymi palcami. Wykorzystana w procesie produkcji wysokiej jako\u015bci stal nierdzewna zapewnia d\u0142ugotrwa\u0142o\u015b\u0107 oraz umo\u017cliwia sterylizacje i dezynfekcje no\u017cyczek. Produkt przeznaczony jest do u\u017cytku zar\u00f3wno amatorskiego jak i profesjonalnego w gabinetach kosmetycznych czy salonach SPA.<\/span><\/p>\n<p><\/br><\/p>\n<h1><span style=\"font-family:arial, helvetica, sans-serif;font-size:10pt;\">Parametry no\u017cyczek do paznokci grubych i zrogowacia\u0142ych<\/span><\/h1>\n<p><\/br><\/p>\n<ul><\/br><\/p>\n<li><span style=\"font-family:arial, helvetica, sans-serif;font-size:10pt;\">Typ: no\u017cyczki do paznokci, ostro-ostre<\/span><\/li>\n<p><\/br><\/p>\n<li><span style=\"font-family:arial, helvetica, sans-serif;font-size:10pt;\">Przeznaczenie: paznokcie grube oraz zrogowacia\u0142e<\/span><\/li>\n<p><\/br><\/p>\n<li><span style=\"font-family:arial, helvetica, sans-serif;font-size:10pt;\">D\u0142ugo\u015b\u0107: 9 cm<\/span><\/li>\n<p><\/br><\/p>\n<li><span style=\"font-family:arial, helvetica, sans-serif;font-size:10pt;\">Wysokiej jako\u015bci stal nierdzewna<\/span><\/li>\n<p><\/br><\/p>\n<li><span style=\"font-family:arial, helvetica, sans-serif;font-size:10pt;\">Produkt wielokrotnego u\u017cytku<\/span><\/li>\n<p><\/br><\/p>\n<li><span style=\"font-family:arial, helvetica, sans-serif;font-size:10pt;\">Produkt niesterylny<\/span><\/li>\n<p><\/br><\/ul>\n<p><\/br><\/p>\n<h2><span style=\"font-family:arial, helvetica, sans-serif;font-size:10pt;\">Zalety wykorzystania no\u017cyczek do zrogowacia\u0142ych i grubych paznokci<\/span><\/h2>\n<p><\/br><\/p>\n<ul><\/br><\/p>\n<li><span style=\"font-family:arial, helvetica, sans-serif;font-size:10pt;\">Odpowiednia konstrukcja oraz jako\u015b\u0107 wyko\u0144czenia produktu pozwalaj\u0105 na prac\u0119 z paznokciami grubymi oraz zrogowacia\u0142ymi<\/span><\/li>\n<p><\/br><\/p>\n<li><span style=\"font-family:arial, helvetica, sans-serif;font-size:10pt;\">Oka r\u0119koje\u015bci o odpowiednim rozmiarze pozwalaj\u0105 na u\u017cytkowanie no\u017cyczek r\u00f3wnie\u017c osobom z wi\u0119kszymi palcami<\/span><\/li>\n<p><\/br><\/p>\n<li><span style=\"font-family:arial, helvetica, sans-serif;font-size:10pt;\">Wysoka jako\u015b\u0107 stali nierdzewnej jest gwarantem d\u0142ugotrwa\u0142o\u015bci i umo\u017cliwia wielokrotn\u0105 sterylizacje instrumentu<\/span><\/li>\n<p><\/br><\/ul>\n<p><\/br><\/p>\n<p><span style=\"font-family:arial, helvetica, sans-serif;font-size:10pt;\">Produkt posiada certyfikaty ISO oraz CE.<\/span><\/p>\n","protected":false},"excerpt":{"rendered":"<p><span style=\"font-family:arial, helvetica, sans-serif;font-size:10pt;\">Chirurgiczne no\u017cyczki z serii Tendo Solingen Gold Line\u00ae znajduj\u0105 swoje zastosowanie podczas obcinania paznokci grubych oraz zrogowacia\u0142ych. Solidna cz\u0119\u015b\u0107 pracuj\u0105ca ze zw\u0119\u017ceniem na czubku pozwalaj\u0105 na dok\u0142adne docinanie paznokci nawet w wymagaj\u0105cych przypadkach. No\u017cyczki posiadaj\u0105 du\u017ce oka pozwalaj\u0105ce na komfortowy u\u017cytek r\u00f3wnie\u017c osobom z wi\u0119kszymi palcami. Wykorzystana w procesie produkcji wysokiej jako\u015bci stal nierdzewna zapewnia d\u0142ugotrwa\u0142o\u015b\u0107 oraz umo\u017cliwia sterylizacje i dezynfekcje no\u017cyczek. Produkt przeznaczony jest do u\u017cytku zar\u00f3wno amatorskiego jak i profesjonalnego w gabinetach kosmetycznych czy salonach SPA.<\/span><\/p>\n<p><\/br><\/p>\n<h1><span style=\"font-family:arial, helvetica, sans-serif;font-size:10pt;\">Parametry no\u017cyczek do paznokci grubych i zrogowacia\u0142ych<\/span><\/h1>\n<p><\/br><\/p>\n<ul><\/br><\/p>\n<li><span style=\"font-family:arial, helvetica, sans-serif;font-size:10pt;\">Typ: no\u017cyczki do paznokci, ostro-ostre<\/span><\/li>\n<p><\/br><\/p>\n<li><span style=\"font-family:arial, helvetica, sans-serif;font-size:10pt;\">Przeznaczenie: paznokcie grube oraz zrogowacia\u0142e<\/span><\/li>\n<p><\/br><\/p>\n<li><span style=\"font-family:arial, helvetica, sans-serif;font-size:10pt;\">D\u0142ugo\u015b\u0107: 9 cm<\/span><\/li>\n<p><\/br><\/p>\n<li><span style=\"font-family:arial, helvetica, sans-serif;font-size:10pt;\">Wysokiej jako\u015bci stal nierdzewna<\/span><\/li>\n<p><\/br><\/p>\n<li><span style=\"font-family:arial, helvetica, sans-serif;font-size:10pt;\">Produkt wielokrotnego u\u017cytku<\/span><\/li>\n<p><\/br><\/p>\n<li><span style=\"font-family:arial, helvetica, sans-serif;font-size:10pt;\">Produkt niesterylny<\/span><\/li>\n<p><\/br><\/ul>\n<p><\/br><\/p>\n<h2><span style=\"font-family:arial, helvetica, sans-serif;font-size:10pt;\">Zalety wykorzystania no\u017cyczek do zrogowacia\u0142ych i grubych paznokci<\/span><\/h2>\n<p><\/br><\/p>\n<ul><\/br><\/p>\n<li><span style=\"font-family:arial, helvetica, sans-serif;font-size:10pt;\">Odpowiednia konstrukcja oraz jako\u015b\u0107 wyko\u0144czenia produktu pozwalaj\u0105 na prac\u0119 z paznokciami grubymi oraz zrogowacia\u0142ymi<\/span><\/li>\n<p><\/br><\/p>\n<li><span style=\"font-family:arial, helvetica, sans-serif;font-size:10pt;\">Oka r\u0119koje\u015bci o odpowiednim rozmiarze pozwalaj\u0105 na u\u017cytkowanie no\u017cyczek r\u00f3wnie\u017c osobom z wi\u0119kszymi palcami<\/span><\/li>\n<p><\/br><\/p>\n<li><span style=\"font-family:arial, helvetica, sans-serif;font-size:10pt;\">Wysoka jako\u015b\u0107 stali nierdzewnej jest gwarantem d\u0142ugotrwa\u0142o\u015bci i umo\u017cliwia wielokrotn\u0105 sterylizacje instrumentu<\/span><\/li>\n<p><\/br><\/ul>\n<p><\/br><\/p>\n<p><span style=\"font-family:arial, helvetica, sans-serif;font-size:10pt;\">Produkt posiada certyfikaty ISO oraz CE.<\/span><\/p>\n","protected":false},"featured_media":1193,"comment_status":"closed","ping_status":"open","template":"","meta":[],"product_brand":[],"product_cat":[48],"product_tag":[],"class_list":{"0":"post-2458","1":"product","2":"type-product","3":"status-publish","4":"has-post-thumbnail","6":"product_cat-nozyczki-do-skorek-i-paznokci-pl","8":"first","9":"instock","10":"product-type-simple"},"_links":{"self":[{"href":"https:\/\/tendosolingen.de\/pl\/wp-json\/wp\/v2\/product\/2458","targetHints":{"allow":["GET"]}}],"collection":[{"href":"https:\/\/tendosolingen.de\/pl\/wp-json\/wp\/v2\/product"}],"about":[{"href":"https:\/\/tendosolingen.de\/pl\/wp-json\/wp\/v2\/types\/product"}],"replies":[{"embeddable":true,"href":"https:\/\/tendosolingen.de\/pl\/wp-json\/wp\/v2\/comments?post=2458"}],"wp:featuredmedia":[{"embeddable":true,"href":"https:\/\/tendosolingen.de\/pl\/wp-json\/wp\/v2\/media\/1193"}],"wp:attachment":[{"href":"https:\/\/tendosolingen.de\/pl\/wp-json\/wp\/v2\/media?parent=2458"}],"wp:term":[{"taxonomy":"product_brand","embeddable":true,"href":"https:\/\/tendosolingen.de\/pl\/wp-json\/wp\/v2\/product_brand?post=2458"},{"taxonomy":"product_cat","embeddable":true,"href":"https:\/\/tendosolingen.de\/pl\/wp-json\/wp\/v2\/product_cat?post=2458"},{"taxonomy":"product_tag","embeddable":true,"href":"https:\/\/tendosolingen.de\/pl\/wp-json\/wp\/v2\/product_tag?post=2458"}],"curies":[{"name":"wp","href":"https:\/\/api.w.org\/{rel}","templated":true}]}}