{"id":2457,"date":"2024-04-09T22:38:30","date_gmt":"2024-04-09T20:38:30","guid":{"rendered":"https:\/\/tendosolingen.de\/product\/peseta-skosna-i-wygieta-do-regulacji-brwi-tendo-solingen-gold-line\/"},"modified":"2025-11-06T15:40:08","modified_gmt":"2025-11-06T14:40:08","slug":"peseta-skosna-i-wygieta-do-regulacji-brwi-tendo-solingen-gold-line","status":"publish","type":"product","link":"https:\/\/tendosolingen.de\/pl\/produkt\/peseta-skosna-i-wygieta-do-regulacji-brwi-tendo-solingen-gold-line\/","title":{"rendered":"P\u0119seta sko\u015bna i wygi\u0119ta do regulacji brwi Tendo\u00ae Solingen Gold Line"},"content":{"rendered":"<p><span style=\"font-family:arial, helvetica, sans-serif;font-size:10pt;\">Profesjonalna <strong>p\u0119seta sko\u015bna<\/strong>, <span style=\"text-decoration:underline;\">wygi\u0119ta<\/span> przeznaczona <span style=\"text-decoration:underline;\">do regulacji brwi<\/span> oraz depilacji ow\u0142osienia. Pinceta tego typu wykorzystywana jest podczas r\u00f3\u017cnego rodzaju zabiegach kosmetycznych w gabinetach kosmetologicznych, salonach SPA czy klinikach medycyny estetycznej. Odpowiednio wyprofilowana cz\u0119\u015b\u0107 pracuj\u0105ca instrumentu pozwala na bezproblemow\u0105 ekstrakcje w\u0142osk\u00f3w\u00a0 przy zachowaniu najwy\u017cszej precyzji. Do produkcji pensety wykorzystana zosta\u0142a wysokiej jako\u015bci stal nierdzewna gwarantuj\u0105ca d\u0142ugotrwa\u0142o\u015b\u0107 oraz mo\u017cliwo\u015b\u0107 wielokrotnej sterylizacji. Produkt przeznaczony zar\u00f3wno do u\u017cytku amatorskiego w warunkach domowych jak i profesjonalnego.<\/span><\/p>\n<p><\/br><\/p>\n<h1><span style=\"font-family:arial, helvetica, sans-serif;font-size:10pt;\">Parametry p\u0119sety sko\u015bnej do regulacji brwi<\/span><\/h1>\n<p><\/br><\/p>\n<ul><\/br><\/p>\n<li><span style=\"font-family:arial, helvetica, sans-serif;font-size:10pt;\">Typ: penseta sko\u015bna, wygi\u0119ta (slanted tweezer)<\/span><\/li>\n<p><\/br><\/p>\n<li><span style=\"font-family:arial, helvetica, sans-serif;font-size:10pt;\">Przeznaczenie: regulacja brwi, usuwanie w\u0142osk\u00f3w<\/span><\/li>\n<p><\/br><\/p>\n<li><span style=\"font-family:arial, helvetica, sans-serif;font-size:10pt;\">D\u0142ugo\u015b\u0107: 9 cm<\/span><\/li>\n<p><\/br><\/p>\n<li><span style=\"font-family:arial, helvetica, sans-serif;font-size:10pt;\">Wysokiej jako\u015bci stal nierdzewna<\/span><\/li>\n<p><\/br><\/p>\n<li><span style=\"font-family:arial, helvetica, sans-serif;font-size:10pt;\">Produkt wielokrotnego u\u017cytku<\/span><\/li>\n<p><\/br><\/p>\n<li><span style=\"font-family:arial, helvetica, sans-serif;font-size:10pt;\">Produkt niesterylny<\/span><\/li>\n<p><\/br><\/ul>\n<p><\/br><\/p>\n<h2><span style=\"font-family:arial, helvetica, sans-serif;font-size:10pt;\">Zalety wykorzystania p\u0119sety do brwi zakrzywionej<\/span><\/h2>\n<p><\/br><\/p>\n<ul><\/br><\/p>\n<li><span style=\"font-family:arial, helvetica, sans-serif;font-size:10pt;\">Wyprofilowanie ko\u0144c\u00f3wki p\u0119sety pozwala na usuwanie w\u0142osk\u00f3w, regulacje brwi podczas zabieg\u00f3w kosmetycznych<\/span><\/li>\n<p><\/br><\/p>\n<li><span style=\"font-family:arial, helvetica, sans-serif;font-size:10pt;\">Wysoka jako\u015b\u0107 wyko\u0144czenia oraz standard wykorzystanej stali gwarantuj\u0105 d\u0142ugotrwa\u0142o\u015b\u0107 produktu<\/span><\/li>\n<p><\/br><\/p>\n<li><span style=\"font-family:arial, helvetica, sans-serif;font-size:10pt;\">P\u0119seta mo\u017ce by\u0107 wielokrotnie sterylizowana<\/span><\/li>\n<p><\/br><\/ul>\n<p><\/br><\/p>\n<p><span style=\"font-family:arial, helvetica, sans-serif;font-size:10pt;\">Produkt posiada certyfikaty ISO oraz CE.<\/span><\/p>\n","protected":false},"excerpt":{"rendered":"<p><span style=\"font-family:arial, helvetica, sans-serif;font-size:10pt;\">Profesjonalna <strong>p\u0119seta sko\u015bna<\/strong>, <span style=\"text-decoration:underline;\">wygi\u0119ta<\/span> przeznaczona <span style=\"text-decoration:underline;\">do regulacji brwi<\/span> oraz depilacji ow\u0142osienia. Pinceta tego typu wykorzystywana jest podczas r\u00f3\u017cnego rodzaju zabiegach kosmetycznych w gabinetach kosmetologicznych, salonach SPA czy klinikach medycyny estetycznej. Odpowiednio wyprofilowana cz\u0119\u015b\u0107 pracuj\u0105ca instrumentu pozwala na bezproblemow\u0105 ekstrakcje w\u0142osk\u00f3w\u00a0 przy zachowaniu najwy\u017cszej precyzji. Do produkcji pensety wykorzystana zosta\u0142a wysokiej jako\u015bci stal nierdzewna gwarantuj\u0105ca d\u0142ugotrwa\u0142o\u015b\u0107 oraz mo\u017cliwo\u015b\u0107 wielokrotnej sterylizacji. Produkt przeznaczony zar\u00f3wno do u\u017cytku amatorskiego w warunkach domowych jak i profesjonalnego.<\/span><\/p>\n<p><\/br><\/p>\n<h1><span style=\"font-family:arial, helvetica, sans-serif;font-size:10pt;\">Parametry p\u0119sety sko\u015bnej do regulacji brwi<\/span><\/h1>\n<p><\/br><\/p>\n<ul><\/br><\/p>\n<li><span style=\"font-family:arial, helvetica, sans-serif;font-size:10pt;\">Typ: penseta sko\u015bna, wygi\u0119ta (slanted tweezer)<\/span><\/li>\n<p><\/br><\/p>\n<li><span style=\"font-family:arial, helvetica, sans-serif;font-size:10pt;\">Przeznaczenie: regulacja brwi, usuwanie w\u0142osk\u00f3w<\/span><\/li>\n<p><\/br><\/p>\n<li><span style=\"font-family:arial, helvetica, sans-serif;font-size:10pt;\">D\u0142ugo\u015b\u0107: 9 cm<\/span><\/li>\n<p><\/br><\/p>\n<li><span style=\"font-family:arial, helvetica, sans-serif;font-size:10pt;\">Wysokiej jako\u015bci stal nierdzewna<\/span><\/li>\n<p><\/br><\/p>\n<li><span style=\"font-family:arial, helvetica, sans-serif;font-size:10pt;\">Produkt wielokrotnego u\u017cytku<\/span><\/li>\n<p><\/br><\/p>\n<li><span style=\"font-family:arial, helvetica, sans-serif;font-size:10pt;\">Produkt niesterylny<\/span><\/li>\n<p><\/br><\/ul>\n<p><\/br><\/p>\n<h2><span style=\"font-family:arial, helvetica, sans-serif;font-size:10pt;\">Zalety wykorzystania p\u0119sety do brwi zakrzywionej<\/span><\/h2>\n<p><\/br><\/p>\n<ul><\/br><\/p>\n<li><span style=\"font-family:arial, helvetica, sans-serif;font-size:10pt;\">Wyprofilowanie ko\u0144c\u00f3wki p\u0119sety pozwala na usuwanie w\u0142osk\u00f3w, regulacje brwi podczas zabieg\u00f3w kosmetycznych<\/span><\/li>\n<p><\/br><\/p>\n<li><span style=\"font-family:arial, helvetica, sans-serif;font-size:10pt;\">Wysoka jako\u015b\u0107 wyko\u0144czenia oraz standard wykorzystanej stali gwarantuj\u0105 d\u0142ugotrwa\u0142o\u015b\u0107 produktu<\/span><\/li>\n<p><\/br><\/p>\n<li><span style=\"font-family:arial, helvetica, sans-serif;font-size:10pt;\">P\u0119seta mo\u017ce by\u0107 wielokrotnie sterylizowana<\/span><\/li>\n<p><\/br><\/ul>\n<p><\/br><\/p>\n<p><span style=\"font-family:arial, helvetica, sans-serif;font-size:10pt;\">Produkt posiada certyfikaty ISO oraz CE.<\/span><\/p>\n","protected":false},"featured_media":1189,"comment_status":"closed","ping_status":"open","template":"","meta":[],"product_brand":[],"product_cat":[51],"product_tag":[],"class_list":{"0":"post-2457","1":"product","2":"type-product","3":"status-publish","4":"has-post-thumbnail","6":"product_cat-pesety-i-szczypce","8":"first","9":"instock","10":"product-type-simple"},"_links":{"self":[{"href":"https:\/\/tendosolingen.de\/pl\/wp-json\/wp\/v2\/product\/2457","targetHints":{"allow":["GET"]}}],"collection":[{"href":"https:\/\/tendosolingen.de\/pl\/wp-json\/wp\/v2\/product"}],"about":[{"href":"https:\/\/tendosolingen.de\/pl\/wp-json\/wp\/v2\/types\/product"}],"replies":[{"embeddable":true,"href":"https:\/\/tendosolingen.de\/pl\/wp-json\/wp\/v2\/comments?post=2457"}],"wp:featuredmedia":[{"embeddable":true,"href":"https:\/\/tendosolingen.de\/pl\/wp-json\/wp\/v2\/media\/1189"}],"wp:attachment":[{"href":"https:\/\/tendosolingen.de\/pl\/wp-json\/wp\/v2\/media?parent=2457"}],"wp:term":[{"taxonomy":"product_brand","embeddable":true,"href":"https:\/\/tendosolingen.de\/pl\/wp-json\/wp\/v2\/product_brand?post=2457"},{"taxonomy":"product_cat","embeddable":true,"href":"https:\/\/tendosolingen.de\/pl\/wp-json\/wp\/v2\/product_cat?post=2457"},{"taxonomy":"product_tag","embeddable":true,"href":"https:\/\/tendosolingen.de\/pl\/wp-json\/wp\/v2\/product_tag?post=2457"}],"curies":[{"name":"wp","href":"https:\/\/api.w.org\/{rel}","templated":true}]}}