{"id":2456,"date":"2024-04-09T22:38:30","date_gmt":"2024-04-09T20:38:30","guid":{"rendered":"https:\/\/tendosolingen.de\/product\/nozyczki-do-wycinania-skorek-paznokci-proste-tendo-solingen-gold-line\/"},"modified":"2025-11-06T15:40:08","modified_gmt":"2025-11-06T14:40:08","slug":"nozyczki-do-wycinania-skorek-paznokci-proste-tendo-solingen-gold-line","status":"publish","type":"product","link":"https:\/\/tendosolingen.de\/pl\/produkt\/nozyczki-do-wycinania-skorek-paznokci-proste-tendo-solingen-gold-line\/","title":{"rendered":"No\u017cyczki do wycinania sk\u00f3rek paznokci proste Tendo Solingen Gold Line\u00ae"},"content":{"rendered":"<p class=\"p1\" style=\"line-height:14.4pt;\"><span style=\"font-size:10pt;font-family:arial, helvetica, sans-serif;\"><span style=\"text-decoration:underline;\">Precyzyjne no\u017cyczki do wycinania sk\u00f3rek<\/span> Tendo Solingen s\u0105 jednym z podstawowych instrument\u00f3w wykorzystywanych podczas zabieg\u00f3w manicure. Bardzo smuk\u0142a, spiczasta cz\u0119\u015b\u0107 pracuj\u0105ca umo\u017cliwia precyzyjne, bezproblemowe usuwanie nask\u00f3rka z okolic paznokcia. Zastosowanie wysokiej jako\u015bci stali niemieckiej jest gwarantem d\u0142ugotrwa\u0142o\u015bci i umo\u017cliwia wielokrotn\u0105 sterylizacje. Produkt przeznaczony jest zar\u00f3wno do u\u017cytku amatorskiego jak i profesjonalnego w salonach kosmetycznych, SPA czy gabinetach medycyny estetycznej. Wyprofilowanie produktu pozwala na korzystanie z niego u\u017cytkownikom prawo- jak i lewor\u0119cznym.<\/span><\/p>\n<p><\/br><\/p>\n<h1 class=\"p1\" style=\"line-height:14.4pt;\"><span style=\"font-size:10pt;font-family:arial, helvetica, sans-serif;\">Parametry no\u017cyczek do usuwania sk\u00f3rek<\/span><\/h1>\n<p><\/br><\/p>\n<ul><\/br><\/p>\n<li class=\"p1\" style=\"line-height:14.4pt;\"><span style=\"font-size:10pt;font-family:arial, helvetica, sans-serif;\">Typ: no\u017cyczki kosmetyczne, ostro-ostre<\/span><\/li>\n<p><\/br><\/p>\n<li class=\"p1\" style=\"line-height:14.4pt;\"><span style=\"font-size:10pt;font-family:arial, helvetica, sans-serif;\">Przeznaczenie: nask\u00f3rek w okolicach paznokcia<\/span><\/li>\n<p><\/br><\/p>\n<li class=\"p1\" style=\"line-height:14.4pt;\"><span style=\"font-size:10pt;font-family:arial, helvetica, sans-serif;\">D\u0142ugo\u015b\u0107: 9 cm<\/span><\/li>\n<p><\/br><\/p>\n<li class=\"p1\" style=\"line-height:14.4pt;\"><span style=\"font-size:10pt;font-family:arial, helvetica, sans-serif;\">Spiczasta, cienka ko\u0144c\u00f3wka<\/span><\/li>\n<p><\/br><\/p>\n<li class=\"p1\" style=\"line-height:14.4pt;\"><span style=\"font-size:10pt;font-family:arial, helvetica, sans-serif;\">Wysokiej jako\u015bci stal nierdzewna<\/span><\/li>\n<p><\/br><\/p>\n<li class=\"p1\" style=\"line-height:14.4pt;\"><span style=\"font-size:10pt;font-family:arial, helvetica, sans-serif;\">Produkt wielokrotnego u\u017cytku<\/span><\/li>\n<p><\/br><\/p>\n<li class=\"p1\" style=\"line-height:14.4pt;\"><span style=\"font-size:10pt;font-family:arial, helvetica, sans-serif;\">Produkt niesterylny<\/span><\/li>\n<p><\/br><\/ul>\n<p><\/br><\/p>\n<h2 class=\"p1\" style=\"line-height:14.4pt;\"><span style=\"font-size:10pt;font-family:arial, helvetica, sans-serif;\">Zalety wykorzystania no\u017cyczek do obcinania sk\u00f3rek Solingen<\/span><\/h2>\n<p><\/br><\/p>\n<ul><\/br><\/p>\n<li class=\"p1\" style=\"line-height:14.4pt;\"><span style=\"font-size:10pt;font-family:arial, helvetica, sans-serif;\">Odpowiednie wyprofilowanie instrumentu \u2013 w\u0105ska, spiczasta cz\u0119\u015b\u0107 pracuj\u0105ca \u2013 pozwala na bezproblemowe, dok\u0142adne wycinanie sk\u00f3rek z okolicy p\u0142ytki paznokcia<\/span><\/li>\n<p><\/br><\/p>\n<li class=\"p1\" style=\"line-height:14.4pt;\"><span style=\"font-size:10pt;font-family:arial, helvetica, sans-serif;\">Wykorzystanie wysokiej jako\u015bci stali nierdzewnej umo\u017cliwia wielokrotn\u0105 sterylizacje i zapewnia d\u0142ugotrwa\u0142o\u015b\u0107 produktu<\/span><\/li>\n<p><\/br><\/p>\n<li class=\"p1\" style=\"line-height:14.4pt;\"><span style=\"font-size:10pt;font-family:arial, helvetica, sans-serif;\">No\u017cyczki przeznaczone do u\u017cytku zar\u00f3wno przez amator\u00f3w oraz profesjonalist\u00f3w<\/span><\/li>\n<p><\/br><\/ul>\n<p><\/br><\/p>\n<p class=\"p1\" style=\"line-height:14.4pt;\"><span style=\"font-size:10pt;font-family:Arial, sans-serif;\"><span style=\"font-family:arial, helvetica, sans-serif;\">Produkt posiada certyfikaty CE oraz ISO.<\/span> <\/span><\/p>\n","protected":false},"excerpt":{"rendered":"<p class=\"p1\" style=\"line-height:14.4pt;\"><span style=\"font-size:10pt;font-family:arial, helvetica, sans-serif;\"><span style=\"text-decoration:underline;\">Precyzyjne no\u017cyczki do wycinania sk\u00f3rek<\/span> Tendo Solingen s\u0105 jednym z podstawowych instrument\u00f3w wykorzystywanych podczas zabieg\u00f3w manicure. Bardzo smuk\u0142a, spiczasta cz\u0119\u015b\u0107 pracuj\u0105ca umo\u017cliwia precyzyjne, bezproblemowe usuwanie nask\u00f3rka z okolic paznokcia. Zastosowanie wysokiej jako\u015bci stali niemieckiej jest gwarantem d\u0142ugotrwa\u0142o\u015bci i umo\u017cliwia wielokrotn\u0105 sterylizacje. Produkt przeznaczony jest zar\u00f3wno do u\u017cytku amatorskiego jak i profesjonalnego w salonach kosmetycznych, SPA czy gabinetach medycyny estetycznej. Wyprofilowanie produktu pozwala na korzystanie z niego u\u017cytkownikom prawo- jak i lewor\u0119cznym.<\/span><\/p>\n<p><\/br><\/p>\n<h1 class=\"p1\" style=\"line-height:14.4pt;\"><span style=\"font-size:10pt;font-family:arial, helvetica, sans-serif;\">Parametry no\u017cyczek do usuwania sk\u00f3rek<\/span><\/h1>\n<p><\/br><\/p>\n<ul><\/br><\/p>\n<li class=\"p1\" style=\"line-height:14.4pt;\"><span style=\"font-size:10pt;font-family:arial, helvetica, sans-serif;\">Typ: no\u017cyczki kosmetyczne, ostro-ostre<\/span><\/li>\n<p><\/br><\/p>\n<li class=\"p1\" style=\"line-height:14.4pt;\"><span style=\"font-size:10pt;font-family:arial, helvetica, sans-serif;\">Przeznaczenie: nask\u00f3rek w okolicach paznokcia<\/span><\/li>\n<p><\/br><\/p>\n<li class=\"p1\" style=\"line-height:14.4pt;\"><span style=\"font-size:10pt;font-family:arial, helvetica, sans-serif;\">D\u0142ugo\u015b\u0107: 9 cm<\/span><\/li>\n<p><\/br><\/p>\n<li class=\"p1\" style=\"line-height:14.4pt;\"><span style=\"font-size:10pt;font-family:arial, helvetica, sans-serif;\">Spiczasta, cienka ko\u0144c\u00f3wka<\/span><\/li>\n<p><\/br><\/p>\n<li class=\"p1\" style=\"line-height:14.4pt;\"><span style=\"font-size:10pt;font-family:arial, helvetica, sans-serif;\">Wysokiej jako\u015bci stal nierdzewna<\/span><\/li>\n<p><\/br><\/p>\n<li class=\"p1\" style=\"line-height:14.4pt;\"><span style=\"font-size:10pt;font-family:arial, helvetica, sans-serif;\">Produkt wielokrotnego u\u017cytku<\/span><\/li>\n<p><\/br><\/p>\n<li class=\"p1\" style=\"line-height:14.4pt;\"><span style=\"font-size:10pt;font-family:arial, helvetica, sans-serif;\">Produkt niesterylny<\/span><\/li>\n<p><\/br><\/ul>\n<p><\/br><\/p>\n<h2 class=\"p1\" style=\"line-height:14.4pt;\"><span style=\"font-size:10pt;font-family:arial, helvetica, sans-serif;\">Zalety wykorzystania no\u017cyczek do obcinania sk\u00f3rek Solingen<\/span><\/h2>\n<p><\/br><\/p>\n<ul><\/br><\/p>\n<li class=\"p1\" style=\"line-height:14.4pt;\"><span style=\"font-size:10pt;font-family:arial, helvetica, sans-serif;\">Odpowiednie wyprofilowanie instrumentu \u2013 w\u0105ska, spiczasta cz\u0119\u015b\u0107 pracuj\u0105ca \u2013 pozwala na bezproblemowe, dok\u0142adne wycinanie sk\u00f3rek z okolicy p\u0142ytki paznokcia<\/span><\/li>\n<p><\/br><\/p>\n<li class=\"p1\" style=\"line-height:14.4pt;\"><span style=\"font-size:10pt;font-family:arial, helvetica, sans-serif;\">Wykorzystanie wysokiej jako\u015bci stali nierdzewnej umo\u017cliwia wielokrotn\u0105 sterylizacje i zapewnia d\u0142ugotrwa\u0142o\u015b\u0107 produktu<\/span><\/li>\n<p><\/br><\/p>\n<li class=\"p1\" style=\"line-height:14.4pt;\"><span style=\"font-size:10pt;font-family:arial, helvetica, sans-serif;\">No\u017cyczki przeznaczone do u\u017cytku zar\u00f3wno przez amator\u00f3w oraz profesjonalist\u00f3w<\/span><\/li>\n<p><\/br><\/ul>\n<p><\/br><\/p>\n<p class=\"p1\" style=\"line-height:14.4pt;\"><span style=\"font-size:10pt;font-family:Arial, sans-serif;\"><span style=\"font-family:arial, helvetica, sans-serif;\">Produkt posiada certyfikaty CE oraz ISO.<\/span> <\/span><\/p>\n","protected":false},"featured_media":1185,"comment_status":"closed","ping_status":"open","template":"","meta":[],"product_brand":[],"product_cat":[48],"product_tag":[],"class_list":{"0":"post-2456","1":"product","2":"type-product","3":"status-publish","4":"has-post-thumbnail","6":"product_cat-nozyczki-do-skorek-i-paznokci-pl","8":"first","9":"instock","10":"product-type-simple"},"_links":{"self":[{"href":"https:\/\/tendosolingen.de\/pl\/wp-json\/wp\/v2\/product\/2456","targetHints":{"allow":["GET"]}}],"collection":[{"href":"https:\/\/tendosolingen.de\/pl\/wp-json\/wp\/v2\/product"}],"about":[{"href":"https:\/\/tendosolingen.de\/pl\/wp-json\/wp\/v2\/types\/product"}],"replies":[{"embeddable":true,"href":"https:\/\/tendosolingen.de\/pl\/wp-json\/wp\/v2\/comments?post=2456"}],"wp:featuredmedia":[{"embeddable":true,"href":"https:\/\/tendosolingen.de\/pl\/wp-json\/wp\/v2\/media\/1185"}],"wp:attachment":[{"href":"https:\/\/tendosolingen.de\/pl\/wp-json\/wp\/v2\/media?parent=2456"}],"wp:term":[{"taxonomy":"product_brand","embeddable":true,"href":"https:\/\/tendosolingen.de\/pl\/wp-json\/wp\/v2\/product_brand?post=2456"},{"taxonomy":"product_cat","embeddable":true,"href":"https:\/\/tendosolingen.de\/pl\/wp-json\/wp\/v2\/product_cat?post=2456"},{"taxonomy":"product_tag","embeddable":true,"href":"https:\/\/tendosolingen.de\/pl\/wp-json\/wp\/v2\/product_tag?post=2456"}],"curies":[{"name":"wp","href":"https:\/\/api.w.org\/{rel}","templated":true}]}}