{"id":2455,"date":"2024-04-09T22:38:30","date_gmt":"2024-04-09T20:38:30","guid":{"rendered":"https:\/\/tendosolingen.de\/product\/nozyczki-do-obcinania-paznokci-proste-tendo-solingen-gold-line\/"},"modified":"2025-11-06T15:40:08","modified_gmt":"2025-11-06T14:40:08","slug":"nozyczki-do-obcinania-paznokci-proste-tendo-solingen-gold-line","status":"publish","type":"product","link":"https:\/\/tendosolingen.de\/pl\/produkt\/nozyczki-do-obcinania-paznokci-proste-tendo-solingen-gold-line\/","title":{"rendered":"No\u017cyczki do obcinania paznokci proste Tendo Solingen\u00ae Gold Line"},"content":{"rendered":"<p class=\"p1\" style=\"line-height:14.4pt;\"><span style=\"font-family:arial, helvetica, sans-serif;font-size:10pt;\">No\u017cyczki kosmetyczne marki\u00a0Tendo Solingen\u00ae z serii Gold S-Line d\u0142ugo\u015bci 9 cm przeznaczone s\u0105 <span style=\"text-decoration:underline;\">do obcinania paznokci<\/span> zar\u00f3wno w warunkach domowych jak i profesjonalnych gabinetach kosmetycznych, klinikach medycyny estetycznej, SPA. Odpowiednia d\u0142ugo\u015b\u0107 umo\u017cliwia proste korzystanie z no\u017cyczek. Zosta\u0142y one wyprofilowane w spos\u00f3b umo\u017cliwiaj\u0105cy u\u017cytkowanie ich zar\u00f3wno przez osoby prawo- jak i lewor\u0119czne. Produkt wykonany jest z wysokiej jako\u015bci stali niemieckiej o bardzo dobrych w\u0142a\u015bciwo\u015bciach antykorozyjnych.\u00a0<\/span><\/p>\n<p><\/br><\/p>\n<h1 class=\"p1\" style=\"line-height:14.4pt;\"><span style=\"font-size:10pt;font-family:arial, helvetica, sans-serif;\">Parametry no\u017cyczek do obcinania paznokci<\/span><\/h1>\n<p><\/br><\/p>\n<ul><\/br><\/p>\n<li class=\"p1\" style=\"line-height:14.4pt;\"><span style=\"font-size:10pt;font-family:arial, helvetica, sans-serif;\">Typ: no\u017cyczki ostro-ostre, proste<\/span><\/li>\n<p><\/br><\/p>\n<li class=\"p1\" style=\"line-height:14.4pt;\"><span style=\"font-size:10pt;font-family:arial, helvetica, sans-serif;\">Przeznaczenie: paznokcie<\/span><\/li>\n<p><\/br><\/p>\n<li class=\"p1\" style=\"line-height:14.4pt;\"><span style=\"font-size:10pt;font-family:arial, helvetica, sans-serif;\">D\u0142ugo\u015b\u0107 ca\u0142kowita: 9 cm<\/span><\/li>\n<p><\/br><\/p>\n<li class=\"p1\" style=\"line-height:14.4pt;\"><span style=\"font-size:10pt;font-family:arial, helvetica, sans-serif;\">D\u0142ugo\u015b\u0107 ostrza: 2,5 cm<\/span><\/li>\n<p><\/br><\/p>\n<li class=\"p1\" style=\"line-height:14.4pt;\"><span style=\"font-size:10pt;font-family:arial, helvetica, sans-serif;\">Wysokiej jako\u015bci stal niemiecka<\/span><\/li>\n<p><\/br><\/p>\n<li class=\"p1\" style=\"line-height:14.4pt;\"><span style=\"font-size:10pt;font-family:arial, helvetica, sans-serif;\">Produkt niesterylny<\/span><\/li>\n<p><\/br><\/p>\n<li class=\"p1\" style=\"line-height:14.4pt;\"><span style=\"font-size:10pt;font-family:arial, helvetica, sans-serif;\">Produkt wielorazowego u\u017cytku<\/span><\/li>\n<p><\/br><\/ul>\n<p><\/br><\/p>\n<h2 class=\"p1\" style=\"line-height:14.4pt;\"><span style=\"font-size:10pt;font-family:arial, helvetica, sans-serif;\">Zalety wykorzystania no\u017cyczek do paznokci ze stali chirurgicznej<\/span><\/h2>\n<p><\/br><\/p>\n<ul><\/br><\/p>\n<li class=\"p1\" style=\"line-height:14.4pt;\"><span style=\"font-size:10pt;font-family:arial, helvetica, sans-serif;\">Odpowiednie wyprofilowanie produktu umo\u017cliwia korzystanie z niego zar\u00f3wno osobom prawo- jak i lewor\u0119cznym<\/span><\/li>\n<p><\/br><\/p>\n<li class=\"p1\" style=\"line-height:14.4pt;\"><span style=\"font-size:10pt;font-family:arial, helvetica, sans-serif;\">Wysoka jako\u015b\u0107 wyko\u0144czenia produktu jest gwarancj\u0105 precyzji oraz \u0142atwo\u015bci u\u017cytkowania<\/span><\/li>\n<p><\/br><\/p>\n<li class=\"p1\" style=\"line-height:14.4pt;\"><span style=\"font-size:10pt;font-family:arial, helvetica, sans-serif;\">Wykorzystanie stali niemieckiej jest gwarantem d\u0142ugotrwa\u0142o\u015bci i umo\u017cliwia wielokrotn\u0105 sterylizacje<\/span><\/li>\n<p><\/br><\/ul>\n<p><\/br><\/p>\n<p class=\"p1\" style=\"line-height:14.4pt;\"><span style=\"font-size:10pt;font-family:arial, helvetica, sans-serif;\">Produkt posiada certyfikaty CE oraz ISO. Przeznaczony do u\u017cytku amatorskiego oraz profesjonalnego.<\/span><\/p>\n","protected":false},"excerpt":{"rendered":"<p class=\"p1\" style=\"line-height:14.4pt;\"><span style=\"font-family:arial, helvetica, sans-serif;font-size:10pt;\">No\u017cyczki kosmetyczne marki\u00a0Tendo Solingen\u00ae z serii Gold S-Line d\u0142ugo\u015bci 9 cm przeznaczone s\u0105 <span style=\"text-decoration:underline;\">do obcinania paznokci<\/span> zar\u00f3wno w warunkach domowych jak i profesjonalnych gabinetach kosmetycznych, klinikach medycyny estetycznej, SPA. Odpowiednia d\u0142ugo\u015b\u0107 umo\u017cliwia proste korzystanie z no\u017cyczek. Zosta\u0142y one wyprofilowane w spos\u00f3b umo\u017cliwiaj\u0105cy u\u017cytkowanie ich zar\u00f3wno przez osoby prawo- jak i lewor\u0119czne. Produkt wykonany jest z wysokiej jako\u015bci stali niemieckiej o bardzo dobrych w\u0142a\u015bciwo\u015bciach antykorozyjnych.\u00a0<\/span><\/p>\n<p><\/br><\/p>\n<h1 class=\"p1\" style=\"line-height:14.4pt;\"><span style=\"font-size:10pt;font-family:arial, helvetica, sans-serif;\">Parametry no\u017cyczek do obcinania paznokci<\/span><\/h1>\n<p><\/br><\/p>\n<ul><\/br><\/p>\n<li class=\"p1\" style=\"line-height:14.4pt;\"><span style=\"font-size:10pt;font-family:arial, helvetica, sans-serif;\">Typ: no\u017cyczki ostro-ostre, proste<\/span><\/li>\n<p><\/br><\/p>\n<li class=\"p1\" style=\"line-height:14.4pt;\"><span style=\"font-size:10pt;font-family:arial, helvetica, sans-serif;\">Przeznaczenie: paznokcie<\/span><\/li>\n<p><\/br><\/p>\n<li class=\"p1\" style=\"line-height:14.4pt;\"><span style=\"font-size:10pt;font-family:arial, helvetica, sans-serif;\">D\u0142ugo\u015b\u0107 ca\u0142kowita: 9 cm<\/span><\/li>\n<p><\/br><\/p>\n<li class=\"p1\" style=\"line-height:14.4pt;\"><span style=\"font-size:10pt;font-family:arial, helvetica, sans-serif;\">D\u0142ugo\u015b\u0107 ostrza: 2,5 cm<\/span><\/li>\n<p><\/br><\/p>\n<li class=\"p1\" style=\"line-height:14.4pt;\"><span style=\"font-size:10pt;font-family:arial, helvetica, sans-serif;\">Wysokiej jako\u015bci stal niemiecka<\/span><\/li>\n<p><\/br><\/p>\n<li class=\"p1\" style=\"line-height:14.4pt;\"><span style=\"font-size:10pt;font-family:arial, helvetica, sans-serif;\">Produkt niesterylny<\/span><\/li>\n<p><\/br><\/p>\n<li class=\"p1\" style=\"line-height:14.4pt;\"><span style=\"font-size:10pt;font-family:arial, helvetica, sans-serif;\">Produkt wielorazowego u\u017cytku<\/span><\/li>\n<p><\/br><\/ul>\n<p><\/br><\/p>\n<h2 class=\"p1\" style=\"line-height:14.4pt;\"><span style=\"font-size:10pt;font-family:arial, helvetica, sans-serif;\">Zalety wykorzystania no\u017cyczek do paznokci ze stali chirurgicznej<\/span><\/h2>\n<p><\/br><\/p>\n<ul><\/br><\/p>\n<li class=\"p1\" style=\"line-height:14.4pt;\"><span style=\"font-size:10pt;font-family:arial, helvetica, sans-serif;\">Odpowiednie wyprofilowanie produktu umo\u017cliwia korzystanie z niego zar\u00f3wno osobom prawo- jak i lewor\u0119cznym<\/span><\/li>\n<p><\/br><\/p>\n<li class=\"p1\" style=\"line-height:14.4pt;\"><span style=\"font-size:10pt;font-family:arial, helvetica, sans-serif;\">Wysoka jako\u015b\u0107 wyko\u0144czenia produktu jest gwarancj\u0105 precyzji oraz \u0142atwo\u015bci u\u017cytkowania<\/span><\/li>\n<p><\/br><\/p>\n<li class=\"p1\" style=\"line-height:14.4pt;\"><span style=\"font-size:10pt;font-family:arial, helvetica, sans-serif;\">Wykorzystanie stali niemieckiej jest gwarantem d\u0142ugotrwa\u0142o\u015bci i umo\u017cliwia wielokrotn\u0105 sterylizacje<\/span><\/li>\n<p><\/br><\/ul>\n<p><\/br><\/p>\n<p class=\"p1\" style=\"line-height:14.4pt;\"><span style=\"font-size:10pt;font-family:arial, helvetica, sans-serif;\">Produkt posiada certyfikaty CE oraz ISO. Przeznaczony do u\u017cytku amatorskiego oraz profesjonalnego.<\/span><\/p>\n","protected":false},"featured_media":1181,"comment_status":"closed","ping_status":"open","template":"","meta":[],"product_brand":[],"product_cat":[48],"product_tag":[],"class_list":{"0":"post-2455","1":"product","2":"type-product","3":"status-publish","4":"has-post-thumbnail","6":"product_cat-nozyczki-do-skorek-i-paznokci-pl","8":"first","9":"instock","10":"product-type-simple"},"_links":{"self":[{"href":"https:\/\/tendosolingen.de\/pl\/wp-json\/wp\/v2\/product\/2455","targetHints":{"allow":["GET"]}}],"collection":[{"href":"https:\/\/tendosolingen.de\/pl\/wp-json\/wp\/v2\/product"}],"about":[{"href":"https:\/\/tendosolingen.de\/pl\/wp-json\/wp\/v2\/types\/product"}],"replies":[{"embeddable":true,"href":"https:\/\/tendosolingen.de\/pl\/wp-json\/wp\/v2\/comments?post=2455"}],"wp:featuredmedia":[{"embeddable":true,"href":"https:\/\/tendosolingen.de\/pl\/wp-json\/wp\/v2\/media\/1181"}],"wp:attachment":[{"href":"https:\/\/tendosolingen.de\/pl\/wp-json\/wp\/v2\/media?parent=2455"}],"wp:term":[{"taxonomy":"product_brand","embeddable":true,"href":"https:\/\/tendosolingen.de\/pl\/wp-json\/wp\/v2\/product_brand?post=2455"},{"taxonomy":"product_cat","embeddable":true,"href":"https:\/\/tendosolingen.de\/pl\/wp-json\/wp\/v2\/product_cat?post=2455"},{"taxonomy":"product_tag","embeddable":true,"href":"https:\/\/tendosolingen.de\/pl\/wp-json\/wp\/v2\/product_tag?post=2455"}],"curies":[{"name":"wp","href":"https:\/\/api.w.org\/{rel}","templated":true}]}}