{"id":2454,"date":"2024-04-09T22:38:30","date_gmt":"2024-04-09T20:38:30","guid":{"rendered":"https:\/\/tendosolingen.de\/product\/peseta-do-rzes-tytanowa-zagieta-spiczasta-tendo-solingen-gold-titanium\/"},"modified":"2025-11-06T15:40:08","modified_gmt":"2025-11-06T14:40:08","slug":"peseta-do-rzes-tytanowa-zagieta-spiczasta-tendo-solingen-gold-titanium","status":"publish","type":"product","link":"https:\/\/tendosolingen.de\/pl\/produkt\/peseta-do-rzes-tytanowa-zagieta-spiczasta-tendo-solingen-gold-titanium\/","title":{"rendered":"P\u0119seta do rz\u0119s tytanowa zagi\u0119ta spiczasta Tendo\u00ae Solingen Gold Titanium"},"content":{"rendered":"<p class=\"p1\" style=\"line-height:14.4pt;\"><span style=\"font-family:arial, helvetica, sans-serif;font-size:10pt;\">Profesjonalna, <em>najlepsza<\/em> pinceta kosmetyczna <strong>Tendo\u00ae Solingen<\/strong>\u00a0Gold Titanium o zagi\u0119tej, ostrej ko\u0144c\u00f3wce przeznaczona jest do wykorzystania podczas r\u00f3\u017cnego rodzaju zabieg\u00f3w kosmetycznych. Precyzyjna, w\u0105ska ko\u0144c\u00f3wka umo\u017cliwia prost\u0105, dok\u0142adn\u0105 stylizacje rz\u0119s. Penseta do rz\u0119s wykonana jest z tytanu, dzi\u0119ki czemu jest bardzo lekka i ponadprzeci\u0119tnie wytrzyma\u0142a. Wysoka jako\u015b\u0107 wykorzystanych materia\u0142\u00f3w umo\u017cliwia wielokrotn\u0105 sterylizacje produktu. Odpowiedniej szeroko\u015bci r\u0119koje\u015b\u0107 umo\u017cliwia pewny, wygodny chwyt.\u00a0Mo\u017ce by\u0107 tak\u017ce wykorzystywana do <span style=\"text-decoration:underline;\">rozdzielania<\/span>, <em>separacji i stylizacji<\/em> rz\u0119s.\u00a0<\/span><\/p>\n<p><\/br><\/p>\n<h1 class=\"p1\" style=\"line-height:14.4pt;\"><span style=\"font-family:arial, helvetica, sans-serif;font-size:10pt;\">Parametry p\u0119sety zagi\u0119tej spiczastej do rz\u0119s<\/span><\/h1>\n<p><\/br><\/p>\n<ul><\/br><\/p>\n<li class=\"p1\" style=\"line-height:14.4pt;\"><span style=\"font-family:arial, helvetica, sans-serif;font-size:10pt;\">typ: pinceta kosmetyczna<\/span><\/li>\n<p><\/br><\/p>\n<li class=\"p1\" style=\"line-height:14.4pt;\"><span style=\"font-family:arial, helvetica, sans-serif;font-size:10pt;\">przeznaczenie: do regulacji rz\u0119s,\u00a0do usuwania w\u0142osk\u00f3w<\/span><\/li>\n<p><\/br><\/p>\n<li class=\"p1\" style=\"line-height:14.4pt;\"><span style=\"font-family:arial, helvetica, sans-serif;font-size:10pt;\">d\u0142ugo\u015b\u0107 ca\u0142kowita: 12 cm<\/span><\/li>\n<p><\/br><\/p>\n<li class=\"p1\" style=\"line-height:14.4pt;\"><span style=\"font-family:arial, helvetica, sans-serif;font-size:10pt;\">design in Germany<\/span><\/li>\n<p><\/br><\/p>\n<li class=\"p1\" style=\"line-height:14.4pt;\"><span style=\"font-family:arial, helvetica, sans-serif;font-size:10pt;\">szeroko\u015b\u0107 r\u0119koje\u015bci: 8 mm<\/span><\/li>\n<p><\/br><\/p>\n<li class=\"p1\" style=\"line-height:14.4pt;\"><span style=\"font-family:arial, helvetica, sans-serif;font-size:10pt;\">d\u0142ugo\u015b\u0107 cz\u0119\u015bci pracuj\u0105cej: 12 mm<\/span><\/li>\n<p><\/br><\/p>\n<li class=\"p1\" style=\"line-height:14.4pt;\"><span style=\"font-family:arial, helvetica, sans-serif;font-size:10pt;\">specjalnie zaprojektowana linia Gold Line dla specjalist\u00f3w<\/span><\/li>\n<p><\/br><\/p>\n<li class=\"p1\" style=\"line-height:14.4pt;\"><span style=\"font-family:arial, helvetica, sans-serif;font-size:10pt;\">wyprodukowana z tytanu<\/span><\/li>\n<p><\/br><\/p>\n<li class=\"p1\" style=\"line-height:14.4pt;\"><span style=\"font-family:arial, helvetica, sans-serif;font-size:10pt;\">produkt wielokrotnego u\u017cytku<\/span><\/li>\n<p><\/br><\/p>\n<li class=\"p1\" style=\"line-height:14.4pt;\"><span style=\"font-family:arial, helvetica, sans-serif;font-size:10pt;\">produkt niesterylny<\/span><\/li>\n<p><\/br><\/ul>\n<p><\/br><\/p>\n<h2 class=\"p1\" style=\"line-height:14.4pt;\"><span style=\"font-family:arial, helvetica, sans-serif;font-size:10pt;\">Zalety wykorzystania p\u0119sety do rz\u0119s\u00a0<\/span><\/h2>\n<p><\/br><\/p>\n<ul><\/br><\/p>\n<li class=\"p1\" style=\"line-height:14.4pt;\"><span style=\"font-family:arial, helvetica, sans-serif;font-size:10pt;\">odpowiednie wyprofilowanie oraz precyzja wyko\u0144czenia zapewnia pewno\u015b\u0107 dzia\u0142a\u0144 podczas przeprowadzanych zabieg\u00f3w<\/span><\/li>\n<p><\/br><\/p>\n<li class=\"p1\" style=\"line-height:14.4pt;\"><span style=\"font-family:arial, helvetica, sans-serif;font-size:10pt;\">r\u0119koje\u015b\u0107 o optymalnej szeroko\u015bci pozwala na pewny chwyt przy minimalnym zm\u0119czeniu mi\u0119\u015bniowym<\/span><\/li>\n<p><\/br><\/p>\n<li class=\"p1\" style=\"line-height:14.4pt;\"><span style=\"font-family:arial, helvetica, sans-serif;font-size:10pt;\">wykorzystanie tytanu w procesie produkcji jest gwarantem ponadprzeci\u0119tnej wytrzyma\u0142o\u015bci<\/span><\/li>\n<p><\/br><\/p>\n<li class=\"p1\" style=\"line-height:14.4pt;\"><span style=\"font-size:10pt;font-family:arial, helvetica, sans-serif;\">uniwersalne zastosowanie do aplikacji sztucznych rz\u0119s, do przed\u0142u\u017cania rz\u0119s obj\u0119to\u015bciowych czy do doklejania rz\u0119s.<\/span><\/li>\n<p><\/br><\/p>\n<li class=\"p1\" style=\"line-height:14.4pt;\"><span style=\"font-size:10pt;font-family:arial, helvetica, sans-serif;\">3-letnia gwarancja producenta<\/span><\/li>\n<p><\/br><\/ul>\n<p><\/br><\/p>\n<p class=\"p1\" style=\"line-height:14.4pt;\"><span style=\"font-family:arial, helvetica, sans-serif;font-size:10pt;\">Profesjonalne oraz precyzyjne narz\u0119dzia kosmetyczne wykorzystywane w zabiegach medycyny estetycznej (c\u0105\u017cki do sk\u00f3rek, kopytka, rade\u0142ka do sk\u00f3rek, p\u0119sety kosmetyczne, d\u0142utka, pensety chirurgiczne, no\u017cyczki kosmetyczne, przyrz\u0105d do odsuwania sk\u00f3rek) oferowane przez nasz sklep to gwarancja najwy\u017cszej jako\u015bci. Ka\u017cde narz\u0119dzie jest fabrycznie nowe, dok\u0142adnie sprawdzane\u00a0oraz posiada certyfikaty ISO 9001:2008 oraz certyfikat CE.<\/span><\/p>\n","protected":false},"excerpt":{"rendered":"<p class=\"p1\" style=\"line-height:14.4pt;\"><span style=\"font-family:arial, helvetica, sans-serif;font-size:10pt;\">Profesjonalna, <em>najlepsza<\/em> pinceta kosmetyczna <strong>Tendo\u00ae Solingen<\/strong>\u00a0Gold Titanium o zagi\u0119tej, ostrej ko\u0144c\u00f3wce przeznaczona jest do wykorzystania podczas r\u00f3\u017cnego rodzaju zabieg\u00f3w kosmetycznych. Precyzyjna, w\u0105ska ko\u0144c\u00f3wka umo\u017cliwia prost\u0105, dok\u0142adn\u0105 stylizacje rz\u0119s. Penseta do rz\u0119s wykonana jest z tytanu, dzi\u0119ki czemu jest bardzo lekka i ponadprzeci\u0119tnie wytrzyma\u0142a. Wysoka jako\u015b\u0107 wykorzystanych materia\u0142\u00f3w umo\u017cliwia wielokrotn\u0105 sterylizacje produktu. Odpowiedniej szeroko\u015bci r\u0119koje\u015b\u0107 umo\u017cliwia pewny, wygodny chwyt.\u00a0Mo\u017ce by\u0107 tak\u017ce wykorzystywana do <span style=\"text-decoration:underline;\">rozdzielania<\/span>, <em>separacji i stylizacji<\/em> rz\u0119s.\u00a0<\/span><\/p>\n<p><\/br><\/p>\n<h1 class=\"p1\" style=\"line-height:14.4pt;\"><span style=\"font-family:arial, helvetica, sans-serif;font-size:10pt;\">Parametry p\u0119sety zagi\u0119tej spiczastej do rz\u0119s<\/span><\/h1>\n<p><\/br><\/p>\n<ul><\/br><\/p>\n<li class=\"p1\" style=\"line-height:14.4pt;\"><span style=\"font-family:arial, helvetica, sans-serif;font-size:10pt;\">typ: pinceta kosmetyczna<\/span><\/li>\n<p><\/br><\/p>\n<li class=\"p1\" style=\"line-height:14.4pt;\"><span style=\"font-family:arial, helvetica, sans-serif;font-size:10pt;\">przeznaczenie: do regulacji rz\u0119s,\u00a0do usuwania w\u0142osk\u00f3w<\/span><\/li>\n<p><\/br><\/p>\n<li class=\"p1\" style=\"line-height:14.4pt;\"><span style=\"font-family:arial, helvetica, sans-serif;font-size:10pt;\">d\u0142ugo\u015b\u0107 ca\u0142kowita: 12 cm<\/span><\/li>\n<p><\/br><\/p>\n<li class=\"p1\" style=\"line-height:14.4pt;\"><span style=\"font-family:arial, helvetica, sans-serif;font-size:10pt;\">design in Germany<\/span><\/li>\n<p><\/br><\/p>\n<li class=\"p1\" style=\"line-height:14.4pt;\"><span style=\"font-family:arial, helvetica, sans-serif;font-size:10pt;\">szeroko\u015b\u0107 r\u0119koje\u015bci: 8 mm<\/span><\/li>\n<p><\/br><\/p>\n<li class=\"p1\" style=\"line-height:14.4pt;\"><span style=\"font-family:arial, helvetica, sans-serif;font-size:10pt;\">d\u0142ugo\u015b\u0107 cz\u0119\u015bci pracuj\u0105cej: 12 mm<\/span><\/li>\n<p><\/br><\/p>\n<li class=\"p1\" style=\"line-height:14.4pt;\"><span style=\"font-family:arial, helvetica, sans-serif;font-size:10pt;\">specjalnie zaprojektowana linia Gold Line dla specjalist\u00f3w<\/span><\/li>\n<p><\/br><\/p>\n<li class=\"p1\" style=\"line-height:14.4pt;\"><span style=\"font-family:arial, helvetica, sans-serif;font-size:10pt;\">wyprodukowana z tytanu<\/span><\/li>\n<p><\/br><\/p>\n<li class=\"p1\" style=\"line-height:14.4pt;\"><span style=\"font-family:arial, helvetica, sans-serif;font-size:10pt;\">produkt wielokrotnego u\u017cytku<\/span><\/li>\n<p><\/br><\/p>\n<li class=\"p1\" style=\"line-height:14.4pt;\"><span style=\"font-family:arial, helvetica, sans-serif;font-size:10pt;\">produkt niesterylny<\/span><\/li>\n<p><\/br><\/ul>\n<p><\/br><\/p>\n<h2 class=\"p1\" style=\"line-height:14.4pt;\"><span style=\"font-family:arial, helvetica, sans-serif;font-size:10pt;\">Zalety wykorzystania p\u0119sety do rz\u0119s\u00a0<\/span><\/h2>\n<p><\/br><\/p>\n<ul><\/br><\/p>\n<li class=\"p1\" style=\"line-height:14.4pt;\"><span style=\"font-family:arial, helvetica, sans-serif;font-size:10pt;\">odpowiednie wyprofilowanie oraz precyzja wyko\u0144czenia zapewnia pewno\u015b\u0107 dzia\u0142a\u0144 podczas przeprowadzanych zabieg\u00f3w<\/span><\/li>\n<p><\/br><\/p>\n<li class=\"p1\" style=\"line-height:14.4pt;\"><span style=\"font-family:arial, helvetica, sans-serif;font-size:10pt;\">r\u0119koje\u015b\u0107 o optymalnej szeroko\u015bci pozwala na pewny chwyt przy minimalnym zm\u0119czeniu mi\u0119\u015bniowym<\/span><\/li>\n<p><\/br><\/p>\n<li class=\"p1\" style=\"line-height:14.4pt;\"><span style=\"font-family:arial, helvetica, sans-serif;font-size:10pt;\">wykorzystanie tytanu w procesie produkcji jest gwarantem ponadprzeci\u0119tnej wytrzyma\u0142o\u015bci<\/span><\/li>\n<p><\/br><\/p>\n<li class=\"p1\" style=\"line-height:14.4pt;\"><span style=\"font-size:10pt;font-family:arial, helvetica, sans-serif;\">uniwersalne zastosowanie do aplikacji sztucznych rz\u0119s, do przed\u0142u\u017cania rz\u0119s obj\u0119to\u015bciowych czy do doklejania rz\u0119s.<\/span><\/li>\n<p><\/br><\/p>\n<li class=\"p1\" style=\"line-height:14.4pt;\"><span style=\"font-size:10pt;font-family:arial, helvetica, sans-serif;\">3-letnia gwarancja producenta<\/span><\/li>\n<p><\/br><\/ul>\n<p><\/br><\/p>\n<p class=\"p1\" style=\"line-height:14.4pt;\"><span style=\"font-family:arial, helvetica, sans-serif;font-size:10pt;\">Profesjonalne oraz precyzyjne narz\u0119dzia kosmetyczne wykorzystywane w zabiegach medycyny estetycznej (c\u0105\u017cki do sk\u00f3rek, kopytka, rade\u0142ka do sk\u00f3rek, p\u0119sety kosmetyczne, d\u0142utka, pensety chirurgiczne, no\u017cyczki kosmetyczne, przyrz\u0105d do odsuwania sk\u00f3rek) oferowane przez nasz sklep to gwarancja najwy\u017cszej jako\u015bci. Ka\u017cde narz\u0119dzie jest fabrycznie nowe, dok\u0142adnie sprawdzane\u00a0oraz posiada certyfikaty ISO 9001:2008 oraz certyfikat CE.<\/span><\/p>\n","protected":false},"featured_media":1177,"comment_status":"closed","ping_status":"open","template":"","meta":[],"product_brand":[],"product_cat":[51],"product_tag":[],"class_list":{"0":"post-2454","1":"product","2":"type-product","3":"status-publish","4":"has-post-thumbnail","6":"product_cat-pesety-i-szczypce","8":"first","9":"instock","10":"product-type-simple"},"_links":{"self":[{"href":"https:\/\/tendosolingen.de\/pl\/wp-json\/wp\/v2\/product\/2454","targetHints":{"allow":["GET"]}}],"collection":[{"href":"https:\/\/tendosolingen.de\/pl\/wp-json\/wp\/v2\/product"}],"about":[{"href":"https:\/\/tendosolingen.de\/pl\/wp-json\/wp\/v2\/types\/product"}],"replies":[{"embeddable":true,"href":"https:\/\/tendosolingen.de\/pl\/wp-json\/wp\/v2\/comments?post=2454"}],"wp:featuredmedia":[{"embeddable":true,"href":"https:\/\/tendosolingen.de\/pl\/wp-json\/wp\/v2\/media\/1177"}],"wp:attachment":[{"href":"https:\/\/tendosolingen.de\/pl\/wp-json\/wp\/v2\/media?parent=2454"}],"wp:term":[{"taxonomy":"product_brand","embeddable":true,"href":"https:\/\/tendosolingen.de\/pl\/wp-json\/wp\/v2\/product_brand?post=2454"},{"taxonomy":"product_cat","embeddable":true,"href":"https:\/\/tendosolingen.de\/pl\/wp-json\/wp\/v2\/product_cat?post=2454"},{"taxonomy":"product_tag","embeddable":true,"href":"https:\/\/tendosolingen.de\/pl\/wp-json\/wp\/v2\/product_tag?post=2454"}],"curies":[{"name":"wp","href":"https:\/\/api.w.org\/{rel}","templated":true}]}}