{"id":2453,"date":"2024-04-09T22:38:30","date_gmt":"2024-04-09T20:38:30","guid":{"rendered":"https:\/\/tendosolingen.de\/product\/kopytko-kosmetyczne-grot-dwustronne-do-manicure-tendo-solingen\/"},"modified":"2025-11-06T15:40:08","modified_gmt":"2025-11-06T14:40:08","slug":"kopytko-kosmetyczne-grot-dwustronne-do-manicure-tendo-solingen","status":"publish","type":"product","link":"https:\/\/tendosolingen.de\/pl\/produkt\/kopytko-kosmetyczne-grot-dwustronne-do-manicure-tendo-solingen\/","title":{"rendered":"Kopytko kosmetyczne grot dwustronne do manicure Tendo Solingen\u00ae"},"content":{"rendered":"<p class=\"p1\" style=\"line-height:14.4pt;\"><span style=\"font-size:10pt;font-family:arial, helvetica, sans-serif;\">Metalowe rade\u0142ko ze stali chirurgicznej zako\u0144czone dwustronnie jest jednym z podstawowych narz\u0119dzi wykorzystywanych podczas zabieg\u00f3w manicure zar\u00f3wno w warunkach domowych jak i profesjonalnych salonach kosmetycznych, SPA. Narz\u0119dzie nadaje si\u0119 nie tylko do spychania sk\u00f3rek, ale r\u00f3wnie\u017c do czyszczenia paznokci. Jedna ze stron ma kszta\u0142t zaokr\u0105glonego, tr\u00f3jk\u0105tnego szpicu (grot) do usuwania zabrudze\u0144 oraz martwego nask\u00f3rka spod powierzchni paznokcia. Druga ko\u0144c\u00f3wka instrumentu zako\u0144czona jest kopytkiem przeznaczonym do spychania zmi\u0119kczonych wcze\u015bniej sk\u00f3rek. Produkt wykonany z wysokiej jako\u015bci stali nierdzewnej, zdatny do wielokrotnej sterylizacji. Wysoka jako\u015b\u0107 wykonania jest gwarantem d\u0142ugotrwa\u0142o\u015bci i precyzji przeprowadzanych czynno\u015bci.<\/span><\/p>\n<p><\/br><\/p>\n<h1 class=\"p1\" style=\"line-height:14.4pt;\"><span style=\"font-size:10pt;font-family:arial, helvetica, sans-serif;\">Parametry rade\u0142ka dwustronnego Tendo Solingen\u00ae<\/span><\/h1>\n<p><\/br><\/p>\n<ul><\/br><\/p>\n<li class=\"p1\" style=\"line-height:14.4pt;\"><span style=\"font-size:10pt;font-family:arial, helvetica, sans-serif;\">model: 2w1 kopytko i rade\u0142ko do sk\u00f3rek<\/span><\/li>\n<p><\/br><\/p>\n<li class=\"p1\" style=\"line-height:14.4pt;\"><span style=\"font-size:10pt;font-family:arial, helvetica, sans-serif;\">Typ: rade\u0142ko do usuwania sk\u00f3rek i zask\u00f3rnik\u00f3w, <strong>kopytko grot<\/strong><\/span><\/li>\n<p><\/br><\/p>\n<li class=\"p1\" style=\"line-height:14.4pt;\"><span style=\"font-size:10pt;font-family:arial, helvetica, sans-serif;\">Przeznaczenie: nask\u00f3rek p\u0142ytki paznokcia, zanieczyszczenia oraz martwy nask\u00f3rek pod powierzchni\u0105<\/span><\/li>\n<p><\/br><\/p>\n<li class=\"p1\" style=\"line-height:14.4pt;\"><span style=\"font-size:10pt;font-family:arial, helvetica, sans-serif;\">D\u0142ugo\u015b\u0107: 12 cm<\/span><\/li>\n<p><\/br><\/p>\n<li class=\"p1\" style=\"line-height:14.4pt;\"><span style=\"font-size:10pt;font-family:arial, helvetica, sans-serif;\">Szeroko\u015b\u0107 kopytka: 6 mm<\/span><\/li>\n<p><\/br><\/p>\n<li class=\"p1\" style=\"line-height:14.4pt;\"><span style=\"font-size:10pt;font-family:arial, helvetica, sans-serif;\">Szeroko\u015b\u0107 r\u0119koje\u015bci: 10 mm<\/span><\/li>\n<p><\/br><\/p>\n<li class=\"p1\" style=\"line-height:14.4pt;\"><span style=\"font-size:10pt;font-family:arial, helvetica, sans-serif;\">Produkt wielokrotnego u\u017cytku<\/span><\/li>\n<p><\/br><\/p>\n<li class=\"p1\" style=\"line-height:14.4pt;\"><span style=\"font-size:10pt;font-family:arial, helvetica, sans-serif;\">Produkt niesterylny<\/span><\/li>\n<p><\/br><\/ul>\n<p><\/br><\/p>\n<h2 class=\"p1\" style=\"line-height:14.4pt;\"><span style=\"font-size:10pt;font-family:arial, helvetica, sans-serif;\">Zalety wykorzystania kopytka z rade\u0142kiem<\/span><\/h2>\n<p><\/br><\/p>\n<ul><\/br><\/p>\n<li class=\"p1\" style=\"line-height:14.4pt;\"><span style=\"font-size:10pt;font-family:arial, helvetica, sans-serif;\">Precyzyjne wyko\u0144czenie rade\u0142ka umo\u017cliwia precyzyjne usuwania sk\u00f3rek oraz zanieczyszcze\u0144 znajduj\u0105cych si\u0119 pod p\u0142ytk\u0105 paznokcia<\/span><\/li>\n<p><\/br><\/p>\n<li class=\"p1\" style=\"line-height:14.4pt;\"><span style=\"font-size:10pt;font-family:arial, helvetica, sans-serif;\">Wykorzystanie wysokiej jako\u015bci stali nierdzewnej zapewnia d\u0142ugotrwa\u0142o\u015b\u0107 i mo\u017cliwo\u015b\u0107 wielokrotnej sterylizacji narz\u0119dzia<\/span><\/li>\n<p><\/br><\/p>\n<li class=\"p1\" style=\"line-height:14.4pt;\"><span style=\"font-size:10pt;font-family:arial, helvetica, sans-serif;\">Dwustronna konstrukcja zapewnia uniwersalno\u015b\u0107 u\u017cycia oraz pozwala na zmniejszenie ilo\u015bci posiadanych przyrz\u0105d\u00f3w <\/span><\/li>\n<p><\/br><\/ul>\n<p><\/br><\/p>\n<p class=\"p1\" style=\"line-height:14.4pt;\"><span style=\"font-size:10pt;font-family:arial, helvetica, sans-serif;\">Produkt posiada certyfikaty ISO oraz CE.<\/span><\/p>\n","protected":false},"excerpt":{"rendered":"<p class=\"p1\" style=\"line-height:14.4pt;\"><span style=\"font-size:10pt;font-family:arial, helvetica, sans-serif;\">Metalowe rade\u0142ko ze stali chirurgicznej zako\u0144czone dwustronnie jest jednym z podstawowych narz\u0119dzi wykorzystywanych podczas zabieg\u00f3w manicure zar\u00f3wno w warunkach domowych jak i profesjonalnych salonach kosmetycznych, SPA. Narz\u0119dzie nadaje si\u0119 nie tylko do spychania sk\u00f3rek, ale r\u00f3wnie\u017c do czyszczenia paznokci. Jedna ze stron ma kszta\u0142t zaokr\u0105glonego, tr\u00f3jk\u0105tnego szpicu (grot) do usuwania zabrudze\u0144 oraz martwego nask\u00f3rka spod powierzchni paznokcia. Druga ko\u0144c\u00f3wka instrumentu zako\u0144czona jest kopytkiem przeznaczonym do spychania zmi\u0119kczonych wcze\u015bniej sk\u00f3rek. Produkt wykonany z wysokiej jako\u015bci stali nierdzewnej, zdatny do wielokrotnej sterylizacji. Wysoka jako\u015b\u0107 wykonania jest gwarantem d\u0142ugotrwa\u0142o\u015bci i precyzji przeprowadzanych czynno\u015bci.<\/span><\/p>\n<p><\/br><\/p>\n<h1 class=\"p1\" style=\"line-height:14.4pt;\"><span style=\"font-size:10pt;font-family:arial, helvetica, sans-serif;\">Parametry rade\u0142ka dwustronnego Tendo Solingen\u00ae<\/span><\/h1>\n<p><\/br><\/p>\n<ul><\/br><\/p>\n<li class=\"p1\" style=\"line-height:14.4pt;\"><span style=\"font-size:10pt;font-family:arial, helvetica, sans-serif;\">model: 2w1 kopytko i rade\u0142ko do sk\u00f3rek<\/span><\/li>\n<p><\/br><\/p>\n<li class=\"p1\" style=\"line-height:14.4pt;\"><span style=\"font-size:10pt;font-family:arial, helvetica, sans-serif;\">Typ: rade\u0142ko do usuwania sk\u00f3rek i zask\u00f3rnik\u00f3w, <strong>kopytko grot<\/strong><\/span><\/li>\n<p><\/br><\/p>\n<li class=\"p1\" style=\"line-height:14.4pt;\"><span style=\"font-size:10pt;font-family:arial, helvetica, sans-serif;\">Przeznaczenie: nask\u00f3rek p\u0142ytki paznokcia, zanieczyszczenia oraz martwy nask\u00f3rek pod powierzchni\u0105<\/span><\/li>\n<p><\/br><\/p>\n<li class=\"p1\" style=\"line-height:14.4pt;\"><span style=\"font-size:10pt;font-family:arial, helvetica, sans-serif;\">D\u0142ugo\u015b\u0107: 12 cm<\/span><\/li>\n<p><\/br><\/p>\n<li class=\"p1\" style=\"line-height:14.4pt;\"><span style=\"font-size:10pt;font-family:arial, helvetica, sans-serif;\">Szeroko\u015b\u0107 kopytka: 6 mm<\/span><\/li>\n<p><\/br><\/p>\n<li class=\"p1\" style=\"line-height:14.4pt;\"><span style=\"font-size:10pt;font-family:arial, helvetica, sans-serif;\">Szeroko\u015b\u0107 r\u0119koje\u015bci: 10 mm<\/span><\/li>\n<p><\/br><\/p>\n<li class=\"p1\" style=\"line-height:14.4pt;\"><span style=\"font-size:10pt;font-family:arial, helvetica, sans-serif;\">Produkt wielokrotnego u\u017cytku<\/span><\/li>\n<p><\/br><\/p>\n<li class=\"p1\" style=\"line-height:14.4pt;\"><span style=\"font-size:10pt;font-family:arial, helvetica, sans-serif;\">Produkt niesterylny<\/span><\/li>\n<p><\/br><\/ul>\n<p><\/br><\/p>\n<h2 class=\"p1\" style=\"line-height:14.4pt;\"><span style=\"font-size:10pt;font-family:arial, helvetica, sans-serif;\">Zalety wykorzystania kopytka z rade\u0142kiem<\/span><\/h2>\n<p><\/br><\/p>\n<ul><\/br><\/p>\n<li class=\"p1\" style=\"line-height:14.4pt;\"><span style=\"font-size:10pt;font-family:arial, helvetica, sans-serif;\">Precyzyjne wyko\u0144czenie rade\u0142ka umo\u017cliwia precyzyjne usuwania sk\u00f3rek oraz zanieczyszcze\u0144 znajduj\u0105cych si\u0119 pod p\u0142ytk\u0105 paznokcia<\/span><\/li>\n<p><\/br><\/p>\n<li class=\"p1\" style=\"line-height:14.4pt;\"><span style=\"font-size:10pt;font-family:arial, helvetica, sans-serif;\">Wykorzystanie wysokiej jako\u015bci stali nierdzewnej zapewnia d\u0142ugotrwa\u0142o\u015b\u0107 i mo\u017cliwo\u015b\u0107 wielokrotnej sterylizacji narz\u0119dzia<\/span><\/li>\n<p><\/br><\/p>\n<li class=\"p1\" style=\"line-height:14.4pt;\"><span style=\"font-size:10pt;font-family:arial, helvetica, sans-serif;\">Dwustronna konstrukcja zapewnia uniwersalno\u015b\u0107 u\u017cycia oraz pozwala na zmniejszenie ilo\u015bci posiadanych przyrz\u0105d\u00f3w <\/span><\/li>\n<p><\/br><\/ul>\n<p><\/br><\/p>\n<p class=\"p1\" style=\"line-height:14.4pt;\"><span style=\"font-size:10pt;font-family:arial, helvetica, sans-serif;\">Produkt posiada certyfikaty ISO oraz CE.<\/span><\/p>\n","protected":false},"featured_media":1173,"comment_status":"closed","ping_status":"open","template":"","meta":[],"product_brand":[],"product_cat":[47],"product_tag":[],"class_list":{"0":"post-2453","1":"product","2":"type-product","3":"status-publish","4":"has-post-thumbnail","6":"product_cat-dluta-i-kopytka-ekskawatory","8":"first","9":"instock","10":"product-type-simple"},"_links":{"self":[{"href":"https:\/\/tendosolingen.de\/pl\/wp-json\/wp\/v2\/product\/2453","targetHints":{"allow":["GET"]}}],"collection":[{"href":"https:\/\/tendosolingen.de\/pl\/wp-json\/wp\/v2\/product"}],"about":[{"href":"https:\/\/tendosolingen.de\/pl\/wp-json\/wp\/v2\/types\/product"}],"replies":[{"embeddable":true,"href":"https:\/\/tendosolingen.de\/pl\/wp-json\/wp\/v2\/comments?post=2453"}],"wp:featuredmedia":[{"embeddable":true,"href":"https:\/\/tendosolingen.de\/pl\/wp-json\/wp\/v2\/media\/1173"}],"wp:attachment":[{"href":"https:\/\/tendosolingen.de\/pl\/wp-json\/wp\/v2\/media?parent=2453"}],"wp:term":[{"taxonomy":"product_brand","embeddable":true,"href":"https:\/\/tendosolingen.de\/pl\/wp-json\/wp\/v2\/product_brand?post=2453"},{"taxonomy":"product_cat","embeddable":true,"href":"https:\/\/tendosolingen.de\/pl\/wp-json\/wp\/v2\/product_cat?post=2453"},{"taxonomy":"product_tag","embeddable":true,"href":"https:\/\/tendosolingen.de\/pl\/wp-json\/wp\/v2\/product_tag?post=2453"}],"curies":[{"name":"wp","href":"https:\/\/api.w.org\/{rel}","templated":true}]}}