{"id":2448,"date":"2024-04-09T22:38:26","date_gmt":"2024-04-09T20:38:26","guid":{"rendered":"https:\/\/tendosolingen.de\/product\/radelko-do-manicure-w-ksztalcie-v-tendo-solingen-gold-line-rozmiar-nozyczek-125-cm\/"},"modified":"2026-01-09T19:34:59","modified_gmt":"2026-01-09T18:34:59","slug":"radelko-do-manicure-w-ksztalcie-v-tendo-solingen-gold-line-rozmiar-nozyczek-125-cm","status":"publish","type":"product","link":"https:\/\/tendosolingen.de\/pl\/produkt\/radelko-do-manicure-w-ksztalcie-v-tendo-solingen-gold-line-rozmiar-nozyczek-125-cm\/","title":{"rendered":"Rade\u0142ko do manicure w kszta\u0142cie V Gold Line Rozmiar no\u017cyczek: 12,5 cm"},"content":{"rendered":"<p><span style=\"font-family:arial, helvetica, sans-serif;font-size:10pt;\"><span style=\"text-decoration:underline;\">Przyrz\u0105d\u00a0do sk\u00f3rek paznokci<\/span> z serii Tendo\u00ae Solingen Gold jest instrumentem pozwalaj\u0105cym na odcinanie odstaj\u0105cego nask\u00f3rka wzd\u0142u\u017c paznokcia. Cz\u0119\u015b\u0107 pracuj\u0105ca wyprofilowana w kszta\u0142cie litery \u201eV\u201d u\u0142atwia usuwanie niechcianych sk\u00f3rek i zapewnia precyzj\u0119 podczas przeprowadzanych czynno\u015bci. Dzi\u0119ki wyprofilowanemu wg\u0142\u0119bieniu na kciuk, narz\u0119dzie jest komfortowe w u\u017cytku i umo\u017cliwia pewny chwyt. Do wyprodukowania instrumentu wykorzystano wysokiej jako\u015bci stal niemieck\u0105 gwarantuj\u0105c\u0105 doskona\u0142e w\u0142a\u015bciwo\u015bci antykorozyjne.<\/span><\/p>\n<p><\/br><\/p>\n<h1><span style=\"font-family:arial, helvetica, sans-serif;font-size:10pt;\">Rade\u0142ko\u00a0do sk\u00f3rek paznokci w kszta\u0142cie &#8222;V&#8221;<\/span><\/h1>\n<p><\/br><\/p>\n<ul><\/br><\/p>\n<li><span style=\"font-family:arial, helvetica, sans-serif;font-size:10pt;\">Typ: r\u0119czna frezarka do sk\u00f3rek paznokci (d\u0142utko kosmetyczne)<\/span><\/li>\n<p><\/br><\/p>\n<li><span style=\"font-family:arial, helvetica, sans-serif;font-size:10pt;\">Zastosowanie: manicure, pedicure, nask\u00f3rek<\/span><\/li>\n<p><\/br><\/p>\n<li><span style=\"font-family:arial, helvetica, sans-serif;font-size:10pt;\">Ko\u0144c\u00f3wka: w kszta\u0142cie \u201eV\u201d<\/span><\/li>\n<p><\/br><\/p>\n<li><span style=\"font-family:arial, helvetica, sans-serif;font-size:10pt;\">Dost\u0119pne d\u0142ugo\u015bci<\/span><\/li>\n<p><\/br><\/ul>\n<p><\/br><\/p>\n<ul style=\"list-style-type:circle;\"><\/br><\/p>\n<li><span style=\"font-family:arial, helvetica, sans-serif;font-size:10pt;\">11 cm<\/span><\/li>\n<p><\/br><\/p>\n<li><span style=\"font-family:arial, helvetica, sans-serif;font-size:10pt;\">12,5 cm<\/span><\/li>\n<p><\/br><\/ul>\n<p><\/br><\/p>\n<ul><\/br><\/p>\n<li><span style=\"font-family:arial, helvetica, sans-serif;font-size:10pt;\">Szeroko\u015b\u0107 cz\u0119\u015bci pracuj\u0105cej: 5 mm<\/span><\/li>\n<p><\/br><\/p>\n<li><span style=\"font-family:arial, helvetica, sans-serif;font-size:10pt;\">Szeroko\u015b\u0107 r\u0119koje\u015bci: 10 mm<\/span><\/li>\n<p><\/br><\/p>\n<li><span style=\"font-family:arial, helvetica, sans-serif;font-size:10pt;\">Produkt wielokrotnego u\u017cytku<\/span><\/li>\n<p><\/br><\/p>\n<li><span style=\"font-family:arial, helvetica, sans-serif;font-size:10pt;\">Produkt niesterylny<\/span><\/li>\n<p><\/br><\/ul>\n<p><\/br><\/p>\n<h2><span style=\"font-family:arial, helvetica, sans-serif;font-size:10pt;\">Zalety wykorzystania d\u0142utka kosmetycznego Solingen<\/span><\/h2>\n<p><\/br><\/p>\n<ul><\/br><\/p>\n<li><span style=\"font-family:arial, helvetica, sans-serif;font-size:10pt;\">D\u0142utko kosmetyczne dzi\u0119ki odpowiednio wyprofilowanej ko\u0144c\u00f3wce umo\u017cliwia proste, precyzyjne odcinanie niechcianych sk\u00f3rek wzd\u0142u\u017c paznokcia<\/span><\/li>\n<p><\/br><\/p>\n<li><span style=\"font-family:arial, helvetica, sans-serif;font-size:10pt;\">\u017b\u0142obienie na umiejscowienie kciuka umo\u017cliwia pewny, komfortowy chwyt<\/span><\/li>\n<p><\/br><\/p>\n<li><span style=\"font-family:arial, helvetica, sans-serif;font-size:10pt;\">Instrument wyprodukowany z niemieckiej stali nierdzewnej gwarantuj\u0105cej doskona\u0142e w\u0142a\u015bciwo\u015bci antykorozyjne, pozwalaj\u0105ce na wielokrotn\u0105 sterylizacje wed\u0142ug zalece\u0144 producenta<\/span><\/li>\n<p><\/br><\/ul>\n<p><\/br><\/p>\n<p><span style=\"font-family:arial, helvetica, sans-serif;font-size:10pt;\">Produkt posiada certyfikaty ISO i CE. Przeznaczony do u\u017cytku amatorskiego oraz profesjonalnego.<\/span><\/p>\n","protected":false},"excerpt":{"rendered":"<p><span style=\"font-family:arial, helvetica, sans-serif;font-size:10pt;\"><span style=\"text-decoration:underline;\">Przyrz\u0105d\u00a0do sk\u00f3rek paznokci<\/span> z serii Tendo\u00ae Solingen Gold jest instrumentem pozwalaj\u0105cym na odcinanie odstaj\u0105cego nask\u00f3rka wzd\u0142u\u017c paznokcia. Cz\u0119\u015b\u0107 pracuj\u0105ca wyprofilowana w kszta\u0142cie litery \u201eV\u201d u\u0142atwia usuwanie niechcianych sk\u00f3rek i zapewnia precyzj\u0119 podczas przeprowadzanych czynno\u015bci. Dzi\u0119ki wyprofilowanemu wg\u0142\u0119bieniu na kciuk, narz\u0119dzie jest komfortowe w u\u017cytku i umo\u017cliwia pewny chwyt. Do wyprodukowania instrumentu wykorzystano wysokiej jako\u015bci stal niemieck\u0105 gwarantuj\u0105c\u0105 doskona\u0142e w\u0142a\u015bciwo\u015bci antykorozyjne.<\/span><\/p>\n<p><\/br><\/p>\n<h1><span style=\"font-family:arial, helvetica, sans-serif;font-size:10pt;\">Rade\u0142ko\u00a0do sk\u00f3rek paznokci w kszta\u0142cie &#8222;V&#8221;<\/span><\/h1>\n<p><\/br><\/p>\n<ul><\/br><\/p>\n<li><span style=\"font-family:arial, helvetica, sans-serif;font-size:10pt;\">Typ: r\u0119czna frezarka do sk\u00f3rek paznokci (d\u0142utko kosmetyczne)<\/span><\/li>\n<p><\/br><\/p>\n<li><span style=\"font-family:arial, helvetica, sans-serif;font-size:10pt;\">Zastosowanie: manicure, pedicure, nask\u00f3rek<\/span><\/li>\n<p><\/br><\/p>\n<li><span style=\"font-family:arial, helvetica, sans-serif;font-size:10pt;\">Ko\u0144c\u00f3wka: w kszta\u0142cie \u201eV\u201d<\/span><\/li>\n<p><\/br><\/p>\n<li><span style=\"font-family:arial, helvetica, sans-serif;font-size:10pt;\">Dost\u0119pne d\u0142ugo\u015bci<\/span><\/li>\n<p><\/br><\/ul>\n<p><\/br><\/p>\n<ul style=\"list-style-type:circle;\"><\/br><\/p>\n<li><span style=\"font-family:arial, helvetica, sans-serif;font-size:10pt;\">11 cm<\/span><\/li>\n<p><\/br><\/p>\n<li><span style=\"font-family:arial, helvetica, sans-serif;font-size:10pt;\">12,5 cm<\/span><\/li>\n<p><\/br><\/ul>\n<p><\/br><\/p>\n<ul><\/br><\/p>\n<li><span style=\"font-family:arial, helvetica, sans-serif;font-size:10pt;\">Szeroko\u015b\u0107 cz\u0119\u015bci pracuj\u0105cej: 5 mm<\/span><\/li>\n<p><\/br><\/p>\n<li><span style=\"font-family:arial, helvetica, sans-serif;font-size:10pt;\">Szeroko\u015b\u0107 r\u0119koje\u015bci: 10 mm<\/span><\/li>\n<p><\/br><\/p>\n<li><span style=\"font-family:arial, helvetica, sans-serif;font-size:10pt;\">Produkt wielokrotnego u\u017cytku<\/span><\/li>\n<p><\/br><\/p>\n<li><span style=\"font-family:arial, helvetica, sans-serif;font-size:10pt;\">Produkt niesterylny<\/span><\/li>\n<p><\/br><\/ul>\n<p><\/br><\/p>\n<h2><span style=\"font-family:arial, helvetica, sans-serif;font-size:10pt;\">Zalety wykorzystania d\u0142utka kosmetycznego Solingen<\/span><\/h2>\n<p><\/br><\/p>\n<ul><\/br><\/p>\n<li><span style=\"font-family:arial, helvetica, sans-serif;font-size:10pt;\">D\u0142utko kosmetyczne dzi\u0119ki odpowiednio wyprofilowanej ko\u0144c\u00f3wce umo\u017cliwia proste, precyzyjne odcinanie niechcianych sk\u00f3rek wzd\u0142u\u017c paznokcia<\/span><\/li>\n<p><\/br><\/p>\n<li><span style=\"font-family:arial, helvetica, sans-serif;font-size:10pt;\">\u017b\u0142obienie na umiejscowienie kciuka umo\u017cliwia pewny, komfortowy chwyt<\/span><\/li>\n<p><\/br><\/p>\n<li><span style=\"font-family:arial, helvetica, sans-serif;font-size:10pt;\">Instrument wyprodukowany z niemieckiej stali nierdzewnej gwarantuj\u0105cej doskona\u0142e w\u0142a\u015bciwo\u015bci antykorozyjne, pozwalaj\u0105ce na wielokrotn\u0105 sterylizacje wed\u0142ug zalece\u0144 producenta<\/span><\/li>\n<p><\/br><\/ul>\n<p><\/br><\/p>\n<p><span style=\"font-family:arial, helvetica, sans-serif;font-size:10pt;\">Produkt posiada certyfikaty ISO i CE. Przeznaczony do u\u017cytku amatorskiego oraz profesjonalnego.<\/span><\/p>\n","protected":false},"featured_media":1160,"comment_status":"closed","ping_status":"closed","template":"","meta":[],"product_brand":[],"product_cat":[47],"product_tag":[],"class_list":{"0":"post-2448","1":"product","2":"type-product","3":"status-publish","4":"has-post-thumbnail","6":"product_cat-dluta-i-kopytka-ekskawatory","8":"first","9":"instock","10":"product-type-simple"},"_links":{"self":[{"href":"https:\/\/tendosolingen.de\/pl\/wp-json\/wp\/v2\/product\/2448","targetHints":{"allow":["GET"]}}],"collection":[{"href":"https:\/\/tendosolingen.de\/pl\/wp-json\/wp\/v2\/product"}],"about":[{"href":"https:\/\/tendosolingen.de\/pl\/wp-json\/wp\/v2\/types\/product"}],"replies":[{"embeddable":true,"href":"https:\/\/tendosolingen.de\/pl\/wp-json\/wp\/v2\/comments?post=2448"}],"wp:featuredmedia":[{"embeddable":true,"href":"https:\/\/tendosolingen.de\/pl\/wp-json\/wp\/v2\/media\/1160"}],"wp:attachment":[{"href":"https:\/\/tendosolingen.de\/pl\/wp-json\/wp\/v2\/media?parent=2448"}],"wp:term":[{"taxonomy":"product_brand","embeddable":true,"href":"https:\/\/tendosolingen.de\/pl\/wp-json\/wp\/v2\/product_brand?post=2448"},{"taxonomy":"product_cat","embeddable":true,"href":"https:\/\/tendosolingen.de\/pl\/wp-json\/wp\/v2\/product_cat?post=2448"},{"taxonomy":"product_tag","embeddable":true,"href":"https:\/\/tendosolingen.de\/pl\/wp-json\/wp\/v2\/product_tag?post=2448"}],"curies":[{"name":"wp","href":"https:\/\/api.w.org\/{rel}","templated":true}]}}